{"id":12138,"date":"2021-06-10T10:12:48","date_gmt":"2021-06-10T10:12:48","guid":{"rendered":"https:\/\/be.wynns2021.wpengine.com\/legal\/"},"modified":"2021-07-15T07:47:03","modified_gmt":"2021-07-15T07:47:03","slug":"mentions-legales","status":"publish","type":"page","link":"https:\/\/www.wynns.be\/fr\/pro\/mentions-legales\/","title":{"rendered":"Mentions l\u00e9gales"},"content":{"rendered":"<div class=\"fusion-fullwidth fullwidth-box fusion-builder-row-1 fusion-flex-container nonhundred-percent-fullwidth non-hundred-percent-height-scrolling\" style=\"--awb-border-radius-top-left:0px;--awb-border-radius-top-right:0px;--awb-border-radius-bottom-right:0px;--awb-border-radius-bottom-left:0px;--awb-flex-wrap:wrap;\" ><div class=\"fusion-builder-row fusion-row fusion-flex-align-items-flex-start fusion-flex-content-wrap\" style=\"max-width:1466.4px;margin-left: calc(-4% \/ 2 );margin-right: calc(-4% \/ 2 );\"><div class=\"fusion-layout-column fusion_builder_column fusion-builder-column-0 fusion_builder_column_1_1 1_1 fusion-flex-column mxw-800 mx-auto\" style=\"--awb-bg-size:cover;--awb-width-large:100%;--awb-margin-top-large:0px;--awb-spacing-right-large:1.92%;--awb-margin-bottom-large:20px;--awb-spacing-left-large:1.92%;--awb-width-medium:100%;--awb-order-medium:0;--awb-spacing-right-medium:1.92%;--awb-spacing-left-medium:1.92%;--awb-width-small:100%;--awb-order-small:0;--awb-spacing-right-small:1.92%;--awb-spacing-left-small:1.92%;\"><div class=\"fusion-column-wrapper fusion-column-has-shadow fusion-flex-justify-content-flex-start fusion-content-layout-column\"><div class=\"fusion-title title fusion-title-1 fusion-sep-none fusion-title-text fusion-title-size-two\"><h2 class=\"fusion-title-heading title-heading-left fusion-responsive-typography-calculated\" style=\"margin:0;--fontSize:40;line-height:1.2;\">Confidentialit\u00e9<\/h2><\/div><div class=\"fusion-text fusion-text-1\"><p><strong>Table des mati\u00e8res<\/strong><br \/>\n<strong>1. Protection des donn\u00e9es \u00e0 caract\u00e8re personnel<\/strong><br \/>\n<strong>2. Traitement anonyme des donn\u00e9es<\/strong><br \/>\n<strong>3. Donn\u00e9es \u00e0 caract\u00e8re personnel<\/strong><br \/>\n<strong>4. Finalit\u00e9 des donn\u00e9es \u00e0 caract\u00e8re personnel<\/strong><br \/>\n<strong>5. Finalit\u00e9 d\u2019usage limit\u00e9<\/strong><br \/>\n<strong>6. Exportation et traitement de donn\u00e9es \u00e0 l\u2019ext\u00e9rieur de la Communaut\u00e9 \u00e9conomique europ\u00e9enne<\/strong><br \/>\n<strong>7. Donn\u00e9es qui seront automatiquement recueillies lors de la visite de notre site web<\/strong><br \/>\n<strong>8. Utilisation de Google Analytics<\/strong><br \/>\n<strong>9. Cookies<\/strong><br \/>\n<strong>10. Newsletter<\/strong><br \/>\n<strong>11. Enfants et adolescents<\/strong><br \/>\n<strong>12. S\u00e9curit\u00e9<\/strong><br \/>\n<strong>13. Modification de notre code de protection de donn\u00e9es<\/strong><br \/>\n<strong>14. Liens<\/strong><br \/>\n<strong>15. Droit d\u2019acc\u00e8s<\/strong><br \/>\n<strong>16. Droit d\u2019objection<\/strong><br \/>\n<strong>17. Consentement<\/strong><br \/>\n<strong>18. Questions, suggestions, plaintes<\/strong><\/p>\n<p><strong>1. Protection des donn\u00e9es \u00e0 caract\u00e8re personnel<\/strong><br \/>\nNous nous r\u00e9jouissons de votre int\u00e9r\u00eat pour notre compagnie et pour nos produits ou encore pour des services que nous vous avons fournis et, en visitant notre site Internet, nous voulons que vous vous sentiez en s\u00e9curit\u00e9, tout particuli\u00e8rement par rapport \u00e0 vos donn\u00e9es \u00e0 caract\u00e8re personnel. Nous prenons la protection de vos donn\u00e9es \u00e0 caract\u00e8re personnel tr\u00e8s au s\u00e9rieux.<\/p>\n<p>Nous voulons que vous sachiez quand et quel type de donn\u00e9es sont recueillies et comment nous les utilisons. Des mesures techniques et organisationnelles sont prises pour assurer le respect de la protection des donn\u00e9es tant par nous que par des fournisseurs externes.<\/p>\n<p><strong>2. Traitement anonyme des donn\u00e9es<\/strong><br \/>\nVous pouvez en g\u00e9n\u00e9ral visiter les sites web de Wynn\u2019s sans nous informer de qui vous \u00eates.<\/p>\n<p><strong>3. Donn\u00e9es \u00e0 caract\u00e8re personnel<\/strong><br \/>\nLes donn\u00e9es \u00e0 caract\u00e8re personnel offrent des informations sur votre identit\u00e9. Cela signifie, par exemple, des informations concernant votre nom, votre adresse, votre num\u00e9ro de t\u00e9l\u00e9phone et votre adresse e-mail. Il n\u2019est pas n\u00e9cessaire de fournir des donn\u00e9es \u00e0 caract\u00e8re personnel pour utiliser notre site web. Dans des cas particuliers, nous avons besoin de votre nom et de votre adresse ainsi que d\u2019informations suppl\u00e9mentaires pour r\u00e9pondre \u00e0 une demande de service.<\/p>\n<p>Il en va de m\u00eame pour l\u2019envoi de mat\u00e9riel d\u2019information et de produits command\u00e9s ou pour r\u00e9pondre \u00e0 des questions que vous nous formulez. Au besoin, nous soulignerons ce point. De plus, nous ne sauvegardons et ne traitons que des donn\u00e9es qui nous sont volontairement confi\u00e9es et, au besoin, des donn\u00e9es qui sont automatiquement recueillies lorsque vous visitez notre site web (par exemple, votre adresse IP et le nom des sites web que vous avez r\u00e9cemment visit\u00e9s, le navigateur et le syst\u00e8me d\u2019exploitation que vous utilisez, la date et l\u2019heure d\u2019acc\u00e8s, le moteur de recherche utilis\u00e9, le nom des donn\u00e9es t\u00e9l\u00e9charg\u00e9es).<\/p>\n<p>Si vous recourez \u00e0 nos services, nous ne recueillerons que les donn\u00e9es qui sont strictement n\u00e9cessaires \u00e0 cet effet. Si nous vous demandons de nous fournir d\u2019autres renseignements, vous devez consid\u00e9rer cela comme \u00e9tant volontaire.<\/p>\n<p>Le traitement des donn\u00e9es \u00e0 caract\u00e8re personnel ne se fait que pour la prestation du service demand\u00e9 et simplement pour la protection de nos int\u00e9r\u00eats commerciaux.<\/p>\n<p><strong>4. Finalit\u00e9 des donn\u00e9es \u00e0 caract\u00e8re personnel<\/strong><br \/>\nLes donn\u00e9es \u00e0 caract\u00e8re personnel que vous nous fournissez serviront, en r\u00e8gle g\u00e9n\u00e9rale, \u00e0 r\u00e9pondre \u00e0 vos demandes, \u00e0 traiter votre commande ou \u00e0 vous fournir des informations ou des offres sp\u00e9cifiques. Dans le cadre de nos relations avec nos clients, il peut s\u2019av\u00e9rer n\u00e9cessaire que nous, ou une entreprise de services travaillant pour nous, utilisions ces donn\u00e9es \u00e0 caract\u00e8re personnel pour vous informer sur une gamme de produits ou pour faire une enqu\u00eate en ligne afin de satisfaire aux exigences de nos clients.<\/p>\n<p>Bien \u00e9videmment, nous respecterons le fait que vous ne vouliez pas nous fournir vos donn\u00e9es \u00e0 caract\u00e8re personnel dans le cadre de nos relations (particuli\u00e8rement pour le marketing direct ou pour la recherche commerciale). Nous ne vendrons pas vos donn\u00e9es \u00e0 caract\u00e8re personnel \u00e0 des tiers et nous n\u2019en tirerons profit d\u2019aucune mani\u00e8re.<\/p>\n<p><strong>5. Finalit\u00e9 d\u2019usage limit\u00e9<\/strong><br \/>\nLes donn\u00e9es \u00e0 caract\u00e8re personnel que vous nous fournissez en ligne ne seront recueillies, trait\u00e9es et utilis\u00e9es que dans le but que vous nous aurez indiqu\u00e9. Nous ne fournirons pas vos donn\u00e9es \u00e0 caract\u00e8re personnel \u00e0 un tiers quelconque sans votre consentement explicite.<\/p>\n<p>Le recueil de donn\u00e9es \u00e0 caract\u00e8re personnel tout comme la transmission de celles-ci \u00e0 des organismes publics autoris\u00e9s \u00e0 recevoir ces informations et aux autorit\u00e9s ne se feront qu\u2019en vertu des lois applicables ou si nous y sommes forc\u00e9s par une d\u00e9cision de justice. Nos employ\u00e9s et les entreprises de services travaillant pour nous sont tenus de respecter la confidentialit\u00e9 et les dispositions de la CPVP.<\/p>\n<p><strong>6. Exportation et traitement de donn\u00e9es \u00e0 l\u2019ext\u00e9rieur de la Communaut\u00e9 \u00e9conomique europ\u00e9enne<\/strong><br \/>\nEn g\u00e9n\u00e9ral, aucune donn\u00e9e n\u2019est export\u00e9e \u00e0 un \u00c9tat de l\u2019ext\u00e9rieur de la Communaut\u00e9 \u00e9conomique europ\u00e9enne. Par cons\u00e9quent, aucune donn\u00e9e \u00e9tant trait\u00e9e, enregistr\u00e9e ou utilis\u00e9e sur les sites web de Wynn\u2019s ne sera trait\u00e9e, enregistr\u00e9e ou utilis\u00e9e \u00e0 l\u2019ext\u00e9rieur de l\u2019Union Europ\u00e9enne.<\/p>\n<p><strong>7. Donn\u00e9es qui seront automatiquement recueillies lors de la visite de notre site web<\/strong><br \/>\nLorsque vous utilisez notre site web, les donn\u00e9es suivantes seront enregistr\u00e9es pour des raisons d\u2019ordre technique et organisationnelles : le nom des sites que vous visitez, le nom du navigateur que vous utilisez et votre syst\u00e8me d\u2019exploitation, la date et l\u2019heure de votre visite, les moteurs de recherche utilis\u00e9s, le nom des donn\u00e9es t\u00e9l\u00e9charg\u00e9es et votre adresse IP.<\/p>\n<p><strong>8. Utilisation de Google Analytics<\/strong><br \/>\nCe site utilise Google Analytics, un service d\u2019analyse web de Google Inc. (\u00ab Google \u00bb). Google Analytics utilise ce que l\u2019on appelle des \u00ab cookies \u00bb, ce sont des fichiers de texte qui seront enregistr\u00e9s sur votre ordinateur et qui permettent l\u2019analyse de l\u2019usage que vous faites de ce site web. Les informations obtenues par le cookie sur votre utilisation du site web seront, en principe, transmises et enregistr\u00e9es sur un serveur de Google aux \u00c9tats-Unis. Cela dit, dans le cas o\u00f9 l\u2019anonymisation IP serait activ\u00e9e sur ce site web, votre adresse IP sera abr\u00e9g\u00e9e par Google dans les \u00c9tats membres de l\u2019Union europ\u00e9enne ou dans d\u2019autres \u00c9tats signataires du trait\u00e9 concernant l\u2019Espace \u00e9conomique europ\u00e9en.<\/p>\n<p>L\u2019adresse IP compl\u00e8te ne sera, que dans de rares cas, transmise et sera alors abr\u00e9g\u00e9e sur un serveur de Google aux \u00c9tats-Unis. Par contrat avec l\u2019op\u00e9rateur du pr\u00e9sent site web, Google utilisera cette information pour \u00e9valuer l\u2019usage de ce site web, pour recueillir des rapports sur les activit\u00e9s du site web et pour fournir d\u2019autres services \u00e0 l\u2019op\u00e9rateur, li\u00e9s \u00e0 l\u2019utilisation du site web et \u00e0 l\u2019utilisation d\u2019Internet. L\u2019adresse IP, transmise selon Google Analytics par votre navigateur, ne sera pas combin\u00e9e \u00e0 d\u2019autres donn\u00e9es de Google. En utilisant un certain r\u00e9glage du logiciel de navigation, l\u2019enregistrement de cookies peut \u00eatre \u00e9vit\u00e9 ; cela dit, nous devons signaler que vous ne pourrez peut-\u00eatre pas pouvoir utiliser toutes les fonctionnalit\u00e9s du site web. De plus, vous pouvez aussi \u00e9viter la collecte de donn\u00e9es \u00e0 caract\u00e8re personnel par le cookie et les donn\u00e9es li\u00e9es \u00e0 votre utilisation du site web (incluant votre adresse IP) \u00e0 Google, tout comme le traitement de celles-ci par Google, en t\u00e9l\u00e9chargeant et installant le module compl\u00e9mentaire du navigateur gr\u00e2ce au lien suivant\u00a0<a href=\"https:\/\/tools.google.com\/dlpage\/gaoptout?hl=de\">https:\/\/tools.google.com\/dlpage\/gaoptout?hl=de<\/a>.\u201c<\/p>\n<p><strong>9. Cookies<\/strong><br \/>\nSi vous visitez un de nos sites web, il est possible que nous stockions des informations sous la forme d\u2019un cookie dans votre ordinateur. Les cookies sont de petits fichiers de texte qui seront envoy\u00e9s \u00e0 votre navigateur par un serveur web et seront enregistr\u00e9s sur le disque dur de votre ordinateur.<\/p>\n<p>\u00c0 l\u2019exception de l\u2019adresse de protocole internet, aucune autre donn\u00e9e \u00e0 caract\u00e8re personnel de l\u2019utilisateur ne sera enregistr\u00e9e. Cette information sera utilis\u00e9e pour reconna\u00eetre automatiquement vos visites \u00e0 notre site web et pour vous faciliter la navigation. Les cookies permettent, par exemple, d\u2019adapter le site web selon vos int\u00e9r\u00eats ou d\u2019enregistrer votre mot de passe, de sorte que vous n\u2019ayez pas besoin de le saisir \u00e0 nouveau.<\/p>\n<p>Vous pouvez bien s\u00fbr acc\u00e9der aussi \u00e0 notre site web sans utiliser de cookies. Si vous ne voulez pas que nous reconnaissions votre ordinateur, vous pouvez \u00e9viter l\u2019enregistrement de cookies sur votre disque dur en d\u00e9cochant la case \u00ab Accepter les cookies \u00bb de votre navigateur. Pour voir comment cela fonctionne en d\u00e9tail, veuillez consulter les instructions de votre navigateur. Si vous n\u2019acceptez pas les cookies, cela peut entra\u00eener une limitation des fonctionnalit\u00e9s de nos offres.<\/p>\n<p><strong>10. Newsletter<\/strong><br \/>\nSi vous voulez recevoir une newsletter, qui est offerte par nos sites web, vous devez nous fournir une adresse e-mail valide. De plus, nous avons besoin d\u2019informations qui permettent de v\u00e9rifier si vous \u00eates le propri\u00e9taire de l\u2019adresse e-mail ou si le propri\u00e9taire de l\u2019adresse e-mail donn\u00e9e accepte de recevoir la newsletter. Aucune autre donn\u00e9e ne sera trait\u00e9e. Votre consentement concernant le stockage de vos donn\u00e9es et votre adresse e-mail ainsi que l\u2019utilisation de cette adresse e-mail pour la distribution de la newsletter peut \u00eatre retir\u00e9 \u00e0 tout moment.<\/p>\n<p><strong>11. Enfants et adolescents<\/strong><br \/>\nLes personnes de moins de 18 ans ne doivent pas nous fournir de donn\u00e9es \u00e0 caract\u00e8re personnel sans l\u2019autorisation de leurs parents ou de leur tuteur. Nous ne demandons pas de donn\u00e9es \u00e0 caract\u00e8re personnel \u00e0 des enfants ni \u00e0 des adolescents, nous ne les recueillons pas ni ne les transmettons \u00e0 des tiers.<\/p>\n<p><strong>12. S\u00e9curit\u00e9<\/strong><br \/>\nDes mesures de s\u00e9curit\u00e9 d\u2019ordre technique et organisationnel ont \u00e9t\u00e9 prises pour \u00e9viter de fa\u00e7on s\u00fbre toute perte, destruction, manipulation ou consultation non autoris\u00e9e de vos donn\u00e9es \u00e0 caract\u00e8re personnel. Tous les employ\u00e9s et toutes les personnes concern\u00e9es par le traitement des donn\u00e9es doivent respecter les normes de la CPVP\u00a0et d\u2019autres lois s\u2019appliquant \u00e0 la protection de donn\u00e9es tout comme \u00e0 l\u2019utilisation confidentielle de donn\u00e9es \u00e0 caract\u00e8re personnel.<\/p>\n<p>Nos mesures de s\u00e9curit\u00e9 sont p\u00e9riodiquement revues selon les progr\u00e8s de la technologie.<\/p>\n<p><strong>13. Modification de notre code de protection de donn\u00e9es<\/strong><br \/>\nNous nous r\u00e9servons le droit de modifier les mesures de s\u00e9curit\u00e9 et les mesures de protection des donn\u00e9es selon les progr\u00e8s techniques, si n\u00e9cessaire. Dans ce cas, nos r\u00e8gles sur la protection des donn\u00e9es seront aussi adapt\u00e9es. Veuillez noter, par cons\u00e9quent, la derni\u00e8re version de notre avis de protection de donn\u00e9es.<\/p>\n<p><strong>14. Liens<\/strong><br \/>\nDans le cas o\u00f9 vous utilisiez des liens externes \u00e0 nos sites web, notre avis de protection des donn\u00e9es ne concernera pas ces liens. Si nous offrons des liens, nous nous assurons avant de placer tout lien sur notre site qu\u2019il n\u2019y a aucune violation de droit de l\u2019autre site web. Cela dit, nous n\u2019avons aucun contr\u00f4le sur la protection des donn\u00e9es et sur les dispositions en mati\u00e8re de s\u00e9curit\u00e9 d\u2019autres fournisseurs. Veuillez donc consulter l\u2019avis de protection des donn\u00e9es des sites web de ces autres fournisseurs.<\/p>\n<p><strong>15. Droit d\u2019acc\u00e8s<\/strong><br \/>\nVous pouvez \u00e0 tout moment demander des informations sur les donn\u00e9es enregistr\u00e9es vous concernant. Au besoin, \u00e9crivez-nous \u00e0 : Wynn\u2019s Belgium BV, Industriepark-West 46, 9100 Sint-Niklaas\/Belgium. E-mail: info@wynns.be<\/p>\n<p><strong>16. Droit d\u2019objection<\/strong><br \/>\nDe plus, vous pouvez retirer votre consentement en mati\u00e8re de collecte, de traitement et d\u2019utilisation de vos donn\u00e9es \u00e0 caract\u00e8re personnel. Au besoin, \u00e9crivez-nous \u00e0 : Wynn\u2019s Belgium BV, Industriepark-West 46, 9100 Sint-Niklaas\/Belgium. E-mail: info@wynns.be<\/p>\n<p><strong>17. Consentement<\/strong><br \/>\nSi vous vous abonnez \u00e0 notre newsletter, ou si vous avez accept\u00e9 l\u2019envoie p\u00e9riodique d\u2019offres int\u00e9ressantes et d\u2019informations sur Wynn\u2019s par le biais de nos formulaires de contact, vous avez consenti de cette fa\u00e7on \u00e0 ce que nous utilisions votre adresse e-mail \u00e0 des fins publicitaires. Nous avons enregistr\u00e9 votre consentement et sommes oblig\u00e9s d\u2019afficher ce contenu en tout temps. Vous pouvez toujours retirer votre consentement.<\/p>\n<p><strong>18. Questions, suggestions, plaintes<\/strong><br \/>\nPour toute question concernant nos conseils sur la protection des donn\u00e9es et le traitement de vos donn\u00e9es \u00e0 caract\u00e8re personnel, veuillez vous mettre en contact avec nous \u00e0 l\u2019adresse suivante:<\/p>\n<p>Wynn\u2019s Belgium BV, Industriepark-West 46, 9100 Sint-Niklaas\/Belgium. E-mail: info@wynns.be<\/p>\n<\/div><\/div><\/div><\/div><\/div>\n","protected":false},"excerpt":{"rendered":"","protected":false},"author":1,"featured_media":0,"parent":12178,"menu_order":0,"comment_status":"closed","ping_status":"closed","template":"","meta":{"inline_featured_image":false,"footnotes":""},"class_list":["post-12138","page","type-page","status-publish","hentry"],"yoast_head":"<!-- This site is optimized with the Yoast SEO plugin v27.4 - https:\/\/yoast.com\/product\/yoast-seo-wordpress\/ -->\n<title>Mentions l\u00e9gales | Wynn&#039;s Belgium<\/title>\n<meta name=\"robots\" content=\"index, follow, max-snippet:-1, max-image-preview:large, max-video-preview:-1\" \/>\n<link rel=\"canonical\" href=\"https:\/\/www.wynns.be\/fr\/pro\/mentions-legales\/\" \/>\n<meta property=\"og:locale\" content=\"fr_FR\" \/>\n<meta property=\"og:type\" content=\"article\" \/>\n<meta property=\"og:title\" content=\"Mentions l\u00e9gales | Wynn&#039;s Belgium\" \/>\n<meta property=\"og:url\" content=\"https:\/\/www.wynns.be\/fr\/pro\/mentions-legales\/\" \/>\n<meta property=\"og:site_name\" content=\"Wynn&#039;s Belgium\" \/>\n<meta property=\"article:modified_time\" content=\"2021-07-15T07:47:03+00:00\" \/>\n<meta name=\"twitter:card\" content=\"summary_large_image\" \/>\n<meta name=\"twitter:label1\" content=\"Dur\u00e9e de lecture est.\" \/>\n\t<meta name=\"twitter:data1\" content=\"14 minutes\" \/>\n<script type=\"application\/ld+json\" class=\"yoast-schema-graph\">{\"@context\":\"https:\\\/\\\/schema.org\",\"@graph\":[{\"@type\":\"WebPage\",\"@id\":\"https:\\\/\\\/www.wynns.be\\\/fr\\\/pro\\\/mentions-legales\\\/\",\"url\":\"https:\\\/\\\/www.wynns.be\\\/fr\\\/pro\\\/mentions-legales\\\/\",\"name\":\"Mentions l\u00e9gales | Wynn&#039;s Belgium\",\"isPartOf\":{\"@id\":\"https:\\\/\\\/www.wynns.be\\\/nl\\\/#website\"},\"datePublished\":\"2021-06-10T10:12:48+00:00\",\"dateModified\":\"2021-07-15T07:47:03+00:00\",\"breadcrumb\":{\"@id\":\"https:\\\/\\\/www.wynns.be\\\/fr\\\/pro\\\/mentions-legales\\\/#breadcrumb\"},\"inLanguage\":\"fr-BE\",\"potentialAction\":[{\"@type\":\"ReadAction\",\"target\":[\"https:\\\/\\\/www.wynns.be\\\/fr\\\/pro\\\/mentions-legales\\\/\"]}]},{\"@type\":\"BreadcrumbList\",\"@id\":\"https:\\\/\\\/www.wynns.be\\\/fr\\\/pro\\\/mentions-legales\\\/#breadcrumb\",\"itemListElement\":[{\"@type\":\"ListItem\",\"position\":1,\"name\":\"Home\",\"item\":\"https:\\\/\\\/www.wynns.be\\\/fr\\\/\"},{\"@type\":\"ListItem\",\"position\":2,\"name\":\"Accueil &#8211; Professionnels\",\"item\":\"https:\\\/\\\/www.wynns.be\\\/fr\\\/pro\\\/\"},{\"@type\":\"ListItem\",\"position\":3,\"name\":\"Mentions l\u00e9gales\"}]},{\"@type\":\"WebSite\",\"@id\":\"https:\\\/\\\/www.wynns.be\\\/nl\\\/#website\",\"url\":\"https:\\\/\\\/www.wynns.be\\\/nl\\\/\",\"name\":\"Wynn&#039;s Belgium\",\"description\":\"Specialist in additives\",\"potentialAction\":[{\"@type\":\"SearchAction\",\"target\":{\"@type\":\"EntryPoint\",\"urlTemplate\":\"https:\\\/\\\/www.wynns.be\\\/nl\\\/?s={search_term_string}\"},\"query-input\":{\"@type\":\"PropertyValueSpecification\",\"valueRequired\":true,\"valueName\":\"search_term_string\"}}],\"inLanguage\":\"fr-BE\"}]}<\/script>\n<!-- \/ Yoast SEO plugin. -->","yoast_head_json":{"title":"Mentions l\u00e9gales | Wynn&#039;s Belgium","robots":{"index":"index","follow":"follow","max-snippet":"max-snippet:-1","max-image-preview":"max-image-preview:large","max-video-preview":"max-video-preview:-1"},"canonical":"https:\/\/www.wynns.be\/fr\/pro\/mentions-legales\/","og_locale":"fr_FR","og_type":"article","og_title":"Mentions l\u00e9gales | Wynn&#039;s Belgium","og_url":"https:\/\/www.wynns.be\/fr\/pro\/mentions-legales\/","og_site_name":"Wynn&#039;s Belgium","article_modified_time":"2021-07-15T07:47:03+00:00","twitter_card":"summary_large_image","twitter_misc":{"Dur\u00e9e de lecture est.":"14 minutes"},"schema":{"@context":"https:\/\/schema.org","@graph":[{"@type":"WebPage","@id":"https:\/\/www.wynns.be\/fr\/pro\/mentions-legales\/","url":"https:\/\/www.wynns.be\/fr\/pro\/mentions-legales\/","name":"Mentions l\u00e9gales | Wynn&#039;s Belgium","isPartOf":{"@id":"https:\/\/www.wynns.be\/nl\/#website"},"datePublished":"2021-06-10T10:12:48+00:00","dateModified":"2021-07-15T07:47:03+00:00","breadcrumb":{"@id":"https:\/\/www.wynns.be\/fr\/pro\/mentions-legales\/#breadcrumb"},"inLanguage":"fr-BE","potentialAction":[{"@type":"ReadAction","target":["https:\/\/www.wynns.be\/fr\/pro\/mentions-legales\/"]}]},{"@type":"BreadcrumbList","@id":"https:\/\/www.wynns.be\/fr\/pro\/mentions-legales\/#breadcrumb","itemListElement":[{"@type":"ListItem","position":1,"name":"Home","item":"https:\/\/www.wynns.be\/fr\/"},{"@type":"ListItem","position":2,"name":"Accueil &#8211; Professionnels","item":"https:\/\/www.wynns.be\/fr\/pro\/"},{"@type":"ListItem","position":3,"name":"Mentions l\u00e9gales"}]},{"@type":"WebSite","@id":"https:\/\/www.wynns.be\/nl\/#website","url":"https:\/\/www.wynns.be\/nl\/","name":"Wynn&#039;s Belgium","description":"Specialist in additives","potentialAction":[{"@type":"SearchAction","target":{"@type":"EntryPoint","urlTemplate":"https:\/\/www.wynns.be\/nl\/?s={search_term_string}"},"query-input":{"@type":"PropertyValueSpecification","valueRequired":true,"valueName":"search_term_string"}}],"inLanguage":"fr-BE"}]}},"_links":{"self":[{"href":"https:\/\/www.wynns.be\/fr\/wp-json\/wp\/v2\/pages\/12138","targetHints":{"allow":["GET"]}}],"collection":[{"href":"https:\/\/www.wynns.be\/fr\/wp-json\/wp\/v2\/pages"}],"about":[{"href":"https:\/\/www.wynns.be\/fr\/wp-json\/wp\/v2\/types\/page"}],"author":[{"embeddable":true,"href":"https:\/\/www.wynns.be\/fr\/wp-json\/wp\/v2\/users\/1"}],"replies":[{"embeddable":true,"href":"https:\/\/www.wynns.be\/fr\/wp-json\/wp\/v2\/comments?post=12138"}],"version-history":[{"count":0,"href":"https:\/\/www.wynns.be\/fr\/wp-json\/wp\/v2\/pages\/12138\/revisions"}],"up":[{"embeddable":true,"href":"https:\/\/www.wynns.be\/fr\/wp-json\/wp\/v2\/pages\/12178"}],"wp:attachment":[{"href":"https:\/\/www.wynns.be\/fr\/wp-json\/wp\/v2\/media?parent=12138"}],"curies":[{"name":"wp","href":"https:\/\/api.w.org\/{rel}","templated":true}]}}