{"id":13032,"date":"2021-01-23T12:08:00","date_gmt":"2021-01-23T12:08:00","guid":{"rendered":"https:\/\/be.wynns2021.wpengine.com\/product\/diesel-emission-reducer-ex-dp3\/"},"modified":"2025-04-23T14:40:17","modified_gmt":"2025-04-23T14:40:17","slug":"diesel-emission-reducer","status":"publish","type":"product","link":"https:\/\/www.wynns.be\/fr\/produit\/diesel-emission-reducer\/","title":{"rendered":"Diesel Emission Reducer"},"content":{"rendered":"<p>R\u00e9duit les \u00e9missions de gaz d&#8217;\u00e9chappement et am\u00e9liore les performances du moteur et les \u00e9conomies de carburant. Il pr\u00e9vient aussi les effets n\u00e9gatifs de l&#8217;eau dans le carburant diesel.<\/p>\n","protected":false},"excerpt":{"rendered":"<p>Anti-fum\u00e9es<\/p>\n","protected":false},"featured_media":28658,"template":"","meta":{"inline_featured_image":false},"product_brand":[],"product_cat":[1285,1284],"product_tag":[1419,1291,1420,1344,1345,1346,1347,1349,1421,1294,1423,1424],"audience":[1212],"usage":[1301,1302],"class_list":{"0":"post-13032","1":"product","2":"type-product","3":"status-publish","4":"has-post-thumbnail","6":"product_cat-additifs-diesel-professionnel","7":"product_cat-professionnel","8":"product_tag-catalyseur","9":"product_tag-diesel-fr","10":"product_tag-echappement","11":"product_tag-emission-de-particules","12":"product_tag-emissions-fr","13":"product_tag-fap-fr","14":"product_tag-filtre","15":"product_tag-fumee","16":"product_tag-noir","17":"product_tag-particules-fr-3","18":"product_tag-w50392-fr","19":"product_tag-w50393-fr","20":"audience-audience-professionals-fr","21":"usage-entretien-regulier","22":"usage-resolution-de-problemes","24":"first","25":"instock","26":"product-type-simple"},"wynns_product_variations":[{"id":"28651","product_code":"W50393","capacity_ml":"500","units_per_case":"12","packaging_language":"EN, PT, HU, RU, ES","ean13_barcode":"5411693503931","tds":[{"id":"28653","tds_language":"Russie","tds_file":"https:\/\/wynns2021.wpengine.com\/products\/TDS\/W50393_TDS_RU.pdf"},{"id":"28652","tds_language":"Espagnol","tds_file":"https:\/\/wynns2021.wpengine.com\/products\/TDS\/W50393_TDS_ES.pdf"}],"msds":[{"id":"28654","msds_language":"Bulgare","msds_file":"https:\/\/wynns2021.wpengine.com\/products\/MSDS\/W50393_MSDS_Bulgare.pdf"},{"id":"28655","msds_language":"Tch\u00e8que","msds_file":"https:\/\/wynns2021.wpengine.com\/products\/MSDS\/W50393_MSDS_Tch\u00e8que.pdf"},{"id":"28656","msds_language":"Danois","msds_file":"https:\/\/wynns2021.wpengine.com\/products\/MSDS\/W50393_MSDS_Danois.pdf"},{"id":"28657","msds_language":"German","msds_file":"https:\/\/wynns2021.wpengine.com\/products\/MSDS\/W50393_MSDS_DE.pdf"},{"id":"28659","msds_language":"Grec","msds_file":"https:\/\/wynns2021.wpengine.com\/products\/MSDS\/W50393_MSDS_Grec.pdf"},{"id":"28662","msds_language":"English","msds_file":"https:\/\/wynns2021.wpengine.com\/products\/MSDS\/W50393_MSDS_EN.pdf"},{"id":"28663","msds_language":"Estonien","msds_file":"https:\/\/wynns2021.wpengine.com\/products\/MSDS\/W50393_MSDS_Estonien.pdf"},{"id":"28664","msds_language":"Spanish","msds_file":"https:\/\/wynns2021.wpengine.com\/products\/MSDS\/W50393_MSDS_ES.pdf"},{"id":"28665","msds_language":"Finnois","msds_file":"https:\/\/wynns2021.wpengine.com\/products\/MSDS\/W50393_MSDS_Finnois.pdf"},{"id":"28666","msds_language":"French","msds_file":"https:\/\/wynns2021.wpengine.com\/products\/MSDS\/W50393_MSDS_FR.pdf"},{"id":"28667","msds_language":"Croate","msds_file":"https:\/\/wynns2021.wpengine.com\/products\/MSDS\/W50393_MSDS_Croate.pdf"},{"id":"28668","msds_language":"Hongrois","msds_file":"https:\/\/wynns2021.wpengine.com\/products\/MSDS\/W50393_MSDS_Hongrois.pdf"},{"id":"28669","msds_language":"Italian","msds_file":"https:\/\/wynns2021.wpengine.com\/products\/MSDS\/W50393_MSDS_IT.pdf"},{"id":"28670","msds_language":"Lituanien","msds_file":"https:\/\/wynns2021.wpengine.com\/products\/MSDS\/W50393_MSDS_Lituanien.pdf"},{"id":"28671","msds_language":"Letton","msds_file":"https:\/\/wynns2021.wpengine.com\/products\/MSDS\/W50393_MSDS_Letton.pdf"},{"id":"28672","msds_language":"Dutch","msds_file":"https:\/\/wynns2021.wpengine.com\/products\/MSDS\/W50393_MSDS_NL.pdf"},{"id":"28673","msds_language":"Norv\u00e9gien","msds_file":"https:\/\/wynns2021.wpengine.com\/products\/MSDS\/W50393_MSDS_Norv\u00e9gien.pdf"},{"id":"28674","msds_language":"Polonais","msds_file":"https:\/\/wynns2021.wpengine.com\/products\/MSDS\/W50393_MSDS_Polonais.pdf"},{"id":"28675","msds_language":"Portuguese","msds_file":"https:\/\/wynns2021.wpengine.com\/products\/MSDS\/W50393_MSDS_PT.pdf"},{"id":"28676","msds_language":"Roumain","msds_file":"https:\/\/wynns2021.wpengine.com\/products\/MSDS\/W50393_MSDS_Roumain.pdf"},{"id":"28677","msds_language":"Russian","msds_file":"https:\/\/wynns2021.wpengine.com\/products\/MSDS\/W50393_MSDS_RU.pdf"},{"id":"28678","msds_language":"Slovaque","msds_file":"https:\/\/wynns2021.wpengine.com\/products\/MSDS\/W50393_MSDS_Slovaque.pdf"},{"id":"28679","msds_language":"Slov\u00e8ne","msds_file":"https:\/\/wynns2021.wpengine.com\/products\/MSDS\/W50393_MSDS_Slov\u00e8ne.pdf"},{"id":"28680","msds_language":"Serbe","msds_file":"https:\/\/wynns2021.wpengine.com\/products\/MSDS\/W50393_MSDS_Serbe.pdf"},{"id":"28681","msds_language":"Su\u00e9dois","msds_file":"https:\/\/wynns2021.wpengine.com\/products\/MSDS\/W50393_MSDS_Su\u00e9dois.pdf"},{"id":"28682","msds_language":"Turc","msds_file":"https:\/\/wynns2021.wpengine.com\/products\/MSDS\/W50393_MSDS_Turc.pdf"},{"id":"28683","msds_language":"Ukrainien","msds_file":"https:\/\/wynns2021.wpengine.com\/products\/MSDS\/W50393_MSDS_Ukrainien.pdf"}]},{"id":"17409","product_code":"W50392","capacity_ml":"500","units_per_case":"12","packaging_language":"FR, DE, IT, NL, EL","ean13_barcode":"5411693503924","tds":[{"id":"17420","tds_language":"N\u00e9erlandais","tds_file":"https:\/\/wynns2021.wpengine.com\/products\/TDS\/W50392_TDS_NL.pdf"},{"id":"17419","tds_language":"Italien","tds_file":"https:\/\/wynns2021.wpengine.com\/products\/TDS\/W50392_TDS_IT.pdf"},{"id":"17417","tds_language":"Fran\u00e7ais","tds_file":"https:\/\/wynns2021.wpengine.com\/products\/TDS\/W50392_TDS_FR.pdf"},{"id":"17415","tds_language":"Anglais","tds_file":"https:\/\/wynns2021.wpengine.com\/products\/TDS\/W50392_TDS_EN.pdf"},{"id":"17413","tds_language":"Allemand","tds_file":"https:\/\/wynns2021.wpengine.com\/products\/TDS\/W50392_TDS_DE.pdf"}],"msds":[{"id":"17421","msds_language":"Bulgare","msds_file":"https:\/\/wynns2021.wpengine.com\/products\/MSDS\/W50392_MSDS_Bulgare.pdf"},{"id":"17422","msds_language":"Tch\u00e8que","msds_file":"https:\/\/wynns2021.wpengine.com\/products\/MSDS\/W50392_MSDS_Tch\u00e8que.pdf"},{"id":"17423","msds_language":"Danois","msds_file":"https:\/\/wynns2021.wpengine.com\/products\/MSDS\/W50392_MSDS_Danois.pdf"},{"id":"17424","msds_language":"German","msds_file":"https:\/\/wynns2021.wpengine.com\/products\/MSDS\/W50392_MSDS_DE.pdf"},{"id":"17425","msds_language":"Grec","msds_file":"https:\/\/wynns2021.wpengine.com\/products\/MSDS\/W50392_MSDS_Grec.pdf"},{"id":"17426","msds_language":"English","msds_file":"https:\/\/wynns2021.wpengine.com\/products\/MSDS\/W50392_MSDS_EN.pdf"},{"id":"17427","msds_language":"Spanish","msds_file":"https:\/\/wynns2021.wpengine.com\/products\/MSDS\/W50392_MSDS_ES.pdf"},{"id":"17428","msds_language":"Estonien","msds_file":"https:\/\/wynns2021.wpengine.com\/products\/MSDS\/W50392_MSDS_Estonien.pdf"},{"id":"17429","msds_language":"Finnois","msds_file":"https:\/\/wynns2021.wpengine.com\/products\/MSDS\/W50392_MSDS_Finnois.pdf"},{"id":"17430","msds_language":"French","msds_file":"https:\/\/wynns2021.wpengine.com\/products\/MSDS\/W50392_MSDS_FR.pdf"},{"id":"17431","msds_language":"Croate","msds_file":"https:\/\/wynns2021.wpengine.com\/products\/MSDS\/W50392_MSDS_Croate.pdf"},{"id":"17432","msds_language":"Hongrois","msds_file":"https:\/\/wynns2021.wpengine.com\/products\/MSDS\/W50392_MSDS_Hongrois.pdf"},{"id":"17433","msds_language":"Italian","msds_file":"https:\/\/wynns2021.wpengine.com\/products\/MSDS\/W50392_MSDS_IT.pdf"},{"id":"17434","msds_language":"Lituanien","msds_file":"https:\/\/wynns2021.wpengine.com\/products\/MSDS\/W50392_MSDS_Lituanien.pdf"},{"id":"17435","msds_language":"Letton","msds_file":"https:\/\/wynns2021.wpengine.com\/products\/MSDS\/W50392_MSDS_Letton.pdf"},{"id":"17436","msds_language":"Dutch","msds_file":"https:\/\/wynns2021.wpengine.com\/products\/MSDS\/W50392_MSDS_NL.pdf"},{"id":"17437","msds_language":"Norv\u00e9gien","msds_file":"https:\/\/wynns2021.wpengine.com\/products\/MSDS\/W50392_MSDS_Norv\u00e9gien.pdf"},{"id":"17438","msds_language":"Polonais","msds_file":"https:\/\/wynns2021.wpengine.com\/products\/MSDS\/W50392_MSDS_Polonais.pdf"},{"id":"17439","msds_language":"Portuguese","msds_file":"https:\/\/wynns2021.wpengine.com\/products\/MSDS\/W50392_MSDS_PT.pdf"},{"id":"17440","msds_language":"Roumain","msds_file":"https:\/\/wynns2021.wpengine.com\/products\/MSDS\/W50392_MSDS_Roumain.pdf"},{"id":"17441","msds_language":"Russian","msds_file":"https:\/\/wynns2021.wpengine.com\/products\/MSDS\/W50392_MSDS_RU.pdf"},{"id":"17442","msds_language":"Slovaque","msds_file":"https:\/\/wynns2021.wpengine.com\/products\/MSDS\/W50392_MSDS_Slovaque.pdf"},{"id":"17443","msds_language":"Slov\u00e8ne","msds_file":"https:\/\/wynns2021.wpengine.com\/products\/MSDS\/W50392_MSDS_Slov\u00e8ne.pdf"},{"id":"17444","msds_language":"Serbe","msds_file":"https:\/\/wynns2021.wpengine.com\/products\/MSDS\/W50392_MSDS_Serbe.pdf"},{"id":"17445","msds_language":"Su\u00e9dois","msds_file":"https:\/\/wynns2021.wpengine.com\/products\/MSDS\/W50392_MSDS_Su\u00e9dois.pdf"},{"id":"17446","msds_language":"Turc","msds_file":"https:\/\/wynns2021.wpengine.com\/products\/MSDS\/W50392_MSDS_Turc.pdf"},{"id":"17447","msds_language":"Ukrainien","msds_file":"https:\/\/wynns2021.wpengine.com\/products\/MSDS\/W50392_MSDS_Ukrainien.pdf"}]}],"wynns_parts":[{"name":"Injector","rating":"4"},{"name":"FAP","rating":"5"},{"name":"EGR Valve","rating":"3"},{"name":"Diesel Oxidation Catalyst","rating":"4"},{"name":"Turbo","rating":"3"},{"name":"Chambre de combustion","rating":"4"}],"yoast_head":"<!-- This site is optimized with the Yoast SEO plugin v27.4 - https:\/\/yoast.com\/product\/yoast-seo-wordpress\/ -->\n<title>Diesel Emission Reducer | Wynn&#039;s Belgium<\/title>\n<meta name=\"description\" content=\"R\u00e9duit les \u00e9missions, am\u00e9liore la combustion, les performances et l&#039;\u00e9conomie de carburant, tout en prot\u00e9geant les injecteurs.\" \/>\n<meta name=\"robots\" content=\"index, follow, max-snippet:-1, max-image-preview:large, max-video-preview:-1\" \/>\n<link rel=\"canonical\" href=\"https:\/\/www.wynns.be\/fr\/produit\/diesel-emission-reducer\/\" \/>\n<meta property=\"og:locale\" content=\"fr_FR\" \/>\n<meta property=\"og:type\" content=\"article\" \/>\n<meta property=\"og:title\" content=\"Diesel Emission Reducer | Wynn&#039;s Belgium\" \/>\n<meta property=\"og:description\" content=\"R\u00e9duit les \u00e9missions, am\u00e9liore la combustion, les performances et l&#039;\u00e9conomie de carburant, tout en prot\u00e9geant les injecteurs.\" \/>\n<meta property=\"og:url\" content=\"https:\/\/www.wynns.be\/fr\/produit\/diesel-emission-reducer\/\" \/>\n<meta property=\"og:site_name\" content=\"Wynn&#039;s Belgium\" \/>\n<meta property=\"article:modified_time\" content=\"2025-04-23T14:40:17+00:00\" \/>\n<meta property=\"og:image\" content=\"https:\/\/www.wynns.be\/wp-content\/uploads\/sites\/12\/2021\/01\/W50392.jpg\" \/>\n\t<meta property=\"og:image:width\" content=\"1050\" \/>\n\t<meta property=\"og:image:height\" content=\"1050\" \/>\n\t<meta property=\"og:image:type\" content=\"image\/jpeg\" \/>\n<meta name=\"twitter:card\" content=\"summary_large_image\" \/>\n<script type=\"application\/ld+json\" class=\"yoast-schema-graph\">{\"@context\":\"https:\\\/\\\/schema.org\",\"@graph\":[{\"@type\":\"WebPage\",\"@id\":\"https:\\\/\\\/www.wynns.be\\\/fr\\\/produit\\\/diesel-emission-reducer\\\/\",\"url\":\"https:\\\/\\\/www.wynns.be\\\/fr\\\/produit\\\/diesel-emission-reducer\\\/\",\"name\":\"Diesel Emission Reducer | Wynn&#039;s Belgium\",\"isPartOf\":{\"@id\":\"https:\\\/\\\/www.wynns.be\\\/nl\\\/#website\"},\"primaryImageOfPage\":{\"@id\":\"https:\\\/\\\/www.wynns.be\\\/fr\\\/produit\\\/diesel-emission-reducer\\\/#primaryimage\"},\"image\":{\"@id\":\"https:\\\/\\\/www.wynns.be\\\/fr\\\/produit\\\/diesel-emission-reducer\\\/#primaryimage\"},\"thumbnailUrl\":\"https:\\\/\\\/www.wynns.be\\\/wp-content\\\/uploads\\\/sites\\\/12\\\/2021\\\/01\\\/W50392.jpg\",\"datePublished\":\"2021-01-23T12:08:00+00:00\",\"dateModified\":\"2025-04-23T14:40:17+00:00\",\"description\":\"R\u00e9duit les \u00e9missions, am\u00e9liore la combustion, les performances et l'\u00e9conomie de carburant, tout en prot\u00e9geant les injecteurs.\",\"breadcrumb\":{\"@id\":\"https:\\\/\\\/www.wynns.be\\\/fr\\\/produit\\\/diesel-emission-reducer\\\/#breadcrumb\"},\"inLanguage\":\"fr-BE\",\"potentialAction\":[{\"@type\":\"ReadAction\",\"target\":[\"https:\\\/\\\/www.wynns.be\\\/fr\\\/produit\\\/diesel-emission-reducer\\\/\"]}]},{\"@type\":\"ImageObject\",\"inLanguage\":\"fr-BE\",\"@id\":\"https:\\\/\\\/www.wynns.be\\\/fr\\\/produit\\\/diesel-emission-reducer\\\/#primaryimage\",\"url\":\"https:\\\/\\\/www.wynns.be\\\/wp-content\\\/uploads\\\/sites\\\/12\\\/2021\\\/01\\\/W50392.jpg\",\"contentUrl\":\"https:\\\/\\\/www.wynns.be\\\/wp-content\\\/uploads\\\/sites\\\/12\\\/2021\\\/01\\\/W50392.jpg\",\"width\":1050,\"height\":1050,\"caption\":\"diesel emission reducer wynn's\"},{\"@type\":\"BreadcrumbList\",\"@id\":\"https:\\\/\\\/www.wynns.be\\\/fr\\\/produit\\\/diesel-emission-reducer\\\/#breadcrumb\",\"itemListElement\":[{\"@type\":\"ListItem\",\"position\":1,\"name\":\"Home\",\"item\":\"https:\\\/\\\/www.wynns.be\\\/fr\\\/\"},{\"@type\":\"ListItem\",\"position\":2,\"name\":\"Produits\",\"item\":\"https:\\\/\\\/www.wynns.be\\\/fr\\\/shop\\\/\"},{\"@type\":\"ListItem\",\"position\":3,\"name\":\"Diesel Emission Reducer\"}]},{\"@type\":\"WebSite\",\"@id\":\"https:\\\/\\\/www.wynns.be\\\/nl\\\/#website\",\"url\":\"https:\\\/\\\/www.wynns.be\\\/nl\\\/\",\"name\":\"Wynn&#039;s Belgium\",\"description\":\"Specialist in additives\",\"potentialAction\":[{\"@type\":\"SearchAction\",\"target\":{\"@type\":\"EntryPoint\",\"urlTemplate\":\"https:\\\/\\\/www.wynns.be\\\/nl\\\/?s={search_term_string}\"},\"query-input\":{\"@type\":\"PropertyValueSpecification\",\"valueRequired\":true,\"valueName\":\"search_term_string\"}}],\"inLanguage\":\"fr-BE\"}]}<\/script>\n<!-- \/ Yoast SEO plugin. -->","yoast_head_json":{"title":"Diesel Emission Reducer | Wynn&#039;s Belgium","description":"R\u00e9duit les \u00e9missions, am\u00e9liore la combustion, les performances et l'\u00e9conomie de carburant, tout en prot\u00e9geant les injecteurs.","robots":{"index":"index","follow":"follow","max-snippet":"max-snippet:-1","max-image-preview":"max-image-preview:large","max-video-preview":"max-video-preview:-1"},"canonical":"https:\/\/www.wynns.be\/fr\/produit\/diesel-emission-reducer\/","og_locale":"fr_FR","og_type":"article","og_title":"Diesel Emission Reducer | Wynn&#039;s Belgium","og_description":"R\u00e9duit les \u00e9missions, am\u00e9liore la combustion, les performances et l'\u00e9conomie de carburant, tout en prot\u00e9geant les injecteurs.","og_url":"https:\/\/www.wynns.be\/fr\/produit\/diesel-emission-reducer\/","og_site_name":"Wynn&#039;s Belgium","article_modified_time":"2025-04-23T14:40:17+00:00","og_image":[{"width":1050,"height":1050,"url":"https:\/\/www.wynns.be\/wp-content\/uploads\/sites\/12\/2021\/01\/W50392.jpg","type":"image\/jpeg"}],"twitter_card":"summary_large_image","schema":{"@context":"https:\/\/schema.org","@graph":[{"@type":"WebPage","@id":"https:\/\/www.wynns.be\/fr\/produit\/diesel-emission-reducer\/","url":"https:\/\/www.wynns.be\/fr\/produit\/diesel-emission-reducer\/","name":"Diesel Emission Reducer | Wynn&#039;s Belgium","isPartOf":{"@id":"https:\/\/www.wynns.be\/nl\/#website"},"primaryImageOfPage":{"@id":"https:\/\/www.wynns.be\/fr\/produit\/diesel-emission-reducer\/#primaryimage"},"image":{"@id":"https:\/\/www.wynns.be\/fr\/produit\/diesel-emission-reducer\/#primaryimage"},"thumbnailUrl":"https:\/\/www.wynns.be\/wp-content\/uploads\/sites\/12\/2021\/01\/W50392.jpg","datePublished":"2021-01-23T12:08:00+00:00","dateModified":"2025-04-23T14:40:17+00:00","description":"R\u00e9duit les \u00e9missions, am\u00e9liore la combustion, les performances et l'\u00e9conomie de carburant, tout en prot\u00e9geant les injecteurs.","breadcrumb":{"@id":"https:\/\/www.wynns.be\/fr\/produit\/diesel-emission-reducer\/#breadcrumb"},"inLanguage":"fr-BE","potentialAction":[{"@type":"ReadAction","target":["https:\/\/www.wynns.be\/fr\/produit\/diesel-emission-reducer\/"]}]},{"@type":"ImageObject","inLanguage":"fr-BE","@id":"https:\/\/www.wynns.be\/fr\/produit\/diesel-emission-reducer\/#primaryimage","url":"https:\/\/www.wynns.be\/wp-content\/uploads\/sites\/12\/2021\/01\/W50392.jpg","contentUrl":"https:\/\/www.wynns.be\/wp-content\/uploads\/sites\/12\/2021\/01\/W50392.jpg","width":1050,"height":1050,"caption":"diesel emission reducer wynn's"},{"@type":"BreadcrumbList","@id":"https:\/\/www.wynns.be\/fr\/produit\/diesel-emission-reducer\/#breadcrumb","itemListElement":[{"@type":"ListItem","position":1,"name":"Home","item":"https:\/\/www.wynns.be\/fr\/"},{"@type":"ListItem","position":2,"name":"Produits","item":"https:\/\/www.wynns.be\/fr\/shop\/"},{"@type":"ListItem","position":3,"name":"Diesel Emission Reducer"}]},{"@type":"WebSite","@id":"https:\/\/www.wynns.be\/nl\/#website","url":"https:\/\/www.wynns.be\/nl\/","name":"Wynn&#039;s Belgium","description":"Specialist in additives","potentialAction":[{"@type":"SearchAction","target":{"@type":"EntryPoint","urlTemplate":"https:\/\/www.wynns.be\/nl\/?s={search_term_string}"},"query-input":{"@type":"PropertyValueSpecification","valueRequired":true,"valueName":"search_term_string"}}],"inLanguage":"fr-BE"}]}},"toolset-meta":{"toolset-woocommerce-fields-3":[],"toolset-woocommerce-fields-2":[],"toolset-woocommerce-fields":{"_download_limit":{"type":"numeric","raw":"-1"},"_virtual":{"type":"checkbox","raw":"no"},"_downloadable":{"type":"checkbox","raw":"no"},"_download_expiry":{"type":"numeric","raw":"-1"},"_download_type":{"type":"radio","raw":""},"_regular_price":{"type":"numeric","raw":""},"_sale_price":{"type":"numeric","raw":""},"_sale_price_dates_from":{"type":"date","raw":"","formatted":null},"_sale_price_dates_to":{"type":"date","raw":"","formatted":null},"_sku":{"type":"textfield","raw":"W50392"},"_manage_stock":{"type":"checkbox","raw":"no"},"_stock_status":{"type":"radio","raw":"instock"},"_stock":{"type":"numeric","raw":null},"_backorders":{"type":"radio","raw":"no"},"_sold_individually":{"type":"checkbox","raw":"no"},"_width":{"type":"numeric","raw":""},"_weight":{"type":"numeric","raw":""},"_length":{"type":"numeric","raw":""},"_purchase_note":{"type":"textarea","raw":""}},"parts":[],"compatibility":{"engine":{"type":"select","raw":"Diesel & Hybrid diesel"},"fuel":{"type":"select","raw":"Diesel up to B30 (premium & regular)"},"extra-compatibility-text":{"type":"textfield","raw":""}},"how-to-use":{"how-to-use-image":{"type":"image","raw":"https:\/\/wynns2021.wpengine.com\/wp-content\/uploads\/2021\/03\/how-to-use-fruel-tank-fr.png","attachment_id":null},"step":{"type":"textfield","raw":["Ajouter au r\u00e9servoir de carburant","Jusqu'\u00e0 60 litres","Tous les 3000 km ou tous les 3 pleins"]},"how-to-use-extra-information":{"type":"textfield","raw":""}},"product-additional-info":{"print-screen-images":{"type":"file","raw":"","attachment_id":null}},"product-video":{"youtube-id":{"type":"textfield","raw":""}},"product-info":{"product-features":{"type":"textfield","raw":["R\u00e9duit les \u00e9missions de gaz d'\u00e9chappement et la suie","Am\u00e9liore la combustion, les performances du moteur et les \u00e9conomies de carburant","Emp\u00eache l'encrassement et le colmatage des injecteurs.","Prot\u00e8ge contre les effets n\u00e9gatifs de l'eau dans le carburant diesel."]}}},"_links":{"self":[{"href":"https:\/\/www.wynns.be\/fr\/wp-json\/wp\/v2\/product\/13032","targetHints":{"allow":["GET"]}}],"collection":[{"href":"https:\/\/www.wynns.be\/fr\/wp-json\/wp\/v2\/product"}],"about":[{"href":"https:\/\/www.wynns.be\/fr\/wp-json\/wp\/v2\/types\/product"}],"wp:featuredmedia":[{"embeddable":true,"href":"https:\/\/www.wynns.be\/fr\/wp-json\/wp\/v2\/media\/28658"}],"wp:attachment":[{"href":"https:\/\/www.wynns.be\/fr\/wp-json\/wp\/v2\/media?parent=13032"}],"wp:term":[{"taxonomy":"product_brand","embeddable":true,"href":"https:\/\/www.wynns.be\/fr\/wp-json\/wp\/v2\/product_brand?post=13032"},{"taxonomy":"product_cat","embeddable":true,"href":"https:\/\/www.wynns.be\/fr\/wp-json\/wp\/v2\/product_cat?post=13032"},{"taxonomy":"product_tag","embeddable":true,"href":"https:\/\/www.wynns.be\/fr\/wp-json\/wp\/v2\/product_tag?post=13032"},{"taxonomy":"audience","embeddable":true,"href":"https:\/\/www.wynns.be\/fr\/wp-json\/wp\/v2\/audience?post=13032"},{"taxonomy":"usage","embeddable":true,"href":"https:\/\/www.wynns.be\/fr\/wp-json\/wp\/v2\/usage?post=13032"}],"curies":[{"name":"wp","href":"https:\/\/api.w.org\/{rel}","templated":true}]}}