{"id":13036,"date":"2021-05-25T14:01:05","date_gmt":"2021-05-25T14:01:05","guid":{"rendered":"https:\/\/be.wynns2021.wpengine.com\/product\/diesel-extreme-cleaner-ex-dc3\/"},"modified":"2025-04-23T14:37:02","modified_gmt":"2025-04-23T14:37:02","slug":"diesel-extreme-cleaner-ex-dc3","status":"publish","type":"product","link":"https:\/\/www.wynns.be\/fr\/produit\/diesel-extreme-cleaner-ex-dc3\/","title":{"rendered":"Diesel Extreme Injector Cleaner"},"content":{"rendered":"<p>Nettoie et prot\u00e8ge instantan\u00e9ment les injecteurs, et r\u00e9tablit et maintient le mod\u00e8le de pulv\u00e9risation id\u00e9al des injecteurs.<\/p>\n","protected":false},"excerpt":{"rendered":"<p>Nettoyant injecteur diesel<\/p>\n","protected":false},"featured_media":29310,"template":"","meta":{"inline_featured_image":false},"product_brand":[],"product_cat":[1285,1284],"product_tag":[1291,1455,1512,1991,1351,1352,1753,1992,1993],"audience":[1212],"usage":[1302],"class_list":{"0":"post-13036","1":"product","2":"type-product","3":"status-publish","4":"has-post-thumbnail","6":"product_cat-additifs-diesel-professionnel","7":"product_cat-professionnel","8":"product_tag-diesel-fr","9":"product_tag-injecteur","10":"product_tag-injection-fr","11":"product_tag-modele","12":"product_tag-nettoyant","13":"product_tag-nettoyer","14":"product_tag-spray-fr","15":"product_tag-w12292-fr","16":"product_tag-w12293-fr","17":"audience-audience-professionals-fr","18":"usage-resolution-de-problemes","20":"first","21":"instock","22":"product-type-simple"},"wynns_product_variations":[{"id":"29299","product_code":"W12295","capacity_ml":"500","units_per_case":"12","packaging_language":"ES,IT,PT","ean13_barcode":"","tds":[{"id":"29301","tds_language":"Italien","tds_file":"https:\/\/wynns2021.wpengine.com\/products\/TDS\/W12295_TDS_IT.pdf"},{"id":"29300","tds_language":"Espagnol","tds_file":"https:\/\/wynns2021.wpengine.com\/products\/TDS\/W12295_TDS_ES.pdf"}],"msds":[{"id":"29302","msds_language":"Spanish","msds_file":"https:\/\/wynns2021.wpengine.com\/products\/MSDS\/W12295_MSDS_ES.pdf"},{"id":"29303","msds_language":"Italian","msds_file":"https:\/\/wynns2021.wpengine.com\/products\/MSDS\/W12295_MSDS_IT.pdf"}]},{"id":"27937","product_code":"W12293","capacity_ml":"500","units_per_case":"12","packaging_language":"EN, RU, PT, HU, JP","ean13_barcode":"5411693122934","tds":[{"id":"29298","tds_language":"Espagnol","tds_file":"https:\/\/wynns2021.wpengine.com\/products\/TDS\/W12293_TDS_ES.pdf"},{"id":"27940","tds_language":"Russie","tds_file":"https:\/\/wynns2021.wpengine.com\/products\/TDS\/W12293_TDS_RU.pdf"},{"id":"27939","tds_language":"Fran\u00e7ais","tds_file":"https:\/\/wynns2021.wpengine.com\/products\/TDS\/W12293_TDS_FR.pdf"},{"id":"27938","tds_language":"Anglais","tds_file":"https:\/\/wynns2021.wpengine.com\/products\/TDS\/W12293_TDS_EN.pdf"}],"msds":[{"id":"27941","msds_language":"Bulgare","msds_file":"https:\/\/wynns2021.wpengine.com\/products\/MSDS\/W12293_MSDS_Bulgare.pdf"},{"id":"27942","msds_language":"Tch\u00e8que","msds_file":"https:\/\/wynns2021.wpengine.com\/products\/MSDS\/W12293_MSDS_Tch\u00e8que.pdf"},{"id":"27943","msds_language":"Danois","msds_file":"https:\/\/wynns2021.wpengine.com\/products\/MSDS\/W12293_MSDS_Danois.pdf"},{"id":"27944","msds_language":"German","msds_file":"https:\/\/wynns2021.wpengine.com\/products\/MSDS\/W12293_MSDS_DE.pdf"},{"id":"27945","msds_language":"Grec","msds_file":"https:\/\/wynns2021.wpengine.com\/products\/MSDS\/W12293_MSDS_Grec.pdf"},{"id":"27946","msds_language":"English","msds_file":"https:\/\/wynns2021.wpengine.com\/products\/MSDS\/W12293_MSDS_EN.pdf"},{"id":"27947","msds_language":"Spanish","msds_file":"https:\/\/wynns2021.wpengine.com\/products\/MSDS\/W12293_MSDS_ES.pdf"},{"id":"27948","msds_language":"Estonien","msds_file":"https:\/\/wynns2021.wpengine.com\/products\/MSDS\/W12293_MSDS_Estonien.pdf"},{"id":"27949","msds_language":"Finnois","msds_file":"https:\/\/wynns2021.wpengine.com\/products\/MSDS\/W12293_MSDS_Finnois.pdf"},{"id":"27950","msds_language":"French","msds_file":"https:\/\/wynns2021.wpengine.com\/products\/MSDS\/W12293_MSDS_FR.pdf"},{"id":"27951","msds_language":"Croate","msds_file":"https:\/\/wynns2021.wpengine.com\/products\/MSDS\/W12293_MSDS_Croate.pdf"},{"id":"27952","msds_language":"Hongrois","msds_file":"https:\/\/wynns2021.wpengine.com\/products\/MSDS\/W12293_MSDS_Hongrois.pdf"},{"id":"27953","msds_language":"Italian","msds_file":"https:\/\/wynns2021.wpengine.com\/products\/MSDS\/W12293_MSDS_IT.pdf"},{"id":"27954","msds_language":"Lituanien","msds_file":"https:\/\/wynns2021.wpengine.com\/products\/MSDS\/W12293_MSDS_Lituanien.pdf"},{"id":"27955","msds_language":"Letton","msds_file":"https:\/\/wynns2021.wpengine.com\/products\/MSDS\/W12293_MSDS_Letton.pdf"},{"id":"27956","msds_language":"Dutch","msds_file":"https:\/\/wynns2021.wpengine.com\/products\/MSDS\/W12293_MSDS_NL.pdf"},{"id":"27957","msds_language":"Norv\u00e9gien","msds_file":"https:\/\/wynns2021.wpengine.com\/products\/MSDS\/W12293_MSDS_Norv\u00e9gien.pdf"},{"id":"27958","msds_language":"Polonais","msds_file":"https:\/\/wynns2021.wpengine.com\/products\/MSDS\/W12293_MSDS_Polonais.pdf"},{"id":"27959","msds_language":"Portuguese","msds_file":"https:\/\/wynns2021.wpengine.com\/products\/MSDS\/W12293_MSDS_PT.pdf"},{"id":"27960","msds_language":"Roumain","msds_file":"https:\/\/wynns2021.wpengine.com\/products\/MSDS\/W12293_MSDS_Roumain.pdf"},{"id":"27961","msds_language":"Russian","msds_file":"https:\/\/wynns2021.wpengine.com\/products\/MSDS\/W12293_MSDS_RU.pdf"},{"id":"27962","msds_language":"Slovaque","msds_file":"https:\/\/wynns2021.wpengine.com\/products\/MSDS\/W12293_MSDS_Slovaque.pdf"},{"id":"27963","msds_language":"Slov\u00e8ne","msds_file":"https:\/\/wynns2021.wpengine.com\/products\/MSDS\/W12293_MSDS_Slov\u00e8ne.pdf"},{"id":"27964","msds_language":"Serbe","msds_file":"https:\/\/wynns2021.wpengine.com\/products\/MSDS\/W12293_MSDS_Serbe.pdf"},{"id":"27965","msds_language":"Su\u00e9dois","msds_file":"https:\/\/wynns2021.wpengine.com\/products\/MSDS\/W12293_MSDS_Su\u00e9dois.pdf"},{"id":"27966","msds_language":"Turc","msds_file":"https:\/\/wynns2021.wpengine.com\/products\/MSDS\/W12293_MSDS_Turc.pdf"},{"id":"27967","msds_language":"Ukrainien","msds_file":"https:\/\/wynns2021.wpengine.com\/products\/MSDS\/W12293_MSDS_Ukrainien.pdf"}]},{"id":"17523","product_code":"W12292","capacity_ml":"500","units_per_case":"12","packaging_language":"FR, DE, NL, EL","ean13_barcode":"5411693122927","tds":[{"id":"17529","tds_language":"Allemand","tds_file":"https:\/\/wynns2021.wpengine.com\/products\/TDS\/W12292_TDS_DE.pdf"},{"id":"17528","tds_language":"Italien","tds_file":"https:\/\/wynns2021.wpengine.com\/products\/TDS\/W12292_TDS_IT.pdf"},{"id":"17526","tds_language":"Fran\u00e7ais","tds_file":"https:\/\/wynns2021.wpengine.com\/products\/TDS\/W12292_TDS_FR.pdf"},{"id":"17525","tds_language":"Anglais","tds_file":"https:\/\/wynns2021.wpengine.com\/products\/TDS\/W12292_TDS_EN.pdf"}],"msds":[{"id":"17530","msds_language":"Bulgare","msds_file":"https:\/\/wynns2021.wpengine.com\/products\/MSDS\/W12292_MSDS_Bulgare.pdf"},{"id":"17531","msds_language":"Tch\u00e8que","msds_file":"https:\/\/wynns2021.wpengine.com\/products\/MSDS\/W12292_MSDS_Tch\u00e8que.pdf"},{"id":"17532","msds_language":"Danois","msds_file":"https:\/\/wynns2021.wpengine.com\/products\/MSDS\/W12292_MSDS_Danois.pdf"},{"id":"17533","msds_language":"German","msds_file":"https:\/\/wynns2021.wpengine.com\/products\/MSDS\/W12292_MSDS_DE.pdf"},{"id":"17534","msds_language":"Grec","msds_file":"https:\/\/wynns2021.wpengine.com\/products\/MSDS\/W12292_MSDS_Grec.pdf"},{"id":"17535","msds_language":"English","msds_file":"https:\/\/wynns2021.wpengine.com\/products\/MSDS\/W12292_MSDS_EN.pdf"},{"id":"17536","msds_language":"Spanish","msds_file":"https:\/\/wynns2021.wpengine.com\/products\/MSDS\/W12292_MSDS_ES.pdf"},{"id":"17537","msds_language":"Estonien","msds_file":"https:\/\/wynns2021.wpengine.com\/products\/MSDS\/W12292_MSDS_Estonien.pdf"},{"id":"17538","msds_language":"Finnois","msds_file":"https:\/\/wynns2021.wpengine.com\/products\/MSDS\/W12292_MSDS_Finnois.pdf"},{"id":"17539","msds_language":"French","msds_file":"https:\/\/wynns2021.wpengine.com\/products\/MSDS\/W12292_MSDS_FR.pdf"},{"id":"17540","msds_language":"Croate","msds_file":"https:\/\/wynns2021.wpengine.com\/products\/MSDS\/W12292_MSDS_Croate.pdf"},{"id":"17541","msds_language":"Hongrois","msds_file":"https:\/\/wynns2021.wpengine.com\/products\/MSDS\/W12292_MSDS_Hongrois.pdf"},{"id":"17542","msds_language":"Italian","msds_file":"https:\/\/wynns2021.wpengine.com\/products\/MSDS\/W12292_MSDS_IT.pdf"},{"id":"17543","msds_language":"Lituanien","msds_file":"https:\/\/wynns2021.wpengine.com\/products\/MSDS\/W12292_MSDS_Lituanien.pdf"},{"id":"17544","msds_language":"Letton","msds_file":"https:\/\/wynns2021.wpengine.com\/products\/MSDS\/W12292_MSDS_Letton.pdf"},{"id":"17545","msds_language":"Dutch","msds_file":"https:\/\/wynns2021.wpengine.com\/products\/MSDS\/W12292_MSDS_NL.pdf"},{"id":"17546","msds_language":"Norv\u00e9gien","msds_file":"https:\/\/wynns2021.wpengine.com\/products\/MSDS\/W12292_MSDS_Norv\u00e9gien.pdf"},{"id":"17547","msds_language":"Polonais","msds_file":"https:\/\/wynns2021.wpengine.com\/products\/MSDS\/W12292_MSDS_Polonais.pdf"},{"id":"17548","msds_language":"Portuguese","msds_file":"https:\/\/wynns2021.wpengine.com\/products\/MSDS\/W12292_MSDS_PT.pdf"},{"id":"17549","msds_language":"Roumain","msds_file":"https:\/\/wynns2021.wpengine.com\/products\/MSDS\/W12292_MSDS_Roumain.pdf"},{"id":"17550","msds_language":"Russian","msds_file":"https:\/\/wynns2021.wpengine.com\/products\/MSDS\/W12292_MSDS_RU.pdf"},{"id":"17551","msds_language":"Slovaque","msds_file":"https:\/\/wynns2021.wpengine.com\/products\/MSDS\/W12292_MSDS_Slovaque.pdf"},{"id":"17552","msds_language":"Slov\u00e8ne","msds_file":"https:\/\/wynns2021.wpengine.com\/products\/MSDS\/W12292_MSDS_Slov\u00e8ne.pdf"},{"id":"17553","msds_language":"Serbe","msds_file":"https:\/\/wynns2021.wpengine.com\/products\/MSDS\/W12292_MSDS_Serbe.pdf"},{"id":"17554","msds_language":"Su\u00e9dois","msds_file":"https:\/\/wynns2021.wpengine.com\/products\/MSDS\/W12292_MSDS_Su\u00e9dois.pdf"},{"id":"17555","msds_language":"Turc","msds_file":"https:\/\/wynns2021.wpengine.com\/products\/MSDS\/W12292_MSDS_Turc.pdf"},{"id":"17556","msds_language":"Ukrainien","msds_file":"https:\/\/wynns2021.wpengine.com\/products\/MSDS\/W12292_MSDS_Ukrainien.pdf"}]}],"wynns_parts":[{"name":"Injector","rating":"5"},{"name":"Fuel Tank","rating":"3"},{"name":"Fuel Pump","rating":"3"},{"name":"Vannes","rating":"3"}],"yoast_head":"<!-- This site is optimized with the Yoast SEO plugin v27.3 - https:\/\/yoast.com\/product\/yoast-seo-wordpress\/ -->\n<title>Diesel Extreme Injector Cleaner | Wynn&#039;s Belgium<\/title>\n<meta name=\"description\" content=\"Nettoie et prot\u00e8ge les injecteurs, restaure le mod\u00e8le de pulv\u00e9risation id\u00e9al, am\u00e9liore les performances du moteur et l&#039;\u00e9conomie de carburant.\" \/>\n<meta name=\"robots\" content=\"index, follow, max-snippet:-1, max-image-preview:large, max-video-preview:-1\" \/>\n<link rel=\"canonical\" href=\"https:\/\/www.wynns.be\/fr\/produit\/diesel-extreme-cleaner-ex-dc3\/\" \/>\n<meta property=\"og:locale\" content=\"fr_FR\" \/>\n<meta property=\"og:type\" content=\"article\" \/>\n<meta property=\"og:title\" content=\"Diesel Extreme Injector Cleaner | Wynn&#039;s Belgium\" \/>\n<meta property=\"og:description\" content=\"Nettoie et prot\u00e8ge les injecteurs, restaure le mod\u00e8le de pulv\u00e9risation id\u00e9al, am\u00e9liore les performances du moteur et l&#039;\u00e9conomie de carburant.\" \/>\n<meta property=\"og:url\" content=\"https:\/\/www.wynns.be\/fr\/produit\/diesel-extreme-cleaner-ex-dc3\/\" \/>\n<meta property=\"og:site_name\" content=\"Wynn&#039;s Belgium\" \/>\n<meta property=\"article:modified_time\" content=\"2025-04-23T14:37:02+00:00\" \/>\n<meta property=\"og:image\" content=\"https:\/\/www.wynns.be\/wp-content\/uploads\/sites\/12\/2021\/05\/W12292-1.jpg\" \/>\n\t<meta property=\"og:image:width\" content=\"1050\" \/>\n\t<meta property=\"og:image:height\" content=\"1050\" \/>\n\t<meta property=\"og:image:type\" content=\"image\/jpeg\" \/>\n<meta name=\"twitter:card\" content=\"summary_large_image\" \/>\n<script type=\"application\/ld+json\" class=\"yoast-schema-graph\">{\"@context\":\"https:\\\/\\\/schema.org\",\"@graph\":[{\"@type\":\"WebPage\",\"@id\":\"https:\\\/\\\/www.wynns.be\\\/fr\\\/produit\\\/diesel-extreme-cleaner-ex-dc3\\\/\",\"url\":\"https:\\\/\\\/www.wynns.be\\\/fr\\\/produit\\\/diesel-extreme-cleaner-ex-dc3\\\/\",\"name\":\"Diesel Extreme Injector Cleaner | Wynn&#039;s Belgium\",\"isPartOf\":{\"@id\":\"https:\\\/\\\/www.wynns.be\\\/nl\\\/#website\"},\"primaryImageOfPage\":{\"@id\":\"https:\\\/\\\/www.wynns.be\\\/fr\\\/produit\\\/diesel-extreme-cleaner-ex-dc3\\\/#primaryimage\"},\"image\":{\"@id\":\"https:\\\/\\\/www.wynns.be\\\/fr\\\/produit\\\/diesel-extreme-cleaner-ex-dc3\\\/#primaryimage\"},\"thumbnailUrl\":\"https:\\\/\\\/www.wynns.be\\\/wp-content\\\/uploads\\\/sites\\\/12\\\/2021\\\/05\\\/W12292-1.jpg\",\"datePublished\":\"2021-05-25T14:01:05+00:00\",\"dateModified\":\"2025-04-23T14:37:02+00:00\",\"description\":\"Nettoie et prot\u00e8ge les injecteurs, restaure le mod\u00e8le de pulv\u00e9risation id\u00e9al, am\u00e9liore les performances du moteur et l'\u00e9conomie de carburant.\",\"breadcrumb\":{\"@id\":\"https:\\\/\\\/www.wynns.be\\\/fr\\\/produit\\\/diesel-extreme-cleaner-ex-dc3\\\/#breadcrumb\"},\"inLanguage\":\"fr-BE\",\"potentialAction\":[{\"@type\":\"ReadAction\",\"target\":[\"https:\\\/\\\/www.wynns.be\\\/fr\\\/produit\\\/diesel-extreme-cleaner-ex-dc3\\\/\"]}]},{\"@type\":\"ImageObject\",\"inLanguage\":\"fr-BE\",\"@id\":\"https:\\\/\\\/www.wynns.be\\\/fr\\\/produit\\\/diesel-extreme-cleaner-ex-dc3\\\/#primaryimage\",\"url\":\"https:\\\/\\\/www.wynns.be\\\/wp-content\\\/uploads\\\/sites\\\/12\\\/2021\\\/05\\\/W12292-1.jpg\",\"contentUrl\":\"https:\\\/\\\/www.wynns.be\\\/wp-content\\\/uploads\\\/sites\\\/12\\\/2021\\\/05\\\/W12292-1.jpg\",\"width\":1050,\"height\":1050},{\"@type\":\"BreadcrumbList\",\"@id\":\"https:\\\/\\\/www.wynns.be\\\/fr\\\/produit\\\/diesel-extreme-cleaner-ex-dc3\\\/#breadcrumb\",\"itemListElement\":[{\"@type\":\"ListItem\",\"position\":1,\"name\":\"Home\",\"item\":\"https:\\\/\\\/www.wynns.be\\\/fr\\\/\"},{\"@type\":\"ListItem\",\"position\":2,\"name\":\"Produits\",\"item\":\"https:\\\/\\\/www.wynns.be\\\/fr\\\/shop\\\/\"},{\"@type\":\"ListItem\",\"position\":3,\"name\":\"Diesel Extreme Injector Cleaner\"}]},{\"@type\":\"WebSite\",\"@id\":\"https:\\\/\\\/www.wynns.be\\\/nl\\\/#website\",\"url\":\"https:\\\/\\\/www.wynns.be\\\/nl\\\/\",\"name\":\"Wynn&#039;s Belgium\",\"description\":\"Specialist in additives\",\"potentialAction\":[{\"@type\":\"SearchAction\",\"target\":{\"@type\":\"EntryPoint\",\"urlTemplate\":\"https:\\\/\\\/www.wynns.be\\\/nl\\\/?s={search_term_string}\"},\"query-input\":{\"@type\":\"PropertyValueSpecification\",\"valueRequired\":true,\"valueName\":\"search_term_string\"}}],\"inLanguage\":\"fr-BE\"}]}<\/script>\n<!-- \/ Yoast SEO plugin. -->","yoast_head_json":{"title":"Diesel Extreme Injector Cleaner | Wynn&#039;s Belgium","description":"Nettoie et prot\u00e8ge les injecteurs, restaure le mod\u00e8le de pulv\u00e9risation id\u00e9al, am\u00e9liore les performances du moteur et l'\u00e9conomie de carburant.","robots":{"index":"index","follow":"follow","max-snippet":"max-snippet:-1","max-image-preview":"max-image-preview:large","max-video-preview":"max-video-preview:-1"},"canonical":"https:\/\/www.wynns.be\/fr\/produit\/diesel-extreme-cleaner-ex-dc3\/","og_locale":"fr_FR","og_type":"article","og_title":"Diesel Extreme Injector Cleaner | Wynn&#039;s Belgium","og_description":"Nettoie et prot\u00e8ge les injecteurs, restaure le mod\u00e8le de pulv\u00e9risation id\u00e9al, am\u00e9liore les performances du moteur et l'\u00e9conomie de carburant.","og_url":"https:\/\/www.wynns.be\/fr\/produit\/diesel-extreme-cleaner-ex-dc3\/","og_site_name":"Wynn&#039;s Belgium","article_modified_time":"2025-04-23T14:37:02+00:00","og_image":[{"width":1050,"height":1050,"url":"https:\/\/www.wynns.be\/wp-content\/uploads\/sites\/12\/2021\/05\/W12292-1.jpg","type":"image\/jpeg"}],"twitter_card":"summary_large_image","schema":{"@context":"https:\/\/schema.org","@graph":[{"@type":"WebPage","@id":"https:\/\/www.wynns.be\/fr\/produit\/diesel-extreme-cleaner-ex-dc3\/","url":"https:\/\/www.wynns.be\/fr\/produit\/diesel-extreme-cleaner-ex-dc3\/","name":"Diesel Extreme Injector Cleaner | Wynn&#039;s Belgium","isPartOf":{"@id":"https:\/\/www.wynns.be\/nl\/#website"},"primaryImageOfPage":{"@id":"https:\/\/www.wynns.be\/fr\/produit\/diesel-extreme-cleaner-ex-dc3\/#primaryimage"},"image":{"@id":"https:\/\/www.wynns.be\/fr\/produit\/diesel-extreme-cleaner-ex-dc3\/#primaryimage"},"thumbnailUrl":"https:\/\/www.wynns.be\/wp-content\/uploads\/sites\/12\/2021\/05\/W12292-1.jpg","datePublished":"2021-05-25T14:01:05+00:00","dateModified":"2025-04-23T14:37:02+00:00","description":"Nettoie et prot\u00e8ge les injecteurs, restaure le mod\u00e8le de pulv\u00e9risation id\u00e9al, am\u00e9liore les performances du moteur et l'\u00e9conomie de carburant.","breadcrumb":{"@id":"https:\/\/www.wynns.be\/fr\/produit\/diesel-extreme-cleaner-ex-dc3\/#breadcrumb"},"inLanguage":"fr-BE","potentialAction":[{"@type":"ReadAction","target":["https:\/\/www.wynns.be\/fr\/produit\/diesel-extreme-cleaner-ex-dc3\/"]}]},{"@type":"ImageObject","inLanguage":"fr-BE","@id":"https:\/\/www.wynns.be\/fr\/produit\/diesel-extreme-cleaner-ex-dc3\/#primaryimage","url":"https:\/\/www.wynns.be\/wp-content\/uploads\/sites\/12\/2021\/05\/W12292-1.jpg","contentUrl":"https:\/\/www.wynns.be\/wp-content\/uploads\/sites\/12\/2021\/05\/W12292-1.jpg","width":1050,"height":1050},{"@type":"BreadcrumbList","@id":"https:\/\/www.wynns.be\/fr\/produit\/diesel-extreme-cleaner-ex-dc3\/#breadcrumb","itemListElement":[{"@type":"ListItem","position":1,"name":"Home","item":"https:\/\/www.wynns.be\/fr\/"},{"@type":"ListItem","position":2,"name":"Produits","item":"https:\/\/www.wynns.be\/fr\/shop\/"},{"@type":"ListItem","position":3,"name":"Diesel Extreme Injector Cleaner"}]},{"@type":"WebSite","@id":"https:\/\/www.wynns.be\/nl\/#website","url":"https:\/\/www.wynns.be\/nl\/","name":"Wynn&#039;s Belgium","description":"Specialist in additives","potentialAction":[{"@type":"SearchAction","target":{"@type":"EntryPoint","urlTemplate":"https:\/\/www.wynns.be\/nl\/?s={search_term_string}"},"query-input":{"@type":"PropertyValueSpecification","valueRequired":true,"valueName":"search_term_string"}}],"inLanguage":"fr-BE"}]}},"toolset-meta":{"toolset-woocommerce-fields-3":[],"toolset-woocommerce-fields-2":[],"toolset-woocommerce-fields":{"_download_limit":{"type":"numeric","raw":"-1"},"_virtual":{"type":"checkbox","raw":"no"},"_downloadable":{"type":"checkbox","raw":"no"},"_download_expiry":{"type":"numeric","raw":"-1"},"_download_type":{"type":"radio","raw":""},"_regular_price":{"type":"numeric","raw":""},"_sale_price":{"type":"numeric","raw":""},"_sale_price_dates_from":{"type":"date","raw":"","formatted":null},"_sale_price_dates_to":{"type":"date","raw":"","formatted":null},"_sku":{"type":"textfield","raw":"W12292"},"_manage_stock":{"type":"checkbox","raw":"no"},"_stock_status":{"type":"radio","raw":"instock"},"_stock":{"type":"numeric","raw":null},"_backorders":{"type":"radio","raw":"no"},"_sold_individually":{"type":"checkbox","raw":"no"},"_width":{"type":"numeric","raw":""},"_weight":{"type":"numeric","raw":""},"_length":{"type":"numeric","raw":""},"_purchase_note":{"type":"textarea","raw":""}},"parts":[],"compatibility":{"engine":{"type":"select","raw":"Diesel & Hybrid diesel"},"fuel":{"type":"select","raw":"Diesel up to B30 (premium & regular)"},"extra-compatibility-text":{"type":"textfield","raw":""}},"how-to-use":{"how-to-use-image":{"type":"image","raw":"https:\/\/wynns2021.wpengine.com\/wp-content\/uploads\/2021\/05\/how-to-use-fruel-tank-fr.png","attachment_id":null},"step":{"type":"textfield","raw":["Ajouter au r\u00e9servoir de carburant","Jusqu'\u00e0 60 litres","Tous les 3000 km ou tous les 3 pleins"]},"how-to-use-extra-information":{"type":"textfield","raw":""}},"product-additional-info":{"print-screen-images":{"type":"file","raw":"","attachment_id":null}},"product-video":{"youtube-id":{"type":"textfield","raw":""}},"product-info":{"product-features":{"type":"textfield","raw":["Prot\u00e8ge et lubrifie efficacement les injecteurs et les pompes.","Protection des syst\u00e8mes d'injection haute pression (TDI, HDI, ...)","Restaure les performances du moteur, assure un ralenti r\u00e9gulier et \u00e9vite les probl\u00e8mes de d\u00e9marrage.","Augmente la fiabilit\u00e9 op\u00e9rationnelle et l'\u00e9conomie"]}}},"_links":{"self":[{"href":"https:\/\/www.wynns.be\/fr\/wp-json\/wp\/v2\/product\/13036","targetHints":{"allow":["GET"]}}],"collection":[{"href":"https:\/\/www.wynns.be\/fr\/wp-json\/wp\/v2\/product"}],"about":[{"href":"https:\/\/www.wynns.be\/fr\/wp-json\/wp\/v2\/types\/product"}],"wp:featuredmedia":[{"embeddable":true,"href":"https:\/\/www.wynns.be\/fr\/wp-json\/wp\/v2\/media\/29310"}],"wp:attachment":[{"href":"https:\/\/www.wynns.be\/fr\/wp-json\/wp\/v2\/media?parent=13036"}],"wp:term":[{"taxonomy":"product_brand","embeddable":true,"href":"https:\/\/www.wynns.be\/fr\/wp-json\/wp\/v2\/product_brand?post=13036"},{"taxonomy":"product_cat","embeddable":true,"href":"https:\/\/www.wynns.be\/fr\/wp-json\/wp\/v2\/product_cat?post=13036"},{"taxonomy":"product_tag","embeddable":true,"href":"https:\/\/www.wynns.be\/fr\/wp-json\/wp\/v2\/product_tag?post=13036"},{"taxonomy":"audience","embeddable":true,"href":"https:\/\/www.wynns.be\/fr\/wp-json\/wp\/v2\/audience?post=13036"},{"taxonomy":"usage","embeddable":true,"href":"https:\/\/www.wynns.be\/fr\/wp-json\/wp\/v2\/usage?post=13036"}],"curies":[{"name":"wp","href":"https:\/\/api.w.org\/{rel}","templated":true}]}}