{"id":13079,"date":"2021-01-22T10:35:52","date_gmt":"2021-01-22T10:35:52","guid":{"rendered":"https:\/\/be.wynns2021.wpengine.com\/product\/dsp-injection-diesel\/"},"modified":"2025-09-23T09:04:18","modified_gmt":"2025-09-23T09:04:18","slug":"dsp-injection-diesel","status":"publish","type":"product","link":"https:\/\/www.wynns.be\/fr\/produit\/dsp-injection-diesel\/","title":{"rendered":"DSP &#8211; Injection diesel"},"content":{"rendered":"<p>\u00c9limine la salet\u00e9 et les d\u00e9p\u00f4ts dans les syst\u00e8mes d&#8217;injection diesel. \u00c0 utiliser avec l&#8217;\u00e9quipement MultiSERVE ou FuelSystemSERVE de Wynn&#8217;s.<\/p>\n","protected":false},"excerpt":{"rendered":"<p>\u00e0 utiliser avec le MultiSERVE Wynn&#8217;s ou le FuelSERVE Wynn&#8217;s<\/p>\n","protected":false},"featured_media":31064,"template":"","meta":{"inline_featured_image":false},"product_brand":[],"product_cat":[1285,1284,1286],"product_tag":[1618,1500,1291,1431,2007,2966,2008,1541,1542,1330,1533,2967],"audience":[1212],"usage":[1301,1302],"class_list":{"0":"post-13079","1":"product","2":"type-product","3":"status-publish","4":"has-post-thumbnail","6":"product_cat-additifs-diesel-professionnel","7":"product_cat-professionnel","8":"product_cat-service-maintenance-professionnel","9":"product_tag-brandstof-2","10":"product_tag-brandstofsysteem","11":"product_tag-diesel-fr","12":"product_tag-injectie","13":"product_tag-injector-fr","14":"product_tag-patroon-fr","15":"product_tag-professioneel","16":"product_tag-reiniger-nl-3","17":"product_tag-schoon-3","18":"product_tag-systeem-2","19":"product_tag-vrachtwagen-nl-2","20":"product_tag-w89195-fr","21":"audience-audience-professionals-fr","22":"usage-entretien-regulier","23":"usage-resolution-de-problemes","25":"first","26":"instock","27":"product-type-simple"},"wynns_product_variations":[{"id":"19078","product_code":"W89195","capacity_ml":"1000","units_per_case":"12","packaging_language":"EN, FR, DE, ES, IT, RU, PL, PT","ean13_barcode":"5411693891953","tds":[{"id":"19086","tds_language":"Russie","tds_file":"https:\/\/wynns2021.wpengine.com\/products\/TDS\/W89195_TDS_RU.pdf"},{"id":"19085","tds_language":"N\u00e9erlandais","tds_file":"https:\/\/wynns2021.wpengine.com\/products\/TDS\/W89195_TDS_NL.pdf"},{"id":"19084","tds_language":"Italien","tds_file":"https:\/\/wynns2021.wpengine.com\/products\/TDS\/W89195_TDS_IT.pdf"},{"id":"19083","tds_language":"Fran\u00e7ais","tds_file":"https:\/\/wynns2021.wpengine.com\/products\/TDS\/W89195_TDS_FR.pdf"},{"id":"19082","tds_language":"Espagnol","tds_file":"https:\/\/wynns2021.wpengine.com\/products\/TDS\/W89195_TDS_ES.pdf"},{"id":"19081","tds_language":"Anglais","tds_file":"https:\/\/wynns2021.wpengine.com\/products\/TDS\/W89195_TDS_EN.pdf"},{"id":"19080","tds_language":"Allemand","tds_file":"https:\/\/wynns2021.wpengine.com\/products\/TDS\/W89195_TDS_DE.pdf"}],"msds":[{"id":"19087","msds_language":"Bulgare","msds_file":"https:\/\/wynns2021.wpengine.com\/products\/MSDS\/W89195_MSDS_Bulgare.pdf"},{"id":"19088","msds_language":"Tch\u00e8que","msds_file":"https:\/\/wynns2021.wpengine.com\/products\/MSDS\/W89195_MSDS_Tch\u00e8que.pdf"},{"id":"19089","msds_language":"Danois","msds_file":"https:\/\/wynns2021.wpengine.com\/products\/MSDS\/W89195_MSDS_Danois.pdf"},{"id":"19090","msds_language":"German","msds_file":"https:\/\/wynns2021.wpengine.com\/products\/MSDS\/W89195_MSDS_DE.pdf"},{"id":"19091","msds_language":"Grec","msds_file":"https:\/\/wynns2021.wpengine.com\/products\/MSDS\/W89195_MSDS_Grec.pdf"},{"id":"19092","msds_language":"English","msds_file":"https:\/\/wynns2021.wpengine.com\/products\/MSDS\/W89195_MSDS_EN.pdf"},{"id":"19093","msds_language":"Spanish","msds_file":"https:\/\/wynns2021.wpengine.com\/products\/MSDS\/W89195_MSDS_ES.pdf"},{"id":"19094","msds_language":"Estonien","msds_file":"https:\/\/wynns2021.wpengine.com\/products\/MSDS\/W89195_MSDS_Estonien.pdf"},{"id":"19095","msds_language":"Finnois","msds_file":"https:\/\/wynns2021.wpengine.com\/products\/MSDS\/W89195_MSDS_Finnois.pdf"},{"id":"19096","msds_language":"French","msds_file":"https:\/\/wynns2021.wpengine.com\/products\/MSDS\/W89195_MSDS_FR.pdf"},{"id":"19097","msds_language":"Croate","msds_file":"https:\/\/wynns2021.wpengine.com\/products\/MSDS\/W89195_MSDS_Croate.pdf"},{"id":"19098","msds_language":"Hongrois","msds_file":"https:\/\/wynns2021.wpengine.com\/products\/MSDS\/W89195_MSDS_Hongrois.pdf"},{"id":"19099","msds_language":"Italian","msds_file":"https:\/\/wynns2021.wpengine.com\/products\/MSDS\/W89195_MSDS_IT.pdf"},{"id":"19100","msds_language":"Lituanien","msds_file":"https:\/\/wynns2021.wpengine.com\/products\/MSDS\/W89195_MSDS_Lituanien.pdf"},{"id":"19101","msds_language":"Letton","msds_file":"https:\/\/wynns2021.wpengine.com\/products\/MSDS\/W89195_MSDS_Letton.pdf"},{"id":"19102","msds_language":"Dutch","msds_file":"https:\/\/wynns2021.wpengine.com\/products\/MSDS\/W89195_MSDS_NL.pdf"},{"id":"19103","msds_language":"Norv\u00e9gien","msds_file":"https:\/\/wynns2021.wpengine.com\/products\/MSDS\/W89195_MSDS_Norv\u00e9gien.pdf"},{"id":"19104","msds_language":"Polonais","msds_file":"https:\/\/wynns2021.wpengine.com\/products\/MSDS\/W89195_MSDS_Polonais.pdf"},{"id":"19105","msds_language":"Portuguese","msds_file":"https:\/\/wynns2021.wpengine.com\/products\/MSDS\/W89195_MSDS_PT.pdf"},{"id":"19106","msds_language":"Roumain","msds_file":"https:\/\/wynns2021.wpengine.com\/products\/MSDS\/W89195_MSDS_Roumain.pdf"},{"id":"19107","msds_language":"Russian","msds_file":"https:\/\/wynns2021.wpengine.com\/products\/MSDS\/W89195_MSDS_RU.pdf"},{"id":"19108","msds_language":"Slovaque","msds_file":"https:\/\/wynns2021.wpengine.com\/products\/MSDS\/W89195_MSDS_Slovaque.pdf"},{"id":"19109","msds_language":"Slov\u00e8ne","msds_file":"https:\/\/wynns2021.wpengine.com\/products\/MSDS\/W89195_MSDS_Slov\u00e8ne.pdf"},{"id":"19110","msds_language":"Serbe","msds_file":"https:\/\/wynns2021.wpengine.com\/products\/MSDS\/W89195_MSDS_Serbe.pdf"},{"id":"19111","msds_language":"Su\u00e9dois","msds_file":"https:\/\/wynns2021.wpengine.com\/products\/MSDS\/W89195_MSDS_Su\u00e9dois.pdf"},{"id":"19112","msds_language":"Turc","msds_file":"https:\/\/wynns2021.wpengine.com\/products\/MSDS\/W89195_MSDS_Turc.pdf"},{"id":"19113","msds_language":"Ukrainien","msds_file":"https:\/\/wynns2021.wpengine.com\/products\/MSDS\/W89195_MSDS_Ukrainien.pdf"}]}],"wynns_parts":[{"name":"Injector","rating":"5"},{"name":"Fuel Pump","rating":"4"}],"yoast_head":"<!-- This site is optimized with the Yoast SEO plugin v27.4 - https:\/\/yoast.com\/product\/yoast-seo-wordpress\/ -->\n<title>DSP - Injection diesel | Wynn&#039;s Belgium<\/title>\n<meta name=\"description\" content=\"Nettoie le syst\u00e8me d&#039;injection diesel, restaure le mod\u00e8le de pulv\u00e9risation des injecteurs, r\u00e9duit les \u00e9missions de suie et am\u00e9liore la combustion.\" \/>\n<meta name=\"robots\" content=\"index, follow, max-snippet:-1, max-image-preview:large, max-video-preview:-1\" \/>\n<link rel=\"canonical\" href=\"https:\/\/www.wynns.be\/fr\/produit\/dsp-injection-diesel\/\" \/>\n<meta property=\"og:locale\" content=\"fr_FR\" \/>\n<meta property=\"og:type\" content=\"article\" \/>\n<meta property=\"og:title\" content=\"DSP - Injection diesel | Wynn&#039;s Belgium\" \/>\n<meta property=\"og:description\" content=\"Nettoie le syst\u00e8me d&#039;injection diesel, restaure le mod\u00e8le de pulv\u00e9risation des injecteurs, r\u00e9duit les \u00e9missions de suie et am\u00e9liore la combustion.\" \/>\n<meta property=\"og:url\" content=\"https:\/\/www.wynns.be\/fr\/produit\/dsp-injection-diesel\/\" \/>\n<meta property=\"og:site_name\" content=\"Wynn&#039;s Belgium\" \/>\n<meta property=\"article:modified_time\" content=\"2025-09-23T09:04:18+00:00\" \/>\n<meta property=\"og:image\" content=\"https:\/\/www.wynns.be\/wp-content\/uploads\/sites\/12\/2021\/01\/W89195-1.jpg\" \/>\n\t<meta property=\"og:image:width\" content=\"1050\" \/>\n\t<meta property=\"og:image:height\" content=\"1050\" \/>\n\t<meta property=\"og:image:type\" content=\"image\/jpeg\" \/>\n<meta name=\"twitter:card\" content=\"summary_large_image\" \/>\n<script type=\"application\/ld+json\" class=\"yoast-schema-graph\">{\"@context\":\"https:\\\/\\\/schema.org\",\"@graph\":[{\"@type\":\"WebPage\",\"@id\":\"https:\\\/\\\/www.wynns.be\\\/fr\\\/produit\\\/dsp-injection-diesel\\\/\",\"url\":\"https:\\\/\\\/www.wynns.be\\\/fr\\\/produit\\\/dsp-injection-diesel\\\/\",\"name\":\"DSP - Injection diesel | Wynn&#039;s Belgium\",\"isPartOf\":{\"@id\":\"https:\\\/\\\/www.wynns.be\\\/nl\\\/#website\"},\"primaryImageOfPage\":{\"@id\":\"https:\\\/\\\/www.wynns.be\\\/fr\\\/produit\\\/dsp-injection-diesel\\\/#primaryimage\"},\"image\":{\"@id\":\"https:\\\/\\\/www.wynns.be\\\/fr\\\/produit\\\/dsp-injection-diesel\\\/#primaryimage\"},\"thumbnailUrl\":\"https:\\\/\\\/www.wynns.be\\\/wp-content\\\/uploads\\\/sites\\\/12\\\/2021\\\/01\\\/W89195-1.jpg\",\"datePublished\":\"2021-01-22T10:35:52+00:00\",\"dateModified\":\"2025-09-23T09:04:18+00:00\",\"description\":\"Nettoie le syst\u00e8me d'injection diesel, restaure le mod\u00e8le de pulv\u00e9risation des injecteurs, r\u00e9duit les \u00e9missions de suie et am\u00e9liore la combustion.\",\"breadcrumb\":{\"@id\":\"https:\\\/\\\/www.wynns.be\\\/fr\\\/produit\\\/dsp-injection-diesel\\\/#breadcrumb\"},\"inLanguage\":\"fr-BE\",\"potentialAction\":[{\"@type\":\"ReadAction\",\"target\":[\"https:\\\/\\\/www.wynns.be\\\/fr\\\/produit\\\/dsp-injection-diesel\\\/\"]}]},{\"@type\":\"ImageObject\",\"inLanguage\":\"fr-BE\",\"@id\":\"https:\\\/\\\/www.wynns.be\\\/fr\\\/produit\\\/dsp-injection-diesel\\\/#primaryimage\",\"url\":\"https:\\\/\\\/www.wynns.be\\\/wp-content\\\/uploads\\\/sites\\\/12\\\/2021\\\/01\\\/W89195-1.jpg\",\"contentUrl\":\"https:\\\/\\\/www.wynns.be\\\/wp-content\\\/uploads\\\/sites\\\/12\\\/2021\\\/01\\\/W89195-1.jpg\",\"width\":1050,\"height\":1050,\"caption\":\"DSP \u2013 Injection diesel\"},{\"@type\":\"BreadcrumbList\",\"@id\":\"https:\\\/\\\/www.wynns.be\\\/fr\\\/produit\\\/dsp-injection-diesel\\\/#breadcrumb\",\"itemListElement\":[{\"@type\":\"ListItem\",\"position\":1,\"name\":\"Home\",\"item\":\"https:\\\/\\\/www.wynns.be\\\/fr\\\/\"},{\"@type\":\"ListItem\",\"position\":2,\"name\":\"Produits\",\"item\":\"https:\\\/\\\/www.wynns.be\\\/fr\\\/shop\\\/\"},{\"@type\":\"ListItem\",\"position\":3,\"name\":\"DSP &#8211; Injection diesel\"}]},{\"@type\":\"WebSite\",\"@id\":\"https:\\\/\\\/www.wynns.be\\\/nl\\\/#website\",\"url\":\"https:\\\/\\\/www.wynns.be\\\/nl\\\/\",\"name\":\"Wynn&#039;s Belgium\",\"description\":\"Specialist in additives\",\"potentialAction\":[{\"@type\":\"SearchAction\",\"target\":{\"@type\":\"EntryPoint\",\"urlTemplate\":\"https:\\\/\\\/www.wynns.be\\\/nl\\\/?s={search_term_string}\"},\"query-input\":{\"@type\":\"PropertyValueSpecification\",\"valueRequired\":true,\"valueName\":\"search_term_string\"}}],\"inLanguage\":\"fr-BE\"}]}<\/script>\n<!-- \/ Yoast SEO plugin. -->","yoast_head_json":{"title":"DSP - Injection diesel | Wynn&#039;s Belgium","description":"Nettoie le syst\u00e8me d'injection diesel, restaure le mod\u00e8le de pulv\u00e9risation des injecteurs, r\u00e9duit les \u00e9missions de suie et am\u00e9liore la combustion.","robots":{"index":"index","follow":"follow","max-snippet":"max-snippet:-1","max-image-preview":"max-image-preview:large","max-video-preview":"max-video-preview:-1"},"canonical":"https:\/\/www.wynns.be\/fr\/produit\/dsp-injection-diesel\/","og_locale":"fr_FR","og_type":"article","og_title":"DSP - Injection diesel | Wynn&#039;s Belgium","og_description":"Nettoie le syst\u00e8me d'injection diesel, restaure le mod\u00e8le de pulv\u00e9risation des injecteurs, r\u00e9duit les \u00e9missions de suie et am\u00e9liore la combustion.","og_url":"https:\/\/www.wynns.be\/fr\/produit\/dsp-injection-diesel\/","og_site_name":"Wynn&#039;s Belgium","article_modified_time":"2025-09-23T09:04:18+00:00","og_image":[{"width":1050,"height":1050,"url":"https:\/\/www.wynns.be\/wp-content\/uploads\/sites\/12\/2021\/01\/W89195-1.jpg","type":"image\/jpeg"}],"twitter_card":"summary_large_image","schema":{"@context":"https:\/\/schema.org","@graph":[{"@type":"WebPage","@id":"https:\/\/www.wynns.be\/fr\/produit\/dsp-injection-diesel\/","url":"https:\/\/www.wynns.be\/fr\/produit\/dsp-injection-diesel\/","name":"DSP - Injection diesel | Wynn&#039;s Belgium","isPartOf":{"@id":"https:\/\/www.wynns.be\/nl\/#website"},"primaryImageOfPage":{"@id":"https:\/\/www.wynns.be\/fr\/produit\/dsp-injection-diesel\/#primaryimage"},"image":{"@id":"https:\/\/www.wynns.be\/fr\/produit\/dsp-injection-diesel\/#primaryimage"},"thumbnailUrl":"https:\/\/www.wynns.be\/wp-content\/uploads\/sites\/12\/2021\/01\/W89195-1.jpg","datePublished":"2021-01-22T10:35:52+00:00","dateModified":"2025-09-23T09:04:18+00:00","description":"Nettoie le syst\u00e8me d'injection diesel, restaure le mod\u00e8le de pulv\u00e9risation des injecteurs, r\u00e9duit les \u00e9missions de suie et am\u00e9liore la combustion.","breadcrumb":{"@id":"https:\/\/www.wynns.be\/fr\/produit\/dsp-injection-diesel\/#breadcrumb"},"inLanguage":"fr-BE","potentialAction":[{"@type":"ReadAction","target":["https:\/\/www.wynns.be\/fr\/produit\/dsp-injection-diesel\/"]}]},{"@type":"ImageObject","inLanguage":"fr-BE","@id":"https:\/\/www.wynns.be\/fr\/produit\/dsp-injection-diesel\/#primaryimage","url":"https:\/\/www.wynns.be\/wp-content\/uploads\/sites\/12\/2021\/01\/W89195-1.jpg","contentUrl":"https:\/\/www.wynns.be\/wp-content\/uploads\/sites\/12\/2021\/01\/W89195-1.jpg","width":1050,"height":1050,"caption":"DSP \u2013 Injection diesel"},{"@type":"BreadcrumbList","@id":"https:\/\/www.wynns.be\/fr\/produit\/dsp-injection-diesel\/#breadcrumb","itemListElement":[{"@type":"ListItem","position":1,"name":"Home","item":"https:\/\/www.wynns.be\/fr\/"},{"@type":"ListItem","position":2,"name":"Produits","item":"https:\/\/www.wynns.be\/fr\/shop\/"},{"@type":"ListItem","position":3,"name":"DSP &#8211; Injection diesel"}]},{"@type":"WebSite","@id":"https:\/\/www.wynns.be\/nl\/#website","url":"https:\/\/www.wynns.be\/nl\/","name":"Wynn&#039;s Belgium","description":"Specialist in additives","potentialAction":[{"@type":"SearchAction","target":{"@type":"EntryPoint","urlTemplate":"https:\/\/www.wynns.be\/nl\/?s={search_term_string}"},"query-input":{"@type":"PropertyValueSpecification","valueRequired":true,"valueName":"search_term_string"}}],"inLanguage":"fr-BE"}]}},"toolset-meta":{"toolset-woocommerce-fields-3":[],"toolset-woocommerce-fields-2":[],"toolset-woocommerce-fields":{"_download_limit":{"type":"numeric","raw":"-1"},"_virtual":{"type":"checkbox","raw":"no"},"_downloadable":{"type":"checkbox","raw":"no"},"_download_expiry":{"type":"numeric","raw":"-1"},"_download_type":{"type":"radio","raw":""},"_regular_price":{"type":"numeric","raw":""},"_sale_price":{"type":"numeric","raw":""},"_sale_price_dates_from":{"type":"date","raw":"","formatted":null},"_sale_price_dates_to":{"type":"date","raw":"","formatted":null},"_sku":{"type":"textfield","raw":"W89195"},"_manage_stock":{"type":"checkbox","raw":"no"},"_stock_status":{"type":"radio","raw":"instock"},"_stock":{"type":"numeric","raw":null},"_backorders":{"type":"radio","raw":"no"},"_sold_individually":{"type":"checkbox","raw":"no"},"_width":{"type":"numeric","raw":""},"_weight":{"type":"numeric","raw":""},"_length":{"type":"numeric","raw":""},"_purchase_note":{"type":"textarea","raw":""}},"parts":[],"compatibility":{"engine":{"type":"select","raw":"Diesel &amp; Hybrid diesel"},"fuel":{"type":"select","raw":""},"extra-compatibility-text":{"type":"textfield","raw":""}},"how-to-use":{"how-to-use-image":{"type":"image","raw":"","attachment_id":null},"step":{"type":"textfield","raw":[""]},"how-to-use-extra-information":{"type":"textfield","raw":""}},"product-additional-info":{"print-screen-images":{"type":"file","raw":"","attachment_id":null}},"product-video":{"youtube-id":{"type":"textfield","raw":"f3l4MH0XaZ8"}},"product-info":{"product-features":{"type":"textfield","raw":["Nettoie l'ensemble du syst\u00e8me de carburant diesel sans d\u00e9montage.","Restaure le mod\u00e8le de pulv\u00e9risation de l'injecteur et am\u00e9liore la combustion.","R\u00e9duit les \u00e9missions de gaz d'\u00e9chappement nocifs et de suie.","R\u00e9duit le cliquetis du diesel."]}}},"_links":{"self":[{"href":"https:\/\/www.wynns.be\/fr\/wp-json\/wp\/v2\/product\/13079","targetHints":{"allow":["GET"]}}],"collection":[{"href":"https:\/\/www.wynns.be\/fr\/wp-json\/wp\/v2\/product"}],"about":[{"href":"https:\/\/www.wynns.be\/fr\/wp-json\/wp\/v2\/types\/product"}],"wp:featuredmedia":[{"embeddable":true,"href":"https:\/\/www.wynns.be\/fr\/wp-json\/wp\/v2\/media\/31064"}],"wp:attachment":[{"href":"https:\/\/www.wynns.be\/fr\/wp-json\/wp\/v2\/media?parent=13079"}],"wp:term":[{"taxonomy":"product_brand","embeddable":true,"href":"https:\/\/www.wynns.be\/fr\/wp-json\/wp\/v2\/product_brand?post=13079"},{"taxonomy":"product_cat","embeddable":true,"href":"https:\/\/www.wynns.be\/fr\/wp-json\/wp\/v2\/product_cat?post=13079"},{"taxonomy":"product_tag","embeddable":true,"href":"https:\/\/www.wynns.be\/fr\/wp-json\/wp\/v2\/product_tag?post=13079"},{"taxonomy":"audience","embeddable":true,"href":"https:\/\/www.wynns.be\/fr\/wp-json\/wp\/v2\/audience?post=13079"},{"taxonomy":"usage","embeddable":true,"href":"https:\/\/www.wynns.be\/fr\/wp-json\/wp\/v2\/usage?post=13079"}],"curies":[{"name":"wp","href":"https:\/\/api.w.org\/{rel}","templated":true}]}}