{"id":13113,"date":"2021-01-23T12:18:50","date_gmt":"2021-01-23T12:18:50","guid":{"rendered":"https:\/\/be.wynns2021.wpengine.com\/product\/dry-fuel\/"},"modified":"2025-04-23T14:24:01","modified_gmt":"2025-04-23T14:24:01","slug":"dry-fuel","status":"publish","type":"product","link":"https:\/\/www.wynns.be\/fr\/produit\/dry-fuel\/","title":{"rendered":"Dry Fuel"},"content":{"rendered":"<p>Absorbe l&#8217;eau dans le circuit de carburant.<\/p>\n","protected":false},"excerpt":{"rendered":"<p>Dispersant d&#8217;eau<\/p>\n","protected":false},"featured_media":13117,"template":"","meta":{"inline_featured_image":false},"product_brand":[],"product_cat":[1285,1507,1284],"product_tag":[1550,1551,1453,1291,1552,1553,1554,1555,1556,1557,1558,1559,1560,1561],"audience":[1212],"usage":[1301,1302],"class_list":{"0":"post-13113","1":"product","2":"type-product","3":"status-publish","4":"has-post-thumbnail","6":"product_cat-additifs-diesel-professionnel","7":"product_cat-additifs-essence-professionnel","8":"product_cat-professionnel","9":"product_tag-absorber","10":"product_tag-absorption","11":"product_tag-corrosion-fr","12":"product_tag-diesel-fr","13":"product_tag-eau","14":"product_tag-hiver","15":"product_tag-marine-fr","16":"product_tag-petrol-fr","17":"product_tag-reservoir","18":"product_tag-reservoir-de-carburant","19":"product_tag-rouille","20":"product_tag-stockage","21":"product_tag-w71896-fr","22":"product_tag-w71898-fr","23":"audience-audience-professionals-fr","24":"usage-entretien-regulier","25":"usage-resolution-de-problemes","27":"first","28":"instock","29":"product-type-simple"},"wynns_product_variations":[{"id":"17782","product_code":"W71898","capacity_ml":"60000","units_per_case":"1","packaging_language":"EN, FR, DE, NL, IT","ean13_barcode":"5411693718984","tds":[{"id":"30412","tds_language":"Fran\u00e7ais","tds_file":"https:\/\/wynns2021.wpengine.com\/products\/TDS\/W71898_TDS_FR.pdf"},{"id":"17818","tds_language":"N\u00e9erlandais","tds_file":"https:\/\/wynns2021.wpengine.com\/products\/TDS\/W71898_TDS_NL.pdf"},{"id":"17817","tds_language":"Italien","tds_file":"https:\/\/wynns2021.wpengine.com\/products\/TDS\/W71898_TDS_IT.pdf"},{"id":"17815","tds_language":"Espagnol","tds_file":"https:\/\/wynns2021.wpengine.com\/products\/TDS\/W71898_TDS_ES.pdf"},{"id":"17814","tds_language":"Anglais","tds_file":"https:\/\/wynns2021.wpengine.com\/products\/TDS\/W71898_TDS_EN.pdf"},{"id":"17813","tds_language":"Allemand","tds_file":"https:\/\/wynns2021.wpengine.com\/products\/TDS\/W71898_TDS_DE.pdf"}],"msds":[{"id":"17820","msds_language":"Bulgare","msds_file":"https:\/\/wynns2021.wpengine.com\/products\/MSDS\/W71898_MSDS_Bulgare.pdf"},{"id":"17821","msds_language":"Tch\u00e8que","msds_file":"https:\/\/wynns2021.wpengine.com\/products\/MSDS\/W71898_MSDS_Tch\u00e8que.pdf"},{"id":"17822","msds_language":"Danois","msds_file":"https:\/\/wynns2021.wpengine.com\/products\/MSDS\/W71898_MSDS_Danois.pdf"},{"id":"17823","msds_language":"German","msds_file":"https:\/\/wynns2021.wpengine.com\/products\/MSDS\/W71898_MSDS_DE.pdf"},{"id":"17824","msds_language":"Grec","msds_file":"https:\/\/wynns2021.wpengine.com\/products\/MSDS\/W71898_MSDS_Grec.pdf"},{"id":"17825","msds_language":"English","msds_file":"https:\/\/wynns2021.wpengine.com\/products\/MSDS\/W71898_MSDS_EN.pdf"},{"id":"17826","msds_language":"Estonien","msds_file":"https:\/\/wynns2021.wpengine.com\/products\/MSDS\/W71898_MSDS_Estonien.pdf"},{"id":"17827","msds_language":"Finnois","msds_file":"https:\/\/wynns2021.wpengine.com\/products\/MSDS\/W71898_MSDS_Finnois.pdf"},{"id":"17828","msds_language":"French","msds_file":"https:\/\/wynns2021.wpengine.com\/products\/MSDS\/W71898_MSDS_FR.pdf"},{"id":"17829","msds_language":"Croate","msds_file":"https:\/\/wynns2021.wpengine.com\/products\/MSDS\/W71898_MSDS_Croate.pdf"},{"id":"17830","msds_language":"Hongrois","msds_file":"https:\/\/wynns2021.wpengine.com\/products\/MSDS\/W71898_MSDS_Hongrois.pdf"},{"id":"17831","msds_language":"Italian","msds_file":"https:\/\/wynns2021.wpengine.com\/products\/MSDS\/W71898_MSDS_IT.pdf"},{"id":"17832","msds_language":"Lituanien","msds_file":"https:\/\/wynns2021.wpengine.com\/products\/MSDS\/W71898_MSDS_Lituanien.pdf"},{"id":"17833","msds_language":"Letton","msds_file":"https:\/\/wynns2021.wpengine.com\/products\/MSDS\/W71898_MSDS_Letton.pdf"},{"id":"17834","msds_language":"Dutch","msds_file":"https:\/\/wynns2021.wpengine.com\/products\/MSDS\/W71898_MSDS_NL.pdf"},{"id":"17835","msds_language":"Norv\u00e9gien","msds_file":"https:\/\/wynns2021.wpengine.com\/products\/MSDS\/W71898_MSDS_Norv\u00e9gien.pdf"},{"id":"17836","msds_language":"Polonais","msds_file":"https:\/\/wynns2021.wpengine.com\/products\/MSDS\/W71898_MSDS_Polonais.pdf"},{"id":"17837","msds_language":"Portuguese","msds_file":"https:\/\/wynns2021.wpengine.com\/products\/MSDS\/W71898_MSDS_PT.pdf"},{"id":"17838","msds_language":"Roumain","msds_file":"https:\/\/wynns2021.wpengine.com\/products\/MSDS\/W71898_MSDS_Roumain.pdf"},{"id":"17839","msds_language":"Russian","msds_file":"https:\/\/wynns2021.wpengine.com\/products\/MSDS\/W71898_MSDS_RU.pdf"},{"id":"17840","msds_language":"Slovaque","msds_file":"https:\/\/wynns2021.wpengine.com\/products\/MSDS\/W71898_MSDS_Slovaque.pdf"},{"id":"17841","msds_language":"Slov\u00e8ne","msds_file":"https:\/\/wynns2021.wpengine.com\/products\/MSDS\/W71898_MSDS_Slov\u00e8ne.pdf"},{"id":"17842","msds_language":"Serbe","msds_file":"https:\/\/wynns2021.wpengine.com\/products\/MSDS\/W71898_MSDS_Serbe.pdf"},{"id":"17843","msds_language":"Su\u00e9dois","msds_file":"https:\/\/wynns2021.wpengine.com\/products\/MSDS\/W71898_MSDS_Su\u00e9dois.pdf"},{"id":"17844","msds_language":"Turc","msds_file":"https:\/\/wynns2021.wpengine.com\/products\/MSDS\/W71898_MSDS_Turc.pdf"},{"id":"17845","msds_language":"Ukrainien","msds_file":"https:\/\/wynns2021.wpengine.com\/products\/MSDS\/W71898_MSDS_Ukrainien.pdf"}]},{"id":"17780","product_code":"W71896","capacity_ml":"5000","units_per_case":"4","packaging_language":"EN, FR, DE, NL, IT","ean13_barcode":"5411693718960","tds":[{"id":"30411","tds_language":"Fran\u00e7ais","tds_file":"https:\/\/wynns2021.wpengine.com\/products\/TDS\/W71896_TDS_FR.pdf"},{"id":"17786","tds_language":"N\u00e9erlandais","tds_file":"https:\/\/wynns2021.wpengine.com\/products\/TDS\/W71896_TDS_NL.pdf"},{"id":"17785","tds_language":"Espagnol","tds_file":"https:\/\/wynns2021.wpengine.com\/products\/TDS\/W71896_TDS_ES.pdf"},{"id":"17784","tds_language":"Allemand","tds_file":"https:\/\/wynns2021.wpengine.com\/products\/TDS\/W71896_TDS_DE.pdf"}],"msds":[{"id":"17787","msds_language":"Bulgare","msds_file":"https:\/\/wynns2021.wpengine.com\/products\/MSDS\/W71896_MSDS_Bulgare.pdf"},{"id":"17788","msds_language":"Tch\u00e8que","msds_file":"https:\/\/wynns2021.wpengine.com\/products\/MSDS\/W71896_MSDS_Tch\u00e8que.pdf"},{"id":"17789","msds_language":"Danois","msds_file":"https:\/\/wynns2021.wpengine.com\/products\/MSDS\/W71896_MSDS_Danois.pdf"},{"id":"17790","msds_language":"German","msds_file":"https:\/\/wynns2021.wpengine.com\/products\/MSDS\/W71896_MSDS_DE.pdf"},{"id":"17791","msds_language":"Grec","msds_file":"https:\/\/wynns2021.wpengine.com\/products\/MSDS\/W71896_MSDS_Grec.pdf"},{"id":"17792","msds_language":"English","msds_file":"https:\/\/wynns2021.wpengine.com\/products\/MSDS\/W71896_MSDS_EN.pdf"},{"id":"17793","msds_language":"Spanish","msds_file":"https:\/\/wynns2021.wpengine.com\/products\/MSDS\/W71896_MSDS_ES.pdf"},{"id":"17794","msds_language":"Estonien","msds_file":"https:\/\/wynns2021.wpengine.com\/products\/MSDS\/W71896_MSDS_Estonien.pdf"},{"id":"17795","msds_language":"Finnois","msds_file":"https:\/\/wynns2021.wpengine.com\/products\/MSDS\/W71896_MSDS_Finnois.pdf"},{"id":"17796","msds_language":"French","msds_file":"https:\/\/wynns2021.wpengine.com\/products\/MSDS\/W71896_MSDS_FR.pdf"},{"id":"17797","msds_language":"Croate","msds_file":"https:\/\/wynns2021.wpengine.com\/products\/MSDS\/W71896_MSDS_Croate.pdf"},{"id":"17798","msds_language":"Hongrois","msds_file":"https:\/\/wynns2021.wpengine.com\/products\/MSDS\/W71896_MSDS_Hongrois.pdf"},{"id":"17799","msds_language":"Italian","msds_file":"https:\/\/wynns2021.wpengine.com\/products\/MSDS\/W71896_MSDS_IT.pdf"},{"id":"17800","msds_language":"Lituanien","msds_file":"https:\/\/wynns2021.wpengine.com\/products\/MSDS\/W71896_MSDS_Lituanien.pdf"},{"id":"17801","msds_language":"Letton","msds_file":"https:\/\/wynns2021.wpengine.com\/products\/MSDS\/W71896_MSDS_Letton.pdf"},{"id":"17802","msds_language":"Polonais","msds_file":"https:\/\/wynns2021.wpengine.com\/products\/MSDS\/W71896_MSDS_Polonais.pdf"},{"id":"17803","msds_language":"Norv\u00e9gien","msds_file":"https:\/\/wynns2021.wpengine.com\/products\/MSDS\/W71896_MSDS_Norv\u00e9gien.pdf"},{"id":"17804","msds_language":"Portuguese","msds_file":"https:\/\/wynns2021.wpengine.com\/products\/MSDS\/W71896_MSDS_PT.pdf"},{"id":"17805","msds_language":"Roumain","msds_file":"https:\/\/wynns2021.wpengine.com\/products\/MSDS\/W71896_MSDS_Roumain.pdf"},{"id":"17806","msds_language":"Russian","msds_file":"https:\/\/wynns2021.wpengine.com\/products\/MSDS\/W71896_MSDS_RU.pdf"},{"id":"17807","msds_language":"Slovaque","msds_file":"https:\/\/wynns2021.wpengine.com\/products\/MSDS\/W71896_MSDS_Slovaque.pdf"},{"id":"17808","msds_language":"Slov\u00e8ne","msds_file":"https:\/\/wynns2021.wpengine.com\/products\/MSDS\/W71896_MSDS_Slov\u00e8ne.pdf"},{"id":"17809","msds_language":"Serbe","msds_file":"https:\/\/wynns2021.wpengine.com\/products\/MSDS\/W71896_MSDS_Serbe.pdf"},{"id":"17810","msds_language":"Su\u00e9dois","msds_file":"https:\/\/wynns2021.wpengine.com\/products\/MSDS\/W71896_MSDS_Su\u00e9dois.pdf"},{"id":"17811","msds_language":"Turc","msds_file":"https:\/\/wynns2021.wpengine.com\/products\/MSDS\/W71896_MSDS_Turc.pdf"},{"id":"17812","msds_language":"Ukrainien","msds_file":"https:\/\/wynns2021.wpengine.com\/products\/MSDS\/W71896_MSDS_Ukrainien.pdf"}]}],"wynns_parts":[{"name":"Injector","rating":"3"},{"name":"Fuel Tank","rating":"5"},{"name":"Fuel Pump","rating":"4"}],"yoast_head":"<!-- This site is optimized with the Yoast SEO plugin v27.4 - https:\/\/yoast.com\/product\/yoast-seo-wordpress\/ -->\n<title>Dry Fuel | Wynn&#039;s Belgium<\/title>\n<meta name=\"description\" content=\"Absorbe l&#039;eau dans le circuit de carburant, prot\u00e8ge contre la rouille et la corrosion, pr\u00e9vient le givrage et am\u00e9liore les d\u00e9marrages \u00e0 froid.\" \/>\n<meta name=\"robots\" content=\"index, follow, max-snippet:-1, max-image-preview:large, max-video-preview:-1\" \/>\n<link rel=\"canonical\" href=\"https:\/\/www.wynns.be\/fr\/produit\/dry-fuel\/\" \/>\n<meta property=\"og:locale\" content=\"fr_FR\" \/>\n<meta property=\"og:type\" content=\"article\" \/>\n<meta property=\"og:title\" content=\"Dry Fuel | Wynn&#039;s Belgium\" \/>\n<meta property=\"og:description\" content=\"Absorbe l&#039;eau dans le circuit de carburant, prot\u00e8ge contre la rouille et la corrosion, pr\u00e9vient le givrage et am\u00e9liore les d\u00e9marrages \u00e0 froid.\" \/>\n<meta property=\"og:url\" content=\"https:\/\/www.wynns.be\/fr\/produit\/dry-fuel\/\" \/>\n<meta property=\"og:site_name\" content=\"Wynn&#039;s Belgium\" \/>\n<meta property=\"article:modified_time\" content=\"2025-04-23T14:24:01+00:00\" \/>\n<meta property=\"og:image\" content=\"https:\/\/www.wynns.be\/wp-content\/uploads\/sites\/12\/2021\/07\/W71896-Dry-Fuel.jpg\" \/>\n\t<meta property=\"og:image:width\" content=\"1050\" \/>\n\t<meta property=\"og:image:height\" content=\"1050\" \/>\n\t<meta property=\"og:image:type\" content=\"image\/jpeg\" \/>\n<meta name=\"twitter:card\" content=\"summary_large_image\" \/>\n<script type=\"application\/ld+json\" class=\"yoast-schema-graph\">{\"@context\":\"https:\\\/\\\/schema.org\",\"@graph\":[{\"@type\":\"WebPage\",\"@id\":\"https:\\\/\\\/www.wynns.be\\\/fr\\\/produit\\\/dry-fuel\\\/\",\"url\":\"https:\\\/\\\/www.wynns.be\\\/fr\\\/produit\\\/dry-fuel\\\/\",\"name\":\"Dry Fuel | Wynn&#039;s Belgium\",\"isPartOf\":{\"@id\":\"https:\\\/\\\/www.wynns.be\\\/nl\\\/#website\"},\"primaryImageOfPage\":{\"@id\":\"https:\\\/\\\/www.wynns.be\\\/fr\\\/produit\\\/dry-fuel\\\/#primaryimage\"},\"image\":{\"@id\":\"https:\\\/\\\/www.wynns.be\\\/fr\\\/produit\\\/dry-fuel\\\/#primaryimage\"},\"thumbnailUrl\":\"https:\\\/\\\/www.wynns.be\\\/wp-content\\\/uploads\\\/sites\\\/12\\\/2021\\\/07\\\/W71896-Dry-Fuel.jpg\",\"datePublished\":\"2021-01-23T12:18:50+00:00\",\"dateModified\":\"2025-04-23T14:24:01+00:00\",\"description\":\"Absorbe l'eau dans le circuit de carburant, prot\u00e8ge contre la rouille et la corrosion, pr\u00e9vient le givrage et am\u00e9liore les d\u00e9marrages \u00e0 froid.\",\"breadcrumb\":{\"@id\":\"https:\\\/\\\/www.wynns.be\\\/fr\\\/produit\\\/dry-fuel\\\/#breadcrumb\"},\"inLanguage\":\"fr-BE\",\"potentialAction\":[{\"@type\":\"ReadAction\",\"target\":[\"https:\\\/\\\/www.wynns.be\\\/fr\\\/produit\\\/dry-fuel\\\/\"]}]},{\"@type\":\"ImageObject\",\"inLanguage\":\"fr-BE\",\"@id\":\"https:\\\/\\\/www.wynns.be\\\/fr\\\/produit\\\/dry-fuel\\\/#primaryimage\",\"url\":\"https:\\\/\\\/www.wynns.be\\\/wp-content\\\/uploads\\\/sites\\\/12\\\/2021\\\/07\\\/W71896-Dry-Fuel.jpg\",\"contentUrl\":\"https:\\\/\\\/www.wynns.be\\\/wp-content\\\/uploads\\\/sites\\\/12\\\/2021\\\/07\\\/W71896-Dry-Fuel.jpg\",\"width\":1050,\"height\":1050},{\"@type\":\"BreadcrumbList\",\"@id\":\"https:\\\/\\\/www.wynns.be\\\/fr\\\/produit\\\/dry-fuel\\\/#breadcrumb\",\"itemListElement\":[{\"@type\":\"ListItem\",\"position\":1,\"name\":\"Home\",\"item\":\"https:\\\/\\\/www.wynns.be\\\/fr\\\/\"},{\"@type\":\"ListItem\",\"position\":2,\"name\":\"Produits\",\"item\":\"https:\\\/\\\/www.wynns.be\\\/fr\\\/shop\\\/\"},{\"@type\":\"ListItem\",\"position\":3,\"name\":\"Dry Fuel\"}]},{\"@type\":\"WebSite\",\"@id\":\"https:\\\/\\\/www.wynns.be\\\/nl\\\/#website\",\"url\":\"https:\\\/\\\/www.wynns.be\\\/nl\\\/\",\"name\":\"Wynn&#039;s Belgium\",\"description\":\"Specialist in additives\",\"potentialAction\":[{\"@type\":\"SearchAction\",\"target\":{\"@type\":\"EntryPoint\",\"urlTemplate\":\"https:\\\/\\\/www.wynns.be\\\/nl\\\/?s={search_term_string}\"},\"query-input\":{\"@type\":\"PropertyValueSpecification\",\"valueRequired\":true,\"valueName\":\"search_term_string\"}}],\"inLanguage\":\"fr-BE\"}]}<\/script>\n<!-- \/ Yoast SEO plugin. -->","yoast_head_json":{"title":"Dry Fuel | Wynn&#039;s Belgium","description":"Absorbe l'eau dans le circuit de carburant, prot\u00e8ge contre la rouille et la corrosion, pr\u00e9vient le givrage et am\u00e9liore les d\u00e9marrages \u00e0 froid.","robots":{"index":"index","follow":"follow","max-snippet":"max-snippet:-1","max-image-preview":"max-image-preview:large","max-video-preview":"max-video-preview:-1"},"canonical":"https:\/\/www.wynns.be\/fr\/produit\/dry-fuel\/","og_locale":"fr_FR","og_type":"article","og_title":"Dry Fuel | Wynn&#039;s Belgium","og_description":"Absorbe l'eau dans le circuit de carburant, prot\u00e8ge contre la rouille et la corrosion, pr\u00e9vient le givrage et am\u00e9liore les d\u00e9marrages \u00e0 froid.","og_url":"https:\/\/www.wynns.be\/fr\/produit\/dry-fuel\/","og_site_name":"Wynn&#039;s Belgium","article_modified_time":"2025-04-23T14:24:01+00:00","og_image":[{"width":1050,"height":1050,"url":"https:\/\/www.wynns.be\/wp-content\/uploads\/sites\/12\/2021\/07\/W71896-Dry-Fuel.jpg","type":"image\/jpeg"}],"twitter_card":"summary_large_image","schema":{"@context":"https:\/\/schema.org","@graph":[{"@type":"WebPage","@id":"https:\/\/www.wynns.be\/fr\/produit\/dry-fuel\/","url":"https:\/\/www.wynns.be\/fr\/produit\/dry-fuel\/","name":"Dry Fuel | Wynn&#039;s Belgium","isPartOf":{"@id":"https:\/\/www.wynns.be\/nl\/#website"},"primaryImageOfPage":{"@id":"https:\/\/www.wynns.be\/fr\/produit\/dry-fuel\/#primaryimage"},"image":{"@id":"https:\/\/www.wynns.be\/fr\/produit\/dry-fuel\/#primaryimage"},"thumbnailUrl":"https:\/\/www.wynns.be\/wp-content\/uploads\/sites\/12\/2021\/07\/W71896-Dry-Fuel.jpg","datePublished":"2021-01-23T12:18:50+00:00","dateModified":"2025-04-23T14:24:01+00:00","description":"Absorbe l'eau dans le circuit de carburant, prot\u00e8ge contre la rouille et la corrosion, pr\u00e9vient le givrage et am\u00e9liore les d\u00e9marrages \u00e0 froid.","breadcrumb":{"@id":"https:\/\/www.wynns.be\/fr\/produit\/dry-fuel\/#breadcrumb"},"inLanguage":"fr-BE","potentialAction":[{"@type":"ReadAction","target":["https:\/\/www.wynns.be\/fr\/produit\/dry-fuel\/"]}]},{"@type":"ImageObject","inLanguage":"fr-BE","@id":"https:\/\/www.wynns.be\/fr\/produit\/dry-fuel\/#primaryimage","url":"https:\/\/www.wynns.be\/wp-content\/uploads\/sites\/12\/2021\/07\/W71896-Dry-Fuel.jpg","contentUrl":"https:\/\/www.wynns.be\/wp-content\/uploads\/sites\/12\/2021\/07\/W71896-Dry-Fuel.jpg","width":1050,"height":1050},{"@type":"BreadcrumbList","@id":"https:\/\/www.wynns.be\/fr\/produit\/dry-fuel\/#breadcrumb","itemListElement":[{"@type":"ListItem","position":1,"name":"Home","item":"https:\/\/www.wynns.be\/fr\/"},{"@type":"ListItem","position":2,"name":"Produits","item":"https:\/\/www.wynns.be\/fr\/shop\/"},{"@type":"ListItem","position":3,"name":"Dry Fuel"}]},{"@type":"WebSite","@id":"https:\/\/www.wynns.be\/nl\/#website","url":"https:\/\/www.wynns.be\/nl\/","name":"Wynn&#039;s Belgium","description":"Specialist in additives","potentialAction":[{"@type":"SearchAction","target":{"@type":"EntryPoint","urlTemplate":"https:\/\/www.wynns.be\/nl\/?s={search_term_string}"},"query-input":{"@type":"PropertyValueSpecification","valueRequired":true,"valueName":"search_term_string"}}],"inLanguage":"fr-BE"}]}},"toolset-meta":{"toolset-woocommerce-fields-3":[],"toolset-woocommerce-fields-2":[],"toolset-woocommerce-fields":{"_download_limit":{"type":"numeric","raw":"-1"},"_virtual":{"type":"checkbox","raw":"no"},"_downloadable":{"type":"checkbox","raw":"no"},"_download_expiry":{"type":"numeric","raw":"-1"},"_download_type":{"type":"radio","raw":""},"_regular_price":{"type":"numeric","raw":""},"_sale_price":{"type":"numeric","raw":""},"_sale_price_dates_from":{"type":"date","raw":"","formatted":null},"_sale_price_dates_to":{"type":"date","raw":"","formatted":null},"_sku":{"type":"textfield","raw":"W71896"},"_manage_stock":{"type":"checkbox","raw":"no"},"_stock_status":{"type":"radio","raw":"instock"},"_stock":{"type":"numeric","raw":null},"_backorders":{"type":"radio","raw":"no"},"_sold_individually":{"type":"checkbox","raw":"no"},"_width":{"type":"numeric","raw":""},"_weight":{"type":"numeric","raw":""},"_length":{"type":"numeric","raw":""},"_purchase_note":{"type":"textarea","raw":""}},"parts":[],"compatibility":{"engine":{"type":"select","raw":"Petrol & Hybrid petrol, Diesel & Hybrid diesel"},"fuel":{"type":"select","raw":"Petrol up to E20 (premium & regular)"},"extra-compatibility-text":{"type":"textfield","raw":""}},"how-to-use":{"how-to-use-image":{"type":"image","raw":"https:\/\/wynns2021.wpengine.com\/wp-content\/uploads\/2021\/03\/how-to-use-fruel-tank-fr.png","attachment_id":null},"step":{"type":"textfield","raw":["Ajouter au r\u00e9servoir de carburant","Pour de meilleurs r\u00e9sultats, utiliser tous les 6 mois"]},"how-to-use-extra-information":{"type":"textfield","raw":""}},"product-additional-info":{"print-screen-images":{"type":"file","raw":"","attachment_id":null}},"product-video":{"youtube-id":{"type":"textfield","raw":""}},"product-info":{"product-features":{"type":"textfield","raw":["Absorbe l'eau dans le circuit de carburant.","Prot\u00e8ge contre la rouille et la corrosion.","Emp\u00eache le givrage du carburateur et du filtre \u00e0 carburant.","Offre de meilleures performances de d\u00e9marrage \u00e0 froid."]}}},"_links":{"self":[{"href":"https:\/\/www.wynns.be\/fr\/wp-json\/wp\/v2\/product\/13113","targetHints":{"allow":["GET"]}}],"collection":[{"href":"https:\/\/www.wynns.be\/fr\/wp-json\/wp\/v2\/product"}],"about":[{"href":"https:\/\/www.wynns.be\/fr\/wp-json\/wp\/v2\/types\/product"}],"wp:featuredmedia":[{"embeddable":true,"href":"https:\/\/www.wynns.be\/fr\/wp-json\/wp\/v2\/media\/13117"}],"wp:attachment":[{"href":"https:\/\/www.wynns.be\/fr\/wp-json\/wp\/v2\/media?parent=13113"}],"wp:term":[{"taxonomy":"product_brand","embeddable":true,"href":"https:\/\/www.wynns.be\/fr\/wp-json\/wp\/v2\/product_brand?post=13113"},{"taxonomy":"product_cat","embeddable":true,"href":"https:\/\/www.wynns.be\/fr\/wp-json\/wp\/v2\/product_cat?post=13113"},{"taxonomy":"product_tag","embeddable":true,"href":"https:\/\/www.wynns.be\/fr\/wp-json\/wp\/v2\/product_tag?post=13113"},{"taxonomy":"audience","embeddable":true,"href":"https:\/\/www.wynns.be\/fr\/wp-json\/wp\/v2\/audience?post=13113"},{"taxonomy":"usage","embeddable":true,"href":"https:\/\/www.wynns.be\/fr\/wp-json\/wp\/v2\/usage?post=13113"}],"curies":[{"name":"wp","href":"https:\/\/api.w.org\/{rel}","templated":true}]}}