{"id":13148,"date":"2021-05-25T14:01:34","date_gmt":"2021-05-25T14:01:34","guid":{"rendered":"https:\/\/be.wynns2021.wpengine.com\/product\/catalytic-converter-oxygen-sensor-cleaner\/"},"modified":"2025-04-23T14:24:23","modified_gmt":"2025-04-23T14:24:23","slug":"catalytic-converter-oxygen-sensor-cleaner","status":"publish","type":"product","link":"https:\/\/www.wynns.be\/fr\/produit\/catalytic-converter-oxygen-sensor-cleaner\/","title":{"rendered":"Catalytic Converter &amp; Oxygen Sensor Cleaner"},"content":{"rendered":"<p>Optimise l&#8217;efficacit\u00e9 du catalyseur et assure le fonctionnement optimal des sondes lambda (oxyg\u00e8ne).<\/p>\n","protected":false},"excerpt":{"rendered":"<p>Nettoyant catalyseur et sonde lambda<\/p>\n","protected":false},"featured_media":28581,"template":"","meta":{"inline_featured_image":false},"product_brand":[],"product_cat":[1507,1284],"product_tag":[1605,1606,1607,1419,1608,1609,1420,1344,1345,1351,1610,1611,1294,1555,1612,3673],"audience":[1212],"usage":[1301,1302],"class_list":{"0":"post-13148","1":"product","2":"type-product","3":"status-publish","4":"has-post-thumbnail","6":"product_cat-additifs-essence-professionnel","7":"product_cat-professionnel","8":"product_tag-capteur","9":"product_tag-capteurs","10":"product_tag-cat-fr","11":"product_tag-catalyseur","12":"product_tag-catalytique","13":"product_tag-convertisseur","14":"product_tag-echappement","15":"product_tag-emission-de-particules","16":"product_tag-emissions-fr","17":"product_tag-nettoyant","18":"product_tag-o2-fr","19":"product_tag-oxygene","20":"product_tag-particules-fr-3","21":"product_tag-petrol-fr","22":"product_tag-w25692-fr-2","23":"product_tag-w25693-fr","24":"audience-audience-professionals-fr","25":"usage-entretien-regulier","26":"usage-resolution-de-problemes","28":"first","29":"instock","30":"product-type-simple"},"wynns_product_variations":[{"id":"29323","product_code":"W25693","capacity_ml":"500","units_per_case":"12","packaging_language":"FR, DE, NL","ean13_barcode":"","tds":[{"id":"29326","tds_language":"N\u00e9erlandais","tds_file":"https:\/\/wynns2021.wpengine.com\/products\/TDS\/W25693_TDS_NL.pdf"},{"id":"29325","tds_language":"Fran\u00e7ais","tds_file":"https:\/\/wynns2021.wpengine.com\/products\/TDS\/W25693_TDS_FR.pdf"},{"id":"29324","tds_language":"Allemand","tds_file":"https:\/\/wynns2021.wpengine.com\/products\/TDS\/W25693_TDS_DE.pdf"}],"msds":[{"id":"29327","msds_language":"French","msds_file":"https:\/\/wynns2021.wpengine.com\/products\/MSDS\/W25693_MSDS_FR.pdf"},{"id":"29328","msds_language":"German","msds_file":"https:\/\/wynns2021.wpengine.com\/products\/MSDS\/W25693_MSDS_DE.pdf"},{"id":"29329","msds_language":"Dutch","msds_file":"https:\/\/wynns2021.wpengine.com\/products\/MSDS\/W25693_MSDS_NL.pdf"}]},{"id":"17107","product_code":"W25692","capacity_ml":"500","units_per_case":"12","packaging_language":"EN, ES, IT, HU, JA","ean13_barcode":"5411693256929","tds":[{"id":"17118","tds_language":"Russie","tds_file":"https:\/\/wynns2021.wpengine.com\/products\/TDS\/W25692_TDS_RU.pdf"},{"id":"17116","tds_language":"N\u00e9erlandais","tds_file":"https:\/\/wynns2021.wpengine.com\/products\/TDS\/W25692_TDS_NL.pdf"},{"id":"17114","tds_language":"Italien","tds_file":"https:\/\/wynns2021.wpengine.com\/products\/TDS\/W25692_TDS_IT.pdf"},{"id":"17111","tds_language":"Fran\u00e7ais","tds_file":"https:\/\/wynns2021.wpengine.com\/products\/TDS\/W25692_TDS_FR.pdf"},{"id":"17110","tds_language":"Anglais","tds_file":"https:\/\/wynns2021.wpengine.com\/products\/TDS\/W25692_TDS_EN.pdf"},{"id":"17108","tds_language":"Allemand","tds_file":"https:\/\/wynns2021.wpengine.com\/products\/TDS\/W25692_TDS_DE.pdf"}],"msds":[{"id":"17119","msds_language":"Bulgare","msds_file":"https:\/\/wynns2021.wpengine.com\/products\/MSDS\/W25692_MSDS_Bulgare.pdf"},{"id":"17121","msds_language":"Tch\u00e8que","msds_file":"https:\/\/wynns2021.wpengine.com\/products\/MSDS\/W25692_MSDS_Tch\u00e8que.pdf"},{"id":"17122","msds_language":"Danois","msds_file":"https:\/\/wynns2021.wpengine.com\/products\/MSDS\/W25692_MSDS_Danois.pdf"},{"id":"17124","msds_language":"German","msds_file":"https:\/\/wynns2021.wpengine.com\/products\/MSDS\/W25692_MSDS_DE.pdf"},{"id":"17126","msds_language":"Grec","msds_file":"https:\/\/wynns2021.wpengine.com\/products\/MSDS\/W25692_MSDS_Grec.pdf"},{"id":"17128","msds_language":"English","msds_file":"https:\/\/wynns2021.wpengine.com\/products\/MSDS\/W25692_MSDS_EN.pdf"},{"id":"17130","msds_language":"Spanish","msds_file":"https:\/\/wynns2021.wpengine.com\/products\/MSDS\/W25692_MSDS_ES.pdf"},{"id":"17132","msds_language":"Estonien","msds_file":"https:\/\/wynns2021.wpengine.com\/products\/MSDS\/W25692_MSDS_Estonien.pdf"},{"id":"17134","msds_language":"Finnois","msds_file":"https:\/\/wynns2021.wpengine.com\/products\/MSDS\/W25692_MSDS_Finnois.pdf"},{"id":"17136","msds_language":"French","msds_file":"https:\/\/wynns2021.wpengine.com\/products\/MSDS\/W25692_MSDS_FR.pdf"},{"id":"17137","msds_language":"Croate","msds_file":"https:\/\/wynns2021.wpengine.com\/products\/MSDS\/W25692_MSDS_Croate.pdf"},{"id":"17139","msds_language":"Hongrois","msds_file":"https:\/\/wynns2021.wpengine.com\/products\/MSDS\/W25692_MSDS_Hongrois.pdf"},{"id":"17141","msds_language":"Italian","msds_file":"https:\/\/wynns2021.wpengine.com\/products\/MSDS\/W25692_MSDS_IT.pdf"},{"id":"17143","msds_language":"Lituanien","msds_file":"https:\/\/wynns2021.wpengine.com\/products\/MSDS\/W25692_MSDS_Lituanien.pdf"},{"id":"17145","msds_language":"Letton","msds_file":"https:\/\/wynns2021.wpengine.com\/products\/MSDS\/W25692_MSDS_Letton.pdf"},{"id":"17147","msds_language":"Dutch","msds_file":"https:\/\/wynns2021.wpengine.com\/products\/MSDS\/W25692_MSDS_NL.pdf"},{"id":"17149","msds_language":"Norv\u00e9gien","msds_file":"https:\/\/wynns2021.wpengine.com\/products\/MSDS\/W25692_MSDS_Norv\u00e9gien.pdf"},{"id":"17151","msds_language":"Polonais","msds_file":"https:\/\/wynns2021.wpengine.com\/products\/MSDS\/W25692_MSDS_Polonais.pdf"},{"id":"17153","msds_language":"Portuguese","msds_file":"https:\/\/wynns2021.wpengine.com\/products\/MSDS\/W25692_MSDS_PT.pdf"},{"id":"17154","msds_language":"Roumain","msds_file":"https:\/\/wynns2021.wpengine.com\/products\/MSDS\/W25692_MSDS_Roumain.pdf"},{"id":"17156","msds_language":"Russian","msds_file":"https:\/\/wynns2021.wpengine.com\/products\/MSDS\/W25692_MSDS_RU.pdf"},{"id":"17158","msds_language":"Slovaque","msds_file":"https:\/\/wynns2021.wpengine.com\/products\/MSDS\/W25692_MSDS_Slovaque.pdf"},{"id":"17160","msds_language":"Slov\u00e8ne","msds_file":"https:\/\/wynns2021.wpengine.com\/products\/MSDS\/W25692_MSDS_Slov\u00e8ne.pdf"},{"id":"17163","msds_language":"Serbe","msds_file":"https:\/\/wynns2021.wpengine.com\/products\/MSDS\/W25692_MSDS_Serbe.pdf"},{"id":"17165","msds_language":"Su\u00e9dois","msds_file":"https:\/\/wynns2021.wpengine.com\/products\/MSDS\/W25692_MSDS_Su\u00e9dois.pdf"},{"id":"17167","msds_language":"Turc","msds_file":"https:\/\/wynns2021.wpengine.com\/products\/MSDS\/W25692_MSDS_Turc.pdf"},{"id":"17169","msds_language":"Ukrainien","msds_file":"https:\/\/wynns2021.wpengine.com\/products\/MSDS\/W25692_MSDS_Ukrainien.pdf"}]}],"wynns_parts":[{"name":"Vannes","rating":"3"},{"name":"EGR Valve","rating":"3"},{"name":"O2 sensor","rating":"5"},{"name":"Catalytic converter (petrol)","rating":"5"},{"name":"Turbo","rating":"4"}],"yoast_head":"<!-- This site is optimized with the Yoast SEO plugin v27.4 - https:\/\/yoast.com\/product\/yoast-seo-wordpress\/ -->\n<title>Catalytic Converter &amp; Oxygen Sensor Cleaner | Wynn&#039;s Belgium<\/title>\n<meta name=\"description\" content=\"Optimise le catalyseur et les capteurs O2, r\u00e9duit les \u00e9missions et prolonge leur dur\u00e9e de vie tout en emp\u00eachant l&#039;allumage des t\u00e9moins OBD.\" \/>\n<meta name=\"robots\" content=\"index, follow, max-snippet:-1, max-image-preview:large, max-video-preview:-1\" \/>\n<link rel=\"canonical\" href=\"https:\/\/www.wynns.be\/fr\/produit\/catalytic-converter-oxygen-sensor-cleaner\/\" \/>\n<meta property=\"og:locale\" content=\"fr_FR\" \/>\n<meta property=\"og:type\" content=\"article\" \/>\n<meta property=\"og:title\" content=\"Catalytic Converter &amp; Oxygen Sensor Cleaner | Wynn&#039;s Belgium\" \/>\n<meta property=\"og:description\" content=\"Optimise le catalyseur et les capteurs O2, r\u00e9duit les \u00e9missions et prolonge leur dur\u00e9e de vie tout en emp\u00eachant l&#039;allumage des t\u00e9moins OBD.\" \/>\n<meta property=\"og:url\" content=\"https:\/\/www.wynns.be\/fr\/produit\/catalytic-converter-oxygen-sensor-cleaner\/\" \/>\n<meta property=\"og:site_name\" content=\"Wynn&#039;s Belgium\" \/>\n<meta property=\"article:modified_time\" content=\"2025-04-23T14:24:23+00:00\" \/>\n<meta property=\"og:image\" content=\"https:\/\/www.wynns.be\/wp-content\/uploads\/sites\/12\/2021\/03\/W25692.jpg\" \/>\n\t<meta property=\"og:image:width\" content=\"1050\" \/>\n\t<meta property=\"og:image:height\" content=\"1050\" \/>\n\t<meta property=\"og:image:type\" content=\"image\/jpeg\" \/>\n<meta name=\"twitter:card\" content=\"summary_large_image\" \/>\n<script type=\"application\/ld+json\" class=\"yoast-schema-graph\">{\"@context\":\"https:\\\/\\\/schema.org\",\"@graph\":[{\"@type\":\"WebPage\",\"@id\":\"https:\\\/\\\/www.wynns.be\\\/fr\\\/produit\\\/catalytic-converter-oxygen-sensor-cleaner\\\/\",\"url\":\"https:\\\/\\\/www.wynns.be\\\/fr\\\/produit\\\/catalytic-converter-oxygen-sensor-cleaner\\\/\",\"name\":\"Catalytic Converter &amp; Oxygen Sensor Cleaner | Wynn&#039;s Belgium\",\"isPartOf\":{\"@id\":\"https:\\\/\\\/www.wynns.be\\\/nl\\\/#website\"},\"primaryImageOfPage\":{\"@id\":\"https:\\\/\\\/www.wynns.be\\\/fr\\\/produit\\\/catalytic-converter-oxygen-sensor-cleaner\\\/#primaryimage\"},\"image\":{\"@id\":\"https:\\\/\\\/www.wynns.be\\\/fr\\\/produit\\\/catalytic-converter-oxygen-sensor-cleaner\\\/#primaryimage\"},\"thumbnailUrl\":\"https:\\\/\\\/www.wynns.be\\\/wp-content\\\/uploads\\\/sites\\\/12\\\/2021\\\/03\\\/W25692.jpg\",\"datePublished\":\"2021-05-25T14:01:34+00:00\",\"dateModified\":\"2025-04-23T14:24:23+00:00\",\"description\":\"Optimise le catalyseur et les capteurs O2, r\u00e9duit les \u00e9missions et prolonge leur dur\u00e9e de vie tout en emp\u00eachant l'allumage des t\u00e9moins OBD.\",\"breadcrumb\":{\"@id\":\"https:\\\/\\\/www.wynns.be\\\/fr\\\/produit\\\/catalytic-converter-oxygen-sensor-cleaner\\\/#breadcrumb\"},\"inLanguage\":\"fr-BE\",\"potentialAction\":[{\"@type\":\"ReadAction\",\"target\":[\"https:\\\/\\\/www.wynns.be\\\/fr\\\/produit\\\/catalytic-converter-oxygen-sensor-cleaner\\\/\"]}]},{\"@type\":\"ImageObject\",\"inLanguage\":\"fr-BE\",\"@id\":\"https:\\\/\\\/www.wynns.be\\\/fr\\\/produit\\\/catalytic-converter-oxygen-sensor-cleaner\\\/#primaryimage\",\"url\":\"https:\\\/\\\/www.wynns.be\\\/wp-content\\\/uploads\\\/sites\\\/12\\\/2021\\\/03\\\/W25692.jpg\",\"contentUrl\":\"https:\\\/\\\/www.wynns.be\\\/wp-content\\\/uploads\\\/sites\\\/12\\\/2021\\\/03\\\/W25692.jpg\",\"width\":1050,\"height\":1050,\"caption\":\"catalytic converter & oxygen sensor cleaner wynn's\"},{\"@type\":\"BreadcrumbList\",\"@id\":\"https:\\\/\\\/www.wynns.be\\\/fr\\\/produit\\\/catalytic-converter-oxygen-sensor-cleaner\\\/#breadcrumb\",\"itemListElement\":[{\"@type\":\"ListItem\",\"position\":1,\"name\":\"Home\",\"item\":\"https:\\\/\\\/www.wynns.be\\\/fr\\\/\"},{\"@type\":\"ListItem\",\"position\":2,\"name\":\"Produits\",\"item\":\"https:\\\/\\\/www.wynns.be\\\/fr\\\/shop\\\/\"},{\"@type\":\"ListItem\",\"position\":3,\"name\":\"Catalytic Converter &amp; Oxygen Sensor Cleaner\"}]},{\"@type\":\"WebSite\",\"@id\":\"https:\\\/\\\/www.wynns.be\\\/nl\\\/#website\",\"url\":\"https:\\\/\\\/www.wynns.be\\\/nl\\\/\",\"name\":\"Wynn&#039;s Belgium\",\"description\":\"Specialist in additives\",\"potentialAction\":[{\"@type\":\"SearchAction\",\"target\":{\"@type\":\"EntryPoint\",\"urlTemplate\":\"https:\\\/\\\/www.wynns.be\\\/nl\\\/?s={search_term_string}\"},\"query-input\":{\"@type\":\"PropertyValueSpecification\",\"valueRequired\":true,\"valueName\":\"search_term_string\"}}],\"inLanguage\":\"fr-BE\"}]}<\/script>\n<!-- \/ Yoast SEO plugin. -->","yoast_head_json":{"title":"Catalytic Converter &amp; Oxygen Sensor Cleaner | Wynn&#039;s Belgium","description":"Optimise le catalyseur et les capteurs O2, r\u00e9duit les \u00e9missions et prolonge leur dur\u00e9e de vie tout en emp\u00eachant l'allumage des t\u00e9moins OBD.","robots":{"index":"index","follow":"follow","max-snippet":"max-snippet:-1","max-image-preview":"max-image-preview:large","max-video-preview":"max-video-preview:-1"},"canonical":"https:\/\/www.wynns.be\/fr\/produit\/catalytic-converter-oxygen-sensor-cleaner\/","og_locale":"fr_FR","og_type":"article","og_title":"Catalytic Converter &amp; Oxygen Sensor Cleaner | Wynn&#039;s Belgium","og_description":"Optimise le catalyseur et les capteurs O2, r\u00e9duit les \u00e9missions et prolonge leur dur\u00e9e de vie tout en emp\u00eachant l'allumage des t\u00e9moins OBD.","og_url":"https:\/\/www.wynns.be\/fr\/produit\/catalytic-converter-oxygen-sensor-cleaner\/","og_site_name":"Wynn&#039;s Belgium","article_modified_time":"2025-04-23T14:24:23+00:00","og_image":[{"width":1050,"height":1050,"url":"https:\/\/www.wynns.be\/wp-content\/uploads\/sites\/12\/2021\/03\/W25692.jpg","type":"image\/jpeg"}],"twitter_card":"summary_large_image","schema":{"@context":"https:\/\/schema.org","@graph":[{"@type":"WebPage","@id":"https:\/\/www.wynns.be\/fr\/produit\/catalytic-converter-oxygen-sensor-cleaner\/","url":"https:\/\/www.wynns.be\/fr\/produit\/catalytic-converter-oxygen-sensor-cleaner\/","name":"Catalytic Converter &amp; Oxygen Sensor Cleaner | Wynn&#039;s Belgium","isPartOf":{"@id":"https:\/\/www.wynns.be\/nl\/#website"},"primaryImageOfPage":{"@id":"https:\/\/www.wynns.be\/fr\/produit\/catalytic-converter-oxygen-sensor-cleaner\/#primaryimage"},"image":{"@id":"https:\/\/www.wynns.be\/fr\/produit\/catalytic-converter-oxygen-sensor-cleaner\/#primaryimage"},"thumbnailUrl":"https:\/\/www.wynns.be\/wp-content\/uploads\/sites\/12\/2021\/03\/W25692.jpg","datePublished":"2021-05-25T14:01:34+00:00","dateModified":"2025-04-23T14:24:23+00:00","description":"Optimise le catalyseur et les capteurs O2, r\u00e9duit les \u00e9missions et prolonge leur dur\u00e9e de vie tout en emp\u00eachant l'allumage des t\u00e9moins OBD.","breadcrumb":{"@id":"https:\/\/www.wynns.be\/fr\/produit\/catalytic-converter-oxygen-sensor-cleaner\/#breadcrumb"},"inLanguage":"fr-BE","potentialAction":[{"@type":"ReadAction","target":["https:\/\/www.wynns.be\/fr\/produit\/catalytic-converter-oxygen-sensor-cleaner\/"]}]},{"@type":"ImageObject","inLanguage":"fr-BE","@id":"https:\/\/www.wynns.be\/fr\/produit\/catalytic-converter-oxygen-sensor-cleaner\/#primaryimage","url":"https:\/\/www.wynns.be\/wp-content\/uploads\/sites\/12\/2021\/03\/W25692.jpg","contentUrl":"https:\/\/www.wynns.be\/wp-content\/uploads\/sites\/12\/2021\/03\/W25692.jpg","width":1050,"height":1050,"caption":"catalytic converter & oxygen sensor cleaner wynn's"},{"@type":"BreadcrumbList","@id":"https:\/\/www.wynns.be\/fr\/produit\/catalytic-converter-oxygen-sensor-cleaner\/#breadcrumb","itemListElement":[{"@type":"ListItem","position":1,"name":"Home","item":"https:\/\/www.wynns.be\/fr\/"},{"@type":"ListItem","position":2,"name":"Produits","item":"https:\/\/www.wynns.be\/fr\/shop\/"},{"@type":"ListItem","position":3,"name":"Catalytic Converter &amp; Oxygen Sensor Cleaner"}]},{"@type":"WebSite","@id":"https:\/\/www.wynns.be\/nl\/#website","url":"https:\/\/www.wynns.be\/nl\/","name":"Wynn&#039;s Belgium","description":"Specialist in additives","potentialAction":[{"@type":"SearchAction","target":{"@type":"EntryPoint","urlTemplate":"https:\/\/www.wynns.be\/nl\/?s={search_term_string}"},"query-input":{"@type":"PropertyValueSpecification","valueRequired":true,"valueName":"search_term_string"}}],"inLanguage":"fr-BE"}]}},"toolset-meta":{"toolset-woocommerce-fields-3":[],"toolset-woocommerce-fields-2":[],"toolset-woocommerce-fields":{"_download_limit":{"type":"numeric","raw":"-1"},"_virtual":{"type":"checkbox","raw":"no"},"_downloadable":{"type":"checkbox","raw":"no"},"_download_expiry":{"type":"numeric","raw":"-1"},"_download_type":{"type":"radio","raw":""},"_regular_price":{"type":"numeric","raw":""},"_sale_price":{"type":"numeric","raw":""},"_sale_price_dates_from":{"type":"date","raw":"","formatted":null},"_sale_price_dates_to":{"type":"date","raw":"","formatted":null},"_sku":{"type":"textfield","raw":"W25692"},"_manage_stock":{"type":"checkbox","raw":"no"},"_stock_status":{"type":"radio","raw":"instock"},"_stock":{"type":"numeric","raw":null},"_backorders":{"type":"radio","raw":"no"},"_sold_individually":{"type":"checkbox","raw":"no"},"_width":{"type":"numeric","raw":""},"_weight":{"type":"numeric","raw":""},"_length":{"type":"numeric","raw":""},"_purchase_note":{"type":"textarea","raw":""}},"parts":[],"compatibility":{"engine":{"type":"select","raw":"Petrol & Hybrid petrol"},"fuel":{"type":"select","raw":"Petrol up to E10 (premium & regular)"},"extra-compatibility-text":{"type":"textfield","raw":""}},"how-to-use":{"how-to-use-image":{"type":"image","raw":"","attachment_id":null},"step":{"type":"textfield","raw":["Ajouter au r\u00e9servoir de carburant","Jusqu'\u00e0 60 litres","Tous les 3000 km ou tous les 3 pleins"]},"how-to-use-extra-information":{"type":"textfield","raw":""}},"product-additional-info":{"print-screen-images":{"type":"file","raw":"","attachment_id":null}},"product-video":{"youtube-id":{"type":"textfield","raw":""}},"product-info":{"product-features":{"type":"textfield","raw":["\u00c9limine les d\u00e9p\u00f4ts (particules d'huile et de carburant non br\u00fbl\u00e9) et r\u00e9duit les \u00e9missions.","Assure le fonctionnement optimal du catalyseur et des capteurs O2.","Prolonge la dur\u00e9e de vie du catalyseur et des capteurs d'oxyg\u00e8ne.","Emp\u00eache l'allumage des t\u00e9moins d'alerte OBD."]}}},"_links":{"self":[{"href":"https:\/\/www.wynns.be\/fr\/wp-json\/wp\/v2\/product\/13148","targetHints":{"allow":["GET"]}}],"collection":[{"href":"https:\/\/www.wynns.be\/fr\/wp-json\/wp\/v2\/product"}],"about":[{"href":"https:\/\/www.wynns.be\/fr\/wp-json\/wp\/v2\/types\/product"}],"wp:featuredmedia":[{"embeddable":true,"href":"https:\/\/www.wynns.be\/fr\/wp-json\/wp\/v2\/media\/28581"}],"wp:attachment":[{"href":"https:\/\/www.wynns.be\/fr\/wp-json\/wp\/v2\/media?parent=13148"}],"wp:term":[{"taxonomy":"product_brand","embeddable":true,"href":"https:\/\/www.wynns.be\/fr\/wp-json\/wp\/v2\/product_brand?post=13148"},{"taxonomy":"product_cat","embeddable":true,"href":"https:\/\/www.wynns.be\/fr\/wp-json\/wp\/v2\/product_cat?post=13148"},{"taxonomy":"product_tag","embeddable":true,"href":"https:\/\/www.wynns.be\/fr\/wp-json\/wp\/v2\/product_tag?post=13148"},{"taxonomy":"audience","embeddable":true,"href":"https:\/\/www.wynns.be\/fr\/wp-json\/wp\/v2\/audience?post=13148"},{"taxonomy":"usage","embeddable":true,"href":"https:\/\/www.wynns.be\/fr\/wp-json\/wp\/v2\/usage?post=13148"}],"curies":[{"name":"wp","href":"https:\/\/api.w.org\/{rel}","templated":true}]}}