{"id":13159,"date":"2021-01-22T10:38:17","date_gmt":"2021-01-22T10:38:17","guid":{"rendered":"https:\/\/be.wynns2021.wpengine.com\/product\/gdi-efficiency-restorer\/"},"modified":"2025-06-19T13:04:10","modified_gmt":"2025-06-19T13:04:10","slug":"gdi-efficiency-restorer","status":"publish","type":"product","link":"https:\/\/www.wynns.be\/fr\/produit\/gdi-efficiency-restorer\/","title":{"rendered":"GDI Efficiency Restorer"},"content":{"rendered":"<p>\u00c9limination rapide et compl\u00e8te des d\u00e9p\u00f4ts internes, du carbone des injecteurs et de la chambre de combustion en un seul r\u00e9servoir de carburant. R\u00e9duit le risque d&#8217;auto-allumage \u00e0 bas r\u00e9gime (LSPI). Prot\u00e8ge contre les effets n\u00e9gatifs de l&#8217;essence bio E85 jusqu&#8217;\u00e0 10 000 km.<\/p>\n","protected":false},"excerpt":{"rendered":"<p>Nettoyant injection directe<\/p>\n","protected":false},"featured_media":28474,"template":"","meta":{"inline_featured_image":false},"product_brand":[],"product_cat":[1507,1284],"product_tag":[1629,1509,1630,1631,1510,1455,1512,1555,1446,1632,1633,1634,1635],"audience":[1212],"usage":[1301,1302],"class_list":{"0":"post-13159","1":"product","2":"type-product","3":"status-publish","4":"has-post-thumbnail","6":"product_cat-additifs-essence-professionnel","7":"product_cat-professionnel","8":"product_tag-allumage","9":"product_tag-direct-fr","10":"product_tag-efficacite","11":"product_tag-etape","12":"product_tag-gdi-fr","13":"product_tag-injecteur","14":"product_tag-injection-fr","15":"product_tag-petrol-fr","16":"product_tag-pre-fr","17":"product_tag-restaurateur","18":"product_tag-restaurer","19":"product_tag-w37592-fr","20":"product_tag-w37593-fr","21":"audience-audience-professionals-fr","22":"usage-entretien-regulier","23":"usage-resolution-de-problemes","25":"first","26":"instock","27":"product-type-simple"},"wynns_product_variations":[{"id":"27165","product_code":"W37593","capacity_ml":"500","units_per_case":"12","packaging_language":"EN, ES, PT, RU, EL","ean13_barcode":"5411693375934","tds":[{"id":"27167","tds_language":"Espagnol","tds_file":"https:\/\/wynns2021.wpengine.com\/products\/TDS\/W37593_TDS_ES.pdf"},{"id":"27166","tds_language":"Anglais","tds_file":"https:\/\/wynns2021.wpengine.com\/products\/TDS\/W37593_TDS_EN.pdf"}],"msds":[{"id":"27169","msds_language":"Bulgare","msds_file":"https:\/\/wynns2021.wpengine.com\/products\/MSDS\/W37593_MSDS_Bulgare.pdf"},{"id":"27170","msds_language":"Tch\u00e8que","msds_file":"https:\/\/wynns2021.wpengine.com\/products\/MSDS\/W37593_MSDS_Tch\u00e8que.pdf"},{"id":"27171","msds_language":"Danois","msds_file":"https:\/\/wynns2021.wpengine.com\/products\/MSDS\/W37593_MSDS_Danois.pdf"},{"id":"27172","msds_language":"German","msds_file":"https:\/\/wynns2021.wpengine.com\/products\/MSDS\/W37593_MSDS_DE.pdf"},{"id":"27173","msds_language":"Grec","msds_file":"https:\/\/wynns2021.wpengine.com\/products\/MSDS\/W37593_MSDS_Grec.pdf"},{"id":"27174","msds_language":"English","msds_file":"https:\/\/wynns2021.wpengine.com\/products\/MSDS\/W37593_MSDS_EN.pdf"},{"id":"27175","msds_language":"Spanish","msds_file":"https:\/\/wynns2021.wpengine.com\/products\/MSDS\/W37593_MSDS_ES.pdf"},{"id":"27176","msds_language":"Estonien","msds_file":"https:\/\/wynns2021.wpengine.com\/products\/MSDS\/W37593_MSDS_Estonien.pdf"},{"id":"27177","msds_language":"French","msds_file":"https:\/\/wynns2021.wpengine.com\/products\/MSDS\/W37593_MSDS_FR.pdf"},{"id":"27178","msds_language":"Finnois","msds_file":"https:\/\/wynns2021.wpengine.com\/products\/MSDS\/W37593_MSDS_Finnois.pdf"},{"id":"27179","msds_language":"Croate","msds_file":"https:\/\/wynns2021.wpengine.com\/products\/MSDS\/W37593_MSDS_Croate.pdf"},{"id":"27180","msds_language":"Hongrois","msds_file":"https:\/\/wynns2021.wpengine.com\/products\/MSDS\/W37593_MSDS_Hongrois.pdf"},{"id":"27181","msds_language":"Italian","msds_file":"https:\/\/wynns2021.wpengine.com\/products\/MSDS\/W37593_MSDS_IT.pdf"},{"id":"27182","msds_language":"Lituanien","msds_file":"https:\/\/wynns2021.wpengine.com\/products\/MSDS\/W37593_MSDS_Lituanien.pdf"},{"id":"27183","msds_language":"Letton","msds_file":"https:\/\/wynns2021.wpengine.com\/products\/MSDS\/W37593_MSDS_Letton.pdf"},{"id":"27184","msds_language":"Dutch","msds_file":"https:\/\/wynns2021.wpengine.com\/products\/MSDS\/W37593_MSDS_NL.pdf"},{"id":"27185","msds_language":"Norv\u00e9gien","msds_file":"https:\/\/wynns2021.wpengine.com\/products\/MSDS\/W37593_MSDS_Norv\u00e9gien.pdf"},{"id":"27186","msds_language":"Polonais","msds_file":"https:\/\/wynns2021.wpengine.com\/products\/MSDS\/W37593_MSDS_Polonais.pdf"},{"id":"27187","msds_language":"Portuguese","msds_file":"https:\/\/wynns2021.wpengine.com\/products\/MSDS\/W37593_MSDS_PT.pdf"},{"id":"27188","msds_language":"Roumain","msds_file":"https:\/\/wynns2021.wpengine.com\/products\/MSDS\/W37593_MSDS_Roumain.pdf"},{"id":"27189","msds_language":"Russian","msds_file":"https:\/\/wynns2021.wpengine.com\/products\/MSDS\/W37593_MSDS_RU.pdf"},{"id":"27190","msds_language":"Slovaque","msds_file":"https:\/\/wynns2021.wpengine.com\/products\/MSDS\/W37593_MSDS_Slovaque.pdf"},{"id":"27191","msds_language":"Slov\u00e8ne","msds_file":"https:\/\/wynns2021.wpengine.com\/products\/MSDS\/W37593_MSDS_Slov\u00e8ne.pdf"},{"id":"27192","msds_language":"Serbe","msds_file":"https:\/\/wynns2021.wpengine.com\/products\/MSDS\/W37593_MSDS_Serbe.pdf"},{"id":"27193","msds_language":"Su\u00e9dois","msds_file":"https:\/\/wynns2021.wpengine.com\/products\/MSDS\/W37593_MSDS_Su\u00e9dois.pdf"},{"id":"27194","msds_language":"Turc","msds_file":"https:\/\/wynns2021.wpengine.com\/products\/MSDS\/W37593_MSDS_Turc.pdf"},{"id":"27195","msds_language":"Ukrainien","msds_file":"https:\/\/wynns2021.wpengine.com\/products\/MSDS\/W37593_MSDS_Ukrainien.pdf"}]},{"id":"18120","product_code":"W37592","capacity_ml":"500","units_per_case":"12","packaging_language":"FR, DE, NL, IT","ean13_barcode":"5411693375927","tds":[{"id":"18139","tds_language":"N\u00e9erlandais","tds_file":"https:\/\/wynns2021.wpengine.com\/products\/TDS\/W37592_TDS_NL.pdf"},{"id":"18137","tds_language":"Italien","tds_file":"https:\/\/wynns2021.wpengine.com\/products\/TDS\/W37592_TDS_IT.pdf"},{"id":"18136","tds_language":"Fran\u00e7ais","tds_file":"https:\/\/wynns2021.wpengine.com\/products\/TDS\/W37592_TDS_FR.pdf"},{"id":"18134","tds_language":"Espagnol","tds_file":"https:\/\/wynns2021.wpengine.com\/products\/TDS\/W37592_TDS_ES.pdf"},{"id":"18132","tds_language":"Anglais","tds_file":"https:\/\/wynns2021.wpengine.com\/products\/TDS\/W37592_TDS_EN.pdf"},{"id":"18130","tds_language":"Allemand","tds_file":"https:\/\/wynns2021.wpengine.com\/products\/TDS\/W37592_TDS_DE.pdf"}],"msds":[{"id":"18144","msds_language":"Bulgare","msds_file":"https:\/\/wynns2021.wpengine.com\/products\/MSDS\/W37592_MSDS_Bulgare.pdf"},{"id":"18146","msds_language":"Tch\u00e8que","msds_file":"https:\/\/wynns2021.wpengine.com\/products\/MSDS\/W37592_MSDS_Tch\u00e8que.pdf"},{"id":"18148","msds_language":"Danois","msds_file":"https:\/\/wynns2021.wpengine.com\/products\/MSDS\/W37592_MSDS_Danois.pdf"},{"id":"18150","msds_language":"German","msds_file":"https:\/\/wynns2021.wpengine.com\/products\/MSDS\/W37592_MSDS_DE.pdf"},{"id":"18152","msds_language":"Grec","msds_file":"https:\/\/wynns2021.wpengine.com\/products\/MSDS\/W37592_MSDS_Grec.pdf"},{"id":"18154","msds_language":"English","msds_file":"https:\/\/wynns2021.wpengine.com\/products\/MSDS\/W37592_MSDS_EN.pdf"},{"id":"18156","msds_language":"Spanish","msds_file":"https:\/\/wynns2021.wpengine.com\/products\/MSDS\/W37592_MSDS_ES.pdf"},{"id":"18158","msds_language":"Estonien","msds_file":"https:\/\/wynns2021.wpengine.com\/products\/MSDS\/W37592_MSDS_Estonien.pdf"},{"id":"18160","msds_language":"Finnois","msds_file":"https:\/\/wynns2021.wpengine.com\/products\/MSDS\/W37592_MSDS_Finnois.pdf"},{"id":"18161","msds_language":"French","msds_file":"https:\/\/wynns2021.wpengine.com\/products\/MSDS\/W37592_MSDS_FR.pdf"},{"id":"18162","msds_language":"Croate","msds_file":"https:\/\/wynns2021.wpengine.com\/products\/MSDS\/W37592_MSDS_Croate.pdf"},{"id":"18163","msds_language":"Hongrois","msds_file":"https:\/\/wynns2021.wpengine.com\/products\/MSDS\/W37592_MSDS_Hongrois.pdf"},{"id":"18164","msds_language":"Italian","msds_file":"https:\/\/wynns2021.wpengine.com\/products\/MSDS\/W37592_MSDS_IT.pdf"},{"id":"18165","msds_language":"Lituanien","msds_file":"https:\/\/wynns2021.wpengine.com\/products\/MSDS\/W37592_MSDS_Lituanien.pdf"},{"id":"18166","msds_language":"Letton","msds_file":"https:\/\/wynns2021.wpengine.com\/products\/MSDS\/W37592_MSDS_Letton.pdf"},{"id":"18167","msds_language":"Dutch","msds_file":"https:\/\/wynns2021.wpengine.com\/products\/MSDS\/W37592_MSDS_NL.pdf"},{"id":"18168","msds_language":"Norv\u00e9gien","msds_file":"https:\/\/wynns2021.wpengine.com\/products\/MSDS\/W37592_MSDS_Norv\u00e9gien.pdf"},{"id":"18169","msds_language":"Polonais","msds_file":"https:\/\/wynns2021.wpengine.com\/products\/MSDS\/W37592_MSDS_Polonais.pdf"},{"id":"18170","msds_language":"Portuguese","msds_file":"https:\/\/wynns2021.wpengine.com\/products\/MSDS\/W37592_MSDS_PT.pdf"},{"id":"18171","msds_language":"Roumain","msds_file":"https:\/\/wynns2021.wpengine.com\/products\/MSDS\/W37592_MSDS_Roumain.pdf"},{"id":"18172","msds_language":"Russian","msds_file":"https:\/\/wynns2021.wpengine.com\/products\/MSDS\/W37592_MSDS_RU.pdf"},{"id":"18173","msds_language":"Slovaque","msds_file":"https:\/\/wynns2021.wpengine.com\/products\/MSDS\/W37592_MSDS_Slovaque.pdf"},{"id":"18174","msds_language":"Slov\u00e8ne","msds_file":"https:\/\/wynns2021.wpengine.com\/products\/MSDS\/W37592_MSDS_Slov\u00e8ne.pdf"},{"id":"18175","msds_language":"Serbe","msds_file":"https:\/\/wynns2021.wpengine.com\/products\/MSDS\/W37592_MSDS_Serbe.pdf"},{"id":"18176","msds_language":"Su\u00e9dois","msds_file":"https:\/\/wynns2021.wpengine.com\/products\/MSDS\/W37592_MSDS_Su\u00e9dois.pdf"},{"id":"18177","msds_language":"Turc","msds_file":"https:\/\/wynns2021.wpengine.com\/products\/MSDS\/W37592_MSDS_Turc.pdf"},{"id":"18178","msds_language":"Ukrainien","msds_file":"https:\/\/wynns2021.wpengine.com\/products\/MSDS\/W37592_MSDS_Ukrainien.pdf"}]}],"wynns_parts":[{"name":"Injector","rating":"5"},{"name":"FAP","rating":"3"},{"name":"EGR Valve","rating":"3"},{"name":"Catalytic converter (petrol)","rating":"3"},{"name":"Turbo","rating":"3"}],"yoast_head":"<!-- This site is optimized with the Yoast SEO plugin v27.6 - https:\/\/yoast.com\/product\/yoast-seo-wordpress\/ -->\n<title>GDI Efficiency Restorer | Wynn&#039;s Belgium<\/title>\n<meta name=\"description\" content=\"\u00c9limine rapidement les d\u00e9p\u00f4ts internes et prot\u00e8ge les injecteurs, le turbo et le moteur. R\u00e9duit les risques d&#039;auto-allumage et les effets de l&#039;essence bio E85.\" \/>\n<meta name=\"robots\" content=\"index, follow, max-snippet:-1, max-image-preview:large, max-video-preview:-1\" \/>\n<link rel=\"canonical\" href=\"https:\/\/www.wynns.be\/fr\/produit\/gdi-efficiency-restorer\/\" \/>\n<meta property=\"og:locale\" content=\"fr_FR\" \/>\n<meta property=\"og:type\" content=\"article\" \/>\n<meta property=\"og:title\" content=\"GDI Efficiency Restorer | Wynn&#039;s Belgium\" \/>\n<meta property=\"og:description\" content=\"\u00c9limine rapidement les d\u00e9p\u00f4ts internes et prot\u00e8ge les injecteurs, le turbo et le moteur. R\u00e9duit les risques d&#039;auto-allumage et les effets de l&#039;essence bio E85.\" \/>\n<meta property=\"og:url\" content=\"https:\/\/www.wynns.be\/fr\/produit\/gdi-efficiency-restorer\/\" \/>\n<meta property=\"og:site_name\" content=\"Wynn&#039;s Belgium\" \/>\n<meta property=\"article:modified_time\" content=\"2025-06-19T13:04:10+00:00\" \/>\n<meta property=\"og:image\" content=\"https:\/\/www.wynns.be\/wp-content\/uploads\/sites\/12\/2021\/01\/W37592.jpg\" \/>\n\t<meta property=\"og:image:width\" content=\"1050\" \/>\n\t<meta property=\"og:image:height\" content=\"1050\" \/>\n\t<meta property=\"og:image:type\" content=\"image\/jpeg\" \/>\n<meta name=\"twitter:card\" content=\"summary_large_image\" \/>\n<script type=\"application\/ld+json\" class=\"yoast-schema-graph\">{\"@context\":\"https:\\\/\\\/schema.org\",\"@graph\":[{\"@type\":\"WebPage\",\"@id\":\"https:\\\/\\\/www.wynns.be\\\/fr\\\/produit\\\/gdi-efficiency-restorer\\\/\",\"url\":\"https:\\\/\\\/www.wynns.be\\\/fr\\\/produit\\\/gdi-efficiency-restorer\\\/\",\"name\":\"GDI Efficiency Restorer | Wynn&#039;s Belgium\",\"isPartOf\":{\"@id\":\"https:\\\/\\\/www.wynns.be\\\/nl\\\/#website\"},\"primaryImageOfPage\":{\"@id\":\"https:\\\/\\\/www.wynns.be\\\/fr\\\/produit\\\/gdi-efficiency-restorer\\\/#primaryimage\"},\"image\":{\"@id\":\"https:\\\/\\\/www.wynns.be\\\/fr\\\/produit\\\/gdi-efficiency-restorer\\\/#primaryimage\"},\"thumbnailUrl\":\"https:\\\/\\\/www.wynns.be\\\/wp-content\\\/uploads\\\/sites\\\/12\\\/2021\\\/01\\\/W37592.jpg\",\"datePublished\":\"2021-01-22T10:38:17+00:00\",\"dateModified\":\"2025-06-19T13:04:10+00:00\",\"description\":\"\u00c9limine rapidement les d\u00e9p\u00f4ts internes et prot\u00e8ge les injecteurs, le turbo et le moteur. R\u00e9duit les risques d'auto-allumage et les effets de l'essence bio E85.\",\"breadcrumb\":{\"@id\":\"https:\\\/\\\/www.wynns.be\\\/fr\\\/produit\\\/gdi-efficiency-restorer\\\/#breadcrumb\"},\"inLanguage\":\"fr-BE\",\"potentialAction\":[{\"@type\":\"ReadAction\",\"target\":[\"https:\\\/\\\/www.wynns.be\\\/fr\\\/produit\\\/gdi-efficiency-restorer\\\/\"]}]},{\"@type\":\"ImageObject\",\"inLanguage\":\"fr-BE\",\"@id\":\"https:\\\/\\\/www.wynns.be\\\/fr\\\/produit\\\/gdi-efficiency-restorer\\\/#primaryimage\",\"url\":\"https:\\\/\\\/www.wynns.be\\\/wp-content\\\/uploads\\\/sites\\\/12\\\/2021\\\/01\\\/W37592.jpg\",\"contentUrl\":\"https:\\\/\\\/www.wynns.be\\\/wp-content\\\/uploads\\\/sites\\\/12\\\/2021\\\/01\\\/W37592.jpg\",\"width\":1050,\"height\":1050,\"caption\":\"gdi efficiency restorer wynn's\"},{\"@type\":\"BreadcrumbList\",\"@id\":\"https:\\\/\\\/www.wynns.be\\\/fr\\\/produit\\\/gdi-efficiency-restorer\\\/#breadcrumb\",\"itemListElement\":[{\"@type\":\"ListItem\",\"position\":1,\"name\":\"Home\",\"item\":\"https:\\\/\\\/www.wynns.be\\\/fr\\\/\"},{\"@type\":\"ListItem\",\"position\":2,\"name\":\"Produits\",\"item\":\"https:\\\/\\\/www.wynns.be\\\/fr\\\/shop\\\/\"},{\"@type\":\"ListItem\",\"position\":3,\"name\":\"GDI Efficiency Restorer\"}]},{\"@type\":\"WebSite\",\"@id\":\"https:\\\/\\\/www.wynns.be\\\/nl\\\/#website\",\"url\":\"https:\\\/\\\/www.wynns.be\\\/nl\\\/\",\"name\":\"Wynn&#039;s Belgium\",\"description\":\"Specialist in additives\",\"potentialAction\":[{\"@type\":\"SearchAction\",\"target\":{\"@type\":\"EntryPoint\",\"urlTemplate\":\"https:\\\/\\\/www.wynns.be\\\/nl\\\/?s={search_term_string}\"},\"query-input\":{\"@type\":\"PropertyValueSpecification\",\"valueRequired\":true,\"valueName\":\"search_term_string\"}}],\"inLanguage\":\"fr-BE\"}]}<\/script>\n<!-- \/ Yoast SEO plugin. -->","yoast_head_json":{"title":"GDI Efficiency Restorer | Wynn&#039;s Belgium","description":"\u00c9limine rapidement les d\u00e9p\u00f4ts internes et prot\u00e8ge les injecteurs, le turbo et le moteur. R\u00e9duit les risques d'auto-allumage et les effets de l'essence bio E85.","robots":{"index":"index","follow":"follow","max-snippet":"max-snippet:-1","max-image-preview":"max-image-preview:large","max-video-preview":"max-video-preview:-1"},"canonical":"https:\/\/www.wynns.be\/fr\/produit\/gdi-efficiency-restorer\/","og_locale":"fr_FR","og_type":"article","og_title":"GDI Efficiency Restorer | Wynn&#039;s Belgium","og_description":"\u00c9limine rapidement les d\u00e9p\u00f4ts internes et prot\u00e8ge les injecteurs, le turbo et le moteur. R\u00e9duit les risques d'auto-allumage et les effets de l'essence bio E85.","og_url":"https:\/\/www.wynns.be\/fr\/produit\/gdi-efficiency-restorer\/","og_site_name":"Wynn&#039;s Belgium","article_modified_time":"2025-06-19T13:04:10+00:00","og_image":[{"width":1050,"height":1050,"url":"https:\/\/www.wynns.be\/wp-content\/uploads\/sites\/12\/2021\/01\/W37592.jpg","type":"image\/jpeg"}],"twitter_card":"summary_large_image","schema":{"@context":"https:\/\/schema.org","@graph":[{"@type":"WebPage","@id":"https:\/\/www.wynns.be\/fr\/produit\/gdi-efficiency-restorer\/","url":"https:\/\/www.wynns.be\/fr\/produit\/gdi-efficiency-restorer\/","name":"GDI Efficiency Restorer | Wynn&#039;s Belgium","isPartOf":{"@id":"https:\/\/www.wynns.be\/nl\/#website"},"primaryImageOfPage":{"@id":"https:\/\/www.wynns.be\/fr\/produit\/gdi-efficiency-restorer\/#primaryimage"},"image":{"@id":"https:\/\/www.wynns.be\/fr\/produit\/gdi-efficiency-restorer\/#primaryimage"},"thumbnailUrl":"https:\/\/www.wynns.be\/wp-content\/uploads\/sites\/12\/2021\/01\/W37592.jpg","datePublished":"2021-01-22T10:38:17+00:00","dateModified":"2025-06-19T13:04:10+00:00","description":"\u00c9limine rapidement les d\u00e9p\u00f4ts internes et prot\u00e8ge les injecteurs, le turbo et le moteur. R\u00e9duit les risques d'auto-allumage et les effets de l'essence bio E85.","breadcrumb":{"@id":"https:\/\/www.wynns.be\/fr\/produit\/gdi-efficiency-restorer\/#breadcrumb"},"inLanguage":"fr-BE","potentialAction":[{"@type":"ReadAction","target":["https:\/\/www.wynns.be\/fr\/produit\/gdi-efficiency-restorer\/"]}]},{"@type":"ImageObject","inLanguage":"fr-BE","@id":"https:\/\/www.wynns.be\/fr\/produit\/gdi-efficiency-restorer\/#primaryimage","url":"https:\/\/www.wynns.be\/wp-content\/uploads\/sites\/12\/2021\/01\/W37592.jpg","contentUrl":"https:\/\/www.wynns.be\/wp-content\/uploads\/sites\/12\/2021\/01\/W37592.jpg","width":1050,"height":1050,"caption":"gdi efficiency restorer wynn's"},{"@type":"BreadcrumbList","@id":"https:\/\/www.wynns.be\/fr\/produit\/gdi-efficiency-restorer\/#breadcrumb","itemListElement":[{"@type":"ListItem","position":1,"name":"Home","item":"https:\/\/www.wynns.be\/fr\/"},{"@type":"ListItem","position":2,"name":"Produits","item":"https:\/\/www.wynns.be\/fr\/shop\/"},{"@type":"ListItem","position":3,"name":"GDI Efficiency Restorer"}]},{"@type":"WebSite","@id":"https:\/\/www.wynns.be\/nl\/#website","url":"https:\/\/www.wynns.be\/nl\/","name":"Wynn&#039;s Belgium","description":"Specialist in additives","potentialAction":[{"@type":"SearchAction","target":{"@type":"EntryPoint","urlTemplate":"https:\/\/www.wynns.be\/nl\/?s={search_term_string}"},"query-input":{"@type":"PropertyValueSpecification","valueRequired":true,"valueName":"search_term_string"}}],"inLanguage":"fr-BE"}]}},"toolset-meta":{"toolset-woocommerce-fields-3":[],"toolset-woocommerce-fields-2":[],"toolset-woocommerce-fields":{"_download_limit":{"type":"numeric","raw":"-1"},"_virtual":{"type":"checkbox","raw":"no"},"_downloadable":{"type":"checkbox","raw":"no"},"_download_expiry":{"type":"numeric","raw":"-1"},"_download_type":{"type":"radio","raw":""},"_regular_price":{"type":"numeric","raw":""},"_sale_price":{"type":"numeric","raw":""},"_sale_price_dates_from":{"type":"date","raw":"","formatted":null},"_sale_price_dates_to":{"type":"date","raw":"","formatted":null},"_sku":{"type":"textfield","raw":"W37592"},"_manage_stock":{"type":"checkbox","raw":"no"},"_stock_status":{"type":"radio","raw":"instock"},"_stock":{"type":"numeric","raw":null},"_backorders":{"type":"radio","raw":"no"},"_sold_individually":{"type":"checkbox","raw":"no"},"_width":{"type":"numeric","raw":""},"_weight":{"type":"numeric","raw":""},"_length":{"type":"numeric","raw":""},"_purchase_note":{"type":"textarea","raw":""}},"parts":[],"compatibility":{"engine":{"type":"select","raw":"Petrol &amp; Hybrid petrol"},"fuel":{"type":"select","raw":"Petrol and bio petrol up to E85"},"extra-compatibility-text":{"type":"textfield","raw":""}},"how-to-use":{"how-to-use-image":{"type":"image","raw":"","attachment_id":null},"step":{"type":"textfield","raw":["Ajouter au r\u00e9servoir de carburant","Jusqu'\u00e0 60 litres","Lors de chaque entretien du v\u00e9hicule et r\u00e9p\u00e9tez l'op\u00e9ration tous les 10 000 km ou plus fr\u00e9quemment si n\u00e9cessaire"]},"how-to-use-extra-information":{"type":"textfield","raw":""}},"product-additional-info":{"print-screen-images":{"type":"file","raw":"","attachment_id":null}},"product-video":{"youtube-id":{"type":"textfield","raw":""}},"product-info":{"product-features":{"type":"textfield","raw":["La formulation avanc\u00e9e \u00e0 base de PEA nettoie rapidement les d\u00e9p\u00f4ts internes et externes des injecteurs ; lors de tests ind\u00e9pendants, l'efficacit\u00e9 des injecteurs a \u00e9t\u00e9 r\u00e9tablie \u00e0 98,3 % apr\u00e8s un seul plein de carburant.","Lubrifie les injecteurs et le syst\u00e8me d'injection pour \u00e9viter les cons\u00e9quences de l'utilisation de l'E10 ou de l'E85.","Prot\u00e8ge le turbo","R\u00e9duit les risques d'endommagement du moteur d\u00fb \u00e0 l'auto-allumage \u00e0 bas r\u00e9gime (LSPI)."]}}},"_links":{"self":[{"href":"https:\/\/www.wynns.be\/fr\/wp-json\/wp\/v2\/product\/13159","targetHints":{"allow":["GET"]}}],"collection":[{"href":"https:\/\/www.wynns.be\/fr\/wp-json\/wp\/v2\/product"}],"about":[{"href":"https:\/\/www.wynns.be\/fr\/wp-json\/wp\/v2\/types\/product"}],"wp:featuredmedia":[{"embeddable":true,"href":"https:\/\/www.wynns.be\/fr\/wp-json\/wp\/v2\/media\/28474"}],"wp:attachment":[{"href":"https:\/\/www.wynns.be\/fr\/wp-json\/wp\/v2\/media?parent=13159"}],"wp:term":[{"taxonomy":"product_brand","embeddable":true,"href":"https:\/\/www.wynns.be\/fr\/wp-json\/wp\/v2\/product_brand?post=13159"},{"taxonomy":"product_cat","embeddable":true,"href":"https:\/\/www.wynns.be\/fr\/wp-json\/wp\/v2\/product_cat?post=13159"},{"taxonomy":"product_tag","embeddable":true,"href":"https:\/\/www.wynns.be\/fr\/wp-json\/wp\/v2\/product_tag?post=13159"},{"taxonomy":"audience","embeddable":true,"href":"https:\/\/www.wynns.be\/fr\/wp-json\/wp\/v2\/audience?post=13159"},{"taxonomy":"usage","embeddable":true,"href":"https:\/\/www.wynns.be\/fr\/wp-json\/wp\/v2\/usage?post=13159"}],"curies":[{"name":"wp","href":"https:\/\/api.w.org\/{rel}","templated":true}]}}