{"id":13196,"date":"2021-05-25T14:01:23","date_gmt":"2021-05-25T14:01:23","guid":{"rendered":"https:\/\/be.wynns2021.wpengine.com\/product\/oil-system-cleaner\/"},"modified":"2025-04-23T14:13:34","modified_gmt":"2025-04-23T14:13:34","slug":"oil-system-cleaner","status":"publish","type":"product","link":"https:\/\/www.wynns.be\/fr\/produit\/oil-system-cleaner\/","title":{"rendered":"Oil System Cleaner"},"content":{"rendered":"<p>Suppl\u00e9ment soluble dans l&#8217;huile nettoyant et prot\u00e9geant le circuit de circulation de l&#8217;huile et emp\u00eachant la contamination de l&#8217;huile fra\u00eeche par des r\u00e9sidus laiss\u00e9s sur place.<\/p>\n","protected":false},"excerpt":{"rendered":"<p>Nettoyant moteur avant vidange<\/p>\n","protected":false},"featured_media":28842,"template":"","meta":{"inline_featured_image":false},"product_brand":[],"product_cat":[1657,1284],"product_tag":[1721,1722,1670,1734,1723,1724,1660,1726,1661,1477,1735,1736,1727,1678,1680,1296,2046,2047],"audience":[1212],"usage":[1301,1302],"class_list":{"0":"post-13196","1":"product","2":"type-product","3":"status-publish","4":"has-post-thumbnail","6":"product_cat-additifs-huile-professionnel","7":"product_cat-professionnel","8":"product_tag-anti-friction-fr","9":"product_tag-anti-usure","10":"product_tag-bruit","11":"product_tag-charge-fr","12":"product_tag-contamination-fr","13":"product_tag-friction-fr","14":"product_tag-huile-fr","15":"product_tag-low-saps-fr","16":"product_tag-moteur","17":"product_tag-nettoyage","18":"product_tag-releveurs","19":"product_tag-rincage","20":"product_tag-salete","21":"product_tag-silencieux","22":"product_tag-usure","23":"product_tag-vanne","24":"product_tag-w47241-fr","25":"product_tag-w47244-fr","26":"audience-audience-professionals-fr","27":"usage-entretien-regulier","28":"usage-resolution-de-problemes","30":"first","31":"instock","32":"product-type-simple"},"wynns_product_variations":[{"id":"28048","product_code":"W47244","capacity_ml":"325","units_per_case":"12","packaging_language":"EN, ES, RU","ean13_barcode":"5411693472442","tds":[{"id":"28053","tds_language":"Russie","tds_file":"https:\/\/wynns2021.wpengine.com\/products\/TDS\/W47244_TDS_RU.pdf"},{"id":"28052","tds_language":"Fran\u00e7ais","tds_file":"https:\/\/wynns2021.wpengine.com\/products\/TDS\/W47244_TDS_FR.pdf"},{"id":"28051","tds_language":"Espagnol","tds_file":"https:\/\/wynns2021.wpengine.com\/products\/TDS\/W47244_TDS_ES.pdf"},{"id":"28050","tds_language":"Anglais","tds_file":"https:\/\/wynns2021.wpengine.com\/products\/TDS\/W47244_TDS_EN.pdf"},{"id":"28049","tds_language":"Allemand","tds_file":"https:\/\/wynns2021.wpengine.com\/products\/TDS\/W47244_TDS_DE.pdf"}],"msds":[{"id":"28054","msds_language":"Bulgare","msds_file":"https:\/\/wynns2021.wpengine.com\/products\/MSDS\/W47244_MSDS_Bulgare.pdf"},{"id":"28055","msds_language":"Tch\u00e8que","msds_file":"https:\/\/wynns2021.wpengine.com\/products\/MSDS\/W47244_MSDS_Tch\u00e8que.pdf"},{"id":"28056","msds_language":"Danois","msds_file":"https:\/\/wynns2021.wpengine.com\/products\/MSDS\/W47244_MSDS_Danois.pdf"},{"id":"28057","msds_language":"German","msds_file":"https:\/\/wynns2021.wpengine.com\/products\/MSDS\/W47244_MSDS_DE.pdf"},{"id":"28058","msds_language":"Grec","msds_file":"https:\/\/wynns2021.wpengine.com\/products\/MSDS\/W47244_MSDS_Grec.pdf"},{"id":"28059","msds_language":"English","msds_file":"https:\/\/wynns2021.wpengine.com\/products\/MSDS\/W47244_MSDS_EN.pdf"},{"id":"28060","msds_language":"Spanish","msds_file":"https:\/\/wynns2021.wpengine.com\/products\/MSDS\/W47244_MSDS_ES.pdf"},{"id":"28061","msds_language":"Estonien","msds_file":"https:\/\/wynns2021.wpengine.com\/products\/MSDS\/W47244_MSDS_Estonien.pdf"},{"id":"28062","msds_language":"Finnois","msds_file":"https:\/\/wynns2021.wpengine.com\/products\/MSDS\/W47244_MSDS_Finnois.pdf"},{"id":"28063","msds_language":"French","msds_file":"https:\/\/wynns2021.wpengine.com\/products\/MSDS\/W47244_MSDS_FR.pdf"},{"id":"28064","msds_language":"Croate","msds_file":"https:\/\/wynns2021.wpengine.com\/products\/MSDS\/W47244_MSDS_Croate.pdf"},{"id":"28065","msds_language":"Hongrois","msds_file":"https:\/\/wynns2021.wpengine.com\/products\/MSDS\/W47244_MSDS_Hongrois.pdf"},{"id":"28066","msds_language":"Italian","msds_file":"https:\/\/wynns2021.wpengine.com\/products\/MSDS\/W47244_MSDS_IT.pdf"},{"id":"28067","msds_language":"Lituanien","msds_file":"https:\/\/wynns2021.wpengine.com\/products\/MSDS\/W47244_MSDS_Lituanien.pdf"},{"id":"28068","msds_language":"Letton","msds_file":"https:\/\/wynns2021.wpengine.com\/products\/MSDS\/W47244_MSDS_Letton.pdf"},{"id":"28069","msds_language":"Dutch","msds_file":"https:\/\/wynns2021.wpengine.com\/products\/MSDS\/W47244_MSDS_NL.pdf"},{"id":"28070","msds_language":"Norv\u00e9gien","msds_file":"https:\/\/wynns2021.wpengine.com\/products\/MSDS\/W47244_MSDS_Norv\u00e9gien.pdf"},{"id":"28071","msds_language":"Polonais","msds_file":"https:\/\/wynns2021.wpengine.com\/products\/MSDS\/W47244_MSDS_Polonais.pdf"},{"id":"28072","msds_language":"Portuguese","msds_file":"https:\/\/wynns2021.wpengine.com\/products\/MSDS\/W47244_MSDS_PT.pdf"},{"id":"28073","msds_language":"Roumain","msds_file":"https:\/\/wynns2021.wpengine.com\/products\/MSDS\/W47244_MSDS_Roumain.pdf"},{"id":"28074","msds_language":"Russian","msds_file":"https:\/\/wynns2021.wpengine.com\/products\/MSDS\/W47244_MSDS_RU.pdf"},{"id":"28075","msds_language":"Slovaque","msds_file":"https:\/\/wynns2021.wpengine.com\/products\/MSDS\/W47244_MSDS_Slovaque.pdf"},{"id":"28076","msds_language":"Slov\u00e8ne","msds_file":"https:\/\/wynns2021.wpengine.com\/products\/MSDS\/W47244_MSDS_Slov\u00e8ne.pdf"},{"id":"28077","msds_language":"Serbe","msds_file":"https:\/\/wynns2021.wpengine.com\/products\/MSDS\/W47244_MSDS_Serbe.pdf"},{"id":"28078","msds_language":"Su\u00e9dois","msds_file":"https:\/\/wynns2021.wpengine.com\/products\/MSDS\/W47244_MSDS_Su\u00e9dois.pdf"},{"id":"28079","msds_language":"Turc","msds_file":"https:\/\/wynns2021.wpengine.com\/products\/MSDS\/W47244_MSDS_Turc.pdf"},{"id":"28080","msds_language":"Ukrainien","msds_file":"https:\/\/wynns2021.wpengine.com\/products\/MSDS\/W47244_MSDS_Ukrainien.pdf"}]},{"id":"19136","product_code":"W47241","capacity_ml":"325","units_per_case":"12","packaging_language":"DE, IT, FR, NL","ean13_barcode":"5411693472411","tds":[{"id":"19142","tds_language":"N\u00e9erlandais","tds_file":"https:\/\/wynns2021.wpengine.com\/products\/TDS\/W47241_TDS_NL.pdf"},{"id":"19141","tds_language":"Italien","tds_file":"https:\/\/wynns2021.wpengine.com\/products\/TDS\/W47241_TDS_IT.pdf"},{"id":"19140","tds_language":"Anglais","tds_file":"https:\/\/wynns2021.wpengine.com\/products\/TDS\/W47241_TDS_EN.pdf"},{"id":"19139","tds_language":"Allemand","tds_file":"https:\/\/wynns2021.wpengine.com\/products\/TDS\/W47241_TDS_DE.pdf"}],"msds":[{"id":"19143","msds_language":"Bulgare","msds_file":"https:\/\/wynns2021.wpengine.com\/products\/MSDS\/W47241_MSDS_Bulgare.pdf"},{"id":"19144","msds_language":"Tch\u00e8que","msds_file":"https:\/\/wynns2021.wpengine.com\/products\/MSDS\/W47241_MSDS_Tch\u00e8que.pdf"},{"id":"19145","msds_language":"Danois","msds_file":"https:\/\/wynns2021.wpengine.com\/products\/MSDS\/W47241_MSDS_Danois.pdf"},{"id":"19146","msds_language":"Grec","msds_file":"https:\/\/wynns2021.wpengine.com\/products\/MSDS\/W47241_MSDS_Grec.pdf"},{"id":"19147","msds_language":"English","msds_file":"https:\/\/wynns2021.wpengine.com\/products\/MSDS\/W47241_MSDS_EN.pdf"},{"id":"19148","msds_language":"Spanish","msds_file":"https:\/\/wynns2021.wpengine.com\/products\/MSDS\/W47241_MSDS_ES.pdf"},{"id":"19149","msds_language":"Estonien","msds_file":"https:\/\/wynns2021.wpengine.com\/products\/MSDS\/W47241_MSDS_Estonien.pdf"},{"id":"19150","msds_language":"Finnois","msds_file":"https:\/\/wynns2021.wpengine.com\/products\/MSDS\/W47241_MSDS_Finnois.pdf"},{"id":"19151","msds_language":"French","msds_file":"https:\/\/wynns2021.wpengine.com\/products\/MSDS\/W47241_MSDS_FR.pdf"},{"id":"19152","msds_language":"Croate","msds_file":"https:\/\/wynns2021.wpengine.com\/products\/MSDS\/W47241_MSDS_Croate.pdf"},{"id":"19153","msds_language":"Hongrois","msds_file":"https:\/\/wynns2021.wpengine.com\/products\/MSDS\/W47241_MSDS_Hongrois.pdf"},{"id":"19154","msds_language":"Italian","msds_file":"https:\/\/wynns2021.wpengine.com\/products\/MSDS\/W47241_MSDS_IT.pdf"},{"id":"19155","msds_language":"Lituanien","msds_file":"https:\/\/wynns2021.wpengine.com\/products\/MSDS\/W47241_MSDS_Lituanien.pdf"},{"id":"19156","msds_language":"Letton","msds_file":"https:\/\/wynns2021.wpengine.com\/products\/MSDS\/W47241_MSDS_Letton.pdf"},{"id":"19157","msds_language":"Dutch","msds_file":"https:\/\/wynns2021.wpengine.com\/products\/MSDS\/W47241_MSDS_NL.pdf"},{"id":"19158","msds_language":"Hongrois","msds_file":"https:\/\/wynns2021.wpengine.com\/products\/MSDS\/W47241_MSDS_Hongrois.pdf"},{"id":"19159","msds_language":"Polonais","msds_file":"https:\/\/wynns2021.wpengine.com\/products\/MSDS\/W47241_MSDS_Polonais.pdf"},{"id":"19160","msds_language":"Portuguese","msds_file":"https:\/\/wynns2021.wpengine.com\/products\/MSDS\/W47241_MSDS_PT.pdf"},{"id":"19161","msds_language":"Roumain","msds_file":"https:\/\/wynns2021.wpengine.com\/products\/MSDS\/W47241_MSDS_Roumain.pdf"},{"id":"19162","msds_language":"Russian","msds_file":"https:\/\/wynns2021.wpengine.com\/products\/MSDS\/W47241_MSDS_RU.pdf"},{"id":"19163","msds_language":"Slovaque","msds_file":"https:\/\/wynns2021.wpengine.com\/products\/MSDS\/W47241_MSDS_Slovaque.pdf"},{"id":"19164","msds_language":"Slov\u00e8ne","msds_file":"https:\/\/wynns2021.wpengine.com\/products\/MSDS\/W47241_MSDS_Slov\u00e8ne.pdf"},{"id":"19165","msds_language":"Serbe","msds_file":"https:\/\/wynns2021.wpengine.com\/products\/MSDS\/W47241_MSDS_Serbe.pdf"},{"id":"19166","msds_language":"Su\u00e9dois","msds_file":"https:\/\/wynns2021.wpengine.com\/products\/MSDS\/W47241_MSDS_Su\u00e9dois.pdf"},{"id":"19167","msds_language":"Turc","msds_file":"https:\/\/wynns2021.wpengine.com\/products\/MSDS\/W47241_MSDS_Turc.pdf"},{"id":"19168","msds_language":"Ukrainien","msds_file":"https:\/\/wynns2021.wpengine.com\/products\/MSDS\/W47241_MSDS_Ukrainien.pdf"},{"id":"19169","msds_language":"German","msds_file":"https:\/\/wynns2021.wpengine.com\/products\/MSDS\/W47241_MSDS_DE.pdf"}]}],"wynns_parts":[{"name":"Levier de soupape hydraulique","rating":"5"},{"name":"Piston rings","rating":"5"},{"name":"Circuit d'huile","rating":"5"}],"yoast_head":"<!-- This site is optimized with the Yoast SEO plugin v27.4 - https:\/\/yoast.com\/product\/yoast-seo-wordpress\/ -->\n<title>Oil System Cleaner | Wynn&#039;s Belgium<\/title>\n<meta name=\"description\" content=\"Nettoie le circuit d&#039;huile, dissout boues et d\u00e9p\u00f4ts, et emp\u00eache la contamination de l&#039;huile fra\u00eeche. Lib\u00e8re segments de piston et poussoirs de soupape.\" \/>\n<meta name=\"robots\" content=\"index, follow, max-snippet:-1, max-image-preview:large, max-video-preview:-1\" \/>\n<link rel=\"canonical\" href=\"https:\/\/www.wynns.be\/fr\/produit\/oil-system-cleaner\/\" \/>\n<meta property=\"og:locale\" content=\"fr_FR\" \/>\n<meta property=\"og:type\" content=\"article\" \/>\n<meta property=\"og:title\" content=\"Oil System Cleaner | Wynn&#039;s Belgium\" \/>\n<meta property=\"og:description\" content=\"Nettoie le circuit d&#039;huile, dissout boues et d\u00e9p\u00f4ts, et emp\u00eache la contamination de l&#039;huile fra\u00eeche. Lib\u00e8re segments de piston et poussoirs de soupape.\" \/>\n<meta property=\"og:url\" content=\"https:\/\/www.wynns.be\/fr\/produit\/oil-system-cleaner\/\" \/>\n<meta property=\"og:site_name\" content=\"Wynn&#039;s Belgium\" \/>\n<meta property=\"article:modified_time\" content=\"2025-04-23T14:13:34+00:00\" \/>\n<meta property=\"og:image\" content=\"https:\/\/www.wynns.be\/wp-content\/uploads\/sites\/12\/2021\/05\/W47241.jpg\" \/>\n\t<meta property=\"og:image:width\" content=\"1050\" \/>\n\t<meta property=\"og:image:height\" content=\"1050\" \/>\n\t<meta property=\"og:image:type\" content=\"image\/jpeg\" \/>\n<meta name=\"twitter:card\" content=\"summary_large_image\" \/>\n<script type=\"application\/ld+json\" class=\"yoast-schema-graph\">{\"@context\":\"https:\\\/\\\/schema.org\",\"@graph\":[{\"@type\":\"WebPage\",\"@id\":\"https:\\\/\\\/www.wynns.be\\\/fr\\\/produit\\\/oil-system-cleaner\\\/\",\"url\":\"https:\\\/\\\/www.wynns.be\\\/fr\\\/produit\\\/oil-system-cleaner\\\/\",\"name\":\"Oil System Cleaner | Wynn&#039;s Belgium\",\"isPartOf\":{\"@id\":\"https:\\\/\\\/www.wynns.be\\\/nl\\\/#website\"},\"primaryImageOfPage\":{\"@id\":\"https:\\\/\\\/www.wynns.be\\\/fr\\\/produit\\\/oil-system-cleaner\\\/#primaryimage\"},\"image\":{\"@id\":\"https:\\\/\\\/www.wynns.be\\\/fr\\\/produit\\\/oil-system-cleaner\\\/#primaryimage\"},\"thumbnailUrl\":\"https:\\\/\\\/www.wynns.be\\\/wp-content\\\/uploads\\\/sites\\\/12\\\/2021\\\/05\\\/W47241.jpg\",\"datePublished\":\"2021-05-25T14:01:23+00:00\",\"dateModified\":\"2025-04-23T14:13:34+00:00\",\"description\":\"Nettoie le circuit d'huile, dissout boues et d\u00e9p\u00f4ts, et emp\u00eache la contamination de l'huile fra\u00eeche. Lib\u00e8re segments de piston et poussoirs de soupape.\",\"breadcrumb\":{\"@id\":\"https:\\\/\\\/www.wynns.be\\\/fr\\\/produit\\\/oil-system-cleaner\\\/#breadcrumb\"},\"inLanguage\":\"fr-BE\",\"potentialAction\":[{\"@type\":\"ReadAction\",\"target\":[\"https:\\\/\\\/www.wynns.be\\\/fr\\\/produit\\\/oil-system-cleaner\\\/\"]}]},{\"@type\":\"ImageObject\",\"inLanguage\":\"fr-BE\",\"@id\":\"https:\\\/\\\/www.wynns.be\\\/fr\\\/produit\\\/oil-system-cleaner\\\/#primaryimage\",\"url\":\"https:\\\/\\\/www.wynns.be\\\/wp-content\\\/uploads\\\/sites\\\/12\\\/2021\\\/05\\\/W47241.jpg\",\"contentUrl\":\"https:\\\/\\\/www.wynns.be\\\/wp-content\\\/uploads\\\/sites\\\/12\\\/2021\\\/05\\\/W47241.jpg\",\"width\":1050,\"height\":1050,\"caption\":\"oil system cleaner\"},{\"@type\":\"BreadcrumbList\",\"@id\":\"https:\\\/\\\/www.wynns.be\\\/fr\\\/produit\\\/oil-system-cleaner\\\/#breadcrumb\",\"itemListElement\":[{\"@type\":\"ListItem\",\"position\":1,\"name\":\"Home\",\"item\":\"https:\\\/\\\/www.wynns.be\\\/fr\\\/\"},{\"@type\":\"ListItem\",\"position\":2,\"name\":\"Produits\",\"item\":\"https:\\\/\\\/www.wynns.be\\\/fr\\\/shop\\\/\"},{\"@type\":\"ListItem\",\"position\":3,\"name\":\"Oil System Cleaner\"}]},{\"@type\":\"WebSite\",\"@id\":\"https:\\\/\\\/www.wynns.be\\\/nl\\\/#website\",\"url\":\"https:\\\/\\\/www.wynns.be\\\/nl\\\/\",\"name\":\"Wynn&#039;s Belgium\",\"description\":\"Specialist in additives\",\"potentialAction\":[{\"@type\":\"SearchAction\",\"target\":{\"@type\":\"EntryPoint\",\"urlTemplate\":\"https:\\\/\\\/www.wynns.be\\\/nl\\\/?s={search_term_string}\"},\"query-input\":{\"@type\":\"PropertyValueSpecification\",\"valueRequired\":true,\"valueName\":\"search_term_string\"}}],\"inLanguage\":\"fr-BE\"}]}<\/script>\n<!-- \/ Yoast SEO plugin. -->","yoast_head_json":{"title":"Oil System Cleaner | Wynn&#039;s Belgium","description":"Nettoie le circuit d'huile, dissout boues et d\u00e9p\u00f4ts, et emp\u00eache la contamination de l'huile fra\u00eeche. Lib\u00e8re segments de piston et poussoirs de soupape.","robots":{"index":"index","follow":"follow","max-snippet":"max-snippet:-1","max-image-preview":"max-image-preview:large","max-video-preview":"max-video-preview:-1"},"canonical":"https:\/\/www.wynns.be\/fr\/produit\/oil-system-cleaner\/","og_locale":"fr_FR","og_type":"article","og_title":"Oil System Cleaner | Wynn&#039;s Belgium","og_description":"Nettoie le circuit d'huile, dissout boues et d\u00e9p\u00f4ts, et emp\u00eache la contamination de l'huile fra\u00eeche. Lib\u00e8re segments de piston et poussoirs de soupape.","og_url":"https:\/\/www.wynns.be\/fr\/produit\/oil-system-cleaner\/","og_site_name":"Wynn&#039;s Belgium","article_modified_time":"2025-04-23T14:13:34+00:00","og_image":[{"width":1050,"height":1050,"url":"https:\/\/www.wynns.be\/wp-content\/uploads\/sites\/12\/2021\/05\/W47241.jpg","type":"image\/jpeg"}],"twitter_card":"summary_large_image","schema":{"@context":"https:\/\/schema.org","@graph":[{"@type":"WebPage","@id":"https:\/\/www.wynns.be\/fr\/produit\/oil-system-cleaner\/","url":"https:\/\/www.wynns.be\/fr\/produit\/oil-system-cleaner\/","name":"Oil System Cleaner | Wynn&#039;s Belgium","isPartOf":{"@id":"https:\/\/www.wynns.be\/nl\/#website"},"primaryImageOfPage":{"@id":"https:\/\/www.wynns.be\/fr\/produit\/oil-system-cleaner\/#primaryimage"},"image":{"@id":"https:\/\/www.wynns.be\/fr\/produit\/oil-system-cleaner\/#primaryimage"},"thumbnailUrl":"https:\/\/www.wynns.be\/wp-content\/uploads\/sites\/12\/2021\/05\/W47241.jpg","datePublished":"2021-05-25T14:01:23+00:00","dateModified":"2025-04-23T14:13:34+00:00","description":"Nettoie le circuit d'huile, dissout boues et d\u00e9p\u00f4ts, et emp\u00eache la contamination de l'huile fra\u00eeche. Lib\u00e8re segments de piston et poussoirs de soupape.","breadcrumb":{"@id":"https:\/\/www.wynns.be\/fr\/produit\/oil-system-cleaner\/#breadcrumb"},"inLanguage":"fr-BE","potentialAction":[{"@type":"ReadAction","target":["https:\/\/www.wynns.be\/fr\/produit\/oil-system-cleaner\/"]}]},{"@type":"ImageObject","inLanguage":"fr-BE","@id":"https:\/\/www.wynns.be\/fr\/produit\/oil-system-cleaner\/#primaryimage","url":"https:\/\/www.wynns.be\/wp-content\/uploads\/sites\/12\/2021\/05\/W47241.jpg","contentUrl":"https:\/\/www.wynns.be\/wp-content\/uploads\/sites\/12\/2021\/05\/W47241.jpg","width":1050,"height":1050,"caption":"oil system cleaner"},{"@type":"BreadcrumbList","@id":"https:\/\/www.wynns.be\/fr\/produit\/oil-system-cleaner\/#breadcrumb","itemListElement":[{"@type":"ListItem","position":1,"name":"Home","item":"https:\/\/www.wynns.be\/fr\/"},{"@type":"ListItem","position":2,"name":"Produits","item":"https:\/\/www.wynns.be\/fr\/shop\/"},{"@type":"ListItem","position":3,"name":"Oil System Cleaner"}]},{"@type":"WebSite","@id":"https:\/\/www.wynns.be\/nl\/#website","url":"https:\/\/www.wynns.be\/nl\/","name":"Wynn&#039;s Belgium","description":"Specialist in additives","potentialAction":[{"@type":"SearchAction","target":{"@type":"EntryPoint","urlTemplate":"https:\/\/www.wynns.be\/nl\/?s={search_term_string}"},"query-input":{"@type":"PropertyValueSpecification","valueRequired":true,"valueName":"search_term_string"}}],"inLanguage":"fr-BE"}]}},"toolset-meta":{"toolset-woocommerce-fields-3":[],"toolset-woocommerce-fields-2":[],"toolset-woocommerce-fields":{"_download_limit":{"type":"numeric","raw":"-1"},"_virtual":{"type":"checkbox","raw":"no"},"_downloadable":{"type":"checkbox","raw":"no"},"_download_expiry":{"type":"numeric","raw":"-1"},"_download_type":{"type":"radio","raw":""},"_regular_price":{"type":"numeric","raw":""},"_sale_price":{"type":"numeric","raw":""},"_sale_price_dates_from":{"type":"date","raw":"","formatted":null},"_sale_price_dates_to":{"type":"date","raw":"","formatted":null},"_sku":{"type":"textfield","raw":"W47244"},"_manage_stock":{"type":"checkbox","raw":"no"},"_stock_status":{"type":"radio","raw":"instock"},"_stock":{"type":"numeric","raw":null},"_backorders":{"type":"radio","raw":"no"},"_sold_individually":{"type":"checkbox","raw":"no"},"_width":{"type":"numeric","raw":""},"_weight":{"type":"numeric","raw":""},"_length":{"type":"numeric","raw":""},"_purchase_note":{"type":"textarea","raw":""}},"parts":[],"compatibility":{"engine":{"type":"select","raw":"Petrol & Hybrid petrol, Diesel & Hybrid diesel"},"fuel":{"type":"select","raw":""},"extra-compatibility-text":{"type":"textfield","raw":"Compatible avec les huiles \u00e0 faible teneur en cendres (Low SAPs) Compatible avec les courroies de distribution \u00e0 bain d'huile"}},"how-to-use":{"how-to-use-image":{"type":"image","raw":"https:\/\/wynns2021.wpengine.com\/wp-content\/uploads\/2021\/05\/how-to-use-oil-system-fr.png","attachment_id":null},"step":{"type":"textfield","raw":["Ajouter tout le contenu \u00e0 l'huile moteur","Jusqu'\u00e0 6 litres d'huile moteur","\u00c0 chaque vidange d'huile"]},"how-to-use-extra-information":{"type":"textfield","raw":""}},"product-additional-info":{"print-screen-images":{"type":"file","raw":"","attachment_id":null}},"product-video":{"youtube-id":{"type":"textfield","raw":""}},"product-info":{"product-features":{"type":"textfield","raw":["Dissout les boues, les salet\u00e9s et les d\u00e9p\u00f4ts dans le carter, les conduits d'huile et toutes les pi\u00e8ces du syst\u00e8me de circulation de l'huile.","Maintient les impuret\u00e9s dissoutes en suspension et emp\u00eache leur agglom\u00e9ration.","Lib\u00e8re les segments de piston et les poussoirs de soupape hydrauliques.","\u00c9vite la contamination de l'huile fra\u00eeche par les r\u00e9sidus laiss\u00e9s sur place."]}}},"_links":{"self":[{"href":"https:\/\/www.wynns.be\/fr\/wp-json\/wp\/v2\/product\/13196","targetHints":{"allow":["GET"]}}],"collection":[{"href":"https:\/\/www.wynns.be\/fr\/wp-json\/wp\/v2\/product"}],"about":[{"href":"https:\/\/www.wynns.be\/fr\/wp-json\/wp\/v2\/types\/product"}],"wp:featuredmedia":[{"embeddable":true,"href":"https:\/\/www.wynns.be\/fr\/wp-json\/wp\/v2\/media\/28842"}],"wp:attachment":[{"href":"https:\/\/www.wynns.be\/fr\/wp-json\/wp\/v2\/media?parent=13196"}],"wp:term":[{"taxonomy":"product_brand","embeddable":true,"href":"https:\/\/www.wynns.be\/fr\/wp-json\/wp\/v2\/product_brand?post=13196"},{"taxonomy":"product_cat","embeddable":true,"href":"https:\/\/www.wynns.be\/fr\/wp-json\/wp\/v2\/product_cat?post=13196"},{"taxonomy":"product_tag","embeddable":true,"href":"https:\/\/www.wynns.be\/fr\/wp-json\/wp\/v2\/product_tag?post=13196"},{"taxonomy":"audience","embeddable":true,"href":"https:\/\/www.wynns.be\/fr\/wp-json\/wp\/v2\/audience?post=13196"},{"taxonomy":"usage","embeddable":true,"href":"https:\/\/www.wynns.be\/fr\/wp-json\/wp\/v2\/usage?post=13196"}],"curies":[{"name":"wp","href":"https:\/\/api.w.org\/{rel}","templated":true}]}}