{"id":13216,"date":"2021-01-22T10:35:58","date_gmt":"2021-01-22T10:35:58","guid":{"rendered":"https:\/\/be.wynns2021.wpengine.com\/product\/isp-injection-essence\/"},"modified":"2025-09-23T09:06:04","modified_gmt":"2025-09-23T09:06:04","slug":"isp-injection-essence","status":"publish","type":"product","link":"https:\/\/www.wynns.be\/fr\/produit\/isp-injection-essence\/","title":{"rendered":"ISP &#8211; Injection essence"},"content":{"rendered":"<p>Produit de nettoyage pour d\u00e9boucher la salet\u00e9, les d\u00e9p\u00f4ts et le carbone dans les injecteurs de carburant et la chambre de combustion des v\u00e9hicules. \u00c0 utiliser avec le Wynn&#8217;s MultiSERVE ou FuelSystemSERVE.<\/p>\n","protected":false},"excerpt":{"rendered":"<p>\u00e0 utiliser avec le MultiSERVE Wynn&#8217;s ou le FuelSERVE Wynn&#8217;s<\/p>\n","protected":false},"featured_media":31067,"template":"","meta":{"inline_featured_image":false},"product_brand":[],"product_cat":[1507,1284,1286],"product_tag":[1750,1751,1292,1752,1753,1754],"audience":[1212],"usage":[1301,1302],"class_list":{"0":"post-13216","1":"product","2":"type-product","3":"status-publish","4":"has-post-thumbnail","6":"product_cat-additifs-essence-professionnel","7":"product_cat-professionnel","8":"product_cat-service-maintenance-professionnel","9":"product_tag-fuelsystem-fr","10":"product_tag-multi-fr","11":"product_tag-multiserve-fr","12":"product_tag-servir","13":"product_tag-spray-fr","14":"product_tag-w76695-fr","15":"audience-audience-professionals-fr","16":"usage-entretien-regulier","17":"usage-resolution-de-problemes","19":"first","20":"instock","21":"product-type-simple"},"wynns_product_variations":[{"id":"18330","product_code":"W76695","capacity_ml":"1000","units_per_case":"12","packaging_language":"EN, FR, DE, ES, IT, RU, PL","ean13_barcode":"5411693766954","tds":[{"id":"18339","tds_language":"Russie","tds_file":"https:\/\/wynns2021.wpengine.com\/products\/TDS\/W76695_TDS_RU.pdf"},{"id":"18338","tds_language":"N\u00e9erlandais","tds_file":"https:\/\/wynns2021.wpengine.com\/products\/TDS\/W76695_TDS_NL.pdf"},{"id":"18337","tds_language":"Italien","tds_file":"https:\/\/wynns2021.wpengine.com\/products\/TDS\/W76695_TDS_IT.pdf"},{"id":"18336","tds_language":"Fran\u00e7ais","tds_file":"https:\/\/wynns2021.wpengine.com\/products\/TDS\/W76695_TDS_FR.pdf"},{"id":"18334","tds_language":"Espagnol","tds_file":"https:\/\/wynns2021.wpengine.com\/products\/TDS\/W76695_TDS_ES.pdf"},{"id":"18333","tds_language":"Anglais","tds_file":"https:\/\/wynns2021.wpengine.com\/products\/TDS\/W76695_TDS_EN.pdf"},{"id":"18331","tds_language":"Allemand","tds_file":"https:\/\/wynns2021.wpengine.com\/products\/TDS\/W76695_TDS_DE.pdf"}],"msds":[{"id":"18340","msds_language":"Bulgare","msds_file":"https:\/\/wynns2021.wpengine.com\/products\/MSDS\/W76695_MSDS_Bulgare.pdf"},{"id":"18341","msds_language":"Tch\u00e8que","msds_file":"https:\/\/wynns2021.wpengine.com\/products\/MSDS\/W76695_MSDS_Tch\u00e8que.pdf"},{"id":"18342","msds_language":"Danois","msds_file":"https:\/\/wynns2021.wpengine.com\/products\/MSDS\/W76695_MSDS_Danois.pdf"},{"id":"18343","msds_language":"German","msds_file":"https:\/\/wynns2021.wpengine.com\/products\/MSDS\/W76695_MSDS_DE.pdf"},{"id":"18344","msds_language":"Grec","msds_file":"https:\/\/wynns2021.wpengine.com\/products\/MSDS\/W76695_MSDS_Grec.pdf"},{"id":"18345","msds_language":"English","msds_file":"https:\/\/wynns2021.wpengine.com\/products\/MSDS\/W76695_MSDS_EN.pdf"},{"id":"18346","msds_language":"Spanish","msds_file":"https:\/\/wynns2021.wpengine.com\/products\/MSDS\/W76695_MSDS_ES.pdf"},{"id":"18347","msds_language":"Estonien","msds_file":"https:\/\/wynns2021.wpengine.com\/products\/MSDS\/W76695_MSDS_Estonien.pdf"},{"id":"18348","msds_language":"Finnois","msds_file":"https:\/\/wynns2021.wpengine.com\/products\/MSDS\/W76695_MSDS_Finnois.pdf"},{"id":"18349","msds_language":"French","msds_file":"https:\/\/wynns2021.wpengine.com\/products\/MSDS\/W76695_MSDS_FR.pdf"},{"id":"18350","msds_language":"Croate","msds_file":"https:\/\/wynns2021.wpengine.com\/products\/MSDS\/W76695_MSDS_Croate.pdf"},{"id":"18351","msds_language":"Hongrois","msds_file":"https:\/\/wynns2021.wpengine.com\/products\/MSDS\/W76695_MSDS_Hongrois.pdf"},{"id":"18352","msds_language":"Italian","msds_file":"https:\/\/wynns2021.wpengine.com\/products\/MSDS\/W76695_MSDS_IT.pdf"},{"id":"18353","msds_language":"Lituanien","msds_file":"https:\/\/wynns2021.wpengine.com\/products\/MSDS\/W76695_MSDS_Lituanien.pdf"},{"id":"18354","msds_language":"Letton","msds_file":"https:\/\/wynns2021.wpengine.com\/products\/MSDS\/W76695_MSDS_Letton.pdf"},{"id":"18355","msds_language":"Dutch","msds_file":"https:\/\/wynns2021.wpengine.com\/products\/MSDS\/W76695_MSDS_NL.pdf"},{"id":"18356","msds_language":"Norv\u00e9gien","msds_file":"https:\/\/wynns2021.wpengine.com\/products\/MSDS\/W76695_MSDS_Norv\u00e9gien.pdf"},{"id":"18357","msds_language":"Polonais","msds_file":"https:\/\/wynns2021.wpengine.com\/products\/MSDS\/W76695_MSDS_Polonais.pdf"},{"id":"18358","msds_language":"Portuguese","msds_file":"https:\/\/wynns2021.wpengine.com\/products\/MSDS\/W76695_MSDS_PT.pdf"},{"id":"18359","msds_language":"Roumain","msds_file":"https:\/\/wynns2021.wpengine.com\/products\/MSDS\/W76695_MSDS_Roumain.pdf"},{"id":"18360","msds_language":"Russian","msds_file":"https:\/\/wynns2021.wpengine.com\/products\/MSDS\/W76695_MSDS_RU.pdf"},{"id":"18361","msds_language":"Slovaque","msds_file":"https:\/\/wynns2021.wpengine.com\/products\/MSDS\/W76695_MSDS_Slovaque.pdf"},{"id":"18362","msds_language":"Slov\u00e8ne","msds_file":"https:\/\/wynns2021.wpengine.com\/products\/MSDS\/W76695_MSDS_Slov\u00e8ne.pdf"},{"id":"18363","msds_language":"Serbe","msds_file":"https:\/\/wynns2021.wpengine.com\/products\/MSDS\/W76695_MSDS_Serbe.pdf"},{"id":"18364","msds_language":"Turc","msds_file":"https:\/\/wynns2021.wpengine.com\/products\/MSDS\/W76695_MSDS_Turc.pdf"},{"id":"18365","msds_language":"Ukrainien","msds_file":"https:\/\/wynns2021.wpengine.com\/products\/MSDS\/W76695_MSDS_Ukrainien.pdf"}]}],"wynns_parts":[{"name":"Injector","rating":"5"},{"name":"Fuel Pump","rating":"4"}],"yoast_head":"<!-- This site is optimized with the Yoast SEO plugin v27.4 - https:\/\/yoast.com\/product\/yoast-seo-wordpress\/ -->\n<title>ISP - Injection essence | Wynn&#039;s Belgium<\/title>\n<meta name=\"description\" content=\"Nettoie sans d\u00e9montage les injecteurs, soupapes et chambre de combustion, r\u00e9tablit le jet des injecteurs et am\u00e9liore la compression du cylindre.\" \/>\n<meta name=\"robots\" content=\"index, follow, max-snippet:-1, max-image-preview:large, max-video-preview:-1\" \/>\n<link rel=\"canonical\" href=\"https:\/\/www.wynns.be\/fr\/produit\/isp-injection-essence\/\" \/>\n<meta property=\"og:locale\" content=\"fr_FR\" \/>\n<meta property=\"og:type\" content=\"article\" \/>\n<meta property=\"og:title\" content=\"ISP - Injection essence | Wynn&#039;s Belgium\" \/>\n<meta property=\"og:description\" content=\"Nettoie sans d\u00e9montage les injecteurs, soupapes et chambre de combustion, r\u00e9tablit le jet des injecteurs et am\u00e9liore la compression du cylindre.\" \/>\n<meta property=\"og:url\" content=\"https:\/\/www.wynns.be\/fr\/produit\/isp-injection-essence\/\" \/>\n<meta property=\"og:site_name\" content=\"Wynn&#039;s Belgium\" \/>\n<meta property=\"article:modified_time\" content=\"2025-09-23T09:06:04+00:00\" \/>\n<meta property=\"og:image\" content=\"https:\/\/www.wynns.be\/wp-content\/uploads\/sites\/12\/2021\/01\/W76695.jpg\" \/>\n\t<meta property=\"og:image:width\" content=\"1050\" \/>\n\t<meta property=\"og:image:height\" content=\"1050\" \/>\n\t<meta property=\"og:image:type\" content=\"image\/jpeg\" \/>\n<meta name=\"twitter:card\" content=\"summary_large_image\" \/>\n<script type=\"application\/ld+json\" class=\"yoast-schema-graph\">{\"@context\":\"https:\\\/\\\/schema.org\",\"@graph\":[{\"@type\":\"WebPage\",\"@id\":\"https:\\\/\\\/www.wynns.be\\\/fr\\\/produit\\\/isp-injection-essence\\\/\",\"url\":\"https:\\\/\\\/www.wynns.be\\\/fr\\\/produit\\\/isp-injection-essence\\\/\",\"name\":\"ISP - Injection essence | Wynn&#039;s Belgium\",\"isPartOf\":{\"@id\":\"https:\\\/\\\/www.wynns.be\\\/nl\\\/#website\"},\"primaryImageOfPage\":{\"@id\":\"https:\\\/\\\/www.wynns.be\\\/fr\\\/produit\\\/isp-injection-essence\\\/#primaryimage\"},\"image\":{\"@id\":\"https:\\\/\\\/www.wynns.be\\\/fr\\\/produit\\\/isp-injection-essence\\\/#primaryimage\"},\"thumbnailUrl\":\"https:\\\/\\\/www.wynns.be\\\/wp-content\\\/uploads\\\/sites\\\/12\\\/2021\\\/01\\\/W76695.jpg\",\"datePublished\":\"2021-01-22T10:35:58+00:00\",\"dateModified\":\"2025-09-23T09:06:04+00:00\",\"description\":\"Nettoie sans d\u00e9montage les injecteurs, soupapes et chambre de combustion, r\u00e9tablit le jet des injecteurs et am\u00e9liore la compression du cylindre.\",\"breadcrumb\":{\"@id\":\"https:\\\/\\\/www.wynns.be\\\/fr\\\/produit\\\/isp-injection-essence\\\/#breadcrumb\"},\"inLanguage\":\"fr-BE\",\"potentialAction\":[{\"@type\":\"ReadAction\",\"target\":[\"https:\\\/\\\/www.wynns.be\\\/fr\\\/produit\\\/isp-injection-essence\\\/\"]}]},{\"@type\":\"ImageObject\",\"inLanguage\":\"fr-BE\",\"@id\":\"https:\\\/\\\/www.wynns.be\\\/fr\\\/produit\\\/isp-injection-essence\\\/#primaryimage\",\"url\":\"https:\\\/\\\/www.wynns.be\\\/wp-content\\\/uploads\\\/sites\\\/12\\\/2021\\\/01\\\/W76695.jpg\",\"contentUrl\":\"https:\\\/\\\/www.wynns.be\\\/wp-content\\\/uploads\\\/sites\\\/12\\\/2021\\\/01\\\/W76695.jpg\",\"width\":1050,\"height\":1050,\"caption\":\"ISP \u2013 Injection essence\"},{\"@type\":\"BreadcrumbList\",\"@id\":\"https:\\\/\\\/www.wynns.be\\\/fr\\\/produit\\\/isp-injection-essence\\\/#breadcrumb\",\"itemListElement\":[{\"@type\":\"ListItem\",\"position\":1,\"name\":\"Home\",\"item\":\"https:\\\/\\\/www.wynns.be\\\/fr\\\/\"},{\"@type\":\"ListItem\",\"position\":2,\"name\":\"Produits\",\"item\":\"https:\\\/\\\/www.wynns.be\\\/fr\\\/shop\\\/\"},{\"@type\":\"ListItem\",\"position\":3,\"name\":\"ISP &#8211; Injection essence\"}]},{\"@type\":\"WebSite\",\"@id\":\"https:\\\/\\\/www.wynns.be\\\/nl\\\/#website\",\"url\":\"https:\\\/\\\/www.wynns.be\\\/nl\\\/\",\"name\":\"Wynn&#039;s Belgium\",\"description\":\"Specialist in additives\",\"potentialAction\":[{\"@type\":\"SearchAction\",\"target\":{\"@type\":\"EntryPoint\",\"urlTemplate\":\"https:\\\/\\\/www.wynns.be\\\/nl\\\/?s={search_term_string}\"},\"query-input\":{\"@type\":\"PropertyValueSpecification\",\"valueRequired\":true,\"valueName\":\"search_term_string\"}}],\"inLanguage\":\"fr-BE\"}]}<\/script>\n<!-- \/ Yoast SEO plugin. -->","yoast_head_json":{"title":"ISP - Injection essence | Wynn&#039;s Belgium","description":"Nettoie sans d\u00e9montage les injecteurs, soupapes et chambre de combustion, r\u00e9tablit le jet des injecteurs et am\u00e9liore la compression du cylindre.","robots":{"index":"index","follow":"follow","max-snippet":"max-snippet:-1","max-image-preview":"max-image-preview:large","max-video-preview":"max-video-preview:-1"},"canonical":"https:\/\/www.wynns.be\/fr\/produit\/isp-injection-essence\/","og_locale":"fr_FR","og_type":"article","og_title":"ISP - Injection essence | Wynn&#039;s Belgium","og_description":"Nettoie sans d\u00e9montage les injecteurs, soupapes et chambre de combustion, r\u00e9tablit le jet des injecteurs et am\u00e9liore la compression du cylindre.","og_url":"https:\/\/www.wynns.be\/fr\/produit\/isp-injection-essence\/","og_site_name":"Wynn&#039;s Belgium","article_modified_time":"2025-09-23T09:06:04+00:00","og_image":[{"width":1050,"height":1050,"url":"https:\/\/www.wynns.be\/wp-content\/uploads\/sites\/12\/2021\/01\/W76695.jpg","type":"image\/jpeg"}],"twitter_card":"summary_large_image","schema":{"@context":"https:\/\/schema.org","@graph":[{"@type":"WebPage","@id":"https:\/\/www.wynns.be\/fr\/produit\/isp-injection-essence\/","url":"https:\/\/www.wynns.be\/fr\/produit\/isp-injection-essence\/","name":"ISP - Injection essence | Wynn&#039;s Belgium","isPartOf":{"@id":"https:\/\/www.wynns.be\/nl\/#website"},"primaryImageOfPage":{"@id":"https:\/\/www.wynns.be\/fr\/produit\/isp-injection-essence\/#primaryimage"},"image":{"@id":"https:\/\/www.wynns.be\/fr\/produit\/isp-injection-essence\/#primaryimage"},"thumbnailUrl":"https:\/\/www.wynns.be\/wp-content\/uploads\/sites\/12\/2021\/01\/W76695.jpg","datePublished":"2021-01-22T10:35:58+00:00","dateModified":"2025-09-23T09:06:04+00:00","description":"Nettoie sans d\u00e9montage les injecteurs, soupapes et chambre de combustion, r\u00e9tablit le jet des injecteurs et am\u00e9liore la compression du cylindre.","breadcrumb":{"@id":"https:\/\/www.wynns.be\/fr\/produit\/isp-injection-essence\/#breadcrumb"},"inLanguage":"fr-BE","potentialAction":[{"@type":"ReadAction","target":["https:\/\/www.wynns.be\/fr\/produit\/isp-injection-essence\/"]}]},{"@type":"ImageObject","inLanguage":"fr-BE","@id":"https:\/\/www.wynns.be\/fr\/produit\/isp-injection-essence\/#primaryimage","url":"https:\/\/www.wynns.be\/wp-content\/uploads\/sites\/12\/2021\/01\/W76695.jpg","contentUrl":"https:\/\/www.wynns.be\/wp-content\/uploads\/sites\/12\/2021\/01\/W76695.jpg","width":1050,"height":1050,"caption":"ISP \u2013 Injection essence"},{"@type":"BreadcrumbList","@id":"https:\/\/www.wynns.be\/fr\/produit\/isp-injection-essence\/#breadcrumb","itemListElement":[{"@type":"ListItem","position":1,"name":"Home","item":"https:\/\/www.wynns.be\/fr\/"},{"@type":"ListItem","position":2,"name":"Produits","item":"https:\/\/www.wynns.be\/fr\/shop\/"},{"@type":"ListItem","position":3,"name":"ISP &#8211; Injection essence"}]},{"@type":"WebSite","@id":"https:\/\/www.wynns.be\/nl\/#website","url":"https:\/\/www.wynns.be\/nl\/","name":"Wynn&#039;s Belgium","description":"Specialist in additives","potentialAction":[{"@type":"SearchAction","target":{"@type":"EntryPoint","urlTemplate":"https:\/\/www.wynns.be\/nl\/?s={search_term_string}"},"query-input":{"@type":"PropertyValueSpecification","valueRequired":true,"valueName":"search_term_string"}}],"inLanguage":"fr-BE"}]}},"toolset-meta":{"toolset-woocommerce-fields-3":[],"toolset-woocommerce-fields-2":[],"toolset-woocommerce-fields":{"_download_limit":{"type":"numeric","raw":"-1"},"_virtual":{"type":"checkbox","raw":"no"},"_downloadable":{"type":"checkbox","raw":"no"},"_download_expiry":{"type":"numeric","raw":"-1"},"_download_type":{"type":"radio","raw":""},"_regular_price":{"type":"numeric","raw":""},"_sale_price":{"type":"numeric","raw":""},"_sale_price_dates_from":{"type":"date","raw":"","formatted":null},"_sale_price_dates_to":{"type":"date","raw":"","formatted":null},"_sku":{"type":"textfield","raw":"W76695"},"_manage_stock":{"type":"checkbox","raw":"no"},"_stock_status":{"type":"radio","raw":"instock"},"_stock":{"type":"numeric","raw":null},"_backorders":{"type":"radio","raw":"no"},"_sold_individually":{"type":"checkbox","raw":"no"},"_width":{"type":"numeric","raw":""},"_weight":{"type":"numeric","raw":""},"_length":{"type":"numeric","raw":""},"_purchase_note":{"type":"textarea","raw":""}},"parts":[],"compatibility":{"engine":{"type":"select","raw":"Petrol &amp; Hybrid petrol"},"fuel":{"type":"select","raw":""},"extra-compatibility-text":{"type":"textfield","raw":""}},"how-to-use":{"how-to-use-image":{"type":"image","raw":"","attachment_id":null},"step":{"type":"textfield","raw":[""]},"how-to-use-extra-information":{"type":"textfield","raw":""}},"product-additional-info":{"print-screen-images":{"type":"file","raw":"","attachment_id":null}},"product-video":{"youtube-id":{"type":"textfield","raw":"f3l4MH0XaZ8"}},"product-info":{"product-features":{"type":"textfield","raw":["Nettoie sans d\u00e9montage les injecteurs, les soupapes, les tiges de soupape, la chambre de combustion et autres pi\u00e8ces vitales des circuits d'injection d'essence encrass\u00e9s.","R\u00e9tablit le jet de l'injecteur.","Am\u00e9liore l'\u00e9quilibre du taux de compression du cylindre.","Lib\u00e8re les soupapes d'\u00e9chappement coll\u00e9es."]}}},"_links":{"self":[{"href":"https:\/\/www.wynns.be\/fr\/wp-json\/wp\/v2\/product\/13216","targetHints":{"allow":["GET"]}}],"collection":[{"href":"https:\/\/www.wynns.be\/fr\/wp-json\/wp\/v2\/product"}],"about":[{"href":"https:\/\/www.wynns.be\/fr\/wp-json\/wp\/v2\/types\/product"}],"wp:featuredmedia":[{"embeddable":true,"href":"https:\/\/www.wynns.be\/fr\/wp-json\/wp\/v2\/media\/31067"}],"wp:attachment":[{"href":"https:\/\/www.wynns.be\/fr\/wp-json\/wp\/v2\/media?parent=13216"}],"wp:term":[{"taxonomy":"product_brand","embeddable":true,"href":"https:\/\/www.wynns.be\/fr\/wp-json\/wp\/v2\/product_brand?post=13216"},{"taxonomy":"product_cat","embeddable":true,"href":"https:\/\/www.wynns.be\/fr\/wp-json\/wp\/v2\/product_cat?post=13216"},{"taxonomy":"product_tag","embeddable":true,"href":"https:\/\/www.wynns.be\/fr\/wp-json\/wp\/v2\/product_tag?post=13216"},{"taxonomy":"audience","embeddable":true,"href":"https:\/\/www.wynns.be\/fr\/wp-json\/wp\/v2\/audience?post=13216"},{"taxonomy":"usage","embeddable":true,"href":"https:\/\/www.wynns.be\/fr\/wp-json\/wp\/v2\/usage?post=13216"}],"curies":[{"name":"wp","href":"https:\/\/api.w.org\/{rel}","templated":true}]}}