{"id":13220,"date":"2021-01-23T12:16:56","date_gmt":"2021-01-23T12:16:56","guid":{"rendered":"https:\/\/be.wynns2021.wpengine.com\/product\/multiserve\/"},"modified":"2025-04-23T13:53:44","modified_gmt":"2025-04-23T13:53:44","slug":"multiserve","status":"publish","type":"product","link":"https:\/\/www.wynns.be\/fr\/produit\/multiserve\/","title":{"rendered":"MultiSERVE"},"content":{"rendered":"<p>Mat\u00e9riel de nettoyage du circuit d&#8217;alimentation en carburant tout en un pour les injections, l&#8217;admission d&#8217;air, le turbo et le FAP d&#8217;un v\u00e9hicule. La machine peut \u00eatre utilis\u00e9e pour les moteurs diesel et \u00e0 essence sans d\u00e9montage des pi\u00e8ces et pendant le fonctionnement du moteur.<\/p>\n","protected":false},"excerpt":{"rendered":"<p>Mat\u00e9riel nettoyant 4 en 1 (injection, turbo, FAP, admission d&#8217;air)<\/p>\n","protected":false},"featured_media":13233,"template":"","meta":{"inline_featured_image":false},"product_brand":[],"product_cat":[1284,1286],"product_tag":[1622,2039,1618,1291,1537,1532,1944,1945,1757,2052,2971,1330,1759],"audience":[1212],"usage":[1301,1302],"class_list":{"0":"post-13220","1":"product","2":"type-product","3":"status-publish","4":"has-post-thumbnail","6":"product_cat-professionnel","7":"product_cat-service-maintenance-professionnel","8":"product_tag-behandeling","9":"product_tag-benzine-fr","10":"product_tag-brandstof-2","11":"product_tag-diesel-fr","12":"product_tag-dpf-nl-3","13":"product_tag-geblokkeerd-2","14":"product_tag-inlaat-nl-2","15":"product_tag-partikels","16":"product_tag-purge-fr","17":"product_tag-reiniging-fr","18":"product_tag-serve-fr","19":"product_tag-systeem-2","20":"product_tag-w68433-fr","21":"audience-audience-professionals-fr","22":"usage-entretien-regulier","23":"usage-resolution-de-problemes","25":"first","26":"instock","27":"product-type-simple"},"wynns_product_variations":[{"id":"19177","product_code":"W68433","capacity_ml":"","units_per_case":"1","packaging_language":"","ean13_barcode":"5411693684333","tds":[{"id":"19192","tds_language":"Russie","tds_file":"https:\/\/wynns2021.wpengine.com\/products\/TDS\/W68433_TDS_RU.pdf"},{"id":"19190","tds_language":"N\u00e9erlandais","tds_file":"https:\/\/wynns2021.wpengine.com\/products\/TDS\/W68433_TDS_NL.pdf"},{"id":"19188","tds_language":"Italien","tds_file":"https:\/\/wynns2021.wpengine.com\/products\/TDS\/W68433_TDS_IT.pdf"},{"id":"19186","tds_language":"Fran\u00e7ais","tds_file":"https:\/\/wynns2021.wpengine.com\/products\/TDS\/W68433_TDS_FR.pdf"},{"id":"19184","tds_language":"Espagnol","tds_file":"https:\/\/wynns2021.wpengine.com\/products\/TDS\/W68433_TDS_ES.pdf"},{"id":"19183","tds_language":"Anglais","tds_file":"https:\/\/wynns2021.wpengine.com\/products\/TDS\/W68433_TDS_EN.pdf"},{"id":"19179","tds_language":"Allemand","tds_file":"https:\/\/wynns2021.wpengine.com\/products\/TDS\/W68433_TDS_DE.pdf"}],"msds":[]}],"wynns_parts":[{"name":"Injector","rating":"5"},{"name":"FAP","rating":"5"},{"name":"Turbo","rating":"5"}],"yoast_head":"<!-- This site is optimized with the Yoast SEO plugin v27.5 - https:\/\/yoast.com\/product\/yoast-seo-wordpress\/ -->\n<title>MultiSERVE | Wynn&#039;s Belgium<\/title>\n<meta name=\"description\" content=\"Appareil de nettoyage complet du moteur sans d\u00e9montage. 4 programmes, fonctionne sur batterie 12V, arr\u00eat automatique \u00e0 la fin.\" \/>\n<meta name=\"robots\" content=\"index, follow, max-snippet:-1, max-image-preview:large, max-video-preview:-1\" \/>\n<link rel=\"canonical\" href=\"https:\/\/www.wynns.be\/fr\/produit\/multiserve\/\" \/>\n<meta property=\"og:locale\" content=\"fr_FR\" \/>\n<meta property=\"og:type\" content=\"article\" \/>\n<meta property=\"og:title\" content=\"MultiSERVE | Wynn&#039;s Belgium\" \/>\n<meta property=\"og:description\" content=\"Appareil de nettoyage complet du moteur sans d\u00e9montage. 4 programmes, fonctionne sur batterie 12V, arr\u00eat automatique \u00e0 la fin.\" \/>\n<meta property=\"og:url\" content=\"https:\/\/www.wynns.be\/fr\/produit\/multiserve\/\" \/>\n<meta property=\"og:site_name\" content=\"Wynn&#039;s Belgium\" \/>\n<meta property=\"article:modified_time\" content=\"2025-04-23T13:53:44+00:00\" \/>\n<meta property=\"og:image\" content=\"https:\/\/www.wynns.be\/wp-content\/uploads\/sites\/12\/2021\/07\/W68433-MultiSERVE.jpg\" \/>\n\t<meta property=\"og:image:width\" content=\"1050\" \/>\n\t<meta property=\"og:image:height\" content=\"1050\" \/>\n\t<meta property=\"og:image:type\" content=\"image\/jpeg\" \/>\n<meta name=\"twitter:card\" content=\"summary_large_image\" \/>\n<script type=\"application\/ld+json\" class=\"yoast-schema-graph\">{\"@context\":\"https:\\\/\\\/schema.org\",\"@graph\":[{\"@type\":\"WebPage\",\"@id\":\"https:\\\/\\\/www.wynns.be\\\/fr\\\/produit\\\/multiserve\\\/\",\"url\":\"https:\\\/\\\/www.wynns.be\\\/fr\\\/produit\\\/multiserve\\\/\",\"name\":\"MultiSERVE | Wynn&#039;s Belgium\",\"isPartOf\":{\"@id\":\"https:\\\/\\\/www.wynns.be\\\/nl\\\/#website\"},\"primaryImageOfPage\":{\"@id\":\"https:\\\/\\\/www.wynns.be\\\/fr\\\/produit\\\/multiserve\\\/#primaryimage\"},\"image\":{\"@id\":\"https:\\\/\\\/www.wynns.be\\\/fr\\\/produit\\\/multiserve\\\/#primaryimage\"},\"thumbnailUrl\":\"https:\\\/\\\/www.wynns.be\\\/wp-content\\\/uploads\\\/sites\\\/12\\\/2021\\\/07\\\/W68433-MultiSERVE.jpg\",\"datePublished\":\"2021-01-23T12:16:56+00:00\",\"dateModified\":\"2025-04-23T13:53:44+00:00\",\"description\":\"Appareil de nettoyage complet du moteur sans d\u00e9montage. 4 programmes, fonctionne sur batterie 12V, arr\u00eat automatique \u00e0 la fin.\",\"breadcrumb\":{\"@id\":\"https:\\\/\\\/www.wynns.be\\\/fr\\\/produit\\\/multiserve\\\/#breadcrumb\"},\"inLanguage\":\"fr-BE\",\"potentialAction\":[{\"@type\":\"ReadAction\",\"target\":[\"https:\\\/\\\/www.wynns.be\\\/fr\\\/produit\\\/multiserve\\\/\"]}]},{\"@type\":\"ImageObject\",\"inLanguage\":\"fr-BE\",\"@id\":\"https:\\\/\\\/www.wynns.be\\\/fr\\\/produit\\\/multiserve\\\/#primaryimage\",\"url\":\"https:\\\/\\\/www.wynns.be\\\/wp-content\\\/uploads\\\/sites\\\/12\\\/2021\\\/07\\\/W68433-MultiSERVE.jpg\",\"contentUrl\":\"https:\\\/\\\/www.wynns.be\\\/wp-content\\\/uploads\\\/sites\\\/12\\\/2021\\\/07\\\/W68433-MultiSERVE.jpg\",\"width\":1050,\"height\":1050},{\"@type\":\"BreadcrumbList\",\"@id\":\"https:\\\/\\\/www.wynns.be\\\/fr\\\/produit\\\/multiserve\\\/#breadcrumb\",\"itemListElement\":[{\"@type\":\"ListItem\",\"position\":1,\"name\":\"Home\",\"item\":\"https:\\\/\\\/www.wynns.be\\\/fr\\\/\"},{\"@type\":\"ListItem\",\"position\":2,\"name\":\"Produits\",\"item\":\"https:\\\/\\\/www.wynns.be\\\/fr\\\/shop\\\/\"},{\"@type\":\"ListItem\",\"position\":3,\"name\":\"MultiSERVE\"}]},{\"@type\":\"WebSite\",\"@id\":\"https:\\\/\\\/www.wynns.be\\\/nl\\\/#website\",\"url\":\"https:\\\/\\\/www.wynns.be\\\/nl\\\/\",\"name\":\"Wynn&#039;s Belgium\",\"description\":\"Specialist in additives\",\"potentialAction\":[{\"@type\":\"SearchAction\",\"target\":{\"@type\":\"EntryPoint\",\"urlTemplate\":\"https:\\\/\\\/www.wynns.be\\\/nl\\\/?s={search_term_string}\"},\"query-input\":{\"@type\":\"PropertyValueSpecification\",\"valueRequired\":true,\"valueName\":\"search_term_string\"}}],\"inLanguage\":\"fr-BE\"}]}<\/script>\n<!-- \/ Yoast SEO plugin. -->","yoast_head_json":{"title":"MultiSERVE | Wynn&#039;s Belgium","description":"Appareil de nettoyage complet du moteur sans d\u00e9montage. 4 programmes, fonctionne sur batterie 12V, arr\u00eat automatique \u00e0 la fin.","robots":{"index":"index","follow":"follow","max-snippet":"max-snippet:-1","max-image-preview":"max-image-preview:large","max-video-preview":"max-video-preview:-1"},"canonical":"https:\/\/www.wynns.be\/fr\/produit\/multiserve\/","og_locale":"fr_FR","og_type":"article","og_title":"MultiSERVE | Wynn&#039;s Belgium","og_description":"Appareil de nettoyage complet du moteur sans d\u00e9montage. 4 programmes, fonctionne sur batterie 12V, arr\u00eat automatique \u00e0 la fin.","og_url":"https:\/\/www.wynns.be\/fr\/produit\/multiserve\/","og_site_name":"Wynn&#039;s Belgium","article_modified_time":"2025-04-23T13:53:44+00:00","og_image":[{"width":1050,"height":1050,"url":"https:\/\/www.wynns.be\/wp-content\/uploads\/sites\/12\/2021\/07\/W68433-MultiSERVE.jpg","type":"image\/jpeg"}],"twitter_card":"summary_large_image","schema":{"@context":"https:\/\/schema.org","@graph":[{"@type":"WebPage","@id":"https:\/\/www.wynns.be\/fr\/produit\/multiserve\/","url":"https:\/\/www.wynns.be\/fr\/produit\/multiserve\/","name":"MultiSERVE | Wynn&#039;s Belgium","isPartOf":{"@id":"https:\/\/www.wynns.be\/nl\/#website"},"primaryImageOfPage":{"@id":"https:\/\/www.wynns.be\/fr\/produit\/multiserve\/#primaryimage"},"image":{"@id":"https:\/\/www.wynns.be\/fr\/produit\/multiserve\/#primaryimage"},"thumbnailUrl":"https:\/\/www.wynns.be\/wp-content\/uploads\/sites\/12\/2021\/07\/W68433-MultiSERVE.jpg","datePublished":"2021-01-23T12:16:56+00:00","dateModified":"2025-04-23T13:53:44+00:00","description":"Appareil de nettoyage complet du moteur sans d\u00e9montage. 4 programmes, fonctionne sur batterie 12V, arr\u00eat automatique \u00e0 la fin.","breadcrumb":{"@id":"https:\/\/www.wynns.be\/fr\/produit\/multiserve\/#breadcrumb"},"inLanguage":"fr-BE","potentialAction":[{"@type":"ReadAction","target":["https:\/\/www.wynns.be\/fr\/produit\/multiserve\/"]}]},{"@type":"ImageObject","inLanguage":"fr-BE","@id":"https:\/\/www.wynns.be\/fr\/produit\/multiserve\/#primaryimage","url":"https:\/\/www.wynns.be\/wp-content\/uploads\/sites\/12\/2021\/07\/W68433-MultiSERVE.jpg","contentUrl":"https:\/\/www.wynns.be\/wp-content\/uploads\/sites\/12\/2021\/07\/W68433-MultiSERVE.jpg","width":1050,"height":1050},{"@type":"BreadcrumbList","@id":"https:\/\/www.wynns.be\/fr\/produit\/multiserve\/#breadcrumb","itemListElement":[{"@type":"ListItem","position":1,"name":"Home","item":"https:\/\/www.wynns.be\/fr\/"},{"@type":"ListItem","position":2,"name":"Produits","item":"https:\/\/www.wynns.be\/fr\/shop\/"},{"@type":"ListItem","position":3,"name":"MultiSERVE"}]},{"@type":"WebSite","@id":"https:\/\/www.wynns.be\/nl\/#website","url":"https:\/\/www.wynns.be\/nl\/","name":"Wynn&#039;s Belgium","description":"Specialist in additives","potentialAction":[{"@type":"SearchAction","target":{"@type":"EntryPoint","urlTemplate":"https:\/\/www.wynns.be\/nl\/?s={search_term_string}"},"query-input":{"@type":"PropertyValueSpecification","valueRequired":true,"valueName":"search_term_string"}}],"inLanguage":"fr-BE"}]}},"toolset-meta":{"toolset-woocommerce-fields-3":[],"toolset-woocommerce-fields-2":[],"toolset-woocommerce-fields":{"_download_limit":{"type":"numeric","raw":"-1"},"_virtual":{"type":"checkbox","raw":"no"},"_downloadable":{"type":"checkbox","raw":"no"},"_download_expiry":{"type":"numeric","raw":"-1"},"_download_type":{"type":"radio","raw":""},"_regular_price":{"type":"numeric","raw":""},"_sale_price":{"type":"numeric","raw":""},"_sale_price_dates_from":{"type":"date","raw":"","formatted":null},"_sale_price_dates_to":{"type":"date","raw":"","formatted":null},"_sku":{"type":"textfield","raw":"W68433"},"_manage_stock":{"type":"checkbox","raw":"no"},"_stock_status":{"type":"radio","raw":"instock"},"_stock":{"type":"numeric","raw":null},"_backorders":{"type":"radio","raw":"no"},"_sold_individually":{"type":"checkbox","raw":"no"},"_width":{"type":"numeric","raw":""},"_weight":{"type":"numeric","raw":""},"_length":{"type":"numeric","raw":""},"_purchase_note":{"type":"textarea","raw":""}},"parts":[],"compatibility":{"engine":{"type":"select","raw":"Petrol & Hybrid petrol, Diesel & Hybrid diesel"},"fuel":{"type":"select","raw":""},"extra-compatibility-text":{"type":"textfield","raw":""}},"how-to-use":{"how-to-use-image":{"type":"image","raw":"","attachment_id":null},"step":{"type":"textfield","raw":[""]},"how-to-use-extra-information":{"type":"textfield","raw":""}},"product-additional-info":{"print-screen-images":{"type":"file","raw":"","attachment_id":null}},"product-video":{"youtube-id":{"type":"textfield","raw":"f3l4MH0XaZ8"}},"product-info":{"product-features":{"type":"textfield","raw":["Fonctionne sans d\u00e9montage des composants du syst\u00e8me de carburant. Facile \u00e0 connecter et \u00e0 manipuler","Contient 4 programmes de nettoyage : Traitement du circuit de carburant, Traitement de l'admission d'air, Traitement du turbo, Traitement du DPF","Fonctionne via la batterie du v\u00e9hicule (12 V).","Lorsque le traitement est termin\u00e9, l'appareil s'arr\u00eate automatiquement et une alarme est activ\u00e9e. L'appareil peut \u00eatre arr\u00eat\u00e9 \u00e0 tout moment pendant le traitement."]}}},"_links":{"self":[{"href":"https:\/\/www.wynns.be\/fr\/wp-json\/wp\/v2\/product\/13220","targetHints":{"allow":["GET"]}}],"collection":[{"href":"https:\/\/www.wynns.be\/fr\/wp-json\/wp\/v2\/product"}],"about":[{"href":"https:\/\/www.wynns.be\/fr\/wp-json\/wp\/v2\/types\/product"}],"wp:featuredmedia":[{"embeddable":true,"href":"https:\/\/www.wynns.be\/fr\/wp-json\/wp\/v2\/media\/13233"}],"wp:attachment":[{"href":"https:\/\/www.wynns.be\/fr\/wp-json\/wp\/v2\/media?parent=13220"}],"wp:term":[{"taxonomy":"product_brand","embeddable":true,"href":"https:\/\/www.wynns.be\/fr\/wp-json\/wp\/v2\/product_brand?post=13220"},{"taxonomy":"product_cat","embeddable":true,"href":"https:\/\/www.wynns.be\/fr\/wp-json\/wp\/v2\/product_cat?post=13220"},{"taxonomy":"product_tag","embeddable":true,"href":"https:\/\/www.wynns.be\/fr\/wp-json\/wp\/v2\/product_tag?post=13220"},{"taxonomy":"audience","embeddable":true,"href":"https:\/\/www.wynns.be\/fr\/wp-json\/wp\/v2\/audience?post=13220"},{"taxonomy":"usage","embeddable":true,"href":"https:\/\/www.wynns.be\/fr\/wp-json\/wp\/v2\/usage?post=13220"}],"curies":[{"name":"wp","href":"https:\/\/api.w.org\/{rel}","templated":true}]}}