{"id":13376,"date":"2021-05-25T14:01:42","date_gmt":"2021-05-25T14:01:42","guid":{"rendered":"https:\/\/be.wynns2021.wpengine.com\/product\/cooling-system-stop-leak-2\/"},"modified":"2025-04-23T14:08:33","modified_gmt":"2025-04-23T14:08:33","slug":"cooling-system-stop-leak-2","status":"publish","type":"product","link":"https:\/\/www.wynns.be\/fr\/produit\/cooling-system-stop-leak-2\/","title":{"rendered":"Cooling System Stop Leak"},"content":{"rendered":"<p>Bouche les petites fuites dans le radiateur et le syst\u00e8me de refroidissement, avec des propri\u00e9t\u00e9s anticorrosives.<\/p>\n","protected":false},"excerpt":{"rendered":"<p>Anti fuite radiateur<\/p>\n","protected":false},"featured_media":28830,"template":"","meta":{"inline_featured_image":false},"product_brand":[],"product_cat":[1830,1284],"product_tag":[1831,1832,1453,1659,1674,1660,1843,1836,1662,1837,1838,1840,1845,1846],"audience":[1212],"usage":[1301,1302],"class_list":{"0":"post-13376","1":"product","2":"type-product","3":"status-publish","4":"has-post-thumbnail","6":"product_cat-additifs-refroidissement-professionnel","7":"product_cat-professionnel","8":"product_tag-chauffage","9":"product_tag-circuit-ferme","10":"product_tag-corrosion-fr","11":"product_tag-fuite","12":"product_tag-fuites","13":"product_tag-huile-fr","14":"product_tag-joint-detancheite","15":"product_tag-liquide-de-refroidissement","16":"product_tag-qui-fuit","17":"product_tag-radiateur","18":"product_tag-refroidissement","19":"product_tag-temperature-fr","20":"product_tag-w45641-fr","21":"product_tag-w45644-fr","22":"audience-audience-professionals-fr","23":"usage-entretien-regulier","24":"usage-resolution-de-problemes","26":"first","27":"instock","28":"shipping-taxable","29":"product-type-simple"},"wynns_product_variations":[{"id":"28797","product_code":"W45644","capacity_ml":"325","units_per_case":"12","packaging_language":"EN, ES, RU, SV, HU, PL","ean13_barcode":"5411693456442","tds":[{"id":"28802","tds_language":"Russie","tds_file":"https:\/\/wynns2021.wpengine.com\/products\/TDS\/W45644_TDS_RU.pdf"},{"id":"28801","tds_language":"Fran\u00e7ais","tds_file":"https:\/\/wynns2021.wpengine.com\/products\/TDS\/W45644_TDS_FR.pdf"},{"id":"28800","tds_language":"Espagnol","tds_file":"https:\/\/wynns2021.wpengine.com\/products\/TDS\/W45644_TDS_ES.pdf"},{"id":"28799","tds_language":"Anglais","tds_file":"https:\/\/wynns2021.wpengine.com\/products\/TDS\/W45644_TDS_EN.pdf"},{"id":"28798","tds_language":"Allemand","tds_file":"https:\/\/wynns2021.wpengine.com\/products\/TDS\/W45644_TDS_DE.pdf"}],"msds":[{"id":"28803","msds_language":"Bulgare","msds_file":"https:\/\/wynns2021.wpengine.com\/products\/MSDS\/W45644_MSDS_Bulgare.pdf"},{"id":"28804","msds_language":"Tch\u00e8que","msds_file":"https:\/\/wynns2021.wpengine.com\/products\/MSDS\/W45644_MSDS_Tch\u00e8que.pdf"},{"id":"28805","msds_language":"Danois","msds_file":"https:\/\/wynns2021.wpengine.com\/products\/MSDS\/W45644_MSDS_Danois.pdf"},{"id":"28806","msds_language":"Grec","msds_file":"https:\/\/wynns2021.wpengine.com\/products\/MSDS\/W45644_MSDS_Grec.pdf"},{"id":"28807","msds_language":"German","msds_file":"https:\/\/wynns2021.wpengine.com\/products\/MSDS\/W45644_MSDS_DE.pdf"},{"id":"28808","msds_language":"English","msds_file":"https:\/\/wynns2021.wpengine.com\/products\/MSDS\/W45644_MSDS_EN.pdf"},{"id":"28809","msds_language":"Spanish","msds_file":"https:\/\/wynns2021.wpengine.com\/products\/MSDS\/W45644_MSDS_ES.pdf"},{"id":"28810","msds_language":"Estonien","msds_file":"https:\/\/wynns2021.wpengine.com\/products\/MSDS\/W45644_MSDS_Estonien.pdf"},{"id":"28811","msds_language":"Finnois","msds_file":"https:\/\/wynns2021.wpengine.com\/products\/MSDS\/W45644_MSDS_Finnois.pdf"},{"id":"28812","msds_language":"French","msds_file":"https:\/\/wynns2021.wpengine.com\/products\/MSDS\/W45644_MSDS_FR.pdf"},{"id":"28813","msds_language":"Croate","msds_file":"https:\/\/wynns2021.wpengine.com\/products\/MSDS\/W45644_MSDS_Croate.pdf"},{"id":"28814","msds_language":"Hongrois","msds_file":"https:\/\/wynns2021.wpengine.com\/products\/MSDS\/W45644_MSDS_Hongrois.pdf"},{"id":"28815","msds_language":"Italian","msds_file":"https:\/\/wynns2021.wpengine.com\/products\/MSDS\/W45644_MSDS_IT.pdf"},{"id":"28816","msds_language":"Lituanien","msds_file":"https:\/\/wynns2021.wpengine.com\/products\/MSDS\/W45644_MSDS_Lituanien.pdf"},{"id":"28817","msds_language":"Letton","msds_file":"https:\/\/wynns2021.wpengine.com\/products\/MSDS\/W45644_MSDS_Letton.pdf"},{"id":"28818","msds_language":"Dutch","msds_file":"https:\/\/wynns2021.wpengine.com\/products\/MSDS\/W45644_MSDS_NL.pdf"},{"id":"28819","msds_language":"Norv\u00e9gien","msds_file":"https:\/\/wynns2021.wpengine.com\/products\/MSDS\/W45644_MSDS_Norv\u00e9gien.pdf"},{"id":"28820","msds_language":"Polonais","msds_file":"https:\/\/wynns2021.wpengine.com\/products\/MSDS\/W45644_MSDS_Polonais.pdf"},{"id":"28821","msds_language":"Portuguese","msds_file":"https:\/\/wynns2021.wpengine.com\/products\/MSDS\/W45644_MSDS_PT.pdf"},{"id":"28822","msds_language":"Roumain","msds_file":"https:\/\/wynns2021.wpengine.com\/products\/MSDS\/W45644_MSDS_Roumain.pdf"},{"id":"28823","msds_language":"Russian","msds_file":"https:\/\/wynns2021.wpengine.com\/products\/MSDS\/W45644_MSDS_RU.pdf"},{"id":"28824","msds_language":"Slovaque","msds_file":"https:\/\/wynns2021.wpengine.com\/products\/MSDS\/W45644_MSDS_Slovaque.pdf"},{"id":"28825","msds_language":"Slov\u00e8ne","msds_file":"https:\/\/wynns2021.wpengine.com\/products\/MSDS\/W45644_MSDS_Slov\u00e8ne.pdf"},{"id":"28826","msds_language":"Serbe","msds_file":"https:\/\/wynns2021.wpengine.com\/products\/MSDS\/W45644_MSDS_Serbe.pdf"},{"id":"28827","msds_language":"Su\u00e9dois","msds_file":"https:\/\/wynns2021.wpengine.com\/products\/MSDS\/W45644_MSDS_Su\u00e9dois.pdf"},{"id":"28828","msds_language":"Turc","msds_file":"https:\/\/wynns2021.wpengine.com\/products\/MSDS\/W45644_MSDS_Turc.pdf"},{"id":"28829","msds_language":"Ukrainien","msds_file":"https:\/\/wynns2021.wpengine.com\/products\/MSDS\/W45644_MSDS_Ukrainien.pdf"}]},{"id":"17225","product_code":"W45641","capacity_ml":"325","units_per_case":"12","packaging_language":"DE, IT, FR, NL, DA, NO","ean13_barcode":"5411693456411","tds":[{"id":"17326","tds_language":"N\u00e9erlandais","tds_file":"https:\/\/wynns2021.wpengine.com\/products\/TDS\/W45641_TDS_NL.pdf"},{"id":"17324","tds_language":"Italien","tds_file":"https:\/\/wynns2021.wpengine.com\/products\/TDS\/W45641_TDS_IT.pdf"},{"id":"17322","tds_language":"Fran\u00e7ais","tds_file":"https:\/\/wynns2021.wpengine.com\/products\/TDS\/W45641_TDS_FR.pdf"},{"id":"17320","tds_language":"Anglais","tds_file":"https:\/\/wynns2021.wpengine.com\/products\/TDS\/W45641_TDS_EN.pdf"},{"id":"17318","tds_language":"Allemand","tds_file":"https:\/\/wynns2021.wpengine.com\/products\/TDS\/W45641_TDS_DE.pdf"}],"msds":[{"id":"17329","msds_language":"Bulgare","msds_file":"https:\/\/wynns2021.wpengine.com\/products\/MSDS\/W45641_MSDS_Bulgare.pdf"},{"id":"17331","msds_language":"Tch\u00e8que","msds_file":"https:\/\/wynns2021.wpengine.com\/products\/MSDS\/W45641_MSDS_Tch\u00e8que.pdf"},{"id":"17333","msds_language":"Danois","msds_file":"https:\/\/wynns2021.wpengine.com\/products\/MSDS\/W45641_MSDS_Danois.pdf"},{"id":"17335","msds_language":"German","msds_file":"https:\/\/wynns2021.wpengine.com\/products\/MSDS\/W45641_MSDS_DE.pdf"},{"id":"17337","msds_language":"Grec","msds_file":"https:\/\/wynns2021.wpengine.com\/products\/MSDS\/W45641_MSDS_Grec.pdf"},{"id":"17339","msds_language":"English","msds_file":"https:\/\/wynns2021.wpengine.com\/products\/MSDS\/W45641_MSDS_EN.pdf"},{"id":"17341","msds_language":"Spanish","msds_file":"https:\/\/wynns2021.wpengine.com\/products\/MSDS\/W45641_MSDS_ES.pdf"},{"id":"17343","msds_language":"Finnois","msds_file":"https:\/\/wynns2021.wpengine.com\/products\/MSDS\/W45641_MSDS_Finnois.pdf"},{"id":"17345","msds_language":"Estonien","msds_file":"https:\/\/wynns2021.wpengine.com\/products\/MSDS\/W45641_MSDS_Estonien.pdf"},{"id":"17347","msds_language":"French","msds_file":"https:\/\/wynns2021.wpengine.com\/products\/MSDS\/W45641_MSDS_FR.pdf"},{"id":"17349","msds_language":"Croate","msds_file":"https:\/\/wynns2021.wpengine.com\/products\/MSDS\/W45641_MSDS_Croate.pdf"},{"id":"17351","msds_language":"Hongrois","msds_file":"https:\/\/wynns2021.wpengine.com\/products\/MSDS\/W45641_MSDS_Hongrois.pdf"},{"id":"17353","msds_language":"Italian","msds_file":"https:\/\/wynns2021.wpengine.com\/products\/MSDS\/W45641_MSDS_IT.pdf"},{"id":"17354","msds_language":"Lituanien","msds_file":"https:\/\/wynns2021.wpengine.com\/products\/MSDS\/W45641_MSDS_Lituanien.pdf"},{"id":"17355","msds_language":"Letton","msds_file":"https:\/\/wynns2021.wpengine.com\/products\/MSDS\/W45641_MSDS_Letton.pdf"},{"id":"17356","msds_language":"Dutch","msds_file":"https:\/\/wynns2021.wpengine.com\/products\/MSDS\/W45641_MSDS_NL.pdf"},{"id":"17357","msds_language":"Norv\u00e9gien","msds_file":"https:\/\/wynns2021.wpengine.com\/products\/MSDS\/W45641_MSDS_Norv\u00e9gien.pdf"},{"id":"17358","msds_language":"Polonais","msds_file":"https:\/\/wynns2021.wpengine.com\/products\/MSDS\/W45641_MSDS_Polonais.pdf"},{"id":"17359","msds_language":"Portuguese","msds_file":"https:\/\/wynns2021.wpengine.com\/products\/MSDS\/W45641_MSDS_PT.pdf"},{"id":"17360","msds_language":"Roumain","msds_file":"https:\/\/wynns2021.wpengine.com\/products\/MSDS\/W45641_MSDS_Roumain.pdf"},{"id":"17361","msds_language":"Russian","msds_file":"https:\/\/wynns2021.wpengine.com\/products\/MSDS\/W45641_MSDS_RU.pdf"},{"id":"17362","msds_language":"Slovaque","msds_file":"https:\/\/wynns2021.wpengine.com\/products\/MSDS\/W45641_MSDS_Slovaque.pdf"},{"id":"17363","msds_language":"Slov\u00e8ne","msds_file":"https:\/\/wynns2021.wpengine.com\/products\/MSDS\/W45641_MSDS_Slov\u00e8ne.pdf"},{"id":"17364","msds_language":"Serbe","msds_file":"https:\/\/wynns2021.wpengine.com\/products\/MSDS\/W45641_MSDS_Serbe.pdf"},{"id":"17365","msds_language":"Su\u00e9dois","msds_file":"https:\/\/wynns2021.wpengine.com\/products\/MSDS\/W45641_MSDS_Su\u00e9dois.pdf"},{"id":"17366","msds_language":"Turc","msds_file":"https:\/\/wynns2021.wpengine.com\/products\/MSDS\/W45641_MSDS_Turc.pdf"},{"id":"17367","msds_language":"Ukrainien","msds_file":"https:\/\/wynns2021.wpengine.com\/products\/MSDS\/W45641_MSDS_Ukrainien.pdf"}]}],"wynns_parts":[{"name":"Circuit de refroidissement","rating":"5"}],"yoast_head":"<!-- This site is optimized with the Yoast SEO plugin v27.5 - https:\/\/yoast.com\/product\/yoast-seo-wordpress\/ -->\n<title>Cooling System Stop Leak | Wynn&#039;s Belgium<\/title>\n<meta name=\"description\" content=\"Bouche les petites fuites dans le radiateur et le syst\u00e8me de refroidissement. Compatible avec tous les antigels et liquides OAT.\" \/>\n<meta name=\"robots\" content=\"index, follow, max-snippet:-1, max-image-preview:large, max-video-preview:-1\" \/>\n<link rel=\"canonical\" href=\"https:\/\/www.wynns.be\/fr\/produit\/cooling-system-stop-leak-2\/\" \/>\n<meta property=\"og:locale\" content=\"fr_FR\" \/>\n<meta property=\"og:type\" content=\"article\" \/>\n<meta property=\"og:title\" content=\"Cooling System Stop Leak | Wynn&#039;s Belgium\" \/>\n<meta property=\"og:description\" content=\"Bouche les petites fuites dans le radiateur et le syst\u00e8me de refroidissement. Compatible avec tous les antigels et liquides OAT.\" \/>\n<meta property=\"og:url\" content=\"https:\/\/www.wynns.be\/fr\/produit\/cooling-system-stop-leak-2\/\" \/>\n<meta property=\"og:site_name\" content=\"Wynn&#039;s Belgium\" \/>\n<meta property=\"article:modified_time\" content=\"2025-04-23T14:08:33+00:00\" \/>\n<meta property=\"og:image\" content=\"https:\/\/www.wynns.be\/wp-content\/uploads\/sites\/12\/2021\/05\/W45641.jpg\" \/>\n\t<meta property=\"og:image:width\" content=\"1050\" \/>\n\t<meta property=\"og:image:height\" content=\"1050\" \/>\n\t<meta property=\"og:image:type\" content=\"image\/jpeg\" \/>\n<meta name=\"twitter:card\" content=\"summary_large_image\" \/>\n<script type=\"application\/ld+json\" class=\"yoast-schema-graph\">{\"@context\":\"https:\\\/\\\/schema.org\",\"@graph\":[{\"@type\":\"WebPage\",\"@id\":\"https:\\\/\\\/www.wynns.be\\\/fr\\\/produit\\\/cooling-system-stop-leak-2\\\/\",\"url\":\"https:\\\/\\\/www.wynns.be\\\/fr\\\/produit\\\/cooling-system-stop-leak-2\\\/\",\"name\":\"Cooling System Stop Leak | Wynn&#039;s Belgium\",\"isPartOf\":{\"@id\":\"https:\\\/\\\/www.wynns.be\\\/nl\\\/#website\"},\"primaryImageOfPage\":{\"@id\":\"https:\\\/\\\/www.wynns.be\\\/fr\\\/produit\\\/cooling-system-stop-leak-2\\\/#primaryimage\"},\"image\":{\"@id\":\"https:\\\/\\\/www.wynns.be\\\/fr\\\/produit\\\/cooling-system-stop-leak-2\\\/#primaryimage\"},\"thumbnailUrl\":\"https:\\\/\\\/www.wynns.be\\\/wp-content\\\/uploads\\\/sites\\\/12\\\/2021\\\/05\\\/W45641.jpg\",\"datePublished\":\"2021-05-25T14:01:42+00:00\",\"dateModified\":\"2025-04-23T14:08:33+00:00\",\"description\":\"Bouche les petites fuites dans le radiateur et le syst\u00e8me de refroidissement. Compatible avec tous les antigels et liquides OAT.\",\"breadcrumb\":{\"@id\":\"https:\\\/\\\/www.wynns.be\\\/fr\\\/produit\\\/cooling-system-stop-leak-2\\\/#breadcrumb\"},\"inLanguage\":\"fr-BE\",\"potentialAction\":[{\"@type\":\"ReadAction\",\"target\":[\"https:\\\/\\\/www.wynns.be\\\/fr\\\/produit\\\/cooling-system-stop-leak-2\\\/\"]}]},{\"@type\":\"ImageObject\",\"inLanguage\":\"fr-BE\",\"@id\":\"https:\\\/\\\/www.wynns.be\\\/fr\\\/produit\\\/cooling-system-stop-leak-2\\\/#primaryimage\",\"url\":\"https:\\\/\\\/www.wynns.be\\\/wp-content\\\/uploads\\\/sites\\\/12\\\/2021\\\/05\\\/W45641.jpg\",\"contentUrl\":\"https:\\\/\\\/www.wynns.be\\\/wp-content\\\/uploads\\\/sites\\\/12\\\/2021\\\/05\\\/W45641.jpg\",\"width\":1050,\"height\":1050,\"caption\":\"cooling system stop leak wynn's\"},{\"@type\":\"BreadcrumbList\",\"@id\":\"https:\\\/\\\/www.wynns.be\\\/fr\\\/produit\\\/cooling-system-stop-leak-2\\\/#breadcrumb\",\"itemListElement\":[{\"@type\":\"ListItem\",\"position\":1,\"name\":\"Home\",\"item\":\"https:\\\/\\\/www.wynns.be\\\/fr\\\/\"},{\"@type\":\"ListItem\",\"position\":2,\"name\":\"Produits\",\"item\":\"https:\\\/\\\/www.wynns.be\\\/fr\\\/shop\\\/\"},{\"@type\":\"ListItem\",\"position\":3,\"name\":\"Cooling System Stop Leak\"}]},{\"@type\":\"WebSite\",\"@id\":\"https:\\\/\\\/www.wynns.be\\\/nl\\\/#website\",\"url\":\"https:\\\/\\\/www.wynns.be\\\/nl\\\/\",\"name\":\"Wynn&#039;s Belgium\",\"description\":\"Specialist in additives\",\"potentialAction\":[{\"@type\":\"SearchAction\",\"target\":{\"@type\":\"EntryPoint\",\"urlTemplate\":\"https:\\\/\\\/www.wynns.be\\\/nl\\\/?s={search_term_string}\"},\"query-input\":{\"@type\":\"PropertyValueSpecification\",\"valueRequired\":true,\"valueName\":\"search_term_string\"}}],\"inLanguage\":\"fr-BE\"}]}<\/script>\n<!-- \/ Yoast SEO plugin. -->","yoast_head_json":{"title":"Cooling System Stop Leak | Wynn&#039;s Belgium","description":"Bouche les petites fuites dans le radiateur et le syst\u00e8me de refroidissement. Compatible avec tous les antigels et liquides OAT.","robots":{"index":"index","follow":"follow","max-snippet":"max-snippet:-1","max-image-preview":"max-image-preview:large","max-video-preview":"max-video-preview:-1"},"canonical":"https:\/\/www.wynns.be\/fr\/produit\/cooling-system-stop-leak-2\/","og_locale":"fr_FR","og_type":"article","og_title":"Cooling System Stop Leak | Wynn&#039;s Belgium","og_description":"Bouche les petites fuites dans le radiateur et le syst\u00e8me de refroidissement. Compatible avec tous les antigels et liquides OAT.","og_url":"https:\/\/www.wynns.be\/fr\/produit\/cooling-system-stop-leak-2\/","og_site_name":"Wynn&#039;s Belgium","article_modified_time":"2025-04-23T14:08:33+00:00","og_image":[{"width":1050,"height":1050,"url":"https:\/\/www.wynns.be\/wp-content\/uploads\/sites\/12\/2021\/05\/W45641.jpg","type":"image\/jpeg"}],"twitter_card":"summary_large_image","schema":{"@context":"https:\/\/schema.org","@graph":[{"@type":"WebPage","@id":"https:\/\/www.wynns.be\/fr\/produit\/cooling-system-stop-leak-2\/","url":"https:\/\/www.wynns.be\/fr\/produit\/cooling-system-stop-leak-2\/","name":"Cooling System Stop Leak | Wynn&#039;s Belgium","isPartOf":{"@id":"https:\/\/www.wynns.be\/nl\/#website"},"primaryImageOfPage":{"@id":"https:\/\/www.wynns.be\/fr\/produit\/cooling-system-stop-leak-2\/#primaryimage"},"image":{"@id":"https:\/\/www.wynns.be\/fr\/produit\/cooling-system-stop-leak-2\/#primaryimage"},"thumbnailUrl":"https:\/\/www.wynns.be\/wp-content\/uploads\/sites\/12\/2021\/05\/W45641.jpg","datePublished":"2021-05-25T14:01:42+00:00","dateModified":"2025-04-23T14:08:33+00:00","description":"Bouche les petites fuites dans le radiateur et le syst\u00e8me de refroidissement. Compatible avec tous les antigels et liquides OAT.","breadcrumb":{"@id":"https:\/\/www.wynns.be\/fr\/produit\/cooling-system-stop-leak-2\/#breadcrumb"},"inLanguage":"fr-BE","potentialAction":[{"@type":"ReadAction","target":["https:\/\/www.wynns.be\/fr\/produit\/cooling-system-stop-leak-2\/"]}]},{"@type":"ImageObject","inLanguage":"fr-BE","@id":"https:\/\/www.wynns.be\/fr\/produit\/cooling-system-stop-leak-2\/#primaryimage","url":"https:\/\/www.wynns.be\/wp-content\/uploads\/sites\/12\/2021\/05\/W45641.jpg","contentUrl":"https:\/\/www.wynns.be\/wp-content\/uploads\/sites\/12\/2021\/05\/W45641.jpg","width":1050,"height":1050,"caption":"cooling system stop leak wynn's"},{"@type":"BreadcrumbList","@id":"https:\/\/www.wynns.be\/fr\/produit\/cooling-system-stop-leak-2\/#breadcrumb","itemListElement":[{"@type":"ListItem","position":1,"name":"Home","item":"https:\/\/www.wynns.be\/fr\/"},{"@type":"ListItem","position":2,"name":"Produits","item":"https:\/\/www.wynns.be\/fr\/shop\/"},{"@type":"ListItem","position":3,"name":"Cooling System Stop Leak"}]},{"@type":"WebSite","@id":"https:\/\/www.wynns.be\/nl\/#website","url":"https:\/\/www.wynns.be\/nl\/","name":"Wynn&#039;s Belgium","description":"Specialist in additives","potentialAction":[{"@type":"SearchAction","target":{"@type":"EntryPoint","urlTemplate":"https:\/\/www.wynns.be\/nl\/?s={search_term_string}"},"query-input":{"@type":"PropertyValueSpecification","valueRequired":true,"valueName":"search_term_string"}}],"inLanguage":"fr-BE"}]}},"toolset-meta":{"toolset-woocommerce-fields-3":[],"toolset-woocommerce-fields-2":[],"toolset-woocommerce-fields":{"_download_limit":{"type":"numeric","raw":"-1"},"_virtual":{"type":"checkbox","raw":"no"},"_downloadable":{"type":"checkbox","raw":"no"},"_download_expiry":{"type":"numeric","raw":"-1"},"_download_type":{"type":"radio","raw":""},"_regular_price":{"type":"numeric","raw":""},"_sale_price":{"type":"numeric","raw":""},"_sale_price_dates_from":{"type":"date","raw":"","formatted":null},"_sale_price_dates_to":{"type":"date","raw":"","formatted":null},"_sku":{"type":"textfield","raw":"W45644, W45641"},"_manage_stock":{"type":"checkbox","raw":"no"},"_stock_status":{"type":"radio","raw":"instock"},"_stock":{"type":"numeric","raw":null},"_backorders":{"type":"radio","raw":"no"},"_sold_individually":{"type":"checkbox","raw":"no"},"_width":{"type":"numeric","raw":""},"_weight":{"type":"numeric","raw":""},"_length":{"type":"numeric","raw":""},"_purchase_note":{"type":"textarea","raw":""}},"parts":[],"compatibility":{"engine":{"type":"select","raw":"Petrol & Hybrid petrol, Diesel & Hybrid diesel"},"fuel":{"type":"select","raw":""},"extra-compatibility-text":{"type":"textfield","raw":""}},"how-to-use":{"how-to-use-image":{"type":"image","raw":"https:\/\/wynns2021.wpengine.com\/wp-content\/uploads\/2021\/05\/How-to-use-cooling-sistem-fr.png","attachment_id":null},"step":{"type":"textfield","raw":["Ajouter au circuit de refroidissement","Jusqu'\u00e0 12 litres de liquide de refroidissement"]},"how-to-use-extra-information":{"type":"textfield","raw":""}},"product-additional-info":{"print-screen-images":{"type":"file","raw":"","attachment_id":null}},"product-video":{"youtube-id":{"type":"textfield","raw":""}},"product-info":{"product-features":{"type":"textfield","raw":["Arr\u00eate et pr\u00e9vient les fuites dans le radiateur, le syst\u00e8me de refroidissement et de chauffage.","Emp\u00eache les fuites du joint de t\u00eate.","N'endommage pas les tuyaux en caoutchouc, les joints d'\u00e9tanch\u00e9it\u00e9 ni les autres composants du syst\u00e8me.","Est compatible avec tous les antigels et liquides de refroidissement, \u00e9galement avec les liquides de refroidissement OAT (Organic Acid Technology)."]}}},"_links":{"self":[{"href":"https:\/\/www.wynns.be\/fr\/wp-json\/wp\/v2\/product\/13376","targetHints":{"allow":["GET"]}}],"collection":[{"href":"https:\/\/www.wynns.be\/fr\/wp-json\/wp\/v2\/product"}],"about":[{"href":"https:\/\/www.wynns.be\/fr\/wp-json\/wp\/v2\/types\/product"}],"wp:featuredmedia":[{"embeddable":true,"href":"https:\/\/www.wynns.be\/fr\/wp-json\/wp\/v2\/media\/28830"}],"wp:attachment":[{"href":"https:\/\/www.wynns.be\/fr\/wp-json\/wp\/v2\/media?parent=13376"}],"wp:term":[{"taxonomy":"product_brand","embeddable":true,"href":"https:\/\/www.wynns.be\/fr\/wp-json\/wp\/v2\/product_brand?post=13376"},{"taxonomy":"product_cat","embeddable":true,"href":"https:\/\/www.wynns.be\/fr\/wp-json\/wp\/v2\/product_cat?post=13376"},{"taxonomy":"product_tag","embeddable":true,"href":"https:\/\/www.wynns.be\/fr\/wp-json\/wp\/v2\/product_tag?post=13376"},{"taxonomy":"audience","embeddable":true,"href":"https:\/\/www.wynns.be\/fr\/wp-json\/wp\/v2\/audience?post=13376"},{"taxonomy":"usage","embeddable":true,"href":"https:\/\/www.wynns.be\/fr\/wp-json\/wp\/v2\/usage?post=13376"}],"curies":[{"name":"wp","href":"https:\/\/api.w.org\/{rel}","templated":true}]}}