{"id":13380,"date":"2021-01-23T12:17:53","date_gmt":"2021-01-23T12:17:53","guid":{"rendered":"https:\/\/be.wynns2021.wpengine.com\/product\/cylinder-block-seal\/"},"modified":"2025-04-23T14:06:43","modified_gmt":"2025-04-23T14:06:43","slug":"cylinder-block-seal","status":"publish","type":"product","link":"https:\/\/www.wynns.be\/fr\/produit\/cylinder-block-seal\/","title":{"rendered":"Cylinder Block Seal"},"content":{"rendered":"<p>R\u00e9pare les fissures des blocs-cylindres sans les d\u00e9monter.<\/p>\n","protected":false},"excerpt":{"rendered":"<p>Soudure bloc moteur<\/p>\n","protected":false},"featured_media":28834,"template":"","meta":{"inline_featured_image":false},"product_brand":[],"product_cat":[1830,1284],"product_tag":[1847,1848,1849,1843,1850,1838,1851,1852],"audience":[1212],"usage":[1301,1302],"class_list":{"0":"post-13380","1":"product","2":"type-product","3":"status-publish","4":"has-post-thumbnail","6":"product_cat-additifs-refroidissement-professionnel","7":"product_cat-professionnel","8":"product_tag-bloc","9":"product_tag-cylindre","10":"product_tag-etancheite","11":"product_tag-joint-detancheite","12":"product_tag-joints-detancheite","13":"product_tag-refroidissement","14":"product_tag-sceller","15":"product_tag-w72250-fr-2","16":"audience-audience-professionals-fr","17":"usage-entretien-regulier","18":"usage-resolution-de-problemes","20":"first","21":"instock","22":"product-type-simple"},"wynns_product_variations":[{"id":"17370","product_code":"W72250","capacity_ml":"325","units_per_case":"12","packaging_language":"EN, FR, DE, NL, IT, TR, EL, CZ","ean13_barcode":"5411693722509","tds":[{"id":"17375","tds_language":"N\u00e9erlandais","tds_file":"https:\/\/wynns2021.wpengine.com\/products\/TDS\/W72250_TDS_NL.pdf"},{"id":"17374","tds_language":"Italien","tds_file":"https:\/\/wynns2021.wpengine.com\/products\/TDS\/W72250_TDS_IT.pdf"},{"id":"17373","tds_language":"Fran\u00e7ais","tds_file":"https:\/\/wynns2021.wpengine.com\/products\/TDS\/W72250_TDS_FR.pdf"},{"id":"17372","tds_language":"Anglais","tds_file":"https:\/\/wynns2021.wpengine.com\/products\/TDS\/W72250_TDS_EN.pdf"},{"id":"17371","tds_language":"Allemand","tds_file":"https:\/\/wynns2021.wpengine.com\/products\/TDS\/W72250_TDS_DE.pdf"}],"msds":[{"id":"17376","msds_language":"Bulgare","msds_file":"https:\/\/wynns2021.wpengine.com\/products\/MSDS\/W72250_MSDS_Bulgare.pdf"},{"id":"17377","msds_language":"Tch\u00e8que","msds_file":"https:\/\/wynns2021.wpengine.com\/products\/MSDS\/W72250_MSDS_Tch\u00e8que.pdf"},{"id":"17378","msds_language":"Danois","msds_file":"https:\/\/wynns2021.wpengine.com\/products\/MSDS\/W72250_MSDS_Danois.pdf"},{"id":"17379","msds_language":"German","msds_file":"https:\/\/wynns2021.wpengine.com\/products\/MSDS\/W72250_MSDS_DE.pdf"},{"id":"17380","msds_language":"Grec","msds_file":"https:\/\/wynns2021.wpengine.com\/products\/MSDS\/W72250_MSDS_Grec.pdf"},{"id":"17381","msds_language":"English","msds_file":"https:\/\/wynns2021.wpengine.com\/products\/MSDS\/W72250_MSDS_EN.pdf"},{"id":"17382","msds_language":"Spanish","msds_file":"https:\/\/wynns2021.wpengine.com\/products\/MSDS\/W72250_MSDS_ES.pdf"},{"id":"17383","msds_language":"Estonien","msds_file":"https:\/\/wynns2021.wpengine.com\/products\/MSDS\/W72250_MSDS_Estonien.pdf"},{"id":"17384","msds_language":"Finnois","msds_file":"https:\/\/wynns2021.wpengine.com\/products\/MSDS\/W72250_MSDS_Finnois.pdf"},{"id":"17385","msds_language":"French","msds_file":"https:\/\/wynns2021.wpengine.com\/products\/MSDS\/W72250_MSDS_FR.pdf"},{"id":"17386","msds_language":"Croate","msds_file":"https:\/\/wynns2021.wpengine.com\/products\/MSDS\/W72250_MSDS_Croate.pdf"},{"id":"17387","msds_language":"Hongrois","msds_file":"https:\/\/wynns2021.wpengine.com\/products\/MSDS\/W72250_MSDS_Hongrois.pdf"},{"id":"17388","msds_language":"Italian","msds_file":"https:\/\/wynns2021.wpengine.com\/products\/MSDS\/W72250_MSDS_IT.pdf"},{"id":"17389","msds_language":"Lituanien","msds_file":"https:\/\/wynns2021.wpengine.com\/products\/MSDS\/W72250_MSDS_Lituanien.pdf"},{"id":"17390","msds_language":"Letton","msds_file":"https:\/\/wynns2021.wpengine.com\/products\/MSDS\/W72250_MSDS_Letton.pdf"},{"id":"17391","msds_language":"Dutch","msds_file":"https:\/\/wynns2021.wpengine.com\/products\/MSDS\/W72250_MSDS_NL.pdf"},{"id":"17392","msds_language":"Norv\u00e9gien","msds_file":"https:\/\/wynns2021.wpengine.com\/products\/MSDS\/W72250_MSDS_Norv\u00e9gien.pdf"},{"id":"17393","msds_language":"Polonais","msds_file":"https:\/\/wynns2021.wpengine.com\/products\/MSDS\/W72250_MSDS_Polonais.pdf"},{"id":"17394","msds_language":"Portuguese","msds_file":"https:\/\/wynns2021.wpengine.com\/products\/MSDS\/W72250_MSDS_PT.pdf"},{"id":"17395","msds_language":"Roumain","msds_file":"https:\/\/wynns2021.wpengine.com\/products\/MSDS\/W72250_MSDS_Roumain.pdf"},{"id":"17396","msds_language":"Russian","msds_file":"https:\/\/wynns2021.wpengine.com\/products\/MSDS\/W72250_MSDS_RU.pdf"},{"id":"17397","msds_language":"Slovaque","msds_file":"https:\/\/wynns2021.wpengine.com\/products\/MSDS\/W72250_MSDS_Slovaque.pdf"},{"id":"17398","msds_language":"Slov\u00e8ne","msds_file":"https:\/\/wynns2021.wpengine.com\/products\/MSDS\/W72250_MSDS_Slov\u00e8ne.pdf"},{"id":"17399","msds_language":"Serbe","msds_file":"https:\/\/wynns2021.wpengine.com\/products\/MSDS\/W72250_MSDS_Serbe.pdf"},{"id":"17400","msds_language":"Su\u00e9dois","msds_file":"https:\/\/wynns2021.wpengine.com\/products\/MSDS\/W72250_MSDS_Su\u00e9dois.pdf"},{"id":"17401","msds_language":"Turc","msds_file":"https:\/\/wynns2021.wpengine.com\/products\/MSDS\/W72250_MSDS_Turc.pdf"},{"id":"17402","msds_language":"Ukrainien","msds_file":"https:\/\/wynns2021.wpengine.com\/products\/MSDS\/W72250_MSDS_Ukrainien.pdf"}]}],"wynns_parts":[{"name":"Circuit de refroidissement","rating":"5"}],"yoast_head":"<!-- This site is optimized with the Yoast SEO plugin v27.3 - https:\/\/yoast.com\/product\/yoast-seo-wordpress\/ -->\n<title>Cylinder Block Seal | Wynn&#039;s Belgium<\/title>\n<meta name=\"description\" content=\"R\u00e9pare fissures des blocs-cylindres sans d\u00e9montage. Forme une couche dure, r\u00e9pare en 30 minutes et arr\u00eate les petites fuites\/fissures.\" \/>\n<meta name=\"robots\" content=\"index, follow, max-snippet:-1, max-image-preview:large, max-video-preview:-1\" \/>\n<link rel=\"canonical\" href=\"https:\/\/www.wynns.be\/fr\/produit\/cylinder-block-seal\/\" \/>\n<meta property=\"og:locale\" content=\"fr_FR\" \/>\n<meta property=\"og:type\" content=\"article\" \/>\n<meta property=\"og:title\" content=\"Cylinder Block Seal | Wynn&#039;s Belgium\" \/>\n<meta property=\"og:description\" content=\"R\u00e9pare fissures des blocs-cylindres sans d\u00e9montage. Forme une couche dure, r\u00e9pare en 30 minutes et arr\u00eate les petites fuites\/fissures.\" \/>\n<meta property=\"og:url\" content=\"https:\/\/www.wynns.be\/fr\/produit\/cylinder-block-seal\/\" \/>\n<meta property=\"og:site_name\" content=\"Wynn&#039;s Belgium\" \/>\n<meta property=\"article:modified_time\" content=\"2025-04-23T14:06:43+00:00\" \/>\n<meta property=\"og:image\" content=\"https:\/\/www.wynns.be\/wp-content\/uploads\/sites\/12\/2021\/01\/W72250.jpg\" \/>\n\t<meta property=\"og:image:width\" content=\"1050\" \/>\n\t<meta property=\"og:image:height\" content=\"1050\" \/>\n\t<meta property=\"og:image:type\" content=\"image\/jpeg\" \/>\n<meta name=\"twitter:card\" content=\"summary_large_image\" \/>\n<script type=\"application\/ld+json\" class=\"yoast-schema-graph\">{\"@context\":\"https:\\\/\\\/schema.org\",\"@graph\":[{\"@type\":\"WebPage\",\"@id\":\"https:\\\/\\\/www.wynns.be\\\/fr\\\/produit\\\/cylinder-block-seal\\\/\",\"url\":\"https:\\\/\\\/www.wynns.be\\\/fr\\\/produit\\\/cylinder-block-seal\\\/\",\"name\":\"Cylinder Block Seal | Wynn&#039;s Belgium\",\"isPartOf\":{\"@id\":\"https:\\\/\\\/www.wynns.be\\\/nl\\\/#website\"},\"primaryImageOfPage\":{\"@id\":\"https:\\\/\\\/www.wynns.be\\\/fr\\\/produit\\\/cylinder-block-seal\\\/#primaryimage\"},\"image\":{\"@id\":\"https:\\\/\\\/www.wynns.be\\\/fr\\\/produit\\\/cylinder-block-seal\\\/#primaryimage\"},\"thumbnailUrl\":\"https:\\\/\\\/www.wynns.be\\\/wp-content\\\/uploads\\\/sites\\\/12\\\/2021\\\/01\\\/W72250.jpg\",\"datePublished\":\"2021-01-23T12:17:53+00:00\",\"dateModified\":\"2025-04-23T14:06:43+00:00\",\"description\":\"R\u00e9pare fissures des blocs-cylindres sans d\u00e9montage. Forme une couche dure, r\u00e9pare en 30 minutes et arr\u00eate les petites fuites\\\/fissures.\",\"breadcrumb\":{\"@id\":\"https:\\\/\\\/www.wynns.be\\\/fr\\\/produit\\\/cylinder-block-seal\\\/#breadcrumb\"},\"inLanguage\":\"fr-BE\",\"potentialAction\":[{\"@type\":\"ReadAction\",\"target\":[\"https:\\\/\\\/www.wynns.be\\\/fr\\\/produit\\\/cylinder-block-seal\\\/\"]}]},{\"@type\":\"ImageObject\",\"inLanguage\":\"fr-BE\",\"@id\":\"https:\\\/\\\/www.wynns.be\\\/fr\\\/produit\\\/cylinder-block-seal\\\/#primaryimage\",\"url\":\"https:\\\/\\\/www.wynns.be\\\/wp-content\\\/uploads\\\/sites\\\/12\\\/2021\\\/01\\\/W72250.jpg\",\"contentUrl\":\"https:\\\/\\\/www.wynns.be\\\/wp-content\\\/uploads\\\/sites\\\/12\\\/2021\\\/01\\\/W72250.jpg\",\"width\":1050,\"height\":1050,\"caption\":\"Cylinder block seal wynn's\"},{\"@type\":\"BreadcrumbList\",\"@id\":\"https:\\\/\\\/www.wynns.be\\\/fr\\\/produit\\\/cylinder-block-seal\\\/#breadcrumb\",\"itemListElement\":[{\"@type\":\"ListItem\",\"position\":1,\"name\":\"Home\",\"item\":\"https:\\\/\\\/www.wynns.be\\\/fr\\\/\"},{\"@type\":\"ListItem\",\"position\":2,\"name\":\"Produits\",\"item\":\"https:\\\/\\\/www.wynns.be\\\/fr\\\/shop\\\/\"},{\"@type\":\"ListItem\",\"position\":3,\"name\":\"Cylinder Block Seal\"}]},{\"@type\":\"WebSite\",\"@id\":\"https:\\\/\\\/www.wynns.be\\\/nl\\\/#website\",\"url\":\"https:\\\/\\\/www.wynns.be\\\/nl\\\/\",\"name\":\"Wynn&#039;s Belgium\",\"description\":\"Specialist in additives\",\"potentialAction\":[{\"@type\":\"SearchAction\",\"target\":{\"@type\":\"EntryPoint\",\"urlTemplate\":\"https:\\\/\\\/www.wynns.be\\\/nl\\\/?s={search_term_string}\"},\"query-input\":{\"@type\":\"PropertyValueSpecification\",\"valueRequired\":true,\"valueName\":\"search_term_string\"}}],\"inLanguage\":\"fr-BE\"}]}<\/script>\n<!-- \/ Yoast SEO plugin. -->","yoast_head_json":{"title":"Cylinder Block Seal | Wynn&#039;s Belgium","description":"R\u00e9pare fissures des blocs-cylindres sans d\u00e9montage. Forme une couche dure, r\u00e9pare en 30 minutes et arr\u00eate les petites fuites\/fissures.","robots":{"index":"index","follow":"follow","max-snippet":"max-snippet:-1","max-image-preview":"max-image-preview:large","max-video-preview":"max-video-preview:-1"},"canonical":"https:\/\/www.wynns.be\/fr\/produit\/cylinder-block-seal\/","og_locale":"fr_FR","og_type":"article","og_title":"Cylinder Block Seal | Wynn&#039;s Belgium","og_description":"R\u00e9pare fissures des blocs-cylindres sans d\u00e9montage. Forme une couche dure, r\u00e9pare en 30 minutes et arr\u00eate les petites fuites\/fissures.","og_url":"https:\/\/www.wynns.be\/fr\/produit\/cylinder-block-seal\/","og_site_name":"Wynn&#039;s Belgium","article_modified_time":"2025-04-23T14:06:43+00:00","og_image":[{"width":1050,"height":1050,"url":"https:\/\/www.wynns.be\/wp-content\/uploads\/sites\/12\/2021\/01\/W72250.jpg","type":"image\/jpeg"}],"twitter_card":"summary_large_image","schema":{"@context":"https:\/\/schema.org","@graph":[{"@type":"WebPage","@id":"https:\/\/www.wynns.be\/fr\/produit\/cylinder-block-seal\/","url":"https:\/\/www.wynns.be\/fr\/produit\/cylinder-block-seal\/","name":"Cylinder Block Seal | Wynn&#039;s Belgium","isPartOf":{"@id":"https:\/\/www.wynns.be\/nl\/#website"},"primaryImageOfPage":{"@id":"https:\/\/www.wynns.be\/fr\/produit\/cylinder-block-seal\/#primaryimage"},"image":{"@id":"https:\/\/www.wynns.be\/fr\/produit\/cylinder-block-seal\/#primaryimage"},"thumbnailUrl":"https:\/\/www.wynns.be\/wp-content\/uploads\/sites\/12\/2021\/01\/W72250.jpg","datePublished":"2021-01-23T12:17:53+00:00","dateModified":"2025-04-23T14:06:43+00:00","description":"R\u00e9pare fissures des blocs-cylindres sans d\u00e9montage. Forme une couche dure, r\u00e9pare en 30 minutes et arr\u00eate les petites fuites\/fissures.","breadcrumb":{"@id":"https:\/\/www.wynns.be\/fr\/produit\/cylinder-block-seal\/#breadcrumb"},"inLanguage":"fr-BE","potentialAction":[{"@type":"ReadAction","target":["https:\/\/www.wynns.be\/fr\/produit\/cylinder-block-seal\/"]}]},{"@type":"ImageObject","inLanguage":"fr-BE","@id":"https:\/\/www.wynns.be\/fr\/produit\/cylinder-block-seal\/#primaryimage","url":"https:\/\/www.wynns.be\/wp-content\/uploads\/sites\/12\/2021\/01\/W72250.jpg","contentUrl":"https:\/\/www.wynns.be\/wp-content\/uploads\/sites\/12\/2021\/01\/W72250.jpg","width":1050,"height":1050,"caption":"Cylinder block seal wynn's"},{"@type":"BreadcrumbList","@id":"https:\/\/www.wynns.be\/fr\/produit\/cylinder-block-seal\/#breadcrumb","itemListElement":[{"@type":"ListItem","position":1,"name":"Home","item":"https:\/\/www.wynns.be\/fr\/"},{"@type":"ListItem","position":2,"name":"Produits","item":"https:\/\/www.wynns.be\/fr\/shop\/"},{"@type":"ListItem","position":3,"name":"Cylinder Block Seal"}]},{"@type":"WebSite","@id":"https:\/\/www.wynns.be\/nl\/#website","url":"https:\/\/www.wynns.be\/nl\/","name":"Wynn&#039;s Belgium","description":"Specialist in additives","potentialAction":[{"@type":"SearchAction","target":{"@type":"EntryPoint","urlTemplate":"https:\/\/www.wynns.be\/nl\/?s={search_term_string}"},"query-input":{"@type":"PropertyValueSpecification","valueRequired":true,"valueName":"search_term_string"}}],"inLanguage":"fr-BE"}]}},"toolset-meta":{"toolset-woocommerce-fields-3":[],"toolset-woocommerce-fields-2":[],"toolset-woocommerce-fields":{"_download_limit":{"type":"numeric","raw":"-1"},"_virtual":{"type":"checkbox","raw":"no"},"_downloadable":{"type":"checkbox","raw":"no"},"_download_expiry":{"type":"numeric","raw":"-1"},"_download_type":{"type":"radio","raw":""},"_regular_price":{"type":"numeric","raw":""},"_sale_price":{"type":"numeric","raw":""},"_sale_price_dates_from":{"type":"date","raw":"","formatted":null},"_sale_price_dates_to":{"type":"date","raw":"","formatted":null},"_sku":{"type":"textfield","raw":"W72250"},"_manage_stock":{"type":"checkbox","raw":"no"},"_stock_status":{"type":"radio","raw":"instock"},"_stock":{"type":"numeric","raw":null},"_backorders":{"type":"radio","raw":"no"},"_sold_individually":{"type":"checkbox","raw":"no"},"_width":{"type":"numeric","raw":""},"_weight":{"type":"numeric","raw":""},"_length":{"type":"numeric","raw":""},"_purchase_note":{"type":"textarea","raw":""}},"parts":[],"compatibility":{"engine":{"type":"select","raw":"Petrol & Hybrid petrol, Diesel & Hybrid diesel"},"fuel":{"type":"select","raw":""},"extra-compatibility-text":{"type":"textfield","raw":""}},"how-to-use":{"how-to-use-image":{"type":"image","raw":"","attachment_id":null},"step":{"type":"textfield","raw":["\u00c0 utiliser en cas de besoin"]},"how-to-use-extra-information":{"type":"textfield","raw":""}},"product-additional-info":{"print-screen-images":{"type":"file","raw":"","attachment_id":null}},"product-video":{"youtube-id":{"type":"textfield","raw":""}},"product-info":{"product-features":{"type":"textfield","raw":["Forme une couche dure comme du verre dur lorsqu'il est expos\u00e9 \u00e0 l'air.","R\u00e9pare les fissures des blocs-cylindres en fonte, acier et aluminium, sans d\u00e9montage.","Arr\u00eate les petites fuites\/fissures dans les joints de culasse en m\u00e9tal.","Assure une r\u00e9paration permanente en seulement 30 minutes."]}}},"_links":{"self":[{"href":"https:\/\/www.wynns.be\/fr\/wp-json\/wp\/v2\/product\/13380","targetHints":{"allow":["GET"]}}],"collection":[{"href":"https:\/\/www.wynns.be\/fr\/wp-json\/wp\/v2\/product"}],"about":[{"href":"https:\/\/www.wynns.be\/fr\/wp-json\/wp\/v2\/types\/product"}],"wp:featuredmedia":[{"embeddable":true,"href":"https:\/\/www.wynns.be\/fr\/wp-json\/wp\/v2\/media\/28834"}],"wp:attachment":[{"href":"https:\/\/www.wynns.be\/fr\/wp-json\/wp\/v2\/media?parent=13380"}],"wp:term":[{"taxonomy":"product_brand","embeddable":true,"href":"https:\/\/www.wynns.be\/fr\/wp-json\/wp\/v2\/product_brand?post=13380"},{"taxonomy":"product_cat","embeddable":true,"href":"https:\/\/www.wynns.be\/fr\/wp-json\/wp\/v2\/product_cat?post=13380"},{"taxonomy":"product_tag","embeddable":true,"href":"https:\/\/www.wynns.be\/fr\/wp-json\/wp\/v2\/product_tag?post=13380"},{"taxonomy":"audience","embeddable":true,"href":"https:\/\/www.wynns.be\/fr\/wp-json\/wp\/v2\/audience?post=13380"},{"taxonomy":"usage","embeddable":true,"href":"https:\/\/www.wynns.be\/fr\/wp-json\/wp\/v2\/usage?post=13380"}],"curies":[{"name":"wp","href":"https:\/\/api.w.org\/{rel}","templated":true}]}}