{"id":13422,"date":"2021-03-23T12:12:51","date_gmt":"2021-03-23T12:12:51","guid":{"rendered":"https:\/\/be.wynns2021.wpengine.com\/product\/black-gasket-maker\/"},"modified":"2025-11-05T14:42:42","modified_gmt":"2025-11-05T14:42:42","slug":"black-gasket-maker","status":"publish","type":"product","link":"https:\/\/www.wynns.be\/fr\/produit\/black-gasket-maker\/","title":{"rendered":"Black Gasket Maker"},"content":{"rendered":"<p>Joint flexible, r\u00e9sistant aux hautes temp\u00e9ratures et \u00e9tanche \u00e0 l&#8217;eau. Il s&#8217;agit d&#8217;un produit \u00e0 base de polysiloxane dans une cartouche \u00e0 pression pour la fabrication de joints d&#8217;une mani\u00e8re rapide et facile.<\/p>\n","protected":false},"excerpt":{"rendered":"<p>Joint silicone noir<\/p>\n","protected":false},"featured_media":13423,"template":"","meta":{"inline_featured_image":false},"product_brand":[],"product_cat":[1508,1284],"product_tag":[2257,1849,1843,3728,1851,2259],"audience":[1212],"usage":[1301,1302],"class_list":{"0":"post-13422","1":"product","2":"type-product","3":"status-publish","4":"has-post-thumbnail","6":"product_cat-professionnel-atelier","7":"product_cat-professionnel","8":"product_tag-cartouche","9":"product_tag-etancheite","10":"product_tag-joint-detancheite","11":"product_tag-reparatur-fr","12":"product_tag-sceller","13":"product_tag-w57680-fr","14":"audience-audience-professionals-fr","15":"usage-entretien-regulier","16":"usage-resolution-de-problemes","18":"first","19":"instock","20":"product-type-simple"},"wynns_product_variations":[{"id":"18764","product_code":"W57680","capacity_ml":"200","units_per_case":"12","packaging_language":"EN, FR, NL, DE","ean13_barcode":"5411693576805","tds":[{"id":"27376","tds_language":"Italien","tds_file":"https:\/\/wynns2021.wpengine.com\/products\/TDS\/W57680_TDS_IT.pdf"},{"id":"27375","tds_language":"Fran\u00e7ais","tds_file":"https:\/\/wynns2021.wpengine.com\/products\/TDS\/W57680_TDS_FR.pdf"},{"id":"19333","tds_language":"Italien","tds_file":"https:\/\/wynns2021.wpengine.com\/products\/TDS\/W41703_TDS_IT.pdf"},{"id":"19332","tds_language":"Fran\u00e7ais","tds_file":"https:\/\/wynns2021.wpengine.com\/products\/TDS\/W41703_TDS_FR.pdf"},{"id":"18769","tds_language":"N\u00e9erlandais","tds_file":"https:\/\/wynns2021.wpengine.com\/products\/TDS\/W57680_TDS_NL.pdf"},{"id":"18766","tds_language":"Anglais","tds_file":"https:\/\/wynns2021.wpengine.com\/products\/TDS\/W57680_TDS_EN.pdf"},{"id":"18765","tds_language":"Allemand","tds_file":"https:\/\/wynns2021.wpengine.com\/products\/TDS\/W57680_TDS_DE.pdf"}],"msds":[{"id":"18770","msds_language":"Bulgare","msds_file":"https:\/\/wynns2021.wpengine.com\/products\/MSDS\/W57680_MSDS_Bulgare.pdf"},{"id":"18771","msds_language":"Tch\u00e8que","msds_file":"https:\/\/wynns2021.wpengine.com\/products\/MSDS\/W57680_MSDS_Tch\u00e8que.pdf"},{"id":"18772","msds_language":"Danois","msds_file":"https:\/\/wynns2021.wpengine.com\/products\/MSDS\/W57680_MSDS_Danois.pdf"},{"id":"18773","msds_language":"German","msds_file":"https:\/\/wynns2021.wpengine.com\/products\/MSDS\/W57680_MSDS_DE.pdf"},{"id":"18774","msds_language":"Grec","msds_file":"https:\/\/wynns2021.wpengine.com\/products\/MSDS\/W57680_MSDS_Grec.pdf"},{"id":"18775","msds_language":"English","msds_file":"https:\/\/wynns2021.wpengine.com\/products\/MSDS\/W57680_MSDS_EN.pdf"},{"id":"18776","msds_language":"Spanish","msds_file":"https:\/\/wynns2021.wpengine.com\/products\/MSDS\/W57680_MSDS_ES.pdf"},{"id":"18777","msds_language":"Estonien","msds_file":"https:\/\/wynns2021.wpengine.com\/products\/MSDS\/W57680_MSDS_Estonien.pdf"},{"id":"18778","msds_language":"Finnois","msds_file":"https:\/\/wynns2021.wpengine.com\/products\/MSDS\/W57680_MSDS_Finnois.pdf"},{"id":"18779","msds_language":"French","msds_file":"https:\/\/wynns2021.wpengine.com\/products\/MSDS\/W57680_MSDS_FR.pdf"},{"id":"18780","msds_language":"Croate","msds_file":"https:\/\/wynns2021.wpengine.com\/products\/MSDS\/W57680_MSDS_Croate.pdf"},{"id":"18781","msds_language":"Hongrois","msds_file":"https:\/\/wynns2021.wpengine.com\/products\/MSDS\/W57680_MSDS_Hongrois.pdf"},{"id":"18782","msds_language":"Italian","msds_file":"https:\/\/wynns2021.wpengine.com\/products\/MSDS\/W57680_MSDS_IT.pdf"},{"id":"18783","msds_language":"Lituanien","msds_file":"https:\/\/wynns2021.wpengine.com\/products\/MSDS\/W57680_MSDS_Lituanien.pdf"},{"id":"18784","msds_language":"Letton","msds_file":"https:\/\/wynns2021.wpengine.com\/products\/MSDS\/W57680_MSDS_Letton.pdf"},{"id":"18785","msds_language":"Dutch","msds_file":"https:\/\/wynns2021.wpengine.com\/products\/MSDS\/W57680_MSDS_NL.pdf"},{"id":"18786","msds_language":"Norv\u00e9gien","msds_file":"https:\/\/wynns2021.wpengine.com\/products\/MSDS\/W57680_MSDS_Norv\u00e9gien.pdf"},{"id":"18789","msds_language":"Polonais","msds_file":"https:\/\/wynns2021.wpengine.com\/products\/MSDS\/W57680_MSDS_Polonais.pdf"},{"id":"18790","msds_language":"Portuguese","msds_file":"https:\/\/wynns2021.wpengine.com\/products\/MSDS\/W57680_MSDS_PT.pdf"},{"id":"18793","msds_language":"Roumain","msds_file":"https:\/\/wynns2021.wpengine.com\/products\/MSDS\/W57680_MSDS_Roumain.pdf"},{"id":"18795","msds_language":"Russian","msds_file":"https:\/\/wynns2021.wpengine.com\/products\/MSDS\/W57680_MSDS_RU.pdf"},{"id":"18797","msds_language":"Slovaque","msds_file":"https:\/\/wynns2021.wpengine.com\/products\/MSDS\/W57680_MSDS_Slovaque.pdf"},{"id":"18799","msds_language":"Slov\u00e8ne","msds_file":"https:\/\/wynns2021.wpengine.com\/products\/MSDS\/W57680_MSDS_Slov\u00e8ne.pdf"},{"id":"18801","msds_language":"Serbe","msds_file":"https:\/\/wynns2021.wpengine.com\/products\/MSDS\/W57680_MSDS_Serbe.pdf"},{"id":"18803","msds_language":"Su\u00e9dois","msds_file":"https:\/\/wynns2021.wpengine.com\/products\/MSDS\/W57680_MSDS_Su\u00e9dois.pdf"},{"id":"18805","msds_language":"Turc","msds_file":"https:\/\/wynns2021.wpengine.com\/products\/MSDS\/W57680_MSDS_Turc.pdf"},{"id":"18806","msds_language":"Ukrainien","msds_file":"https:\/\/wynns2021.wpengine.com\/products\/MSDS\/W57680_MSDS_Ukrainien.pdf"}]}],"wynns_parts":[],"yoast_head":"<!-- This site is optimized with the Yoast SEO plugin v27.5 - https:\/\/yoast.com\/product\/yoast-seo-wordpress\/ -->\n<title>Black Gasket Maker | Wynn&#039;s Belgium<\/title>\n<meta name=\"robots\" content=\"index, follow, max-snippet:-1, max-image-preview:large, max-video-preview:-1\" \/>\n<link rel=\"canonical\" href=\"https:\/\/www.wynns.be\/fr\/produit\/black-gasket-maker\/\" \/>\n<meta property=\"og:locale\" content=\"fr_FR\" \/>\n<meta property=\"og:type\" content=\"article\" \/>\n<meta property=\"og:title\" content=\"Black Gasket Maker | Wynn&#039;s Belgium\" \/>\n<meta property=\"og:description\" content=\"Joint silicone noir\" \/>\n<meta property=\"og:url\" content=\"https:\/\/www.wynns.be\/fr\/produit\/black-gasket-maker\/\" \/>\n<meta property=\"og:site_name\" content=\"Wynn&#039;s Belgium\" \/>\n<meta property=\"article:modified_time\" content=\"2025-11-05T14:42:42+00:00\" \/>\n<meta property=\"og:image\" content=\"https:\/\/www.wynns.be\/wp-content\/uploads\/sites\/12\/2021\/07\/W57680-Black-Gasket-Maker.jpg\" \/>\n\t<meta property=\"og:image:width\" content=\"1050\" \/>\n\t<meta property=\"og:image:height\" content=\"1050\" \/>\n\t<meta property=\"og:image:type\" content=\"image\/jpeg\" \/>\n<meta name=\"twitter:card\" content=\"summary_large_image\" \/>\n<script type=\"application\/ld+json\" class=\"yoast-schema-graph\">{\"@context\":\"https:\\\/\\\/schema.org\",\"@graph\":[{\"@type\":\"WebPage\",\"@id\":\"https:\\\/\\\/www.wynns.be\\\/fr\\\/produit\\\/black-gasket-maker\\\/\",\"url\":\"https:\\\/\\\/www.wynns.be\\\/fr\\\/produit\\\/black-gasket-maker\\\/\",\"name\":\"Black Gasket Maker | Wynn&#039;s Belgium\",\"isPartOf\":{\"@id\":\"https:\\\/\\\/www.wynns.be\\\/nl\\\/#website\"},\"primaryImageOfPage\":{\"@id\":\"https:\\\/\\\/www.wynns.be\\\/fr\\\/produit\\\/black-gasket-maker\\\/#primaryimage\"},\"image\":{\"@id\":\"https:\\\/\\\/www.wynns.be\\\/fr\\\/produit\\\/black-gasket-maker\\\/#primaryimage\"},\"thumbnailUrl\":\"https:\\\/\\\/www.wynns.be\\\/wp-content\\\/uploads\\\/sites\\\/12\\\/2021\\\/07\\\/W57680-Black-Gasket-Maker.jpg\",\"datePublished\":\"2021-03-23T12:12:51+00:00\",\"dateModified\":\"2025-11-05T14:42:42+00:00\",\"breadcrumb\":{\"@id\":\"https:\\\/\\\/www.wynns.be\\\/fr\\\/produit\\\/black-gasket-maker\\\/#breadcrumb\"},\"inLanguage\":\"fr-BE\",\"potentialAction\":[{\"@type\":\"ReadAction\",\"target\":[\"https:\\\/\\\/www.wynns.be\\\/fr\\\/produit\\\/black-gasket-maker\\\/\"]}]},{\"@type\":\"ImageObject\",\"inLanguage\":\"fr-BE\",\"@id\":\"https:\\\/\\\/www.wynns.be\\\/fr\\\/produit\\\/black-gasket-maker\\\/#primaryimage\",\"url\":\"https:\\\/\\\/www.wynns.be\\\/wp-content\\\/uploads\\\/sites\\\/12\\\/2021\\\/07\\\/W57680-Black-Gasket-Maker.jpg\",\"contentUrl\":\"https:\\\/\\\/www.wynns.be\\\/wp-content\\\/uploads\\\/sites\\\/12\\\/2021\\\/07\\\/W57680-Black-Gasket-Maker.jpg\",\"width\":1050,\"height\":1050},{\"@type\":\"BreadcrumbList\",\"@id\":\"https:\\\/\\\/www.wynns.be\\\/fr\\\/produit\\\/black-gasket-maker\\\/#breadcrumb\",\"itemListElement\":[{\"@type\":\"ListItem\",\"position\":1,\"name\":\"Home\",\"item\":\"https:\\\/\\\/www.wynns.be\\\/fr\\\/\"},{\"@type\":\"ListItem\",\"position\":2,\"name\":\"Produits\",\"item\":\"https:\\\/\\\/www.wynns.be\\\/fr\\\/shop\\\/\"},{\"@type\":\"ListItem\",\"position\":3,\"name\":\"Black Gasket Maker\"}]},{\"@type\":\"WebSite\",\"@id\":\"https:\\\/\\\/www.wynns.be\\\/nl\\\/#website\",\"url\":\"https:\\\/\\\/www.wynns.be\\\/nl\\\/\",\"name\":\"Wynn&#039;s Belgium\",\"description\":\"Specialist in additives\",\"potentialAction\":[{\"@type\":\"SearchAction\",\"target\":{\"@type\":\"EntryPoint\",\"urlTemplate\":\"https:\\\/\\\/www.wynns.be\\\/nl\\\/?s={search_term_string}\"},\"query-input\":{\"@type\":\"PropertyValueSpecification\",\"valueRequired\":true,\"valueName\":\"search_term_string\"}}],\"inLanguage\":\"fr-BE\"}]}<\/script>\n<!-- \/ Yoast SEO plugin. -->","yoast_head_json":{"title":"Black Gasket Maker | Wynn&#039;s Belgium","robots":{"index":"index","follow":"follow","max-snippet":"max-snippet:-1","max-image-preview":"max-image-preview:large","max-video-preview":"max-video-preview:-1"},"canonical":"https:\/\/www.wynns.be\/fr\/produit\/black-gasket-maker\/","og_locale":"fr_FR","og_type":"article","og_title":"Black Gasket Maker | Wynn&#039;s Belgium","og_description":"Joint silicone noir","og_url":"https:\/\/www.wynns.be\/fr\/produit\/black-gasket-maker\/","og_site_name":"Wynn&#039;s Belgium","article_modified_time":"2025-11-05T14:42:42+00:00","og_image":[{"width":1050,"height":1050,"url":"https:\/\/www.wynns.be\/wp-content\/uploads\/sites\/12\/2021\/07\/W57680-Black-Gasket-Maker.jpg","type":"image\/jpeg"}],"twitter_card":"summary_large_image","schema":{"@context":"https:\/\/schema.org","@graph":[{"@type":"WebPage","@id":"https:\/\/www.wynns.be\/fr\/produit\/black-gasket-maker\/","url":"https:\/\/www.wynns.be\/fr\/produit\/black-gasket-maker\/","name":"Black Gasket Maker | Wynn&#039;s Belgium","isPartOf":{"@id":"https:\/\/www.wynns.be\/nl\/#website"},"primaryImageOfPage":{"@id":"https:\/\/www.wynns.be\/fr\/produit\/black-gasket-maker\/#primaryimage"},"image":{"@id":"https:\/\/www.wynns.be\/fr\/produit\/black-gasket-maker\/#primaryimage"},"thumbnailUrl":"https:\/\/www.wynns.be\/wp-content\/uploads\/sites\/12\/2021\/07\/W57680-Black-Gasket-Maker.jpg","datePublished":"2021-03-23T12:12:51+00:00","dateModified":"2025-11-05T14:42:42+00:00","breadcrumb":{"@id":"https:\/\/www.wynns.be\/fr\/produit\/black-gasket-maker\/#breadcrumb"},"inLanguage":"fr-BE","potentialAction":[{"@type":"ReadAction","target":["https:\/\/www.wynns.be\/fr\/produit\/black-gasket-maker\/"]}]},{"@type":"ImageObject","inLanguage":"fr-BE","@id":"https:\/\/www.wynns.be\/fr\/produit\/black-gasket-maker\/#primaryimage","url":"https:\/\/www.wynns.be\/wp-content\/uploads\/sites\/12\/2021\/07\/W57680-Black-Gasket-Maker.jpg","contentUrl":"https:\/\/www.wynns.be\/wp-content\/uploads\/sites\/12\/2021\/07\/W57680-Black-Gasket-Maker.jpg","width":1050,"height":1050},{"@type":"BreadcrumbList","@id":"https:\/\/www.wynns.be\/fr\/produit\/black-gasket-maker\/#breadcrumb","itemListElement":[{"@type":"ListItem","position":1,"name":"Home","item":"https:\/\/www.wynns.be\/fr\/"},{"@type":"ListItem","position":2,"name":"Produits","item":"https:\/\/www.wynns.be\/fr\/shop\/"},{"@type":"ListItem","position":3,"name":"Black Gasket Maker"}]},{"@type":"WebSite","@id":"https:\/\/www.wynns.be\/nl\/#website","url":"https:\/\/www.wynns.be\/nl\/","name":"Wynn&#039;s Belgium","description":"Specialist in additives","potentialAction":[{"@type":"SearchAction","target":{"@type":"EntryPoint","urlTemplate":"https:\/\/www.wynns.be\/nl\/?s={search_term_string}"},"query-input":{"@type":"PropertyValueSpecification","valueRequired":true,"valueName":"search_term_string"}}],"inLanguage":"fr-BE"}]}},"toolset-meta":{"toolset-woocommerce-fields-3":[],"toolset-woocommerce-fields-2":[],"toolset-woocommerce-fields":{"_download_limit":{"type":"numeric","raw":"-1"},"_virtual":{"type":"checkbox","raw":"no"},"_downloadable":{"type":"checkbox","raw":"no"},"_download_expiry":{"type":"numeric","raw":"-1"},"_download_type":{"type":"radio","raw":""},"_regular_price":{"type":"numeric","raw":""},"_sale_price":{"type":"numeric","raw":""},"_sale_price_dates_from":{"type":"date","raw":"","formatted":null},"_sale_price_dates_to":{"type":"date","raw":"","formatted":null},"_sku":{"type":"textfield","raw":"W57680"},"_manage_stock":{"type":"checkbox","raw":"no"},"_stock_status":{"type":"radio","raw":"instock"},"_stock":{"type":"numeric","raw":null},"_backorders":{"type":"radio","raw":"no"},"_sold_individually":{"type":"checkbox","raw":"no"},"_width":{"type":"numeric","raw":""},"_weight":{"type":"numeric","raw":""},"_length":{"type":"numeric","raw":""},"_purchase_note":{"type":"textarea","raw":""}},"parts":[],"compatibility":{"engine":{"type":"select","raw":"Petrol &amp; Hybrid petrol, Diesel &amp; Hybrid diesel"},"fuel":{"type":"select","raw":""},"extra-compatibility-text":{"type":"textfield","raw":""}},"how-to-use":{"how-to-use-image":{"type":"image","raw":"","attachment_id":null},"step":{"type":"textfield","raw":[""]},"how-to-use-extra-information":{"type":"textfield","raw":""}},"product-additional-info":{"print-screen-images":{"type":"file","raw":"","attachment_id":null}},"product-video":{"youtube-id":{"type":"textfield","raw":""}},"product-info":{"product-features":{"type":"textfield","raw":["R\u00e9siste aux huiles, aux fluides de transmission, \u00e0 l'eau, \u00e0 l'antigel, aux graisses, \u00e0 la fum\u00e9e et aux gaz toxiques chauds.","Remplace les joints en li\u00e8ge, en feutre, en papier et en caoutchouc.","R\u00e9siste aux basses temp\u00e9ratures jusqu'\u00e0 -40\u00b0C (continu) et aux hautes temp\u00e9ratures jusqu'\u00e0 232\u00b0C (continu) et 260\u00b0C (intermittent).","N'endommage pas les convertisseurs catalytiques et les capteurs \u00e9lectroniques."]}}},"_links":{"self":[{"href":"https:\/\/www.wynns.be\/fr\/wp-json\/wp\/v2\/product\/13422","targetHints":{"allow":["GET"]}}],"collection":[{"href":"https:\/\/www.wynns.be\/fr\/wp-json\/wp\/v2\/product"}],"about":[{"href":"https:\/\/www.wynns.be\/fr\/wp-json\/wp\/v2\/types\/product"}],"wp:featuredmedia":[{"embeddable":true,"href":"https:\/\/www.wynns.be\/fr\/wp-json\/wp\/v2\/media\/13423"}],"wp:attachment":[{"href":"https:\/\/www.wynns.be\/fr\/wp-json\/wp\/v2\/media?parent=13422"}],"wp:term":[{"taxonomy":"product_brand","embeddable":true,"href":"https:\/\/www.wynns.be\/fr\/wp-json\/wp\/v2\/product_brand?post=13422"},{"taxonomy":"product_cat","embeddable":true,"href":"https:\/\/www.wynns.be\/fr\/wp-json\/wp\/v2\/product_cat?post=13422"},{"taxonomy":"product_tag","embeddable":true,"href":"https:\/\/www.wynns.be\/fr\/wp-json\/wp\/v2\/product_tag?post=13422"},{"taxonomy":"audience","embeddable":true,"href":"https:\/\/www.wynns.be\/fr\/wp-json\/wp\/v2\/audience?post=13422"},{"taxonomy":"usage","embeddable":true,"href":"https:\/\/www.wynns.be\/fr\/wp-json\/wp\/v2\/usage?post=13422"}],"curies":[{"name":"wp","href":"https:\/\/api.w.org\/{rel}","templated":true}]}}