{"id":13449,"date":"2021-01-23T12:25:37","date_gmt":"2021-01-23T12:25:37","guid":{"rendered":"https:\/\/be.wynns2021.wpengine.com\/product\/starting-fluid\/"},"modified":"2025-04-23T14:02:44","modified_gmt":"2025-04-23T14:02:44","slug":"starting-fluid","status":"publish","type":"product","link":"https:\/\/www.wynns.be\/fr\/produit\/starting-fluid\/","title":{"rendered":"Starting Fluid"},"content":{"rendered":"<p>Facilite le d\u00e9marrage des moteurs \u00e0 essence et diesel \u00e0 des temp\u00e9ratures froides.<\/p>\n","protected":false},"excerpt":{"rendered":"<p>Facilite le d\u00e9marrage<\/p>\n","protected":false},"featured_media":13450,"template":"","meta":{"inline_featured_image":false},"product_brand":[],"product_cat":[1508,1284],"product_tag":[1996,1997,1998,1999,1975],"audience":[1212],"usage":[1302],"class_list":{"0":"post-13449","1":"product","2":"type-product","3":"status-publish","4":"has-post-thumbnail","6":"product_cat-professionnel-atelier","7":"product_cat-professionnel","8":"product_tag-debut","9":"product_tag-fluide","10":"product_tag-froid","11":"product_tag-instantane","12":"product_tag-resolution-de-problemes","13":"audience-audience-professionals-fr","14":"usage-resolution-de-problemes","16":"first","17":"instock","18":"product-type-simple"},"wynns_product_variations":[{"id":"18437","product_code":"W58055","capacity_ml":"200","units_per_case":"12","packaging_language":"EN, FR, DE, NL, RU, IT","ean13_barcode":"5411693580550","tds":[{"id":"18449","tds_language":"Russie","tds_file":"https:\/\/wynns2021.wpengine.com\/products\/TDS\/W58055_TDS_RU.pdf"},{"id":"18447","tds_language":"N\u00e9erlandais","tds_file":"https:\/\/wynns2021.wpengine.com\/products\/TDS\/W58055_TDS_NL.pdf"},{"id":"18445","tds_language":"Italien","tds_file":"https:\/\/wynns2021.wpengine.com\/products\/TDS\/W58055_TDS_IT.pdf"},{"id":"18443","tds_language":"Fran\u00e7ais","tds_file":"https:\/\/wynns2021.wpengine.com\/products\/TDS\/W58055_TDS_FR.pdf"},{"id":"18441","tds_language":"Espagnol","tds_file":"https:\/\/wynns2021.wpengine.com\/products\/TDS\/W58055_TDS_ES.pdf"},{"id":"18440","tds_language":"Anglais","tds_file":"https:\/\/wynns2021.wpengine.com\/products\/TDS\/W58055_TDS_EN.pdf"},{"id":"18438","tds_language":"Allemand","tds_file":"https:\/\/wynns2021.wpengine.com\/products\/TDS\/W58055_TDS_DE.pdf"}],"msds":[{"id":"18451","msds_language":"Bulgare","msds_file":"https:\/\/wynns2021.wpengine.com\/products\/MSDS\/W58055_MSDS_Bulgare.pdf"},{"id":"18453","msds_language":"Tch\u00e8que","msds_file":"https:\/\/wynns2021.wpengine.com\/products\/MSDS\/W58055_MSDS_Tch\u00e8que.pdf"},{"id":"18454","msds_language":"Danois","msds_file":"https:\/\/wynns2021.wpengine.com\/products\/MSDS\/W58055_MSDS_Danois.pdf"},{"id":"18456","msds_language":"German","msds_file":"https:\/\/wynns2021.wpengine.com\/products\/MSDS\/W58055_MSDS_DE.pdf"},{"id":"18458","msds_language":"Grec","msds_file":"https:\/\/wynns2021.wpengine.com\/products\/MSDS\/W58055_MSDS_Grec.pdf"},{"id":"18460","msds_language":"English","msds_file":"https:\/\/wynns2021.wpengine.com\/products\/MSDS\/W58055_MSDS_EN.pdf"},{"id":"18462","msds_language":"Spanish","msds_file":"https:\/\/wynns2021.wpengine.com\/products\/MSDS\/W58055_MSDS_ES.pdf"},{"id":"18464","msds_language":"Estonien","msds_file":"https:\/\/wynns2021.wpengine.com\/products\/MSDS\/W58055_MSDS_Estonien.pdf"},{"id":"18466","msds_language":"Finnois","msds_file":"https:\/\/wynns2021.wpengine.com\/products\/MSDS\/W58055_MSDS_Finnois.pdf"},{"id":"18468","msds_language":"French","msds_file":"https:\/\/wynns2021.wpengine.com\/products\/MSDS\/W58055_MSDS_FR.pdf"},{"id":"18470","msds_language":"Croate","msds_file":"https:\/\/wynns2021.wpengine.com\/products\/MSDS\/W58055_MSDS_Croate.pdf"},{"id":"18472","msds_language":"Hongrois","msds_file":"https:\/\/wynns2021.wpengine.com\/products\/MSDS\/W58055_MSDS_Hongrois.pdf"},{"id":"18474","msds_language":"Italian","msds_file":"https:\/\/wynns2021.wpengine.com\/products\/MSDS\/W58055_MSDS_IT.pdf"},{"id":"18476","msds_language":"Lituanien","msds_file":"https:\/\/wynns2021.wpengine.com\/products\/MSDS\/W58055_MSDS_Lituanien.pdf"},{"id":"18478","msds_language":"Letton","msds_file":"https:\/\/wynns2021.wpengine.com\/products\/MSDS\/W58055_MSDS_Letton.pdf"},{"id":"18480","msds_language":"Dutch","msds_file":"https:\/\/wynns2021.wpengine.com\/products\/MSDS\/W58055_MSDS_NL.pdf"},{"id":"18482","msds_language":"Norv\u00e9gien","msds_file":"https:\/\/wynns2021.wpengine.com\/products\/MSDS\/W58055_MSDS_Norv\u00e9gien.pdf"},{"id":"18484","msds_language":"Polonais","msds_file":"https:\/\/wynns2021.wpengine.com\/products\/MSDS\/W58055_MSDS_Polonais.pdf"},{"id":"18486","msds_language":"Portuguese","msds_file":"https:\/\/wynns2021.wpengine.com\/products\/MSDS\/W58055_MSDS_PT.pdf"},{"id":"18488","msds_language":"Roumain","msds_file":"https:\/\/wynns2021.wpengine.com\/products\/MSDS\/W58055_MSDS_Roumain.pdf"},{"id":"18489","msds_language":"Russian","msds_file":"https:\/\/wynns2021.wpengine.com\/products\/MSDS\/W58055_MSDS_RU.pdf"},{"id":"18491","msds_language":"Slovaque","msds_file":"https:\/\/wynns2021.wpengine.com\/products\/MSDS\/W58055_MSDS_Slovaque.pdf"},{"id":"18493","msds_language":"Slov\u00e8ne","msds_file":"https:\/\/wynns2021.wpengine.com\/products\/MSDS\/W58055_MSDS_Slov\u00e8ne.pdf"},{"id":"18495","msds_language":"Serbe","msds_file":"https:\/\/wynns2021.wpengine.com\/products\/MSDS\/W58055_MSDS_Serbe.pdf"},{"id":"18497","msds_language":"Su\u00e9dois","msds_file":"https:\/\/wynns2021.wpengine.com\/products\/MSDS\/W58055_MSDS_Su\u00e9dois.pdf"},{"id":"18499","msds_language":"Turc","msds_file":"https:\/\/wynns2021.wpengine.com\/products\/MSDS\/W58055_MSDS_Turc.pdf"},{"id":"18501","msds_language":"Ukrainien","msds_file":"https:\/\/wynns2021.wpengine.com\/products\/MSDS\/W58055_MSDS_Ukrainien.pdf"}]}],"wynns_parts":[],"yoast_head":"<!-- This site is optimized with the Yoast SEO plugin v27.5 - https:\/\/yoast.com\/product\/yoast-seo-wordpress\/ -->\n<title>Starting Fluid | Wynn&#039;s Belgium<\/title>\n<meta name=\"description\" content=\"Facilite le d\u00e9marrage des moteurs \u00e0 froid, emp\u00eache la fatigue de la batterie et permet un usage \u00e0 360\u00b0 gr\u00e2ce \u00e0 la valve sp\u00e9ciale.\" \/>\n<meta name=\"robots\" content=\"index, follow, max-snippet:-1, max-image-preview:large, max-video-preview:-1\" \/>\n<link rel=\"canonical\" href=\"https:\/\/www.wynns.be\/fr\/produit\/starting-fluid\/\" \/>\n<meta property=\"og:locale\" content=\"fr_FR\" \/>\n<meta property=\"og:type\" content=\"article\" \/>\n<meta property=\"og:title\" content=\"Starting Fluid | Wynn&#039;s Belgium\" \/>\n<meta property=\"og:description\" content=\"Facilite le d\u00e9marrage des moteurs \u00e0 froid, emp\u00eache la fatigue de la batterie et permet un usage \u00e0 360\u00b0 gr\u00e2ce \u00e0 la valve sp\u00e9ciale.\" \/>\n<meta property=\"og:url\" content=\"https:\/\/www.wynns.be\/fr\/produit\/starting-fluid\/\" \/>\n<meta property=\"og:site_name\" content=\"Wynn&#039;s Belgium\" \/>\n<meta property=\"article:modified_time\" content=\"2025-04-23T14:02:44+00:00\" \/>\n<meta property=\"og:image\" content=\"https:\/\/www.wynns.be\/wp-content\/uploads\/sites\/12\/2021\/07\/W58055-Starting-Fluid.jpg\" \/>\n\t<meta property=\"og:image:width\" content=\"1050\" \/>\n\t<meta property=\"og:image:height\" content=\"1050\" \/>\n\t<meta property=\"og:image:type\" content=\"image\/jpeg\" \/>\n<meta name=\"twitter:card\" content=\"summary_large_image\" \/>\n<script type=\"application\/ld+json\" class=\"yoast-schema-graph\">{\"@context\":\"https:\\\/\\\/schema.org\",\"@graph\":[{\"@type\":\"WebPage\",\"@id\":\"https:\\\/\\\/www.wynns.be\\\/fr\\\/produit\\\/starting-fluid\\\/\",\"url\":\"https:\\\/\\\/www.wynns.be\\\/fr\\\/produit\\\/starting-fluid\\\/\",\"name\":\"Starting Fluid | Wynn&#039;s Belgium\",\"isPartOf\":{\"@id\":\"https:\\\/\\\/www.wynns.be\\\/nl\\\/#website\"},\"primaryImageOfPage\":{\"@id\":\"https:\\\/\\\/www.wynns.be\\\/fr\\\/produit\\\/starting-fluid\\\/#primaryimage\"},\"image\":{\"@id\":\"https:\\\/\\\/www.wynns.be\\\/fr\\\/produit\\\/starting-fluid\\\/#primaryimage\"},\"thumbnailUrl\":\"https:\\\/\\\/www.wynns.be\\\/wp-content\\\/uploads\\\/sites\\\/12\\\/2021\\\/07\\\/W58055-Starting-Fluid.jpg\",\"datePublished\":\"2021-01-23T12:25:37+00:00\",\"dateModified\":\"2025-04-23T14:02:44+00:00\",\"description\":\"Facilite le d\u00e9marrage des moteurs \u00e0 froid, emp\u00eache la fatigue de la batterie et permet un usage \u00e0 360\u00b0 gr\u00e2ce \u00e0 la valve sp\u00e9ciale.\",\"breadcrumb\":{\"@id\":\"https:\\\/\\\/www.wynns.be\\\/fr\\\/produit\\\/starting-fluid\\\/#breadcrumb\"},\"inLanguage\":\"fr-BE\",\"potentialAction\":[{\"@type\":\"ReadAction\",\"target\":[\"https:\\\/\\\/www.wynns.be\\\/fr\\\/produit\\\/starting-fluid\\\/\"]}]},{\"@type\":\"ImageObject\",\"inLanguage\":\"fr-BE\",\"@id\":\"https:\\\/\\\/www.wynns.be\\\/fr\\\/produit\\\/starting-fluid\\\/#primaryimage\",\"url\":\"https:\\\/\\\/www.wynns.be\\\/wp-content\\\/uploads\\\/sites\\\/12\\\/2021\\\/07\\\/W58055-Starting-Fluid.jpg\",\"contentUrl\":\"https:\\\/\\\/www.wynns.be\\\/wp-content\\\/uploads\\\/sites\\\/12\\\/2021\\\/07\\\/W58055-Starting-Fluid.jpg\",\"width\":1050,\"height\":1050},{\"@type\":\"BreadcrumbList\",\"@id\":\"https:\\\/\\\/www.wynns.be\\\/fr\\\/produit\\\/starting-fluid\\\/#breadcrumb\",\"itemListElement\":[{\"@type\":\"ListItem\",\"position\":1,\"name\":\"Home\",\"item\":\"https:\\\/\\\/www.wynns.be\\\/fr\\\/\"},{\"@type\":\"ListItem\",\"position\":2,\"name\":\"Produits\",\"item\":\"https:\\\/\\\/www.wynns.be\\\/fr\\\/shop\\\/\"},{\"@type\":\"ListItem\",\"position\":3,\"name\":\"Starting Fluid\"}]},{\"@type\":\"WebSite\",\"@id\":\"https:\\\/\\\/www.wynns.be\\\/nl\\\/#website\",\"url\":\"https:\\\/\\\/www.wynns.be\\\/nl\\\/\",\"name\":\"Wynn&#039;s Belgium\",\"description\":\"Specialist in additives\",\"potentialAction\":[{\"@type\":\"SearchAction\",\"target\":{\"@type\":\"EntryPoint\",\"urlTemplate\":\"https:\\\/\\\/www.wynns.be\\\/nl\\\/?s={search_term_string}\"},\"query-input\":{\"@type\":\"PropertyValueSpecification\",\"valueRequired\":true,\"valueName\":\"search_term_string\"}}],\"inLanguage\":\"fr-BE\"}]}<\/script>\n<!-- \/ Yoast SEO plugin. -->","yoast_head_json":{"title":"Starting Fluid | Wynn&#039;s Belgium","description":"Facilite le d\u00e9marrage des moteurs \u00e0 froid, emp\u00eache la fatigue de la batterie et permet un usage \u00e0 360\u00b0 gr\u00e2ce \u00e0 la valve sp\u00e9ciale.","robots":{"index":"index","follow":"follow","max-snippet":"max-snippet:-1","max-image-preview":"max-image-preview:large","max-video-preview":"max-video-preview:-1"},"canonical":"https:\/\/www.wynns.be\/fr\/produit\/starting-fluid\/","og_locale":"fr_FR","og_type":"article","og_title":"Starting Fluid | Wynn&#039;s Belgium","og_description":"Facilite le d\u00e9marrage des moteurs \u00e0 froid, emp\u00eache la fatigue de la batterie et permet un usage \u00e0 360\u00b0 gr\u00e2ce \u00e0 la valve sp\u00e9ciale.","og_url":"https:\/\/www.wynns.be\/fr\/produit\/starting-fluid\/","og_site_name":"Wynn&#039;s Belgium","article_modified_time":"2025-04-23T14:02:44+00:00","og_image":[{"width":1050,"height":1050,"url":"https:\/\/www.wynns.be\/wp-content\/uploads\/sites\/12\/2021\/07\/W58055-Starting-Fluid.jpg","type":"image\/jpeg"}],"twitter_card":"summary_large_image","schema":{"@context":"https:\/\/schema.org","@graph":[{"@type":"WebPage","@id":"https:\/\/www.wynns.be\/fr\/produit\/starting-fluid\/","url":"https:\/\/www.wynns.be\/fr\/produit\/starting-fluid\/","name":"Starting Fluid | Wynn&#039;s Belgium","isPartOf":{"@id":"https:\/\/www.wynns.be\/nl\/#website"},"primaryImageOfPage":{"@id":"https:\/\/www.wynns.be\/fr\/produit\/starting-fluid\/#primaryimage"},"image":{"@id":"https:\/\/www.wynns.be\/fr\/produit\/starting-fluid\/#primaryimage"},"thumbnailUrl":"https:\/\/www.wynns.be\/wp-content\/uploads\/sites\/12\/2021\/07\/W58055-Starting-Fluid.jpg","datePublished":"2021-01-23T12:25:37+00:00","dateModified":"2025-04-23T14:02:44+00:00","description":"Facilite le d\u00e9marrage des moteurs \u00e0 froid, emp\u00eache la fatigue de la batterie et permet un usage \u00e0 360\u00b0 gr\u00e2ce \u00e0 la valve sp\u00e9ciale.","breadcrumb":{"@id":"https:\/\/www.wynns.be\/fr\/produit\/starting-fluid\/#breadcrumb"},"inLanguage":"fr-BE","potentialAction":[{"@type":"ReadAction","target":["https:\/\/www.wynns.be\/fr\/produit\/starting-fluid\/"]}]},{"@type":"ImageObject","inLanguage":"fr-BE","@id":"https:\/\/www.wynns.be\/fr\/produit\/starting-fluid\/#primaryimage","url":"https:\/\/www.wynns.be\/wp-content\/uploads\/sites\/12\/2021\/07\/W58055-Starting-Fluid.jpg","contentUrl":"https:\/\/www.wynns.be\/wp-content\/uploads\/sites\/12\/2021\/07\/W58055-Starting-Fluid.jpg","width":1050,"height":1050},{"@type":"BreadcrumbList","@id":"https:\/\/www.wynns.be\/fr\/produit\/starting-fluid\/#breadcrumb","itemListElement":[{"@type":"ListItem","position":1,"name":"Home","item":"https:\/\/www.wynns.be\/fr\/"},{"@type":"ListItem","position":2,"name":"Produits","item":"https:\/\/www.wynns.be\/fr\/shop\/"},{"@type":"ListItem","position":3,"name":"Starting Fluid"}]},{"@type":"WebSite","@id":"https:\/\/www.wynns.be\/nl\/#website","url":"https:\/\/www.wynns.be\/nl\/","name":"Wynn&#039;s Belgium","description":"Specialist in additives","potentialAction":[{"@type":"SearchAction","target":{"@type":"EntryPoint","urlTemplate":"https:\/\/www.wynns.be\/nl\/?s={search_term_string}"},"query-input":{"@type":"PropertyValueSpecification","valueRequired":true,"valueName":"search_term_string"}}],"inLanguage":"fr-BE"}]}},"toolset-meta":{"toolset-woocommerce-fields-3":[],"toolset-woocommerce-fields-2":[],"toolset-woocommerce-fields":{"_download_limit":{"type":"numeric","raw":"-1"},"_virtual":{"type":"checkbox","raw":"no"},"_downloadable":{"type":"checkbox","raw":"no"},"_download_expiry":{"type":"numeric","raw":"-1"},"_download_type":{"type":"radio","raw":""},"_regular_price":{"type":"numeric","raw":""},"_sale_price":{"type":"numeric","raw":""},"_sale_price_dates_from":{"type":"date","raw":"","formatted":null},"_sale_price_dates_to":{"type":"date","raw":"","formatted":null},"_sku":{"type":"textfield","raw":"W58055"},"_manage_stock":{"type":"checkbox","raw":"no"},"_stock_status":{"type":"radio","raw":"instock"},"_stock":{"type":"numeric","raw":null},"_backorders":{"type":"radio","raw":"no"},"_sold_individually":{"type":"checkbox","raw":"no"},"_width":{"type":"numeric","raw":""},"_weight":{"type":"numeric","raw":""},"_length":{"type":"numeric","raw":""},"_purchase_note":{"type":"textarea","raw":""}},"parts":[],"compatibility":{"engine":{"type":"select","raw":"Petrol & Hybrid petrol, Diesel & Hybrid diesel"},"fuel":{"type":"select","raw":""},"extra-compatibility-text":{"type":"textfield","raw":""}},"how-to-use":{"how-to-use-image":{"type":"image","raw":"","attachment_id":null},"step":{"type":"textfield","raw":[""]},"how-to-use-extra-information":{"type":"textfield","raw":""}},"product-additional-info":{"print-screen-images":{"type":"file","raw":"","attachment_id":null}},"product-video":{"youtube-id":{"type":"textfield","raw":""}},"product-info":{"product-features":{"type":"textfield","raw":["Aide au d\u00e9marrage instantan\u00e9 du moteur.","Emp\u00eache la fatigue de la batterie.","La valve sp\u00e9ciale de l'a\u00e9rosol permet de l'utiliser dans toutes les positions et de le vider compl\u00e8tement."]}}},"_links":{"self":[{"href":"https:\/\/www.wynns.be\/fr\/wp-json\/wp\/v2\/product\/13449","targetHints":{"allow":["GET"]}}],"collection":[{"href":"https:\/\/www.wynns.be\/fr\/wp-json\/wp\/v2\/product"}],"about":[{"href":"https:\/\/www.wynns.be\/fr\/wp-json\/wp\/v2\/types\/product"}],"wp:featuredmedia":[{"embeddable":true,"href":"https:\/\/www.wynns.be\/fr\/wp-json\/wp\/v2\/media\/13450"}],"wp:attachment":[{"href":"https:\/\/www.wynns.be\/fr\/wp-json\/wp\/v2\/media?parent=13449"}],"wp:term":[{"taxonomy":"product_brand","embeddable":true,"href":"https:\/\/www.wynns.be\/fr\/wp-json\/wp\/v2\/product_brand?post=13449"},{"taxonomy":"product_cat","embeddable":true,"href":"https:\/\/www.wynns.be\/fr\/wp-json\/wp\/v2\/product_cat?post=13449"},{"taxonomy":"product_tag","embeddable":true,"href":"https:\/\/www.wynns.be\/fr\/wp-json\/wp\/v2\/product_tag?post=13449"},{"taxonomy":"audience","embeddable":true,"href":"https:\/\/www.wynns.be\/fr\/wp-json\/wp\/v2\/audience?post=13449"},{"taxonomy":"usage","embeddable":true,"href":"https:\/\/www.wynns.be\/fr\/wp-json\/wp\/v2\/usage?post=13449"}],"curies":[{"name":"wp","href":"https:\/\/api.w.org\/{rel}","templated":true}]}}