{"id":13453,"date":"2021-01-23T12:20:57","date_gmt":"2021-01-23T12:20:57","guid":{"rendered":"https:\/\/be.wynns2021.wpengine.com\/product\/super-rust-penetrant\/"},"modified":"2025-04-23T14:01:57","modified_gmt":"2025-04-23T14:01:57","slug":"super-rust-penetrant","status":"publish","type":"product","link":"https:\/\/www.wynns.be\/fr\/produit\/super-rust-penetrant\/","title":{"rendered":"Super Rust Penetrant"},"content":{"rendered":"<p>Lubrifiant multifonctionnel et huile p\u00e9n\u00e9trante.<\/p>\n","protected":false},"excerpt":{"rendered":"<p>D\u00e9grippant hydrofuge multifonctions<\/p>\n","protected":false},"featured_media":28874,"template":"","meta":{"inline_featured_image":false},"product_brand":[],"product_cat":[1508,1284],"product_tag":[1952,1956,1453,1957,1660,1960,1962,1675,1963,1661,1966],"audience":[1212],"usage":[1301],"class_list":{"0":"post-13453","1":"product","2":"type-product","3":"status-publish","4":"has-post-thumbnail","6":"product_cat-professionnel-atelier","7":"product_cat-professionnel","8":"product_tag-boulons","9":"product_tag-charnieres","10":"product_tag-corrosion-fr","11":"product_tag-ecrous","12":"product_tag-huile-fr","13":"product_tag-liberer","14":"product_tag-lubrifiant","15":"product_tag-lubrification","16":"product_tag-maintenance-fr","17":"product_tag-moteur","18":"product_tag-serrures","19":"audience-audience-professionals-fr","20":"usage-entretien-regulier","22":"first","23":"instock","24":"product-type-simple"},"wynns_product_variations":[{"id":"18508","product_code":"W56479","capacity_ml":"500","units_per_case":"12","packaging_language":"EN, FR, DE, IT, RU, EL, NL, PL","ean13_barcode":"5411693564796","tds":[{"id":"18515","tds_language":"Russie","tds_file":"https:\/\/wynns2021.wpengine.com\/products\/TDS\/W56479_TDS_RU.pdf"},{"id":"18514","tds_language":"N\u00e9erlandais","tds_file":"https:\/\/wynns2021.wpengine.com\/products\/TDS\/W56479_TDS_NL.pdf"},{"id":"18513","tds_language":"Italien","tds_file":"https:\/\/wynns2021.wpengine.com\/products\/TDS\/W56479_TDS_IT.pdf"},{"id":"18512","tds_language":"Fran\u00e7ais","tds_file":"https:\/\/wynns2021.wpengine.com\/products\/TDS\/W56479_TDS_FR.pdf"},{"id":"18511","tds_language":"Espagnol","tds_file":"https:\/\/wynns2021.wpengine.com\/products\/TDS\/W56479_TDS_ES.pdf"},{"id":"18510","tds_language":"Anglais","tds_file":"https:\/\/wynns2021.wpengine.com\/products\/TDS\/W56479_TDS_EN.pdf"},{"id":"18509","tds_language":"Allemand","tds_file":"https:\/\/wynns2021.wpengine.com\/products\/TDS\/W56479_TDS_DE.pdf"}],"msds":[{"id":"18516","msds_language":"Bulgare","msds_file":"https:\/\/wynns2021.wpengine.com\/products\/MSDS\/W56479_MSDS_Bulgare.pdf"},{"id":"18517","msds_language":"Tch\u00e8que","msds_file":"https:\/\/wynns2021.wpengine.com\/products\/MSDS\/W56479_MSDS_Tch\u00e8que.pdf"},{"id":"18518","msds_language":"Danois","msds_file":"https:\/\/wynns2021.wpengine.com\/products\/MSDS\/W56479_MSDS_Danois.pdf"},{"id":"18519","msds_language":"German","msds_file":"https:\/\/wynns2021.wpengine.com\/products\/MSDS\/W56479_MSDS_DE.pdf"},{"id":"18520","msds_language":"Grec","msds_file":"https:\/\/wynns2021.wpengine.com\/products\/MSDS\/W56479_MSDS_Grec.pdf"},{"id":"18521","msds_language":"English","msds_file":"https:\/\/wynns2021.wpengine.com\/products\/MSDS\/W56479_MSDS_EN.pdf"},{"id":"18522","msds_language":"Spanish","msds_file":"https:\/\/wynns2021.wpengine.com\/products\/MSDS\/W56479_MSDS_ES.pdf"},{"id":"18523","msds_language":"Estonien","msds_file":"https:\/\/wynns2021.wpengine.com\/products\/MSDS\/W56479_MSDS_Estonien.pdf"},{"id":"18524","msds_language":"Finnois","msds_file":"https:\/\/wynns2021.wpengine.com\/products\/MSDS\/W56479_MSDS_Finnois.pdf"},{"id":"18525","msds_language":"French","msds_file":"https:\/\/wynns2021.wpengine.com\/products\/MSDS\/W56479_MSDS_FR.pdf"},{"id":"18526","msds_language":"Croate","msds_file":"https:\/\/wynns2021.wpengine.com\/products\/MSDS\/W56479_MSDS_Croate.pdf"},{"id":"18527","msds_language":"Hongrois","msds_file":"https:\/\/wynns2021.wpengine.com\/products\/MSDS\/W56479_MSDS_Hongrois.pdf"},{"id":"18528","msds_language":"Italian","msds_file":"https:\/\/wynns2021.wpengine.com\/products\/MSDS\/W56479_MSDS_IT.pdf"},{"id":"18529","msds_language":"Lituanien","msds_file":"https:\/\/wynns2021.wpengine.com\/products\/MSDS\/W56479_MSDS_Lituanien.pdf"},{"id":"18530","msds_language":"Letton","msds_file":"https:\/\/wynns2021.wpengine.com\/products\/MSDS\/W56479_MSDS_Letton.pdf"},{"id":"18531","msds_language":"Dutch","msds_file":"https:\/\/wynns2021.wpengine.com\/products\/MSDS\/W56479_MSDS_NL.pdf"},{"id":"18532","msds_language":"Norv\u00e9gien","msds_file":"https:\/\/wynns2021.wpengine.com\/products\/MSDS\/W56479_MSDS_Norv\u00e9gien.pdf"},{"id":"18533","msds_language":"Polonais","msds_file":"https:\/\/wynns2021.wpengine.com\/products\/MSDS\/W56479_MSDS_Polonais.pdf"},{"id":"18534","msds_language":"Portuguese","msds_file":"https:\/\/wynns2021.wpengine.com\/products\/MSDS\/W56479_MSDS_PT.pdf"},{"id":"18535","msds_language":"Roumain","msds_file":"https:\/\/wynns2021.wpengine.com\/products\/MSDS\/W56479_MSDS_Roumain.pdf"},{"id":"18536","msds_language":"Russian","msds_file":"https:\/\/wynns2021.wpengine.com\/products\/MSDS\/W56479_MSDS_RU.pdf"},{"id":"18537","msds_language":"Slovaque","msds_file":"https:\/\/wynns2021.wpengine.com\/products\/MSDS\/W56479_MSDS_Slovaque.pdf"},{"id":"18538","msds_language":"Slov\u00e8ne","msds_file":"https:\/\/wynns2021.wpengine.com\/products\/MSDS\/W56479_MSDS_Slov\u00e8ne.pdf"},{"id":"18539","msds_language":"Serbe","msds_file":"https:\/\/wynns2021.wpengine.com\/products\/MSDS\/W56479_MSDS_Serbe.pdf"},{"id":"18540","msds_language":"Su\u00e9dois","msds_file":"https:\/\/wynns2021.wpengine.com\/products\/MSDS\/W56479_MSDS_Su\u00e9dois.pdf"},{"id":"18541","msds_language":"Turc","msds_file":"https:\/\/wynns2021.wpengine.com\/products\/MSDS\/W56479_MSDS_Turc.pdf"},{"id":"18542","msds_language":"Ukrainien","msds_file":"https:\/\/wynns2021.wpengine.com\/products\/MSDS\/W56479_MSDS_Ukrainien.pdf"}]}],"wynns_parts":[],"yoast_head":"<!-- This site is optimized with the Yoast SEO plugin v27.4 - https:\/\/yoast.com\/product\/yoast-seo-wordpress\/ -->\n<title>Super Rust Penetrant | Wynn&#039;s Belgium<\/title>\n<meta name=\"description\" content=\"Lubrifiant multifonctionnel qui lib\u00e8re les pi\u00e8ces bloqu\u00e9es, prot\u00e8ge contre la rouille et la corrosion, et repousse l&#039;humidit\u00e9.\" \/>\n<meta name=\"robots\" content=\"index, follow, max-snippet:-1, max-image-preview:large, max-video-preview:-1\" \/>\n<link rel=\"canonical\" href=\"https:\/\/www.wynns.be\/fr\/produit\/super-rust-penetrant\/\" \/>\n<meta property=\"og:locale\" content=\"fr_FR\" \/>\n<meta property=\"og:type\" content=\"article\" \/>\n<meta property=\"og:title\" content=\"Super Rust Penetrant | Wynn&#039;s Belgium\" \/>\n<meta property=\"og:description\" content=\"Lubrifiant multifonctionnel qui lib\u00e8re les pi\u00e8ces bloqu\u00e9es, prot\u00e8ge contre la rouille et la corrosion, et repousse l&#039;humidit\u00e9.\" \/>\n<meta property=\"og:url\" content=\"https:\/\/www.wynns.be\/fr\/produit\/super-rust-penetrant\/\" \/>\n<meta property=\"og:site_name\" content=\"Wynn&#039;s Belgium\" \/>\n<meta property=\"article:modified_time\" content=\"2025-04-23T14:01:57+00:00\" \/>\n<meta property=\"og:image\" content=\"https:\/\/www.wynns.be\/wp-content\/uploads\/sites\/12\/2021\/01\/W56479.jpg\" \/>\n\t<meta property=\"og:image:width\" content=\"1050\" \/>\n\t<meta property=\"og:image:height\" content=\"1050\" \/>\n\t<meta property=\"og:image:type\" content=\"image\/jpeg\" \/>\n<meta name=\"twitter:card\" content=\"summary_large_image\" \/>\n<script type=\"application\/ld+json\" class=\"yoast-schema-graph\">{\"@context\":\"https:\\\/\\\/schema.org\",\"@graph\":[{\"@type\":\"WebPage\",\"@id\":\"https:\\\/\\\/www.wynns.be\\\/fr\\\/produit\\\/super-rust-penetrant\\\/\",\"url\":\"https:\\\/\\\/www.wynns.be\\\/fr\\\/produit\\\/super-rust-penetrant\\\/\",\"name\":\"Super Rust Penetrant | Wynn&#039;s Belgium\",\"isPartOf\":{\"@id\":\"https:\\\/\\\/www.wynns.be\\\/nl\\\/#website\"},\"primaryImageOfPage\":{\"@id\":\"https:\\\/\\\/www.wynns.be\\\/fr\\\/produit\\\/super-rust-penetrant\\\/#primaryimage\"},\"image\":{\"@id\":\"https:\\\/\\\/www.wynns.be\\\/fr\\\/produit\\\/super-rust-penetrant\\\/#primaryimage\"},\"thumbnailUrl\":\"https:\\\/\\\/www.wynns.be\\\/wp-content\\\/uploads\\\/sites\\\/12\\\/2021\\\/01\\\/W56479.jpg\",\"datePublished\":\"2021-01-23T12:20:57+00:00\",\"dateModified\":\"2025-04-23T14:01:57+00:00\",\"description\":\"Lubrifiant multifonctionnel qui lib\u00e8re les pi\u00e8ces bloqu\u00e9es, prot\u00e8ge contre la rouille et la corrosion, et repousse l'humidit\u00e9.\",\"breadcrumb\":{\"@id\":\"https:\\\/\\\/www.wynns.be\\\/fr\\\/produit\\\/super-rust-penetrant\\\/#breadcrumb\"},\"inLanguage\":\"fr-BE\",\"potentialAction\":[{\"@type\":\"ReadAction\",\"target\":[\"https:\\\/\\\/www.wynns.be\\\/fr\\\/produit\\\/super-rust-penetrant\\\/\"]}]},{\"@type\":\"ImageObject\",\"inLanguage\":\"fr-BE\",\"@id\":\"https:\\\/\\\/www.wynns.be\\\/fr\\\/produit\\\/super-rust-penetrant\\\/#primaryimage\",\"url\":\"https:\\\/\\\/www.wynns.be\\\/wp-content\\\/uploads\\\/sites\\\/12\\\/2021\\\/01\\\/W56479.jpg\",\"contentUrl\":\"https:\\\/\\\/www.wynns.be\\\/wp-content\\\/uploads\\\/sites\\\/12\\\/2021\\\/01\\\/W56479.jpg\",\"width\":1050,\"height\":1050,\"caption\":\"super rust penetrant\"},{\"@type\":\"BreadcrumbList\",\"@id\":\"https:\\\/\\\/www.wynns.be\\\/fr\\\/produit\\\/super-rust-penetrant\\\/#breadcrumb\",\"itemListElement\":[{\"@type\":\"ListItem\",\"position\":1,\"name\":\"Home\",\"item\":\"https:\\\/\\\/www.wynns.be\\\/fr\\\/\"},{\"@type\":\"ListItem\",\"position\":2,\"name\":\"Produits\",\"item\":\"https:\\\/\\\/www.wynns.be\\\/fr\\\/shop\\\/\"},{\"@type\":\"ListItem\",\"position\":3,\"name\":\"Super Rust Penetrant\"}]},{\"@type\":\"WebSite\",\"@id\":\"https:\\\/\\\/www.wynns.be\\\/nl\\\/#website\",\"url\":\"https:\\\/\\\/www.wynns.be\\\/nl\\\/\",\"name\":\"Wynn&#039;s Belgium\",\"description\":\"Specialist in additives\",\"potentialAction\":[{\"@type\":\"SearchAction\",\"target\":{\"@type\":\"EntryPoint\",\"urlTemplate\":\"https:\\\/\\\/www.wynns.be\\\/nl\\\/?s={search_term_string}\"},\"query-input\":{\"@type\":\"PropertyValueSpecification\",\"valueRequired\":true,\"valueName\":\"search_term_string\"}}],\"inLanguage\":\"fr-BE\"}]}<\/script>\n<!-- \/ Yoast SEO plugin. -->","yoast_head_json":{"title":"Super Rust Penetrant | Wynn&#039;s Belgium","description":"Lubrifiant multifonctionnel qui lib\u00e8re les pi\u00e8ces bloqu\u00e9es, prot\u00e8ge contre la rouille et la corrosion, et repousse l'humidit\u00e9.","robots":{"index":"index","follow":"follow","max-snippet":"max-snippet:-1","max-image-preview":"max-image-preview:large","max-video-preview":"max-video-preview:-1"},"canonical":"https:\/\/www.wynns.be\/fr\/produit\/super-rust-penetrant\/","og_locale":"fr_FR","og_type":"article","og_title":"Super Rust Penetrant | Wynn&#039;s Belgium","og_description":"Lubrifiant multifonctionnel qui lib\u00e8re les pi\u00e8ces bloqu\u00e9es, prot\u00e8ge contre la rouille et la corrosion, et repousse l'humidit\u00e9.","og_url":"https:\/\/www.wynns.be\/fr\/produit\/super-rust-penetrant\/","og_site_name":"Wynn&#039;s Belgium","article_modified_time":"2025-04-23T14:01:57+00:00","og_image":[{"width":1050,"height":1050,"url":"https:\/\/www.wynns.be\/wp-content\/uploads\/sites\/12\/2021\/01\/W56479.jpg","type":"image\/jpeg"}],"twitter_card":"summary_large_image","schema":{"@context":"https:\/\/schema.org","@graph":[{"@type":"WebPage","@id":"https:\/\/www.wynns.be\/fr\/produit\/super-rust-penetrant\/","url":"https:\/\/www.wynns.be\/fr\/produit\/super-rust-penetrant\/","name":"Super Rust Penetrant | Wynn&#039;s Belgium","isPartOf":{"@id":"https:\/\/www.wynns.be\/nl\/#website"},"primaryImageOfPage":{"@id":"https:\/\/www.wynns.be\/fr\/produit\/super-rust-penetrant\/#primaryimage"},"image":{"@id":"https:\/\/www.wynns.be\/fr\/produit\/super-rust-penetrant\/#primaryimage"},"thumbnailUrl":"https:\/\/www.wynns.be\/wp-content\/uploads\/sites\/12\/2021\/01\/W56479.jpg","datePublished":"2021-01-23T12:20:57+00:00","dateModified":"2025-04-23T14:01:57+00:00","description":"Lubrifiant multifonctionnel qui lib\u00e8re les pi\u00e8ces bloqu\u00e9es, prot\u00e8ge contre la rouille et la corrosion, et repousse l'humidit\u00e9.","breadcrumb":{"@id":"https:\/\/www.wynns.be\/fr\/produit\/super-rust-penetrant\/#breadcrumb"},"inLanguage":"fr-BE","potentialAction":[{"@type":"ReadAction","target":["https:\/\/www.wynns.be\/fr\/produit\/super-rust-penetrant\/"]}]},{"@type":"ImageObject","inLanguage":"fr-BE","@id":"https:\/\/www.wynns.be\/fr\/produit\/super-rust-penetrant\/#primaryimage","url":"https:\/\/www.wynns.be\/wp-content\/uploads\/sites\/12\/2021\/01\/W56479.jpg","contentUrl":"https:\/\/www.wynns.be\/wp-content\/uploads\/sites\/12\/2021\/01\/W56479.jpg","width":1050,"height":1050,"caption":"super rust penetrant"},{"@type":"BreadcrumbList","@id":"https:\/\/www.wynns.be\/fr\/produit\/super-rust-penetrant\/#breadcrumb","itemListElement":[{"@type":"ListItem","position":1,"name":"Home","item":"https:\/\/www.wynns.be\/fr\/"},{"@type":"ListItem","position":2,"name":"Produits","item":"https:\/\/www.wynns.be\/fr\/shop\/"},{"@type":"ListItem","position":3,"name":"Super Rust Penetrant"}]},{"@type":"WebSite","@id":"https:\/\/www.wynns.be\/nl\/#website","url":"https:\/\/www.wynns.be\/nl\/","name":"Wynn&#039;s Belgium","description":"Specialist in additives","potentialAction":[{"@type":"SearchAction","target":{"@type":"EntryPoint","urlTemplate":"https:\/\/www.wynns.be\/nl\/?s={search_term_string}"},"query-input":{"@type":"PropertyValueSpecification","valueRequired":true,"valueName":"search_term_string"}}],"inLanguage":"fr-BE"}]}},"toolset-meta":{"toolset-woocommerce-fields-3":[],"toolset-woocommerce-fields-2":[],"toolset-woocommerce-fields":{"_download_limit":{"type":"numeric","raw":"-1"},"_virtual":{"type":"checkbox","raw":"no"},"_downloadable":{"type":"checkbox","raw":"no"},"_download_expiry":{"type":"numeric","raw":"-1"},"_download_type":{"type":"radio","raw":""},"_regular_price":{"type":"numeric","raw":""},"_sale_price":{"type":"numeric","raw":""},"_sale_price_dates_from":{"type":"date","raw":"","formatted":null},"_sale_price_dates_to":{"type":"date","raw":"","formatted":null},"_sku":{"type":"textfield","raw":"W56479"},"_manage_stock":{"type":"checkbox","raw":"no"},"_stock_status":{"type":"radio","raw":"instock"},"_stock":{"type":"numeric","raw":null},"_backorders":{"type":"radio","raw":"no"},"_sold_individually":{"type":"checkbox","raw":"no"},"_width":{"type":"numeric","raw":""},"_weight":{"type":"numeric","raw":""},"_length":{"type":"numeric","raw":""},"_purchase_note":{"type":"textarea","raw":""}},"parts":[],"compatibility":{"engine":{"type":"select","raw":"Petrol & Hybrid petrol, Diesel & Hybrid diesel"},"fuel":{"type":"select","raw":""},"extra-compatibility-text":{"type":"textfield","raw":""}},"how-to-use":{"how-to-use-image":{"type":"image","raw":"","attachment_id":null},"step":{"type":"textfield","raw":[""]},"how-to-use-extra-information":{"type":"textfield","raw":""}},"product-additional-info":{"print-screen-images":{"type":"file","raw":"","attachment_id":null}},"product-video":{"youtube-id":{"type":"textfield","raw":""}},"product-info":{"product-features":{"type":"textfield","raw":["Lib\u00e8re rapidement les pi\u00e8ces bloqu\u00e9es, rouill\u00e9es ou corrod\u00e9es. Lubrifie et nettoie les pi\u00e8ces et dispositifs de pr\u00e9cision.","Repousse l'eau et l'humidit\u00e9. Forte rigidit\u00e9 di\u00e9lectrique.","Prot\u00e8ge contre la rouille, la corrosion et le gel.","Arr\u00eate les grincements et les craquements. Enl\u00e8ve les taches d'huile, de graisse et de goudron."]}}},"_links":{"self":[{"href":"https:\/\/www.wynns.be\/fr\/wp-json\/wp\/v2\/product\/13453","targetHints":{"allow":["GET"]}}],"collection":[{"href":"https:\/\/www.wynns.be\/fr\/wp-json\/wp\/v2\/product"}],"about":[{"href":"https:\/\/www.wynns.be\/fr\/wp-json\/wp\/v2\/types\/product"}],"wp:featuredmedia":[{"embeddable":true,"href":"https:\/\/www.wynns.be\/fr\/wp-json\/wp\/v2\/media\/28874"}],"wp:attachment":[{"href":"https:\/\/www.wynns.be\/fr\/wp-json\/wp\/v2\/media?parent=13453"}],"wp:term":[{"taxonomy":"product_brand","embeddable":true,"href":"https:\/\/www.wynns.be\/fr\/wp-json\/wp\/v2\/product_brand?post=13453"},{"taxonomy":"product_cat","embeddable":true,"href":"https:\/\/www.wynns.be\/fr\/wp-json\/wp\/v2\/product_cat?post=13453"},{"taxonomy":"product_tag","embeddable":true,"href":"https:\/\/www.wynns.be\/fr\/wp-json\/wp\/v2\/product_tag?post=13453"},{"taxonomy":"audience","embeddable":true,"href":"https:\/\/www.wynns.be\/fr\/wp-json\/wp\/v2\/audience?post=13453"},{"taxonomy":"usage","embeddable":true,"href":"https:\/\/www.wynns.be\/fr\/wp-json\/wp\/v2\/usage?post=13453"}],"curies":[{"name":"wp","href":"https:\/\/api.w.org\/{rel}","templated":true}]}}