{"id":13469,"date":"2021-01-23T12:21:28","date_gmt":"2021-01-23T12:21:28","guid":{"rendered":"https:\/\/be.wynns2021.wpengine.com\/product\/chain-lube\/"},"modified":"2025-02-07T10:14:12","modified_gmt":"2025-02-07T10:14:12","slug":"chain-lube","status":"publish","type":"product","link":"https:\/\/www.wynns.be\/fr\/produit\/chain-lube\/","title":{"rendered":"Chain Lube"},"content":{"rendered":"<p>Lubrifiant hydrofuge fortement adh\u00e9sif avec des propri\u00e9t\u00e9s de p\u00e9n\u00e9tration \u00e9lev\u00e9es.<\/p>\n","protected":false},"excerpt":{"rendered":"<p>Lubrifiant pour cha\u00eene<\/p>\n","protected":false},"featured_media":30041,"template":"","meta":{"inline_featured_image":false},"product_brand":[],"product_cat":[1508,1284],"product_tag":[1949,1950,1951,1952,1953,1954,1955,1956,1453,1957,1958,1660,1960,1962,1675,1963,1661,1964,1965,1966,3604],"audience":[1212],"usage":[1301],"class_list":{"0":"post-13469","1":"product","2":"type-product","3":"status-publish","4":"has-post-thumbnail","6":"product_cat-professionnel-atelier","7":"product_cat-professionnel","8":"product_tag-agriculture-fr","9":"product_tag-articulation","10":"product_tag-bicyclette","11":"product_tag-boulons","12":"product_tag-bricolage","13":"product_tag-cables-fr","14":"product_tag-chaines","15":"product_tag-charnieres","16":"product_tag-corrosion-fr","17":"product_tag-ecrous","18":"product_tag-engrenages","19":"product_tag-huile-fr","20":"product_tag-liberer","21":"product_tag-lubrifiant","22":"product_tag-lubrification","23":"product_tag-maintenance-fr","24":"product_tag-moteur","25":"product_tag-motos","26":"product_tag-scies","27":"product_tag-serrures","28":"product_tag-w66479-fr","29":"audience-audience-professionals-fr","30":"usage-entretien-regulier","32":"first","33":"instock","34":"product-type-simple"},"wynns_product_variations":[{"id":"17120","product_code":"W66479","capacity_ml":"500","units_per_case":"12","packaging_language":"EN, FR, DE, IT, NL, RU, PL, EL, TR, SV, NO, DA, FI","ean13_barcode":"5411693664793","tds":[{"id":"17135","tds_language":"Russie","tds_file":"https:\/\/wynns2021.wpengine.com\/products\/TDS\/W66479_TDS_RU.pdf"},{"id":"17133","tds_language":"N\u00e9erlandais","tds_file":"https:\/\/wynns2021.wpengine.com\/products\/TDS\/W66479_TDS_NL.pdf"},{"id":"17131","tds_language":"Italien","tds_file":"https:\/\/wynns2021.wpengine.com\/products\/TDS\/W66479_TDS_IT.pdf"},{"id":"17129","tds_language":"Fran\u00e7ais","tds_file":"https:\/\/wynns2021.wpengine.com\/products\/TDS\/W66479_TDS_FR.pdf"},{"id":"17127","tds_language":"Espagnol","tds_file":"https:\/\/wynns2021.wpengine.com\/products\/TDS\/W66479_TDS_ES.pdf"},{"id":"17125","tds_language":"Anglais","tds_file":"https:\/\/wynns2021.wpengine.com\/products\/TDS\/W66479_TDS_EN.pdf"},{"id":"17123","tds_language":"Allemand","tds_file":"https:\/\/wynns2021.wpengine.com\/products\/TDS\/W66479_TDS_DE.pdf"}],"msds":[{"id":"17138","msds_language":"Bulgare","msds_file":"https:\/\/wynns2021.wpengine.com\/products\/MSDS\/W66479_MSDS_Bulgare.pdf"},{"id":"17140","msds_language":"Tch\u00e8que","msds_file":"https:\/\/wynns2021.wpengine.com\/products\/MSDS\/W66479_MSDS_Tch\u00e8que.pdf"},{"id":"17142","msds_language":"Danois","msds_file":"https:\/\/wynns2021.wpengine.com\/products\/MSDS\/W66479_MSDS_Danois.pdf"},{"id":"17144","msds_language":"German","msds_file":"https:\/\/wynns2021.wpengine.com\/products\/MSDS\/W66479_MSDS_DE.pdf"},{"id":"17146","msds_language":"Grec","msds_file":"https:\/\/wynns2021.wpengine.com\/products\/MSDS\/W66479_MSDS_Grec.pdf"},{"id":"17148","msds_language":"English","msds_file":"https:\/\/wynns2021.wpengine.com\/products\/MSDS\/W66479_MSDS_EN.pdf"},{"id":"17150","msds_language":"Spanish","msds_file":"https:\/\/wynns2021.wpengine.com\/products\/MSDS\/W66479_MSDS_ES.pdf"},{"id":"17152","msds_language":"Estonien","msds_file":"https:\/\/wynns2021.wpengine.com\/products\/MSDS\/W66479_MSDS_Estonien.pdf"},{"id":"17155","msds_language":"Finnois","msds_file":"https:\/\/wynns2021.wpengine.com\/products\/MSDS\/W66479_MSDS_Finnois.pdf"},{"id":"17157","msds_language":"French","msds_file":"https:\/\/wynns2021.wpengine.com\/products\/MSDS\/W66479_MSDS_FR.pdf"},{"id":"17159","msds_language":"Croate","msds_file":"https:\/\/wynns2021.wpengine.com\/products\/MSDS\/W66479_MSDS_Croate.pdf"},{"id":"17161","msds_language":"Hongrois","msds_file":"https:\/\/wynns2021.wpengine.com\/products\/MSDS\/W66479_MSDS_Hongrois.pdf"},{"id":"17162","msds_language":"Italian","msds_file":"https:\/\/wynns2021.wpengine.com\/products\/MSDS\/W66479_MSDS_IT.pdf"},{"id":"17164","msds_language":"Lituanien","msds_file":"https:\/\/wynns2021.wpengine.com\/products\/MSDS\/W66479_MSDS_Lituanien.pdf"},{"id":"17166","msds_language":"Letton","msds_file":"https:\/\/wynns2021.wpengine.com\/products\/MSDS\/W66479_MSDS_Letton.pdf"},{"id":"17168","msds_language":"Dutch","msds_file":"https:\/\/wynns2021.wpengine.com\/products\/MSDS\/W66479_MSDS_NL.pdf"},{"id":"17170","msds_language":"Norv\u00e9gien","msds_file":"https:\/\/wynns2021.wpengine.com\/products\/MSDS\/W66479_MSDS_Norv\u00e9gien.pdf"},{"id":"17171","msds_language":"Polonais","msds_file":"https:\/\/wynns2021.wpengine.com\/products\/MSDS\/W66479_MSDS_Polonais.pdf"},{"id":"17172","msds_language":"Portuguese","msds_file":"https:\/\/wynns2021.wpengine.com\/products\/MSDS\/W66479_MSDS_PT.pdf"},{"id":"17173","msds_language":"Roumain","msds_file":"https:\/\/wynns2021.wpengine.com\/products\/MSDS\/W66479_MSDS_Roumain.pdf"},{"id":"17174","msds_language":"Russian","msds_file":"https:\/\/wynns2021.wpengine.com\/products\/MSDS\/W66479_MSDS_RU.pdf"},{"id":"17175","msds_language":"Slovaque","msds_file":"https:\/\/wynns2021.wpengine.com\/products\/MSDS\/W66479_MSDS_Slovaque.pdf"},{"id":"17176","msds_language":"Slov\u00e8ne","msds_file":"https:\/\/wynns2021.wpengine.com\/products\/MSDS\/W66479_MSDS_Slov\u00e8ne.pdf"},{"id":"17177","msds_language":"Serbe","msds_file":"https:\/\/wynns2021.wpengine.com\/products\/MSDS\/W66479_MSDS_Serbe.pdf"},{"id":"17178","msds_language":"Su\u00e9dois","msds_file":"https:\/\/wynns2021.wpengine.com\/products\/MSDS\/W66479_MSDS_Su\u00e9dois.pdf"},{"id":"17179","msds_language":"Turc","msds_file":"https:\/\/wynns2021.wpengine.com\/products\/MSDS\/W66479_MSDS_Turc.pdf"},{"id":"17180","msds_language":"Ukrainien","msds_file":"https:\/\/wynns2021.wpengine.com\/products\/MSDS\/W66479_MSDS_Ukrainien.pdf"}]}],"wynns_parts":[],"yoast_head":"<!-- This site is optimized with the Yoast SEO plugin v27.4 - https:\/\/yoast.com\/product\/yoast-seo-wordpress\/ -->\n<title>Chain Lube | Wynn&#039;s Belgium<\/title>\n<meta name=\"description\" content=\"Lubrifiant hydrofuge \u00e0 haute adh\u00e9sion et pouvoir p\u00e9n\u00e9trant, prot\u00e8ge contre la rouille, r\u00e9duit la friction, l&#039;usure et emp\u00eache l&#039;accumulation de salet\u00e9.\" \/>\n<meta name=\"robots\" content=\"index, follow, max-snippet:-1, max-image-preview:large, max-video-preview:-1\" \/>\n<link rel=\"canonical\" href=\"https:\/\/www.wynns.be\/fr\/produit\/chain-lube\/\" \/>\n<meta property=\"og:locale\" content=\"fr_FR\" \/>\n<meta property=\"og:type\" content=\"article\" \/>\n<meta property=\"og:title\" content=\"Chain Lube | Wynn&#039;s Belgium\" \/>\n<meta property=\"og:description\" content=\"Lubrifiant hydrofuge \u00e0 haute adh\u00e9sion et pouvoir p\u00e9n\u00e9trant, prot\u00e8ge contre la rouille, r\u00e9duit la friction, l&#039;usure et emp\u00eache l&#039;accumulation de salet\u00e9.\" \/>\n<meta property=\"og:url\" content=\"https:\/\/www.wynns.be\/fr\/produit\/chain-lube\/\" \/>\n<meta property=\"og:site_name\" content=\"Wynn&#039;s Belgium\" \/>\n<meta property=\"article:modified_time\" content=\"2025-02-07T10:14:12+00:00\" \/>\n<meta property=\"og:image\" content=\"https:\/\/www.wynns.be\/wp-content\/uploads\/sites\/12\/2021\/01\/W66479.jpg\" \/>\n\t<meta property=\"og:image:width\" content=\"1050\" \/>\n\t<meta property=\"og:image:height\" content=\"1050\" \/>\n\t<meta property=\"og:image:type\" content=\"image\/jpeg\" \/>\n<meta name=\"twitter:card\" content=\"summary_large_image\" \/>\n<script type=\"application\/ld+json\" class=\"yoast-schema-graph\">{\"@context\":\"https:\\\/\\\/schema.org\",\"@graph\":[{\"@type\":\"WebPage\",\"@id\":\"https:\\\/\\\/www.wynns.be\\\/fr\\\/produit\\\/chain-lube\\\/\",\"url\":\"https:\\\/\\\/www.wynns.be\\\/fr\\\/produit\\\/chain-lube\\\/\",\"name\":\"Chain Lube | Wynn&#039;s Belgium\",\"isPartOf\":{\"@id\":\"https:\\\/\\\/www.wynns.be\\\/nl\\\/#website\"},\"primaryImageOfPage\":{\"@id\":\"https:\\\/\\\/www.wynns.be\\\/fr\\\/produit\\\/chain-lube\\\/#primaryimage\"},\"image\":{\"@id\":\"https:\\\/\\\/www.wynns.be\\\/fr\\\/produit\\\/chain-lube\\\/#primaryimage\"},\"thumbnailUrl\":\"https:\\\/\\\/www.wynns.be\\\/wp-content\\\/uploads\\\/sites\\\/12\\\/2021\\\/01\\\/W66479.jpg\",\"datePublished\":\"2021-01-23T12:21:28+00:00\",\"dateModified\":\"2025-02-07T10:14:12+00:00\",\"description\":\"Lubrifiant hydrofuge \u00e0 haute adh\u00e9sion et pouvoir p\u00e9n\u00e9trant, prot\u00e8ge contre la rouille, r\u00e9duit la friction, l'usure et emp\u00eache l'accumulation de salet\u00e9.\",\"breadcrumb\":{\"@id\":\"https:\\\/\\\/www.wynns.be\\\/fr\\\/produit\\\/chain-lube\\\/#breadcrumb\"},\"inLanguage\":\"fr-BE\",\"potentialAction\":[{\"@type\":\"ReadAction\",\"target\":[\"https:\\\/\\\/www.wynns.be\\\/fr\\\/produit\\\/chain-lube\\\/\"]}]},{\"@type\":\"ImageObject\",\"inLanguage\":\"fr-BE\",\"@id\":\"https:\\\/\\\/www.wynns.be\\\/fr\\\/produit\\\/chain-lube\\\/#primaryimage\",\"url\":\"https:\\\/\\\/www.wynns.be\\\/wp-content\\\/uploads\\\/sites\\\/12\\\/2021\\\/01\\\/W66479.jpg\",\"contentUrl\":\"https:\\\/\\\/www.wynns.be\\\/wp-content\\\/uploads\\\/sites\\\/12\\\/2021\\\/01\\\/W66479.jpg\",\"width\":1050,\"height\":1050,\"caption\":\"Chain Lube\"},{\"@type\":\"BreadcrumbList\",\"@id\":\"https:\\\/\\\/www.wynns.be\\\/fr\\\/produit\\\/chain-lube\\\/#breadcrumb\",\"itemListElement\":[{\"@type\":\"ListItem\",\"position\":1,\"name\":\"Home\",\"item\":\"https:\\\/\\\/www.wynns.be\\\/fr\\\/\"},{\"@type\":\"ListItem\",\"position\":2,\"name\":\"Produits\",\"item\":\"https:\\\/\\\/www.wynns.be\\\/fr\\\/shop\\\/\"},{\"@type\":\"ListItem\",\"position\":3,\"name\":\"Chain Lube\"}]},{\"@type\":\"WebSite\",\"@id\":\"https:\\\/\\\/www.wynns.be\\\/nl\\\/#website\",\"url\":\"https:\\\/\\\/www.wynns.be\\\/nl\\\/\",\"name\":\"Wynn&#039;s Belgium\",\"description\":\"Specialist in additives\",\"potentialAction\":[{\"@type\":\"SearchAction\",\"target\":{\"@type\":\"EntryPoint\",\"urlTemplate\":\"https:\\\/\\\/www.wynns.be\\\/nl\\\/?s={search_term_string}\"},\"query-input\":{\"@type\":\"PropertyValueSpecification\",\"valueRequired\":true,\"valueName\":\"search_term_string\"}}],\"inLanguage\":\"fr-BE\"}]}<\/script>\n<!-- \/ Yoast SEO plugin. -->","yoast_head_json":{"title":"Chain Lube | Wynn&#039;s Belgium","description":"Lubrifiant hydrofuge \u00e0 haute adh\u00e9sion et pouvoir p\u00e9n\u00e9trant, prot\u00e8ge contre la rouille, r\u00e9duit la friction, l'usure et emp\u00eache l'accumulation de salet\u00e9.","robots":{"index":"index","follow":"follow","max-snippet":"max-snippet:-1","max-image-preview":"max-image-preview:large","max-video-preview":"max-video-preview:-1"},"canonical":"https:\/\/www.wynns.be\/fr\/produit\/chain-lube\/","og_locale":"fr_FR","og_type":"article","og_title":"Chain Lube | Wynn&#039;s Belgium","og_description":"Lubrifiant hydrofuge \u00e0 haute adh\u00e9sion et pouvoir p\u00e9n\u00e9trant, prot\u00e8ge contre la rouille, r\u00e9duit la friction, l'usure et emp\u00eache l'accumulation de salet\u00e9.","og_url":"https:\/\/www.wynns.be\/fr\/produit\/chain-lube\/","og_site_name":"Wynn&#039;s Belgium","article_modified_time":"2025-02-07T10:14:12+00:00","og_image":[{"width":1050,"height":1050,"url":"https:\/\/www.wynns.be\/wp-content\/uploads\/sites\/12\/2021\/01\/W66479.jpg","type":"image\/jpeg"}],"twitter_card":"summary_large_image","schema":{"@context":"https:\/\/schema.org","@graph":[{"@type":"WebPage","@id":"https:\/\/www.wynns.be\/fr\/produit\/chain-lube\/","url":"https:\/\/www.wynns.be\/fr\/produit\/chain-lube\/","name":"Chain Lube | Wynn&#039;s Belgium","isPartOf":{"@id":"https:\/\/www.wynns.be\/nl\/#website"},"primaryImageOfPage":{"@id":"https:\/\/www.wynns.be\/fr\/produit\/chain-lube\/#primaryimage"},"image":{"@id":"https:\/\/www.wynns.be\/fr\/produit\/chain-lube\/#primaryimage"},"thumbnailUrl":"https:\/\/www.wynns.be\/wp-content\/uploads\/sites\/12\/2021\/01\/W66479.jpg","datePublished":"2021-01-23T12:21:28+00:00","dateModified":"2025-02-07T10:14:12+00:00","description":"Lubrifiant hydrofuge \u00e0 haute adh\u00e9sion et pouvoir p\u00e9n\u00e9trant, prot\u00e8ge contre la rouille, r\u00e9duit la friction, l'usure et emp\u00eache l'accumulation de salet\u00e9.","breadcrumb":{"@id":"https:\/\/www.wynns.be\/fr\/produit\/chain-lube\/#breadcrumb"},"inLanguage":"fr-BE","potentialAction":[{"@type":"ReadAction","target":["https:\/\/www.wynns.be\/fr\/produit\/chain-lube\/"]}]},{"@type":"ImageObject","inLanguage":"fr-BE","@id":"https:\/\/www.wynns.be\/fr\/produit\/chain-lube\/#primaryimage","url":"https:\/\/www.wynns.be\/wp-content\/uploads\/sites\/12\/2021\/01\/W66479.jpg","contentUrl":"https:\/\/www.wynns.be\/wp-content\/uploads\/sites\/12\/2021\/01\/W66479.jpg","width":1050,"height":1050,"caption":"Chain Lube"},{"@type":"BreadcrumbList","@id":"https:\/\/www.wynns.be\/fr\/produit\/chain-lube\/#breadcrumb","itemListElement":[{"@type":"ListItem","position":1,"name":"Home","item":"https:\/\/www.wynns.be\/fr\/"},{"@type":"ListItem","position":2,"name":"Produits","item":"https:\/\/www.wynns.be\/fr\/shop\/"},{"@type":"ListItem","position":3,"name":"Chain Lube"}]},{"@type":"WebSite","@id":"https:\/\/www.wynns.be\/nl\/#website","url":"https:\/\/www.wynns.be\/nl\/","name":"Wynn&#039;s Belgium","description":"Specialist in additives","potentialAction":[{"@type":"SearchAction","target":{"@type":"EntryPoint","urlTemplate":"https:\/\/www.wynns.be\/nl\/?s={search_term_string}"},"query-input":{"@type":"PropertyValueSpecification","valueRequired":true,"valueName":"search_term_string"}}],"inLanguage":"fr-BE"}]}},"toolset-meta":{"toolset-woocommerce-fields-3":[],"toolset-woocommerce-fields-2":[],"toolset-woocommerce-fields":{"_download_limit":{"type":"numeric","raw":"-1"},"_virtual":{"type":"checkbox","raw":"no"},"_downloadable":{"type":"checkbox","raw":"no"},"_download_expiry":{"type":"numeric","raw":"-1"},"_download_type":{"type":"radio","raw":""},"_regular_price":{"type":"numeric","raw":""},"_sale_price":{"type":"numeric","raw":""},"_sale_price_dates_from":{"type":"date","raw":"","formatted":null},"_sale_price_dates_to":{"type":"date","raw":"","formatted":null},"_sku":{"type":"textfield","raw":"W66479"},"_manage_stock":{"type":"checkbox","raw":"no"},"_stock_status":{"type":"radio","raw":"instock"},"_stock":{"type":"numeric","raw":null},"_backorders":{"type":"radio","raw":"no"},"_sold_individually":{"type":"checkbox","raw":"no"},"_width":{"type":"numeric","raw":""},"_weight":{"type":"numeric","raw":""},"_length":{"type":"numeric","raw":""},"_purchase_note":{"type":"textarea","raw":""}},"parts":[],"compatibility":{"engine":{"type":"select","raw":""},"fuel":{"type":"select","raw":""},"extra-compatibility-text":{"type":"textfield","raw":""}},"how-to-use":{"how-to-use-image":{"type":"image","raw":"","attachment_id":null},"step":{"type":"textfield","raw":[""]},"how-to-use-extra-information":{"type":"textfield","raw":""}},"product-additional-info":{"print-screen-images":{"type":"file","raw":"","attachment_id":null}},"product-video":{"youtube-id":{"type":"textfield","raw":""}},"product-info":{"product-features":{"type":"textfield","raw":["Pouvoir lubrifiant, adh\u00e9sif et p\u00e9n\u00e9trant exceptionnel.","Est hydrofuge.","Prot\u00e8ge contre la rouille et la corrosion.","Retarde la friction et l'usure. Emp\u00eache l'accumulation de salet\u00e9 et les d\u00e9p\u00f4ts."]}}},"_links":{"self":[{"href":"https:\/\/www.wynns.be\/fr\/wp-json\/wp\/v2\/product\/13469","targetHints":{"allow":["GET"]}}],"collection":[{"href":"https:\/\/www.wynns.be\/fr\/wp-json\/wp\/v2\/product"}],"about":[{"href":"https:\/\/www.wynns.be\/fr\/wp-json\/wp\/v2\/types\/product"}],"wp:featuredmedia":[{"embeddable":true,"href":"https:\/\/www.wynns.be\/fr\/wp-json\/wp\/v2\/media\/30041"}],"wp:attachment":[{"href":"https:\/\/www.wynns.be\/fr\/wp-json\/wp\/v2\/media?parent=13469"}],"wp:term":[{"taxonomy":"product_brand","embeddable":true,"href":"https:\/\/www.wynns.be\/fr\/wp-json\/wp\/v2\/product_brand?post=13469"},{"taxonomy":"product_cat","embeddable":true,"href":"https:\/\/www.wynns.be\/fr\/wp-json\/wp\/v2\/product_cat?post=13469"},{"taxonomy":"product_tag","embeddable":true,"href":"https:\/\/www.wynns.be\/fr\/wp-json\/wp\/v2\/product_tag?post=13469"},{"taxonomy":"audience","embeddable":true,"href":"https:\/\/www.wynns.be\/fr\/wp-json\/wp\/v2\/audience?post=13469"},{"taxonomy":"usage","embeddable":true,"href":"https:\/\/www.wynns.be\/fr\/wp-json\/wp\/v2\/usage?post=13469"}],"curies":[{"name":"wp","href":"https:\/\/api.w.org\/{rel}","templated":true}]}}