{"id":23471,"date":"2021-07-07T08:12:28","date_gmt":"2021-08-03T07:16:41","guid":{"rendered":"https:\/\/be.wynns2021.wpengine.com\/product\/automatic-transmission-treatment\/"},"modified":"2025-04-23T13:57:40","modified_gmt":"2025-04-23T13:57:40","slug":"automatic-transmission-treatment","status":"publish","type":"product","link":"https:\/\/www.wynns.be\/fr\/produit\/automatic-transmission-treatment\/","title":{"rendered":"Automatic Transmission Treatment"},"content":{"rendered":"<p>Traitement compl\u00e8tement soluble dans l&#8217;huile \u00e9labor\u00e9 pour stopper et pr\u00e9venir les fuites et pour assouplir le passage de vitesses.<\/p>\n","protected":false},"excerpt":{"rendered":"<p>Transmission Automatique<\/p>\n","protected":false},"featured_media":28853,"template":"","meta":{"inline_featured_image":false},"product_brand":[],"product_cat":[1657,1284,1286],"product_tag":[1670,1671,1659,1660,2157,1662,1678,1679,1747,1681],"audience":[],"usage":[],"class_list":{"0":"post-23471","1":"product","2":"type-product","3":"status-publish","4":"has-post-thumbnail","6":"product_cat-additifs-huile-professionnel","7":"product_cat-professionnel","8":"product_cat-service-maintenance-professionnel","9":"product_tag-bruit","10":"product_tag-changement-de-vitesse","11":"product_tag-fuite","12":"product_tag-huile-fr","13":"product_tag-puissance","14":"product_tag-qui-fuit","15":"product_tag-silencieux","16":"product_tag-transmission-automatique","17":"product_tag-viscosite","18":"product_tag-vitesse","20":"first","21":"instock","22":"product-type-simple"},"wynns_product_variations":[{"id":"23473","product_code":"W64544","capacity_ml":"325","units_per_case":"12","packaging_language":"EN, SV, RU, FR, DE, NL","ean13_barcode":"5411693645440","tds":[{"id":"23479","tds_language":"Russie","tds_file":"https:\/\/wynns2021.wpengine.com\/products\/TDS\/W64544_TDS_RU.pdf"},{"id":"23478","tds_language":"N\u00e9erlandais","tds_file":"https:\/\/wynns2021.wpengine.com\/products\/TDS\/W64544_TDS_NL.pdf"},{"id":"23477","tds_language":"Italien","tds_file":"https:\/\/wynns2021.wpengine.com\/products\/TDS\/W64544_TDS_IT.pdf"},{"id":"23476","tds_language":"Fran\u00e7ais","tds_file":"https:\/\/wynns2021.wpengine.com\/products\/TDS\/W64544_TDS_FR.pdf"},{"id":"23475","tds_language":"Espagnol","tds_file":"https:\/\/wynns2021.wpengine.com\/products\/TDS\/W64544_TDS_ES.pdf"},{"id":"23474","tds_language":"Anglais","tds_file":"https:\/\/wynns2021.wpengine.com\/products\/TDS\/W64544_TDS_EN.pdf"}],"msds":[{"id":"23480","msds_language":"Tch\u00e8que","msds_file":"https:\/\/wynns2021.wpengine.com\/products\/MSDS\/W64544_MSDS_Tch\u00e8que.pdf"},{"id":"23481","msds_language":"Danois","msds_file":"https:\/\/wynns2021.wpengine.com\/products\/MSDS\/W64544_MSDS_Danois.pdf"},{"id":"23482","msds_language":"German","msds_file":"https:\/\/wynns2021.wpengine.com\/products\/MSDS\/W64544_MSDS_DE.pdf"},{"id":"23483","msds_language":"Grec","msds_file":"https:\/\/wynns2021.wpengine.com\/products\/MSDS\/W64544_MSDS_Grec.pdf"},{"id":"23484","msds_language":"English","msds_file":"https:\/\/wynns2021.wpengine.com\/products\/MSDS\/W64544_MSDS_EN.pdf"},{"id":"23485","msds_language":"Spanish","msds_file":"https:\/\/wynns2021.wpengine.com\/products\/MSDS\/W64544_MSDS_ES.pdf"},{"id":"23486","msds_language":"Estonien","msds_file":"https:\/\/wynns2021.wpengine.com\/products\/MSDS\/W64544_MSDS_Estonien.pdf"},{"id":"23487","msds_language":"Finnois","msds_file":"https:\/\/wynns2021.wpengine.com\/products\/MSDS\/W64544_MSDS_Finnois.pdf"},{"id":"23488","msds_language":"French","msds_file":"https:\/\/wynns2021.wpengine.com\/products\/MSDS\/W64544_MSDS_FR.pdf"},{"id":"23489","msds_language":"Croate","msds_file":"https:\/\/wynns2021.wpengine.com\/products\/MSDS\/W64544_MSDS_Croate.pdf"},{"id":"23490","msds_language":"Hongrois","msds_file":"https:\/\/wynns2021.wpengine.com\/products\/MSDS\/W64544_MSDS_Hongrois.pdf"},{"id":"23491","msds_language":"Italian","msds_file":"https:\/\/wynns2021.wpengine.com\/products\/MSDS\/W64544_MSDS_IT.pdf"},{"id":"23492","msds_language":"Lituanien","msds_file":"https:\/\/wynns2021.wpengine.com\/products\/MSDS\/W64544_MSDS_Lituanien.pdf"},{"id":"23493","msds_language":"Letton","msds_file":"https:\/\/wynns2021.wpengine.com\/products\/MSDS\/W64544_MSDS_Letton.pdf"},{"id":"23494","msds_language":"Dutch","msds_file":"https:\/\/wynns2021.wpengine.com\/products\/MSDS\/W64544_MSDS_NL.pdf"},{"id":"23495","msds_language":"Norv\u00e9gien","msds_file":"https:\/\/wynns2021.wpengine.com\/products\/MSDS\/W64544_MSDS_Norv\u00e9gien.pdf"},{"id":"23496","msds_language":"Polonais","msds_file":"https:\/\/wynns2021.wpengine.com\/products\/MSDS\/W64544_MSDS_Polonais.pdf"},{"id":"23497","msds_language":"Portuguese","msds_file":"https:\/\/wynns2021.wpengine.com\/products\/MSDS\/W64544_MSDS_PT.pdf"},{"id":"23498","msds_language":"Roumain","msds_file":"https:\/\/wynns2021.wpengine.com\/products\/MSDS\/W64544_MSDS_Roumain.pdf"},{"id":"23499","msds_language":"Russian","msds_file":"https:\/\/wynns2021.wpengine.com\/products\/MSDS\/W64544_MSDS_RU.pdf"},{"id":"23500","msds_language":"Slovaque","msds_file":"https:\/\/wynns2021.wpengine.com\/products\/MSDS\/W64544_MSDS_Slovaque.pdf"},{"id":"23501","msds_language":"Slov\u00e8ne","msds_file":"https:\/\/wynns2021.wpengine.com\/products\/MSDS\/W64544_MSDS_Slov\u00e8ne.pdf"},{"id":"23502","msds_language":"Serbe","msds_file":"https:\/\/wynns2021.wpengine.com\/products\/MSDS\/W64544_MSDS_Serbe.pdf"},{"id":"23503","msds_language":"Su\u00e9dois","msds_file":"https:\/\/wynns2021.wpengine.com\/products\/MSDS\/W64544_MSDS_Su\u00e9dois.pdf"},{"id":"23504","msds_language":"Turc","msds_file":"https:\/\/wynns2021.wpengine.com\/products\/MSDS\/W64544_MSDS_Turc.pdf"},{"id":"23505","msds_language":"Ukrainien","msds_file":"https:\/\/wynns2021.wpengine.com\/products\/MSDS\/W64544_MSDS_Ukrainien.pdf"}]}],"wynns_parts":[],"yoast_head":"<!-- This site is optimized with the Yoast SEO plugin v27.5 - https:\/\/yoast.com\/product\/yoast-seo-wordpress\/ -->\n<title>Automatic Transmission Treatment | Wynn&#039;s Belgium<\/title>\n<meta name=\"description\" content=\"Nettoie les bo\u00eetes automatiques, \u00e9limine les d\u00e9p\u00f4ts, pr\u00e9pare \u00e0 un nouveau liquide et am\u00e9liore le passage des vitesses.\" \/>\n<meta name=\"robots\" content=\"index, follow, max-snippet:-1, max-image-preview:large, max-video-preview:-1\" \/>\n<link rel=\"canonical\" href=\"https:\/\/www.wynns.be\/fr\/produit\/automatic-transmission-treatment\/\" \/>\n<meta property=\"og:locale\" content=\"fr_FR\" \/>\n<meta property=\"og:type\" content=\"article\" \/>\n<meta property=\"og:title\" content=\"Automatic Transmission Treatment | Wynn&#039;s Belgium\" \/>\n<meta property=\"og:description\" content=\"Nettoie les bo\u00eetes automatiques, \u00e9limine les d\u00e9p\u00f4ts, pr\u00e9pare \u00e0 un nouveau liquide et am\u00e9liore le passage des vitesses.\" \/>\n<meta property=\"og:url\" content=\"https:\/\/www.wynns.be\/fr\/produit\/automatic-transmission-treatment\/\" \/>\n<meta property=\"og:site_name\" content=\"Wynn&#039;s Belgium\" \/>\n<meta property=\"article:modified_time\" content=\"2025-04-23T13:57:40+00:00\" \/>\n<meta property=\"og:image\" content=\"https:\/\/www.wynns.be\/wp-content\/uploads\/sites\/12\/2021\/07\/W64544-1.jpg\" \/>\n\t<meta property=\"og:image:width\" content=\"1050\" \/>\n\t<meta property=\"og:image:height\" content=\"1050\" \/>\n\t<meta property=\"og:image:type\" content=\"image\/jpeg\" \/>\n<meta name=\"twitter:card\" content=\"summary_large_image\" \/>\n<script type=\"application\/ld+json\" class=\"yoast-schema-graph\">{\"@context\":\"https:\\\/\\\/schema.org\",\"@graph\":[{\"@type\":\"WebPage\",\"@id\":\"https:\\\/\\\/www.wynns.be\\\/fr\\\/produit\\\/automatic-transmission-treatment\\\/\",\"url\":\"https:\\\/\\\/www.wynns.be\\\/fr\\\/produit\\\/automatic-transmission-treatment\\\/\",\"name\":\"Automatic Transmission Treatment | Wynn&#039;s Belgium\",\"isPartOf\":{\"@id\":\"https:\\\/\\\/www.wynns.be\\\/nl\\\/#website\"},\"primaryImageOfPage\":{\"@id\":\"https:\\\/\\\/www.wynns.be\\\/fr\\\/produit\\\/automatic-transmission-treatment\\\/#primaryimage\"},\"image\":{\"@id\":\"https:\\\/\\\/www.wynns.be\\\/fr\\\/produit\\\/automatic-transmission-treatment\\\/#primaryimage\"},\"thumbnailUrl\":\"https:\\\/\\\/www.wynns.be\\\/wp-content\\\/uploads\\\/sites\\\/12\\\/2021\\\/07\\\/W64544-1.jpg\",\"datePublished\":\"2021-08-03T07:16:41+00:00\",\"dateModified\":\"2025-04-23T13:57:40+00:00\",\"description\":\"Nettoie les bo\u00eetes automatiques, \u00e9limine les d\u00e9p\u00f4ts, pr\u00e9pare \u00e0 un nouveau liquide et am\u00e9liore le passage des vitesses.\",\"breadcrumb\":{\"@id\":\"https:\\\/\\\/www.wynns.be\\\/fr\\\/produit\\\/automatic-transmission-treatment\\\/#breadcrumb\"},\"inLanguage\":\"fr-BE\",\"potentialAction\":[{\"@type\":\"ReadAction\",\"target\":[\"https:\\\/\\\/www.wynns.be\\\/fr\\\/produit\\\/automatic-transmission-treatment\\\/\"]}]},{\"@type\":\"ImageObject\",\"inLanguage\":\"fr-BE\",\"@id\":\"https:\\\/\\\/www.wynns.be\\\/fr\\\/produit\\\/automatic-transmission-treatment\\\/#primaryimage\",\"url\":\"https:\\\/\\\/www.wynns.be\\\/wp-content\\\/uploads\\\/sites\\\/12\\\/2021\\\/07\\\/W64544-1.jpg\",\"contentUrl\":\"https:\\\/\\\/www.wynns.be\\\/wp-content\\\/uploads\\\/sites\\\/12\\\/2021\\\/07\\\/W64544-1.jpg\",\"width\":1050,\"height\":1050,\"caption\":\"automatic transmission treatment\"},{\"@type\":\"BreadcrumbList\",\"@id\":\"https:\\\/\\\/www.wynns.be\\\/fr\\\/produit\\\/automatic-transmission-treatment\\\/#breadcrumb\",\"itemListElement\":[{\"@type\":\"ListItem\",\"position\":1,\"name\":\"Home\",\"item\":\"https:\\\/\\\/www.wynns.be\\\/fr\\\/\"},{\"@type\":\"ListItem\",\"position\":2,\"name\":\"Produits\",\"item\":\"https:\\\/\\\/www.wynns.be\\\/fr\\\/shop\\\/\"},{\"@type\":\"ListItem\",\"position\":3,\"name\":\"Automatic Transmission Treatment\"}]},{\"@type\":\"WebSite\",\"@id\":\"https:\\\/\\\/www.wynns.be\\\/nl\\\/#website\",\"url\":\"https:\\\/\\\/www.wynns.be\\\/nl\\\/\",\"name\":\"Wynn&#039;s Belgium\",\"description\":\"Specialist in additives\",\"potentialAction\":[{\"@type\":\"SearchAction\",\"target\":{\"@type\":\"EntryPoint\",\"urlTemplate\":\"https:\\\/\\\/www.wynns.be\\\/nl\\\/?s={search_term_string}\"},\"query-input\":{\"@type\":\"PropertyValueSpecification\",\"valueRequired\":true,\"valueName\":\"search_term_string\"}}],\"inLanguage\":\"fr-BE\"}]}<\/script>\n<!-- \/ Yoast SEO plugin. -->","yoast_head_json":{"title":"Automatic Transmission Treatment | Wynn&#039;s Belgium","description":"Nettoie les bo\u00eetes automatiques, \u00e9limine les d\u00e9p\u00f4ts, pr\u00e9pare \u00e0 un nouveau liquide et am\u00e9liore le passage des vitesses.","robots":{"index":"index","follow":"follow","max-snippet":"max-snippet:-1","max-image-preview":"max-image-preview:large","max-video-preview":"max-video-preview:-1"},"canonical":"https:\/\/www.wynns.be\/fr\/produit\/automatic-transmission-treatment\/","og_locale":"fr_FR","og_type":"article","og_title":"Automatic Transmission Treatment | Wynn&#039;s Belgium","og_description":"Nettoie les bo\u00eetes automatiques, \u00e9limine les d\u00e9p\u00f4ts, pr\u00e9pare \u00e0 un nouveau liquide et am\u00e9liore le passage des vitesses.","og_url":"https:\/\/www.wynns.be\/fr\/produit\/automatic-transmission-treatment\/","og_site_name":"Wynn&#039;s Belgium","article_modified_time":"2025-04-23T13:57:40+00:00","og_image":[{"width":1050,"height":1050,"url":"https:\/\/www.wynns.be\/wp-content\/uploads\/sites\/12\/2021\/07\/W64544-1.jpg","type":"image\/jpeg"}],"twitter_card":"summary_large_image","schema":{"@context":"https:\/\/schema.org","@graph":[{"@type":"WebPage","@id":"https:\/\/www.wynns.be\/fr\/produit\/automatic-transmission-treatment\/","url":"https:\/\/www.wynns.be\/fr\/produit\/automatic-transmission-treatment\/","name":"Automatic Transmission Treatment | Wynn&#039;s Belgium","isPartOf":{"@id":"https:\/\/www.wynns.be\/nl\/#website"},"primaryImageOfPage":{"@id":"https:\/\/www.wynns.be\/fr\/produit\/automatic-transmission-treatment\/#primaryimage"},"image":{"@id":"https:\/\/www.wynns.be\/fr\/produit\/automatic-transmission-treatment\/#primaryimage"},"thumbnailUrl":"https:\/\/www.wynns.be\/wp-content\/uploads\/sites\/12\/2021\/07\/W64544-1.jpg","datePublished":"2021-08-03T07:16:41+00:00","dateModified":"2025-04-23T13:57:40+00:00","description":"Nettoie les bo\u00eetes automatiques, \u00e9limine les d\u00e9p\u00f4ts, pr\u00e9pare \u00e0 un nouveau liquide et am\u00e9liore le passage des vitesses.","breadcrumb":{"@id":"https:\/\/www.wynns.be\/fr\/produit\/automatic-transmission-treatment\/#breadcrumb"},"inLanguage":"fr-BE","potentialAction":[{"@type":"ReadAction","target":["https:\/\/www.wynns.be\/fr\/produit\/automatic-transmission-treatment\/"]}]},{"@type":"ImageObject","inLanguage":"fr-BE","@id":"https:\/\/www.wynns.be\/fr\/produit\/automatic-transmission-treatment\/#primaryimage","url":"https:\/\/www.wynns.be\/wp-content\/uploads\/sites\/12\/2021\/07\/W64544-1.jpg","contentUrl":"https:\/\/www.wynns.be\/wp-content\/uploads\/sites\/12\/2021\/07\/W64544-1.jpg","width":1050,"height":1050,"caption":"automatic transmission treatment"},{"@type":"BreadcrumbList","@id":"https:\/\/www.wynns.be\/fr\/produit\/automatic-transmission-treatment\/#breadcrumb","itemListElement":[{"@type":"ListItem","position":1,"name":"Home","item":"https:\/\/www.wynns.be\/fr\/"},{"@type":"ListItem","position":2,"name":"Produits","item":"https:\/\/www.wynns.be\/fr\/shop\/"},{"@type":"ListItem","position":3,"name":"Automatic Transmission Treatment"}]},{"@type":"WebSite","@id":"https:\/\/www.wynns.be\/nl\/#website","url":"https:\/\/www.wynns.be\/nl\/","name":"Wynn&#039;s Belgium","description":"Specialist in additives","potentialAction":[{"@type":"SearchAction","target":{"@type":"EntryPoint","urlTemplate":"https:\/\/www.wynns.be\/nl\/?s={search_term_string}"},"query-input":{"@type":"PropertyValueSpecification","valueRequired":true,"valueName":"search_term_string"}}],"inLanguage":"fr-BE"}]}},"toolset-meta":{"toolset-woocommerce-fields-3":[],"toolset-woocommerce-fields-2":[],"toolset-woocommerce-fields":{"_download_limit":{"type":"numeric","raw":"-1"},"_virtual":{"type":"checkbox","raw":"no"},"_downloadable":{"type":"checkbox","raw":"no"},"_download_expiry":{"type":"numeric","raw":"-1"},"_download_type":{"type":"radio","raw":""},"_regular_price":{"type":"numeric","raw":""},"_sale_price":{"type":"numeric","raw":""},"_sale_price_dates_from":{"type":"date","raw":"","formatted":null},"_sale_price_dates_to":{"type":"date","raw":"","formatted":null},"_sku":{"type":"textfield","raw":"W64544"},"_manage_stock":{"type":"checkbox","raw":"no"},"_stock_status":{"type":"radio","raw":"instock"},"_stock":{"type":"numeric","raw":null},"_backorders":{"type":"radio","raw":"no"},"_sold_individually":{"type":"checkbox","raw":"no"},"_width":{"type":"numeric","raw":""},"_weight":{"type":"numeric","raw":""},"_length":{"type":"numeric","raw":""},"_purchase_note":{"type":"textarea","raw":""}},"parts":[],"compatibility":{"engine":{"type":"select","raw":"Petrol & Hybrid petrol, Diesel & Hybrid diesel"},"fuel":{"type":"select","raw":""},"extra-compatibility-text":{"type":"textfield","raw":"Peut \u00eatre ajout\u00e9 \u00e0 toutes les huiles pour bo\u00eetes automatiques r\u00e9pondant aux sp\u00e9cifications Dexron II, III ou VI, Ford, LHM ou \u00e9quivalentes. Aussi pour les directions assist\u00e9es contenant huile ATF."}},"how-to-use":{"how-to-use-image":{"type":"image","raw":"","attachment_id":null},"step":{"type":"textfield","raw":["Ajouter le produit \u00e0 l'huile pour bo\u00eetes automatiques. Ne pas trop remplir.","1 bo\u00eete de 325 ml traite jusqu'\u00e0 6,5 l d'huile pour bo\u00eetes automatiques.","Pour les directions assist\u00e9es : 50 ml\/litre d'huile."]},"how-to-use-extra-information":{"type":"textfield","raw":""}},"product-additional-info":{"print-screen-images":{"type":"file","raw":"","attachment_id":null}},"product-video":{"youtube-id":{"type":"textfield","raw":""}},"product-info":{"product-features":{"type":"textfield","raw":["Stoppe et pr\u00e9vient les fuites.","R\u00e9g\u00e9n\u00e8re les joints en caoutchouc.","Nettoie et prot\u00e8ge le syst\u00e8me par des d\u00e9tergents et dispersants.","Assouplit le passage de vitesses."]}}},"_links":{"self":[{"href":"https:\/\/www.wynns.be\/fr\/wp-json\/wp\/v2\/product\/23471","targetHints":{"allow":["GET"]}}],"collection":[{"href":"https:\/\/www.wynns.be\/fr\/wp-json\/wp\/v2\/product"}],"about":[{"href":"https:\/\/www.wynns.be\/fr\/wp-json\/wp\/v2\/types\/product"}],"wp:featuredmedia":[{"embeddable":true,"href":"https:\/\/www.wynns.be\/fr\/wp-json\/wp\/v2\/media\/28853"}],"wp:attachment":[{"href":"https:\/\/www.wynns.be\/fr\/wp-json\/wp\/v2\/media?parent=23471"}],"wp:term":[{"taxonomy":"product_brand","embeddable":true,"href":"https:\/\/www.wynns.be\/fr\/wp-json\/wp\/v2\/product_brand?post=23471"},{"taxonomy":"product_cat","embeddable":true,"href":"https:\/\/www.wynns.be\/fr\/wp-json\/wp\/v2\/product_cat?post=23471"},{"taxonomy":"product_tag","embeddable":true,"href":"https:\/\/www.wynns.be\/fr\/wp-json\/wp\/v2\/product_tag?post=23471"},{"taxonomy":"audience","embeddable":true,"href":"https:\/\/www.wynns.be\/fr\/wp-json\/wp\/v2\/audience?post=23471"},{"taxonomy":"usage","embeddable":true,"href":"https:\/\/www.wynns.be\/fr\/wp-json\/wp\/v2\/usage?post=23471"}],"curies":[{"name":"wp","href":"https:\/\/api.w.org\/{rel}","templated":true}]}}