{"id":23539,"date":"2021-07-07T08:12:46","date_gmt":"2021-07-07T08:12:46","guid":{"rendered":"https:\/\/be.wynns2021.wpengine.com\/product\/fuelsystemserve\/"},"modified":"2025-04-23T13:54:53","modified_gmt":"2025-04-23T13:54:53","slug":"fuelsystemserve","status":"publish","type":"product","link":"https:\/\/www.wynns.be\/fr\/produit\/fuelsystemserve\/","title":{"rendered":"FuelSystemSERVE"},"content":{"rendered":"<p>Appareil fonctionnant autonome \u00e0 12 V, destin\u00e9 \u00e0 nettoyer efficacement les syst\u00e8mes d&#8217;injection de moteurs \u00e0 essence et diesel sans d\u00e9montage et moteur en marche.<\/p>\n","protected":false},"excerpt":{"rendered":"<p>Machine pour le nettoyage du syst\u00e8me d&#8217;injection de moteurs \u00e0 essence<\/p>\n","protected":false},"featured_media":13943,"template":"","meta":{"inline_featured_image":false},"product_brand":[],"product_cat":[],"product_tag":[1584,1291,1986,1455,1456,1963,1477,1757,1752,3307,3308],"audience":[1212],"usage":[1301,1302],"class_list":{"0":"post-23539","1":"product","2":"type-product","3":"status-publish","4":"has-post-thumbnail","6":"product_tag-carburant","7":"product_tag-diesel-fr","8":"product_tag-essence","9":"product_tag-injecteur","10":"product_tag-injecteurs","11":"product_tag-maintenance-fr","12":"product_tag-nettoyage","13":"product_tag-purge-fr","14":"product_tag-servir","15":"product_tag-traitement","16":"product_tag-w68432-fr","17":"audience-audience-professionals-fr","18":"usage-entretien-regulier","19":"usage-resolution-de-problemes","21":"first","22":"instock","23":"product-type-simple"},"wynns_product_variations":[{"id":"23540","product_code":"W68432","capacity_ml":"","units_per_case":"1","packaging_language":"","ean13_barcode":"5411693684326","tds":[{"id":"23548","tds_language":"Russie","tds_file":"https:\/\/wynns2021.wpengine.com\/products\/TDS\/W68432_TDS_RU.pdf"},{"id":"23547","tds_language":"N\u00e9erlandais","tds_file":"https:\/\/wynns2021.wpengine.com\/products\/TDS\/W68432_TDS_NL.pdf"},{"id":"23546","tds_language":"Italien","tds_file":"https:\/\/wynns2021.wpengine.com\/products\/TDS\/W68432_TDS_IT.pdf"},{"id":"23545","tds_language":"Fran\u00e7ais","tds_file":"https:\/\/wynns2021.wpengine.com\/products\/TDS\/W68432_TDS_FR.pdf"},{"id":"23544","tds_language":"Espagnol","tds_file":"https:\/\/wynns2021.wpengine.com\/products\/TDS\/W68432_TDS_ES.pdf"},{"id":"23543","tds_language":"Anglais","tds_file":"https:\/\/wynns2021.wpengine.com\/products\/TDS\/W68432_TDS_EN.pdf"}],"msds":[]}],"wynns_parts":[{"name":"Injector","rating":"5"},{"name":"Fuel Pump","rating":"4"}],"yoast_head":"<!-- This site is optimized with the Yoast SEO plugin v27.5 - https:\/\/yoast.com\/product\/yoast-seo-wordpress\/ -->\n<title>FuelSystemSERVE | Wynn&#039;s Belgium<\/title>\n<meta name=\"description\" content=\"Appareil 12V nettoyant les syst\u00e8mes d&#039;injection essence et diesel sans d\u00e9montage, moteur en marche. D\u00e9bit ajustable, arr\u00eat automatique avec signal sonore.\" \/>\n<meta name=\"robots\" content=\"index, follow, max-snippet:-1, max-image-preview:large, max-video-preview:-1\" \/>\n<link rel=\"canonical\" href=\"https:\/\/www.wynns.be\/fr\/produit\/fuelsystemserve\/\" \/>\n<meta property=\"og:locale\" content=\"fr_FR\" \/>\n<meta property=\"og:type\" content=\"article\" \/>\n<meta property=\"og:title\" content=\"FuelSystemSERVE | Wynn&#039;s Belgium\" \/>\n<meta property=\"og:description\" content=\"Appareil 12V nettoyant les syst\u00e8mes d&#039;injection essence et diesel sans d\u00e9montage, moteur en marche. D\u00e9bit ajustable, arr\u00eat automatique avec signal sonore.\" \/>\n<meta property=\"og:url\" content=\"https:\/\/www.wynns.be\/fr\/produit\/fuelsystemserve\/\" \/>\n<meta property=\"og:site_name\" content=\"Wynn&#039;s Belgium\" \/>\n<meta property=\"article:modified_time\" content=\"2025-04-23T13:54:53+00:00\" \/>\n<meta property=\"og:image\" content=\"https:\/\/www.wynns.be\/wp-content\/uploads\/sites\/12\/2021\/07\/W68432-Fuel-System-SERVE.jpg\" \/>\n\t<meta property=\"og:image:width\" content=\"1050\" \/>\n\t<meta property=\"og:image:height\" content=\"1050\" \/>\n\t<meta property=\"og:image:type\" content=\"image\/jpeg\" \/>\n<meta name=\"twitter:card\" content=\"summary_large_image\" \/>\n<script type=\"application\/ld+json\" class=\"yoast-schema-graph\">{\"@context\":\"https:\\\/\\\/schema.org\",\"@graph\":[{\"@type\":\"WebPage\",\"@id\":\"https:\\\/\\\/www.wynns.be\\\/fr\\\/produit\\\/fuelsystemserve\\\/\",\"url\":\"https:\\\/\\\/www.wynns.be\\\/fr\\\/produit\\\/fuelsystemserve\\\/\",\"name\":\"FuelSystemSERVE | Wynn&#039;s Belgium\",\"isPartOf\":{\"@id\":\"https:\\\/\\\/www.wynns.be\\\/nl\\\/#website\"},\"primaryImageOfPage\":{\"@id\":\"https:\\\/\\\/www.wynns.be\\\/fr\\\/produit\\\/fuelsystemserve\\\/#primaryimage\"},\"image\":{\"@id\":\"https:\\\/\\\/www.wynns.be\\\/fr\\\/produit\\\/fuelsystemserve\\\/#primaryimage\"},\"thumbnailUrl\":\"https:\\\/\\\/www.wynns.be\\\/wp-content\\\/uploads\\\/sites\\\/12\\\/2021\\\/07\\\/W68432-Fuel-System-SERVE.jpg\",\"datePublished\":\"2021-07-07T08:12:46+00:00\",\"dateModified\":\"2025-04-23T13:54:53+00:00\",\"description\":\"Appareil 12V nettoyant les syst\u00e8mes d'injection essence et diesel sans d\u00e9montage, moteur en marche. D\u00e9bit ajustable, arr\u00eat automatique avec signal sonore.\",\"breadcrumb\":{\"@id\":\"https:\\\/\\\/www.wynns.be\\\/fr\\\/produit\\\/fuelsystemserve\\\/#breadcrumb\"},\"inLanguage\":\"fr-BE\",\"potentialAction\":[{\"@type\":\"ReadAction\",\"target\":[\"https:\\\/\\\/www.wynns.be\\\/fr\\\/produit\\\/fuelsystemserve\\\/\"]}]},{\"@type\":\"ImageObject\",\"inLanguage\":\"fr-BE\",\"@id\":\"https:\\\/\\\/www.wynns.be\\\/fr\\\/produit\\\/fuelsystemserve\\\/#primaryimage\",\"url\":\"https:\\\/\\\/www.wynns.be\\\/wp-content\\\/uploads\\\/sites\\\/12\\\/2021\\\/07\\\/W68432-Fuel-System-SERVE.jpg\",\"contentUrl\":\"https:\\\/\\\/www.wynns.be\\\/wp-content\\\/uploads\\\/sites\\\/12\\\/2021\\\/07\\\/W68432-Fuel-System-SERVE.jpg\",\"width\":1050,\"height\":1050},{\"@type\":\"BreadcrumbList\",\"@id\":\"https:\\\/\\\/www.wynns.be\\\/fr\\\/produit\\\/fuelsystemserve\\\/#breadcrumb\",\"itemListElement\":[{\"@type\":\"ListItem\",\"position\":1,\"name\":\"Home\",\"item\":\"https:\\\/\\\/www.wynns.be\\\/fr\\\/\"},{\"@type\":\"ListItem\",\"position\":2,\"name\":\"Produits\",\"item\":\"https:\\\/\\\/www.wynns.be\\\/fr\\\/shop\\\/\"},{\"@type\":\"ListItem\",\"position\":3,\"name\":\"FuelSystemSERVE\"}]},{\"@type\":\"WebSite\",\"@id\":\"https:\\\/\\\/www.wynns.be\\\/nl\\\/#website\",\"url\":\"https:\\\/\\\/www.wynns.be\\\/nl\\\/\",\"name\":\"Wynn&#039;s Belgium\",\"description\":\"Specialist in additives\",\"potentialAction\":[{\"@type\":\"SearchAction\",\"target\":{\"@type\":\"EntryPoint\",\"urlTemplate\":\"https:\\\/\\\/www.wynns.be\\\/nl\\\/?s={search_term_string}\"},\"query-input\":{\"@type\":\"PropertyValueSpecification\",\"valueRequired\":true,\"valueName\":\"search_term_string\"}}],\"inLanguage\":\"fr-BE\"}]}<\/script>\n<!-- \/ Yoast SEO plugin. -->","yoast_head_json":{"title":"FuelSystemSERVE | Wynn&#039;s Belgium","description":"Appareil 12V nettoyant les syst\u00e8mes d'injection essence et diesel sans d\u00e9montage, moteur en marche. D\u00e9bit ajustable, arr\u00eat automatique avec signal sonore.","robots":{"index":"index","follow":"follow","max-snippet":"max-snippet:-1","max-image-preview":"max-image-preview:large","max-video-preview":"max-video-preview:-1"},"canonical":"https:\/\/www.wynns.be\/fr\/produit\/fuelsystemserve\/","og_locale":"fr_FR","og_type":"article","og_title":"FuelSystemSERVE | Wynn&#039;s Belgium","og_description":"Appareil 12V nettoyant les syst\u00e8mes d'injection essence et diesel sans d\u00e9montage, moteur en marche. D\u00e9bit ajustable, arr\u00eat automatique avec signal sonore.","og_url":"https:\/\/www.wynns.be\/fr\/produit\/fuelsystemserve\/","og_site_name":"Wynn&#039;s Belgium","article_modified_time":"2025-04-23T13:54:53+00:00","og_image":[{"width":1050,"height":1050,"url":"https:\/\/www.wynns.be\/wp-content\/uploads\/sites\/12\/2021\/07\/W68432-Fuel-System-SERVE.jpg","type":"image\/jpeg"}],"twitter_card":"summary_large_image","schema":{"@context":"https:\/\/schema.org","@graph":[{"@type":"WebPage","@id":"https:\/\/www.wynns.be\/fr\/produit\/fuelsystemserve\/","url":"https:\/\/www.wynns.be\/fr\/produit\/fuelsystemserve\/","name":"FuelSystemSERVE | Wynn&#039;s Belgium","isPartOf":{"@id":"https:\/\/www.wynns.be\/nl\/#website"},"primaryImageOfPage":{"@id":"https:\/\/www.wynns.be\/fr\/produit\/fuelsystemserve\/#primaryimage"},"image":{"@id":"https:\/\/www.wynns.be\/fr\/produit\/fuelsystemserve\/#primaryimage"},"thumbnailUrl":"https:\/\/www.wynns.be\/wp-content\/uploads\/sites\/12\/2021\/07\/W68432-Fuel-System-SERVE.jpg","datePublished":"2021-07-07T08:12:46+00:00","dateModified":"2025-04-23T13:54:53+00:00","description":"Appareil 12V nettoyant les syst\u00e8mes d'injection essence et diesel sans d\u00e9montage, moteur en marche. D\u00e9bit ajustable, arr\u00eat automatique avec signal sonore.","breadcrumb":{"@id":"https:\/\/www.wynns.be\/fr\/produit\/fuelsystemserve\/#breadcrumb"},"inLanguage":"fr-BE","potentialAction":[{"@type":"ReadAction","target":["https:\/\/www.wynns.be\/fr\/produit\/fuelsystemserve\/"]}]},{"@type":"ImageObject","inLanguage":"fr-BE","@id":"https:\/\/www.wynns.be\/fr\/produit\/fuelsystemserve\/#primaryimage","url":"https:\/\/www.wynns.be\/wp-content\/uploads\/sites\/12\/2021\/07\/W68432-Fuel-System-SERVE.jpg","contentUrl":"https:\/\/www.wynns.be\/wp-content\/uploads\/sites\/12\/2021\/07\/W68432-Fuel-System-SERVE.jpg","width":1050,"height":1050},{"@type":"BreadcrumbList","@id":"https:\/\/www.wynns.be\/fr\/produit\/fuelsystemserve\/#breadcrumb","itemListElement":[{"@type":"ListItem","position":1,"name":"Home","item":"https:\/\/www.wynns.be\/fr\/"},{"@type":"ListItem","position":2,"name":"Produits","item":"https:\/\/www.wynns.be\/fr\/shop\/"},{"@type":"ListItem","position":3,"name":"FuelSystemSERVE"}]},{"@type":"WebSite","@id":"https:\/\/www.wynns.be\/nl\/#website","url":"https:\/\/www.wynns.be\/nl\/","name":"Wynn&#039;s Belgium","description":"Specialist in additives","potentialAction":[{"@type":"SearchAction","target":{"@type":"EntryPoint","urlTemplate":"https:\/\/www.wynns.be\/nl\/?s={search_term_string}"},"query-input":{"@type":"PropertyValueSpecification","valueRequired":true,"valueName":"search_term_string"}}],"inLanguage":"fr-BE"}]}},"toolset-meta":{"toolset-woocommerce-fields-3":[],"toolset-woocommerce-fields-2":[],"toolset-woocommerce-fields":{"_download_limit":{"type":"numeric","raw":"-1"},"_virtual":{"type":"checkbox","raw":"no"},"_downloadable":{"type":"checkbox","raw":"no"},"_download_expiry":{"type":"numeric","raw":"-1"},"_download_type":{"type":"radio","raw":""},"_regular_price":{"type":"numeric","raw":""},"_sale_price":{"type":"numeric","raw":""},"_sale_price_dates_from":{"type":"date","raw":"","formatted":null},"_sale_price_dates_to":{"type":"date","raw":"","formatted":null},"_sku":{"type":"textfield","raw":"W68432"},"_manage_stock":{"type":"checkbox","raw":"no"},"_stock_status":{"type":"radio","raw":"instock"},"_stock":{"type":"numeric","raw":null},"_backorders":{"type":"radio","raw":"no"},"_sold_individually":{"type":"checkbox","raw":"no"},"_width":{"type":"numeric","raw":""},"_weight":{"type":"numeric","raw":""},"_length":{"type":"numeric","raw":""},"_purchase_note":{"type":"textarea","raw":""}},"parts":[],"compatibility":{"engine":{"type":"select","raw":"Petrol & Hybrid petrol, Diesel & Hybrid diesel"},"fuel":{"type":"select","raw":""},"extra-compatibility-text":{"type":"textfield","raw":"\u00c0 utiliser avec les produits Wynn's: Wynn's Injection System Purge Wynn\u2019s Diesel System Purge."}},"how-to-use":{"how-to-use-image":{"type":"image","raw":"","attachment_id":null},"step":{"type":"textfield","raw":[""]},"how-to-use-extra-information":{"type":"textfield","raw":"Voir le manuel."}},"product-additional-info":{"print-screen-images":{"type":"file","raw":"","attachment_id":null}},"product-video":{"youtube-id":{"type":"textfield","raw":"p05d7x0tO9M"}},"product-info":{"product-features":{"type":"textfield","raw":["Traitement sans d\u00e9montage de pi\u00e8ces du circuit d'alimentation. Est aliment\u00e9 par la batterie du v\u00e9hicule (12 V).","D\u00e9bit de produit peut \u00eatre adapt\u00e9 suivant le degr\u00e9 d\u2019encrassement et la cylindr\u00e9e du moteur. ","Un arr\u00eat de l'op\u00e9ration possible \u00e0 tout moment. Connexion simple et facile \u00e0 commander. ","Lorsque le traitement est termin\u00e9, la pompe s'arr\u00eate automatiquement et un signal sonore est entendu."]}}},"_links":{"self":[{"href":"https:\/\/www.wynns.be\/fr\/wp-json\/wp\/v2\/product\/23539","targetHints":{"allow":["GET"]}}],"collection":[{"href":"https:\/\/www.wynns.be\/fr\/wp-json\/wp\/v2\/product"}],"about":[{"href":"https:\/\/www.wynns.be\/fr\/wp-json\/wp\/v2\/types\/product"}],"wp:featuredmedia":[{"embeddable":true,"href":"https:\/\/www.wynns.be\/fr\/wp-json\/wp\/v2\/media\/13943"}],"wp:attachment":[{"href":"https:\/\/www.wynns.be\/fr\/wp-json\/wp\/v2\/media?parent=23539"}],"wp:term":[{"taxonomy":"product_brand","embeddable":true,"href":"https:\/\/www.wynns.be\/fr\/wp-json\/wp\/v2\/product_brand?post=23539"},{"taxonomy":"product_cat","embeddable":true,"href":"https:\/\/www.wynns.be\/fr\/wp-json\/wp\/v2\/product_cat?post=23539"},{"taxonomy":"product_tag","embeddable":true,"href":"https:\/\/www.wynns.be\/fr\/wp-json\/wp\/v2\/product_tag?post=23539"},{"taxonomy":"audience","embeddable":true,"href":"https:\/\/www.wynns.be\/fr\/wp-json\/wp\/v2\/audience?post=23539"},{"taxonomy":"usage","embeddable":true,"href":"https:\/\/www.wynns.be\/fr\/wp-json\/wp\/v2\/usage?post=23539"}],"curies":[{"name":"wp","href":"https:\/\/api.w.org\/{rel}","templated":true}]}}