{"id":24345,"date":"2021-06-08T09:01:22","date_gmt":"2021-08-03T08:12:53","guid":{"rendered":"https:\/\/be.wynns2021.wpengine.com\/product\/petrol-extreme-injector-cleaner\/"},"modified":"2025-04-23T14:20:19","modified_gmt":"2025-04-23T14:20:19","slug":"petrol-extreme-injector-cleaner","status":"publish","type":"product","link":"https:\/\/www.wynns.be\/fr\/produit\/petrol-extreme-injector-cleaner\/","title":{"rendered":"Petrol Extreme Injector Cleaner"},"content":{"rendered":"<p>Traitement chimique pour les moteurs \u00e0 essence effectuant un nettoyage profond du syst\u00e8me d\u2019alimentation en un seul plein. Il prot\u00e8ge le moteur quand on utilise bio-essence E10 et E85.<\/p>\n","protected":false},"excerpt":{"rendered":"<p>Nettoyant injecteurs essence<\/p>\n","protected":false},"featured_media":29372,"template":"","meta":{"inline_featured_image":false},"product_brand":[],"product_cat":[1507,1284],"product_tag":[1455,1991,3327],"audience":[1212],"usage":[1301,1302],"class_list":{"0":"post-24345","1":"product","2":"type-product","3":"status-publish","4":"has-post-thumbnail","6":"product_cat-additifs-essence-professionnel","7":"product_cat-professionnel","8":"product_tag-injecteur","9":"product_tag-modele","10":"product_tag-w29792-fr","11":"audience-audience-professionals-fr","12":"usage-entretien-regulier","13":"usage-resolution-de-problemes","15":"first","16":"instock","17":"product-type-simple"},"wynns_product_variations":[{"id":"29642","product_code":"W29793","capacity_ml":"500","units_per_case":"12","packaging_language":"EN, HU, RU, ES, PT, JP","ean13_barcode":"5411693297939","tds":[{"id":"29648","tds_language":"Espagnol","tds_file":"https:\/\/wynns2021.wpengine.com\/products\/TDS\/W29793_TDS_ES.pdf"},{"id":"29647","tds_language":"Italien","tds_file":"https:\/\/wynns2021.wpengine.com\/products\/TDS\/W29793_TDS_IT.pdf"},{"id":"29646","tds_language":"Fran\u00e7ais","tds_file":"https:\/\/wynns2021.wpengine.com\/products\/TDS\/W29793_TDS_FR.pdf"},{"id":"29645","tds_language":"Anglais","tds_file":"https:\/\/wynns2021.wpengine.com\/products\/TDS\/W29793_TDS_EN.pdf"},{"id":"29644","tds_language":"Allemand","tds_file":"https:\/\/wynns2021.wpengine.com\/products\/TDS\/W29793_TDS_DE.pdf"},{"id":"29643","tds_language":"N\u00e9erlandais","tds_file":"https:\/\/wynns2021.wpengine.com\/products\/TDS\/W29793_TDS_NL.pdf"}],"msds":[{"id":"29649","msds_language":"Bulgare","msds_file":"https:\/\/wynns2021.wpengine.com\/products\/MSDS\/W29793_MSDS_Bulgare.pdf"},{"id":"29650","msds_language":"Croate","msds_file":"https:\/\/wynns2021.wpengine.com\/products\/MSDS\/W29793_MSDS_Croate.pdf"},{"id":"29651","msds_language":"Tch\u00e8que","msds_file":"https:\/\/wynns2021.wpengine.com\/products\/MSDS\/W29793_MSDS_Tch\u00e8que.pdf"},{"id":"29652","msds_language":"Danois","msds_file":"https:\/\/wynns2021.wpengine.com\/products\/MSDS\/W29793_MSDS_Danois.pdf"},{"id":"29654","msds_language":"Dutch","msds_file":"https:\/\/wynns2021.wpengine.com\/products\/MSDS\/W29793_MSDS_NL.pdf"},{"id":"29655","msds_language":"English","msds_file":"https:\/\/wynns2021.wpengine.com\/products\/MSDS\/W29793_MSDS_EN.pdf"},{"id":"29656","msds_language":"Estonien","msds_file":"https:\/\/wynns2021.wpengine.com\/products\/MSDS\/W29793_MSDS_Estonien.pdf"},{"id":"29657","msds_language":"Finnois","msds_file":"https:\/\/wynns2021.wpengine.com\/products\/MSDS\/W29793_MSDS_Finnois.pdf"},{"id":"29658","msds_language":"French","msds_file":"https:\/\/wynns2021.wpengine.com\/products\/MSDS\/W29793_MSDS_FR.pdf"},{"id":"29659","msds_language":"German","msds_file":"https:\/\/wynns2021.wpengine.com\/products\/MSDS\/W29793_MSDS_DE.pdf"},{"id":"29660","msds_language":"Grec","msds_file":"https:\/\/wynns2021.wpengine.com\/products\/MSDS\/W29793_MSDS_Grec.pdf"},{"id":"29661","msds_language":"Hongrois","msds_file":"https:\/\/wynns2021.wpengine.com\/products\/MSDS\/W29793_MSDS_Hongrois.pdf"},{"id":"29662","msds_language":"Japonais","msds_file":"https:\/\/wynns2021.wpengine.com\/products\/MSDS\/W29793_MSDS_Japonais.pdf"},{"id":"29663","msds_language":"Italian","msds_file":"https:\/\/wynns2021.wpengine.com\/products\/MSDS\/W29793_MSDS_IT.pdf"},{"id":"29664","msds_language":"Letton","msds_file":"https:\/\/wynns2021.wpengine.com\/products\/MSDS\/W29793_MSDS_Letton.pdf"},{"id":"29665","msds_language":"Lituanien","msds_file":"https:\/\/wynns2021.wpengine.com\/products\/MSDS\/W29793_MSDS_Lituanien.pdf"},{"id":"29666","msds_language":"Polonais","msds_file":"https:\/\/wynns2021.wpengine.com\/products\/MSDS\/W29793_MSDS_Polonais.pdf"},{"id":"29667","msds_language":"Norv\u00e9gien","msds_file":"https:\/\/wynns2021.wpengine.com\/products\/MSDS\/W29793_MSDS_Norv\u00e9gien.pdf"},{"id":"29668","msds_language":"Portuguese","msds_file":"https:\/\/wynns2021.wpengine.com\/products\/MSDS\/W29793_MSDS_PT.pdf"},{"id":"29669","msds_language":"Roumain","msds_file":"https:\/\/wynns2021.wpengine.com\/products\/MSDS\/W29793_MSDS_Roumain.pdf"},{"id":"29670","msds_language":"Russian","msds_file":"https:\/\/wynns2021.wpengine.com\/products\/MSDS\/W29793_MSDS_RU.pdf"},{"id":"29671","msds_language":"Slovaque","msds_file":"https:\/\/wynns2021.wpengine.com\/products\/MSDS\/W29793_MSDS_Slovaque.pdf"},{"id":"29672","msds_language":"Slov\u00e8ne","msds_file":"https:\/\/wynns2021.wpengine.com\/products\/MSDS\/W29793_MSDS_Slov\u00e8ne.pdf"},{"id":"29673","msds_language":"Serbe","msds_file":"https:\/\/wynns2021.wpengine.com\/products\/MSDS\/W29793_MSDS_Serbe.pdf"},{"id":"29674","msds_language":"Spanish","msds_file":"https:\/\/wynns2021.wpengine.com\/products\/MSDS\/W29793_MSDS_ES.pdf"},{"id":"29675","msds_language":"Su\u00e9dois","msds_file":"https:\/\/wynns2021.wpengine.com\/products\/MSDS\/W29793_MSDS_Su\u00e9dois.pdf"},{"id":"29676","msds_language":"Turc","msds_file":"https:\/\/wynns2021.wpengine.com\/products\/MSDS\/W29793_MSDS_Turc.pdf"},{"id":"29677","msds_language":"Ukrainien","msds_file":"https:\/\/wynns2021.wpengine.com\/products\/MSDS\/W29793_MSDS_Ukrainien.pdf"}]},{"id":"29607","product_code":"W29792","capacity_ml":"500","units_per_case":"12","packaging_language":"FR, DE, IT, NL, EL","ean13_barcode":"5411693297922","tds":[{"id":"29613","tds_language":"Espagnol","tds_file":"https:\/\/wynns2021.wpengine.com\/products\/TDS\/W29792_TDS_ES.pdf"},{"id":"29612","tds_language":"Italien","tds_file":"https:\/\/wynns2021.wpengine.com\/products\/TDS\/W29792_TDS_IT.pdf"},{"id":"29611","tds_language":"Fran\u00e7ais","tds_file":"https:\/\/wynns2021.wpengine.com\/products\/TDS\/W29792_TDS_FR.pdf"},{"id":"29610","tds_language":"Anglais","tds_file":"https:\/\/wynns2021.wpengine.com\/products\/TDS\/W29792_TDS_EN.pdf"},{"id":"29609","tds_language":"Allemand","tds_file":"https:\/\/wynns2021.wpengine.com\/products\/TDS\/W29792_TDS_DE.pdf"},{"id":"29608","tds_language":"N\u00e9erlandais","tds_file":"https:\/\/wynns2021.wpengine.com\/products\/TDS\/W29792_TDS_NL.pdf"}],"msds":[{"id":"29614","msds_language":"Bulgare","msds_file":"https:\/\/wynns2021.wpengine.com\/products\/MSDS\/W29792_MSDS_Bulgare.pdf"},{"id":"29615","msds_language":"Croate","msds_file":"https:\/\/wynns2021.wpengine.com\/products\/MSDS\/W29792_MSDS_Croate.pdf"},{"id":"29616","msds_language":"Tch\u00e8que","msds_file":"https:\/\/wynns2021.wpengine.com\/products\/MSDS\/W29792_MSDS_Tch\u00e8que.pdf"},{"id":"29617","msds_language":"Danois","msds_file":"https:\/\/wynns2021.wpengine.com\/products\/MSDS\/W29792_MSDS_Danois.pdf"},{"id":"29618","msds_language":"Dutch","msds_file":"https:\/\/wynns2021.wpengine.com\/products\/MSDS\/W29792_MSDS_NL.pdf"},{"id":"29619","msds_language":"English","msds_file":"https:\/\/wynns2021.wpengine.com\/products\/MSDS\/W29792_MSDS_EN.pdf"},{"id":"29620","msds_language":"Estonien","msds_file":"https:\/\/wynns2021.wpengine.com\/products\/MSDS\/W29792_MSDS_Estonien.pdf"},{"id":"29621","msds_language":"Finnois","msds_file":"https:\/\/wynns2021.wpengine.com\/products\/MSDS\/W29792_MSDS_Finnois.pdf"},{"id":"29622","msds_language":"French","msds_file":"https:\/\/wynns2021.wpengine.com\/products\/MSDS\/W29792_MSDS_FR.pdf"},{"id":"29623","msds_language":"German","msds_file":"https:\/\/wynns2021.wpengine.com\/products\/MSDS\/W29792_MSDS_DE.pdf"},{"id":"29624","msds_language":"Grec","msds_file":"https:\/\/wynns2021.wpengine.com\/products\/MSDS\/W29792_MSDS_Grec.pdf"},{"id":"29625","msds_language":"Hongrois","msds_file":"https:\/\/wynns2021.wpengine.com\/products\/MSDS\/W29792_MSDS_Hongrois.pdf"},{"id":"29626","msds_language":"Italian","msds_file":"https:\/\/wynns2021.wpengine.com\/products\/MSDS\/W29792_MSDS_IT.pdf"},{"id":"29627","msds_language":"Japonais","msds_file":"https:\/\/wynns2021.wpengine.com\/products\/MSDS\/W29792_MSDS_Japonais.pdf"},{"id":"29628","msds_language":"Letton","msds_file":"https:\/\/wynns2021.wpengine.com\/products\/MSDS\/W29792_MSDS_Letton.pdf"},{"id":"29629","msds_language":"Lituanien","msds_file":"https:\/\/wynns2021.wpengine.com\/products\/MSDS\/W29792_MSDS_Lituanien.pdf"},{"id":"29630","msds_language":"Norv\u00e9gien","msds_file":"https:\/\/wynns2021.wpengine.com\/products\/MSDS\/W29792_MSDS_Norv\u00e9gien.pdf"},{"id":"29631","msds_language":"Polonais","msds_file":"https:\/\/wynns2021.wpengine.com\/products\/MSDS\/W29792_MSDS_Polonais.pdf"},{"id":"29632","msds_language":"Portuguese","msds_file":"https:\/\/wynns2021.wpengine.com\/products\/MSDS\/W29792_MSDS_PT.pdf"},{"id":"29633","msds_language":"Ukrainien","msds_file":"https:\/\/wynns2021.wpengine.com\/products\/MSDS\/W29792_MSDS_Ukrainien.pdf"},{"id":"29634","msds_language":"Roumain","msds_file":"https:\/\/wynns2021.wpengine.com\/products\/MSDS\/W29792_MSDS_Roumain.pdf"},{"id":"29635","msds_language":"Russian","msds_file":"https:\/\/wynns2021.wpengine.com\/products\/MSDS\/W29792_MSDS_RU.pdf"},{"id":"29636","msds_language":"Slovaque","msds_file":"https:\/\/wynns2021.wpengine.com\/products\/MSDS\/W29792_MSDS_Slovaque.pdf"},{"id":"29637","msds_language":"Slov\u00e8ne","msds_file":"https:\/\/wynns2021.wpengine.com\/products\/MSDS\/W29792_MSDS_Slov\u00e8ne.pdf"},{"id":"29638","msds_language":"Serbe","msds_file":"https:\/\/wynns2021.wpengine.com\/products\/MSDS\/W29792_MSDS_Serbe.pdf"},{"id":"29639","msds_language":"Spanish","msds_file":"https:\/\/wynns2021.wpengine.com\/products\/MSDS\/W29792_MSDS_ES.pdf"},{"id":"29640","msds_language":"Su\u00e9dois","msds_file":"https:\/\/wynns2021.wpengine.com\/products\/MSDS\/W29792_MSDS_Su\u00e9dois.pdf"},{"id":"29641","msds_language":"Turc","msds_file":"https:\/\/wynns2021.wpengine.com\/products\/MSDS\/W29792_MSDS_Turc.pdf"}]}],"wynns_parts":[{"name":"Injector","rating":"5"},{"name":"Fuel Tank","rating":"3"},{"name":"Fuel Pump","rating":"3"},{"name":"Vannes","rating":"3"}],"yoast_head":"<!-- This site is optimized with the Yoast SEO plugin v27.3 - https:\/\/yoast.com\/product\/yoast-seo-wordpress\/ -->\n<title>Petrol Extreme Injector Cleaner | Wynn&#039;s Belgium<\/title>\n<meta name=\"description\" content=\"Nettoie les injecteurs, pr\u00e9vient l\u2019encrassement EGR et les probl\u00e8mes de d\u00e9marrage, et \u00e9limine les d\u00e9p\u00f4ts dans la chambre de combustion.\" \/>\n<meta name=\"robots\" content=\"index, follow, max-snippet:-1, max-image-preview:large, max-video-preview:-1\" \/>\n<link rel=\"canonical\" href=\"https:\/\/www.wynns.be\/fr\/produit\/petrol-extreme-injector-cleaner\/\" \/>\n<meta property=\"og:locale\" content=\"fr_FR\" \/>\n<meta property=\"og:type\" content=\"article\" \/>\n<meta property=\"og:title\" content=\"Petrol Extreme Injector Cleaner | Wynn&#039;s Belgium\" \/>\n<meta property=\"og:description\" content=\"Nettoie les injecteurs, pr\u00e9vient l\u2019encrassement EGR et les probl\u00e8mes de d\u00e9marrage, et \u00e9limine les d\u00e9p\u00f4ts dans la chambre de combustion.\" \/>\n<meta property=\"og:url\" content=\"https:\/\/www.wynns.be\/fr\/produit\/petrol-extreme-injector-cleaner\/\" \/>\n<meta property=\"og:site_name\" content=\"Wynn&#039;s Belgium\" \/>\n<meta property=\"article:modified_time\" content=\"2025-04-23T14:20:19+00:00\" \/>\n<meta property=\"og:image\" content=\"https:\/\/www.wynns.be\/wp-content\/uploads\/sites\/12\/2021\/06\/W29792.jpg\" \/>\n\t<meta property=\"og:image:width\" content=\"1050\" \/>\n\t<meta property=\"og:image:height\" content=\"1050\" \/>\n\t<meta property=\"og:image:type\" content=\"image\/jpeg\" \/>\n<meta name=\"twitter:card\" content=\"summary_large_image\" \/>\n<script type=\"application\/ld+json\" class=\"yoast-schema-graph\">{\"@context\":\"https:\\\/\\\/schema.org\",\"@graph\":[{\"@type\":\"WebPage\",\"@id\":\"https:\\\/\\\/www.wynns.be\\\/fr\\\/produit\\\/petrol-extreme-injector-cleaner\\\/\",\"url\":\"https:\\\/\\\/www.wynns.be\\\/fr\\\/produit\\\/petrol-extreme-injector-cleaner\\\/\",\"name\":\"Petrol Extreme Injector Cleaner | Wynn&#039;s Belgium\",\"isPartOf\":{\"@id\":\"https:\\\/\\\/www.wynns.be\\\/nl\\\/#website\"},\"primaryImageOfPage\":{\"@id\":\"https:\\\/\\\/www.wynns.be\\\/fr\\\/produit\\\/petrol-extreme-injector-cleaner\\\/#primaryimage\"},\"image\":{\"@id\":\"https:\\\/\\\/www.wynns.be\\\/fr\\\/produit\\\/petrol-extreme-injector-cleaner\\\/#primaryimage\"},\"thumbnailUrl\":\"https:\\\/\\\/www.wynns.be\\\/wp-content\\\/uploads\\\/sites\\\/12\\\/2021\\\/06\\\/W29792.jpg\",\"datePublished\":\"2021-08-03T08:12:53+00:00\",\"dateModified\":\"2025-04-23T14:20:19+00:00\",\"description\":\"Nettoie les injecteurs, pr\u00e9vient l\u2019encrassement EGR et les probl\u00e8mes de d\u00e9marrage, et \u00e9limine les d\u00e9p\u00f4ts dans la chambre de combustion.\",\"breadcrumb\":{\"@id\":\"https:\\\/\\\/www.wynns.be\\\/fr\\\/produit\\\/petrol-extreme-injector-cleaner\\\/#breadcrumb\"},\"inLanguage\":\"fr-BE\",\"potentialAction\":[{\"@type\":\"ReadAction\",\"target\":[\"https:\\\/\\\/www.wynns.be\\\/fr\\\/produit\\\/petrol-extreme-injector-cleaner\\\/\"]}]},{\"@type\":\"ImageObject\",\"inLanguage\":\"fr-BE\",\"@id\":\"https:\\\/\\\/www.wynns.be\\\/fr\\\/produit\\\/petrol-extreme-injector-cleaner\\\/#primaryimage\",\"url\":\"https:\\\/\\\/www.wynns.be\\\/wp-content\\\/uploads\\\/sites\\\/12\\\/2021\\\/06\\\/W29792.jpg\",\"contentUrl\":\"https:\\\/\\\/www.wynns.be\\\/wp-content\\\/uploads\\\/sites\\\/12\\\/2021\\\/06\\\/W29792.jpg\",\"width\":1050,\"height\":1050,\"caption\":\"Extreme Injector Cleaner (Petrol)\"},{\"@type\":\"BreadcrumbList\",\"@id\":\"https:\\\/\\\/www.wynns.be\\\/fr\\\/produit\\\/petrol-extreme-injector-cleaner\\\/#breadcrumb\",\"itemListElement\":[{\"@type\":\"ListItem\",\"position\":1,\"name\":\"Home\",\"item\":\"https:\\\/\\\/www.wynns.be\\\/fr\\\/\"},{\"@type\":\"ListItem\",\"position\":2,\"name\":\"Produits\",\"item\":\"https:\\\/\\\/www.wynns.be\\\/fr\\\/shop\\\/\"},{\"@type\":\"ListItem\",\"position\":3,\"name\":\"Petrol Extreme Injector Cleaner\"}]},{\"@type\":\"WebSite\",\"@id\":\"https:\\\/\\\/www.wynns.be\\\/nl\\\/#website\",\"url\":\"https:\\\/\\\/www.wynns.be\\\/nl\\\/\",\"name\":\"Wynn&#039;s Belgium\",\"description\":\"Specialist in additives\",\"potentialAction\":[{\"@type\":\"SearchAction\",\"target\":{\"@type\":\"EntryPoint\",\"urlTemplate\":\"https:\\\/\\\/www.wynns.be\\\/nl\\\/?s={search_term_string}\"},\"query-input\":{\"@type\":\"PropertyValueSpecification\",\"valueRequired\":true,\"valueName\":\"search_term_string\"}}],\"inLanguage\":\"fr-BE\"}]}<\/script>\n<!-- \/ Yoast SEO plugin. -->","yoast_head_json":{"title":"Petrol Extreme Injector Cleaner | Wynn&#039;s Belgium","description":"Nettoie les injecteurs, pr\u00e9vient l\u2019encrassement EGR et les probl\u00e8mes de d\u00e9marrage, et \u00e9limine les d\u00e9p\u00f4ts dans la chambre de combustion.","robots":{"index":"index","follow":"follow","max-snippet":"max-snippet:-1","max-image-preview":"max-image-preview:large","max-video-preview":"max-video-preview:-1"},"canonical":"https:\/\/www.wynns.be\/fr\/produit\/petrol-extreme-injector-cleaner\/","og_locale":"fr_FR","og_type":"article","og_title":"Petrol Extreme Injector Cleaner | Wynn&#039;s Belgium","og_description":"Nettoie les injecteurs, pr\u00e9vient l\u2019encrassement EGR et les probl\u00e8mes de d\u00e9marrage, et \u00e9limine les d\u00e9p\u00f4ts dans la chambre de combustion.","og_url":"https:\/\/www.wynns.be\/fr\/produit\/petrol-extreme-injector-cleaner\/","og_site_name":"Wynn&#039;s Belgium","article_modified_time":"2025-04-23T14:20:19+00:00","og_image":[{"width":1050,"height":1050,"url":"https:\/\/www.wynns.be\/wp-content\/uploads\/sites\/12\/2021\/06\/W29792.jpg","type":"image\/jpeg"}],"twitter_card":"summary_large_image","schema":{"@context":"https:\/\/schema.org","@graph":[{"@type":"WebPage","@id":"https:\/\/www.wynns.be\/fr\/produit\/petrol-extreme-injector-cleaner\/","url":"https:\/\/www.wynns.be\/fr\/produit\/petrol-extreme-injector-cleaner\/","name":"Petrol Extreme Injector Cleaner | Wynn&#039;s Belgium","isPartOf":{"@id":"https:\/\/www.wynns.be\/nl\/#website"},"primaryImageOfPage":{"@id":"https:\/\/www.wynns.be\/fr\/produit\/petrol-extreme-injector-cleaner\/#primaryimage"},"image":{"@id":"https:\/\/www.wynns.be\/fr\/produit\/petrol-extreme-injector-cleaner\/#primaryimage"},"thumbnailUrl":"https:\/\/www.wynns.be\/wp-content\/uploads\/sites\/12\/2021\/06\/W29792.jpg","datePublished":"2021-08-03T08:12:53+00:00","dateModified":"2025-04-23T14:20:19+00:00","description":"Nettoie les injecteurs, pr\u00e9vient l\u2019encrassement EGR et les probl\u00e8mes de d\u00e9marrage, et \u00e9limine les d\u00e9p\u00f4ts dans la chambre de combustion.","breadcrumb":{"@id":"https:\/\/www.wynns.be\/fr\/produit\/petrol-extreme-injector-cleaner\/#breadcrumb"},"inLanguage":"fr-BE","potentialAction":[{"@type":"ReadAction","target":["https:\/\/www.wynns.be\/fr\/produit\/petrol-extreme-injector-cleaner\/"]}]},{"@type":"ImageObject","inLanguage":"fr-BE","@id":"https:\/\/www.wynns.be\/fr\/produit\/petrol-extreme-injector-cleaner\/#primaryimage","url":"https:\/\/www.wynns.be\/wp-content\/uploads\/sites\/12\/2021\/06\/W29792.jpg","contentUrl":"https:\/\/www.wynns.be\/wp-content\/uploads\/sites\/12\/2021\/06\/W29792.jpg","width":1050,"height":1050,"caption":"Extreme Injector Cleaner (Petrol)"},{"@type":"BreadcrumbList","@id":"https:\/\/www.wynns.be\/fr\/produit\/petrol-extreme-injector-cleaner\/#breadcrumb","itemListElement":[{"@type":"ListItem","position":1,"name":"Home","item":"https:\/\/www.wynns.be\/fr\/"},{"@type":"ListItem","position":2,"name":"Produits","item":"https:\/\/www.wynns.be\/fr\/shop\/"},{"@type":"ListItem","position":3,"name":"Petrol Extreme Injector Cleaner"}]},{"@type":"WebSite","@id":"https:\/\/www.wynns.be\/nl\/#website","url":"https:\/\/www.wynns.be\/nl\/","name":"Wynn&#039;s Belgium","description":"Specialist in additives","potentialAction":[{"@type":"SearchAction","target":{"@type":"EntryPoint","urlTemplate":"https:\/\/www.wynns.be\/nl\/?s={search_term_string}"},"query-input":{"@type":"PropertyValueSpecification","valueRequired":true,"valueName":"search_term_string"}}],"inLanguage":"fr-BE"}]}},"toolset-meta":{"toolset-woocommerce-fields-3":[],"toolset-woocommerce-fields-2":[],"toolset-woocommerce-fields":{"_download_limit":{"type":"numeric","raw":"-1"},"_virtual":{"type":"checkbox","raw":"no"},"_downloadable":{"type":"checkbox","raw":"no"},"_download_expiry":{"type":"numeric","raw":"-1"},"_download_type":{"type":"radio","raw":""},"_regular_price":{"type":"numeric","raw":""},"_sale_price":{"type":"numeric","raw":""},"_sale_price_dates_from":{"type":"date","raw":"","formatted":null},"_sale_price_dates_to":{"type":"date","raw":"","formatted":null},"_sku":{"type":"textfield","raw":"W29792"},"_manage_stock":{"type":"checkbox","raw":"no"},"_stock_status":{"type":"radio","raw":"instock"},"_stock":{"type":"numeric","raw":null},"_backorders":{"type":"radio","raw":"no"},"_sold_individually":{"type":"checkbox","raw":"no"},"_width":{"type":"numeric","raw":""},"_weight":{"type":"numeric","raw":""},"_length":{"type":"numeric","raw":""},"_purchase_note":{"type":"textarea","raw":""}},"parts":[],"compatibility":{"engine":{"type":"select","raw":"Petrol & Hybrid petrol"},"fuel":{"type":"select","raw":"Petrol up to E10 (premium & regular)"},"extra-compatibility-text":{"type":"textfield","raw":"Elimine les d\u00e9p\u00f4ts dans la chambre de combustion et les soupapes d\u2019admission."}},"how-to-use":{"how-to-use-image":{"type":"image","raw":"","attachment_id":null},"step":{"type":"textfield","raw":["Ajouter au r\u00e9servoir de carburant","Jusqu'\u00e0 60 litres"]},"how-to-use-extra-information":{"type":"textfield","raw":""}},"product-additional-info":{"print-screen-images":{"type":"file","raw":"","attachment_id":null}},"product-video":{"youtube-id":{"type":"textfield","raw":""}},"product-info":{"product-features":{"type":"textfield","raw":["Nettoie et lubrifie instantan\u00e9ment les injecteurs, r\u00e9tablit et maintient la forme id\u00e9ale des jets des injecteurs.","Pr\u00e9vient l\u2019encrassement sur l\u2019EGR.","R\u00e9tablit la puissance du moteur, effectue un ralenti r\u00e9gulier et pr\u00e9vient les probl\u00e8mes de d\u00e9marrage.","Elimine les d\u00e9p\u00f4ts dans la chambre de combustion et les soupapes d\u2019admission."]}}},"_links":{"self":[{"href":"https:\/\/www.wynns.be\/fr\/wp-json\/wp\/v2\/product\/24345","targetHints":{"allow":["GET"]}}],"collection":[{"href":"https:\/\/www.wynns.be\/fr\/wp-json\/wp\/v2\/product"}],"about":[{"href":"https:\/\/www.wynns.be\/fr\/wp-json\/wp\/v2\/types\/product"}],"wp:featuredmedia":[{"embeddable":true,"href":"https:\/\/www.wynns.be\/fr\/wp-json\/wp\/v2\/media\/29372"}],"wp:attachment":[{"href":"https:\/\/www.wynns.be\/fr\/wp-json\/wp\/v2\/media?parent=24345"}],"wp:term":[{"taxonomy":"product_brand","embeddable":true,"href":"https:\/\/www.wynns.be\/fr\/wp-json\/wp\/v2\/product_brand?post=24345"},{"taxonomy":"product_cat","embeddable":true,"href":"https:\/\/www.wynns.be\/fr\/wp-json\/wp\/v2\/product_cat?post=24345"},{"taxonomy":"product_tag","embeddable":true,"href":"https:\/\/www.wynns.be\/fr\/wp-json\/wp\/v2\/product_tag?post=24345"},{"taxonomy":"audience","embeddable":true,"href":"https:\/\/www.wynns.be\/fr\/wp-json\/wp\/v2\/audience?post=24345"},{"taxonomy":"usage","embeddable":true,"href":"https:\/\/www.wynns.be\/fr\/wp-json\/wp\/v2\/usage?post=24345"}],"curies":[{"name":"wp","href":"https:\/\/api.w.org\/{rel}","templated":true}]}}