{"id":25539,"date":"2022-04-19T10:41:21","date_gmt":"2022-04-19T09:37:53","guid":{"rendered":"https:\/\/www.wynns.be\/product\/dfsc-diesel-fuel-system-cleaner-2\/"},"modified":"2025-04-23T14:38:41","modified_gmt":"2025-04-23T14:38:41","slug":"dfsc-diesel-fuel-system-cleaner","status":"publish","type":"product","link":"https:\/\/www.wynns.be\/fr\/produit\/dfsc-diesel-fuel-system-cleaner\/","title":{"rendered":"DFSC+ (Diesel Fuel System Cleaner)"},"content":{"rendered":"<p>Am\u00e9liore la qualit\u00e9 et la combustion du carburant diesel.<\/p>\n","protected":false},"excerpt":{"rendered":"<p>Traitement nettoyant et lubrifiant<\/p>\n","protected":false},"featured_media":25451,"template":"","meta":{"inline_featured_image":false},"product_brand":[],"product_cat":[1285,1284],"product_tag":[1342,1343,1344,1345,1347,1348,1349,1350,1294,1422,1354,1356],"audience":[1212],"usage":[1301,1302],"class_list":{"0":"post-25539","1":"product","2":"type-product","3":"status-publish","4":"has-post-thumbnail","6":"product_cat-additifs-diesel-professionnel","7":"product_cat-professionnel","8":"product_tag-commercial-fr","9":"product_tag-distance-fr","10":"product_tag-emission-de-particules","11":"product_tag-emissions-fr","12":"product_tag-filtre","13":"product_tag-flotte","14":"product_tag-fumee","15":"product_tag-longue-distance","16":"product_tag-particules-fr-3","17":"product_tag-particules-fr","18":"product_tag-vehicule","19":"product_tag-w46796-fr","20":"audience-audience-professionals-fr","21":"usage-entretien-regulier","22":"usage-resolution-de-problemes","24":"first","25":"instock","26":"shipping-taxable","27":"product-type-simple"},"wynns_product_variations":[{"id":"25542","product_code":"W46796","capacity_ml":"5000","units_per_case":"4","packaging_language":"EN, FR, DE, NL, ES, IT","ean13_barcode":"5411693467967","tds":[{"id":"25553","tds_language":"Russie","tds_file":"https:\/\/wynns2021.wpengine.com\/products\/TDS\/W46796_TDS_RU.pdf"},{"id":"25552","tds_language":"N\u00e9erlandais","tds_file":"https:\/\/wynns2021.wpengine.com\/products\/TDS\/W46796_TDS_NL.pdf"},{"id":"25551","tds_language":"Italien","tds_file":"https:\/\/wynns2021.wpengine.com\/products\/TDS\/W46796_TDS_IT.pdf"},{"id":"25550","tds_language":"Fran\u00e7ais","tds_file":"https:\/\/wynns2021.wpengine.com\/products\/TDS\/W46796_TDS_FR.pdf"},{"id":"25548","tds_language":"Espagnol","tds_file":"https:\/\/wynns2021.wpengine.com\/products\/TDS\/W46796_TDS_ES.pdf"},{"id":"25546","tds_language":"Anglais","tds_file":"https:\/\/wynns2021.wpengine.com\/products\/TDS\/W46796_TDS_EN.pdf"},{"id":"25545","tds_language":"Allemand","tds_file":"https:\/\/wynns2021.wpengine.com\/products\/TDS\/W46796_TDS_DE.pdf"}],"msds":[{"id":"25554","msds_language":"Bulgare","msds_file":"https:\/\/wynns2021.wpengine.com\/products\/MSDS\/W46796_MSDS_Bulgare.pdf"},{"id":"25555","msds_language":"Tch\u00e8que","msds_file":"https:\/\/wynns2021.wpengine.com\/products\/MSDS\/W46796_MSDS_Tch\u00e8que.pdf"},{"id":"25556","msds_language":"Danois","msds_file":"https:\/\/wynns2021.wpengine.com\/products\/MSDS\/W46796_MSDS_Danois.pdf"},{"id":"25557","msds_language":"German","msds_file":"https:\/\/wynns2021.wpengine.com\/products\/MSDS\/W46796_MSDS_DE.pdf"},{"id":"25558","msds_language":"English","msds_file":"https:\/\/wynns2021.wpengine.com\/products\/MSDS\/W46796_MSDS_EN.pdf"},{"id":"25559","msds_language":"Grec","msds_file":"https:\/\/wynns2021.wpengine.com\/products\/MSDS\/W46796_MSDS_Grec.pdf"},{"id":"25560","msds_language":"Spanish","msds_file":"https:\/\/wynns2021.wpengine.com\/products\/MSDS\/W46796_MSDS_ES.pdf"},{"id":"25561","msds_language":"Estonien","msds_file":"https:\/\/wynns2021.wpengine.com\/products\/MSDS\/W46796_MSDS_Estonien.pdf"},{"id":"25562","msds_language":"Finnois","msds_file":"https:\/\/wynns2021.wpengine.com\/products\/MSDS\/W46796_MSDS_Finnois.pdf"},{"id":"25563","msds_language":"French","msds_file":"https:\/\/wynns2021.wpengine.com\/products\/MSDS\/W46796_MSDS_FR.pdf"},{"id":"25564","msds_language":"Croate","msds_file":"https:\/\/wynns2021.wpengine.com\/products\/MSDS\/W46796_MSDS_Croate.pdf"},{"id":"25565","msds_language":"Hongrois","msds_file":"https:\/\/wynns2021.wpengine.com\/products\/MSDS\/W46796_MSDS_Hongrois.pdf"},{"id":"25566","msds_language":"Italian","msds_file":"https:\/\/wynns2021.wpengine.com\/products\/MSDS\/W46796_MSDS_IT.pdf"},{"id":"25567","msds_language":"Letton","msds_file":"https:\/\/wynns2021.wpengine.com\/products\/MSDS\/W46796_MSDS_Letton.pdf"},{"id":"25568","msds_language":"Letton","msds_file":"https:\/\/wynns2021.wpengine.com\/products\/MSDS\/W46796_MSDS_Letton.pdf"},{"id":"25569","msds_language":"Dutch","msds_file":"https:\/\/wynns2021.wpengine.com\/products\/MSDS\/W46796_MSDS_NL.pdf"},{"id":"25570","msds_language":"Norv\u00e9gien","msds_file":"https:\/\/wynns2021.wpengine.com\/products\/MSDS\/W46796_MSDS_Norv\u00e9gien.pdf"},{"id":"25571","msds_language":"Polonais","msds_file":"https:\/\/wynns2021.wpengine.com\/products\/MSDS\/W46796_MSDS_Polonais.pdf"},{"id":"25572","msds_language":"Portuguese","msds_file":"https:\/\/wynns2021.wpengine.com\/products\/MSDS\/W46796_MSDS_PT.pdf"},{"id":"25573","msds_language":"Roumain","msds_file":"https:\/\/wynns2021.wpengine.com\/products\/MSDS\/W46796_MSDS_Roumain.pdf"},{"id":"25574","msds_language":"Roumain","msds_file":"https:\/\/wynns2021.wpengine.com\/products\/MSDS\/W46796_MSDS_Roumain.pdf"},{"id":"25575","msds_language":"Slovaque","msds_file":"https:\/\/wynns2021.wpengine.com\/products\/MSDS\/W46796_MSDS_Slovaque.pdf"},{"id":"25576","msds_language":"Slov\u00e8ne","msds_file":"https:\/\/wynns2021.wpengine.com\/products\/MSDS\/W46796_MSDS_Slov\u00e8ne.pdf"},{"id":"25577","msds_language":"Serbe","msds_file":"https:\/\/wynns2021.wpengine.com\/products\/MSDS\/W46796_MSDS_Serbe.pdf"},{"id":"25578","msds_language":"Su\u00e9dois","msds_file":"https:\/\/wynns2021.wpengine.com\/products\/MSDS\/W46796_MSDS_Su\u00e9dois.pdf"},{"id":"25579","msds_language":"Turc","msds_file":"https:\/\/wynns2021.wpengine.com\/products\/MSDS\/W46796_MSDS_Turc.pdf"},{"id":"25580","msds_language":"Ukrainien","msds_file":"https:\/\/wynns2021.wpengine.com\/products\/MSDS\/W46796_MSDS_Ukrainien.pdf"}]}],"wynns_parts":[{"name":"Injector","rating":"4"},{"name":"Fuel Pump","rating":"4"},{"name":"Vannes","rating":""},{"name":"Turbo","rating":"4"},{"name":"Chambre de combustion","rating":"4"}],"yoast_head":"<!-- This site is optimized with the Yoast SEO plugin v27.4 - https:\/\/yoast.com\/product\/yoast-seo-wordpress\/ -->\n<title>DFSC+ (Diesel Fuel System Cleaner) | Wynn&#039;s Belgium<\/title>\n<meta name=\"description\" content=\"Am\u00e9liore la combustion du carburant diesel, nettoie la pompe et les injecteurs, r\u00e9duit les \u00e9missions de suie et prot\u00e8ge le filtre \u00e0 carburant.\" \/>\n<meta name=\"robots\" content=\"index, follow, max-snippet:-1, max-image-preview:large, max-video-preview:-1\" \/>\n<link rel=\"canonical\" href=\"https:\/\/www.wynns.be\/fr\/produit\/dfsc-diesel-fuel-system-cleaner\/\" \/>\n<meta property=\"og:locale\" content=\"fr_FR\" \/>\n<meta property=\"og:type\" content=\"article\" \/>\n<meta property=\"og:title\" content=\"DFSC+ (Diesel Fuel System Cleaner) | Wynn&#039;s Belgium\" \/>\n<meta property=\"og:description\" content=\"Am\u00e9liore la combustion du carburant diesel, nettoie la pompe et les injecteurs, r\u00e9duit les \u00e9missions de suie et prot\u00e8ge le filtre \u00e0 carburant.\" \/>\n<meta property=\"og:url\" content=\"https:\/\/www.wynns.be\/fr\/produit\/dfsc-diesel-fuel-system-cleaner\/\" \/>\n<meta property=\"og:site_name\" content=\"Wynn&#039;s Belgium\" \/>\n<meta property=\"article:modified_time\" content=\"2025-04-23T14:38:41+00:00\" \/>\n<meta property=\"og:image\" content=\"https:\/\/www.wynns.be\/wp-content\/uploads\/sites\/12\/2022\/04\/W46796.jpg\" \/>\n\t<meta property=\"og:image:width\" content=\"1050\" \/>\n\t<meta property=\"og:image:height\" content=\"1050\" \/>\n\t<meta property=\"og:image:type\" content=\"image\/jpeg\" \/>\n<meta name=\"twitter:card\" content=\"summary_large_image\" \/>\n<script type=\"application\/ld+json\" class=\"yoast-schema-graph\">{\"@context\":\"https:\\\/\\\/schema.org\",\"@graph\":[{\"@type\":\"WebPage\",\"@id\":\"https:\\\/\\\/www.wynns.be\\\/fr\\\/produit\\\/dfsc-diesel-fuel-system-cleaner\\\/\",\"url\":\"https:\\\/\\\/www.wynns.be\\\/fr\\\/produit\\\/dfsc-diesel-fuel-system-cleaner\\\/\",\"name\":\"DFSC+ (Diesel Fuel System Cleaner) | Wynn&#039;s Belgium\",\"isPartOf\":{\"@id\":\"https:\\\/\\\/www.wynns.be\\\/nl\\\/#website\"},\"primaryImageOfPage\":{\"@id\":\"https:\\\/\\\/www.wynns.be\\\/fr\\\/produit\\\/dfsc-diesel-fuel-system-cleaner\\\/#primaryimage\"},\"image\":{\"@id\":\"https:\\\/\\\/www.wynns.be\\\/fr\\\/produit\\\/dfsc-diesel-fuel-system-cleaner\\\/#primaryimage\"},\"thumbnailUrl\":\"https:\\\/\\\/www.wynns.be\\\/wp-content\\\/uploads\\\/sites\\\/12\\\/2022\\\/04\\\/W46796.jpg\",\"datePublished\":\"2022-04-19T09:37:53+00:00\",\"dateModified\":\"2025-04-23T14:38:41+00:00\",\"description\":\"Am\u00e9liore la combustion du carburant diesel, nettoie la pompe et les injecteurs, r\u00e9duit les \u00e9missions de suie et prot\u00e8ge le filtre \u00e0 carburant.\",\"breadcrumb\":{\"@id\":\"https:\\\/\\\/www.wynns.be\\\/fr\\\/produit\\\/dfsc-diesel-fuel-system-cleaner\\\/#breadcrumb\"},\"inLanguage\":\"fr-BE\",\"potentialAction\":[{\"@type\":\"ReadAction\",\"target\":[\"https:\\\/\\\/www.wynns.be\\\/fr\\\/produit\\\/dfsc-diesel-fuel-system-cleaner\\\/\"]}]},{\"@type\":\"ImageObject\",\"inLanguage\":\"fr-BE\",\"@id\":\"https:\\\/\\\/www.wynns.be\\\/fr\\\/produit\\\/dfsc-diesel-fuel-system-cleaner\\\/#primaryimage\",\"url\":\"https:\\\/\\\/www.wynns.be\\\/wp-content\\\/uploads\\\/sites\\\/12\\\/2022\\\/04\\\/W46796.jpg\",\"contentUrl\":\"https:\\\/\\\/www.wynns.be\\\/wp-content\\\/uploads\\\/sites\\\/12\\\/2022\\\/04\\\/W46796.jpg\",\"width\":1050,\"height\":1050,\"caption\":\"Diesel fuel system cleaner + 5L\"},{\"@type\":\"BreadcrumbList\",\"@id\":\"https:\\\/\\\/www.wynns.be\\\/fr\\\/produit\\\/dfsc-diesel-fuel-system-cleaner\\\/#breadcrumb\",\"itemListElement\":[{\"@type\":\"ListItem\",\"position\":1,\"name\":\"Home\",\"item\":\"https:\\\/\\\/www.wynns.be\\\/fr\\\/\"},{\"@type\":\"ListItem\",\"position\":2,\"name\":\"Produits\",\"item\":\"https:\\\/\\\/www.wynns.be\\\/fr\\\/shop\\\/\"},{\"@type\":\"ListItem\",\"position\":3,\"name\":\"DFSC+ (Diesel Fuel System Cleaner)\"}]},{\"@type\":\"WebSite\",\"@id\":\"https:\\\/\\\/www.wynns.be\\\/nl\\\/#website\",\"url\":\"https:\\\/\\\/www.wynns.be\\\/nl\\\/\",\"name\":\"Wynn&#039;s Belgium\",\"description\":\"Specialist in additives\",\"potentialAction\":[{\"@type\":\"SearchAction\",\"target\":{\"@type\":\"EntryPoint\",\"urlTemplate\":\"https:\\\/\\\/www.wynns.be\\\/nl\\\/?s={search_term_string}\"},\"query-input\":{\"@type\":\"PropertyValueSpecification\",\"valueRequired\":true,\"valueName\":\"search_term_string\"}}],\"inLanguage\":\"fr-BE\"}]}<\/script>\n<!-- \/ Yoast SEO plugin. -->","yoast_head_json":{"title":"DFSC+ (Diesel Fuel System Cleaner) | Wynn&#039;s Belgium","description":"Am\u00e9liore la combustion du carburant diesel, nettoie la pompe et les injecteurs, r\u00e9duit les \u00e9missions de suie et prot\u00e8ge le filtre \u00e0 carburant.","robots":{"index":"index","follow":"follow","max-snippet":"max-snippet:-1","max-image-preview":"max-image-preview:large","max-video-preview":"max-video-preview:-1"},"canonical":"https:\/\/www.wynns.be\/fr\/produit\/dfsc-diesel-fuel-system-cleaner\/","og_locale":"fr_FR","og_type":"article","og_title":"DFSC+ (Diesel Fuel System Cleaner) | Wynn&#039;s Belgium","og_description":"Am\u00e9liore la combustion du carburant diesel, nettoie la pompe et les injecteurs, r\u00e9duit les \u00e9missions de suie et prot\u00e8ge le filtre \u00e0 carburant.","og_url":"https:\/\/www.wynns.be\/fr\/produit\/dfsc-diesel-fuel-system-cleaner\/","og_site_name":"Wynn&#039;s Belgium","article_modified_time":"2025-04-23T14:38:41+00:00","og_image":[{"width":1050,"height":1050,"url":"https:\/\/www.wynns.be\/wp-content\/uploads\/sites\/12\/2022\/04\/W46796.jpg","type":"image\/jpeg"}],"twitter_card":"summary_large_image","schema":{"@context":"https:\/\/schema.org","@graph":[{"@type":"WebPage","@id":"https:\/\/www.wynns.be\/fr\/produit\/dfsc-diesel-fuel-system-cleaner\/","url":"https:\/\/www.wynns.be\/fr\/produit\/dfsc-diesel-fuel-system-cleaner\/","name":"DFSC+ (Diesel Fuel System Cleaner) | Wynn&#039;s Belgium","isPartOf":{"@id":"https:\/\/www.wynns.be\/nl\/#website"},"primaryImageOfPage":{"@id":"https:\/\/www.wynns.be\/fr\/produit\/dfsc-diesel-fuel-system-cleaner\/#primaryimage"},"image":{"@id":"https:\/\/www.wynns.be\/fr\/produit\/dfsc-diesel-fuel-system-cleaner\/#primaryimage"},"thumbnailUrl":"https:\/\/www.wynns.be\/wp-content\/uploads\/sites\/12\/2022\/04\/W46796.jpg","datePublished":"2022-04-19T09:37:53+00:00","dateModified":"2025-04-23T14:38:41+00:00","description":"Am\u00e9liore la combustion du carburant diesel, nettoie la pompe et les injecteurs, r\u00e9duit les \u00e9missions de suie et prot\u00e8ge le filtre \u00e0 carburant.","breadcrumb":{"@id":"https:\/\/www.wynns.be\/fr\/produit\/dfsc-diesel-fuel-system-cleaner\/#breadcrumb"},"inLanguage":"fr-BE","potentialAction":[{"@type":"ReadAction","target":["https:\/\/www.wynns.be\/fr\/produit\/dfsc-diesel-fuel-system-cleaner\/"]}]},{"@type":"ImageObject","inLanguage":"fr-BE","@id":"https:\/\/www.wynns.be\/fr\/produit\/dfsc-diesel-fuel-system-cleaner\/#primaryimage","url":"https:\/\/www.wynns.be\/wp-content\/uploads\/sites\/12\/2022\/04\/W46796.jpg","contentUrl":"https:\/\/www.wynns.be\/wp-content\/uploads\/sites\/12\/2022\/04\/W46796.jpg","width":1050,"height":1050,"caption":"Diesel fuel system cleaner + 5L"},{"@type":"BreadcrumbList","@id":"https:\/\/www.wynns.be\/fr\/produit\/dfsc-diesel-fuel-system-cleaner\/#breadcrumb","itemListElement":[{"@type":"ListItem","position":1,"name":"Home","item":"https:\/\/www.wynns.be\/fr\/"},{"@type":"ListItem","position":2,"name":"Produits","item":"https:\/\/www.wynns.be\/fr\/shop\/"},{"@type":"ListItem","position":3,"name":"DFSC+ (Diesel Fuel System Cleaner)"}]},{"@type":"WebSite","@id":"https:\/\/www.wynns.be\/nl\/#website","url":"https:\/\/www.wynns.be\/nl\/","name":"Wynn&#039;s Belgium","description":"Specialist in additives","potentialAction":[{"@type":"SearchAction","target":{"@type":"EntryPoint","urlTemplate":"https:\/\/www.wynns.be\/nl\/?s={search_term_string}"},"query-input":{"@type":"PropertyValueSpecification","valueRequired":true,"valueName":"search_term_string"}}],"inLanguage":"fr-BE"}]}},"toolset-meta":{"toolset-woocommerce-fields-3":[],"toolset-woocommerce-fields-2":[],"toolset-woocommerce-fields":{"_download_limit":{"type":"numeric","raw":"-1"},"_virtual":{"type":"checkbox","raw":"no"},"_downloadable":{"type":"checkbox","raw":"no"},"_download_expiry":{"type":"numeric","raw":"-1"},"_download_type":{"type":"radio","raw":""},"_regular_price":{"type":"numeric","raw":""},"_sale_price":{"type":"numeric","raw":""},"_sale_price_dates_from":{"type":"date","raw":"","formatted":null},"_sale_price_dates_to":{"type":"date","raw":"","formatted":null},"_sku":{"type":"textfield","raw":"W46796"},"_manage_stock":{"type":"checkbox","raw":"no"},"_stock_status":{"type":"radio","raw":"instock"},"_stock":{"type":"numeric","raw":null},"_backorders":{"type":"radio","raw":"no"},"_sold_individually":{"type":"checkbox","raw":"no"},"_width":{"type":"numeric","raw":""},"_weight":{"type":"numeric","raw":""},"_length":{"type":"numeric","raw":""},"_purchase_note":{"type":"textarea","raw":""}},"parts":[],"compatibility":{"engine":{"type":"select","raw":"Diesel & Hybrid diesel"},"fuel":{"type":"select","raw":""},"extra-compatibility-text":{"type":"textfield","raw":""}},"how-to-use":{"how-to-use-image":{"type":"image","raw":"https:\/\/wynns2021.wpengine.com\/wp-content\/uploads\/2021\/03\/how-to-use-fruel-tank-fr.png","attachment_id":null},"step":{"type":"textfield","raw":["Ajouter au r\u00e9servoir de carburant","Tous les 7500 km ou tous les 3 pleins"]},"how-to-use-extra-information":{"type":"textfield","raw":""}},"product-additional-info":{"print-screen-images":{"type":"file","raw":"","attachment_id":null}},"product-video":{"youtube-id":{"type":"textfield","raw":""}},"product-info":{"product-features":{"type":"textfield","raw":["Nettoie la pompe et les injecteurs. Augmente l'indice de c\u00e9tane et am\u00e9liore la qualit\u00e9 de l'allumage et de la combustion.","R\u00e9duit les particules de suie et les fum\u00e9es d'\u00e9chappement noires.","Emp\u00eache l'encrassement du filtre \u00e0 carburant.","Compense le manque de pouvoir lubrifiant des carburants \u00e0 faible teneur en soufre. R\u00e9duit les bruits de cognement du diesel."]}}},"_links":{"self":[{"href":"https:\/\/www.wynns.be\/fr\/wp-json\/wp\/v2\/product\/25539","targetHints":{"allow":["GET"]}}],"collection":[{"href":"https:\/\/www.wynns.be\/fr\/wp-json\/wp\/v2\/product"}],"about":[{"href":"https:\/\/www.wynns.be\/fr\/wp-json\/wp\/v2\/types\/product"}],"wp:featuredmedia":[{"embeddable":true,"href":"https:\/\/www.wynns.be\/fr\/wp-json\/wp\/v2\/media\/25451"}],"wp:attachment":[{"href":"https:\/\/www.wynns.be\/fr\/wp-json\/wp\/v2\/media?parent=25539"}],"wp:term":[{"taxonomy":"product_brand","embeddable":true,"href":"https:\/\/www.wynns.be\/fr\/wp-json\/wp\/v2\/product_brand?post=25539"},{"taxonomy":"product_cat","embeddable":true,"href":"https:\/\/www.wynns.be\/fr\/wp-json\/wp\/v2\/product_cat?post=25539"},{"taxonomy":"product_tag","embeddable":true,"href":"https:\/\/www.wynns.be\/fr\/wp-json\/wp\/v2\/product_tag?post=25539"},{"taxonomy":"audience","embeddable":true,"href":"https:\/\/www.wynns.be\/fr\/wp-json\/wp\/v2\/audience?post=25539"},{"taxonomy":"usage","embeddable":true,"href":"https:\/\/www.wynns.be\/fr\/wp-json\/wp\/v2\/usage?post=25539"}],"curies":[{"name":"wp","href":"https:\/\/api.w.org\/{rel}","templated":true}]}}