{"id":26142,"date":"2022-04-12T09:57:09","date_gmt":"2022-04-20T12:46:01","guid":{"rendered":"https:\/\/www.wynns.be\/product\/__trashed-2\/"},"modified":"2025-04-23T14:41:16","modified_gmt":"2025-04-23T14:41:16","slug":"reducteur-d-emissions","status":"publish","type":"product","link":"https:\/\/www.wynns.be\/fr\/produit\/reducteur-d-emissions\/","title":{"rendered":"R\u00e9ducteur d&#8217;\u00e9missions"},"content":{"rendered":"<p><strong>Le r\u00e9ducteur d&#8217;\u00e9missions diesel<\/strong> est un additif multifonctionnel pour le carburant diesel con\u00e7u pour am\u00e9liorer imm\u00e9diatement la combustion, r\u00e9duire les \u00e9missions de gaz d&#8217;\u00e9chappement et de suie tout en permettant une meilleure \u00e9conomie de carburant.<\/p>\n","protected":false},"excerpt":{"rendered":"<p>V\u00e9hicules Commerciaux<\/p>\n","protected":false},"featured_media":26508,"template":"","meta":{"inline_featured_image":false},"product_brand":[],"product_cat":[1285,1284],"product_tag":[1949,1340,1579,1344,1348],"audience":[1212],"usage":[1301,1302],"class_list":{"0":"post-26142","1":"product","2":"type-product","3":"status-publish","4":"has-post-thumbnail","6":"product_cat-additifs-diesel-professionnel","7":"product_cat-professionnel","8":"product_tag-agriculture-fr","9":"product_tag-camion","10":"product_tag-camion-fr","11":"product_tag-emission-de-particules","12":"product_tag-flotte","13":"audience-audience-professionals-fr","14":"usage-entretien-regulier","15":"usage-resolution-de-problemes","17":"first","18":"instock","19":"shipping-taxable","20":"product-type-simple"},"wynns_product_variations":[{"id":"26532","product_code":"W62190","capacity_ml":"1000","units_per_case":"12","packaging_language":"EN-FR-DE-NL-ES-IT-JA","ean13_barcode":"","tds":[{"id":"26541","tds_language":"Allemand","tds_file":"https:\/\/wynns2021.wpengine.com\/products\/TDS\/W62190_TDS_DE.pdf"},{"id":"26540","tds_language":"N\u00e9erlandais","tds_file":"https:\/\/wynns2021.wpengine.com\/products\/TDS\/W62190_TDS_NL.pdf"},{"id":"26539","tds_language":"Espagnol","tds_file":"https:\/\/wynns2021.wpengine.com\/products\/TDS\/W62190_TDS_ES.pdf"},{"id":"26538","tds_language":"Italien","tds_file":"https:\/\/wynns2021.wpengine.com\/products\/TDS\/W62190_TDS_IT.pdf"},{"id":"26537","tds_language":"Fran\u00e7ais","tds_file":"https:\/\/wynns2021.wpengine.com\/products\/TDS\/W62190_TDS_FR.pdf"},{"id":"26535","tds_language":"Anglais","tds_file":"https:\/\/wynns2021.wpengine.com\/products\/TDS\/W62190_TDS_EN.pdf"}],"msds":[{"id":"26542","msds_language":"English","msds_file":"https:\/\/wynns2021.wpengine.com\/products\/MSDS\/W62190_MSDS_EN.pdf"},{"id":"26543","msds_language":"French","msds_file":"https:\/\/wynns2021.wpengine.com\/products\/MSDS\/W62190_MSDS_FR.pdf"},{"id":"26544","msds_language":"German","msds_file":"https:\/\/wynns2021.wpengine.com\/products\/MSDS\/W62190_MSDS_DE.pdf"},{"id":"26545","msds_language":"Italian","msds_file":"https:\/\/wynns2021.wpengine.com\/products\/MSDS\/W62190_MSDS_IT.pdf"},{"id":"26546","msds_language":"Spanish","msds_file":"https:\/\/wynns2021.wpengine.com\/products\/MSDS\/W62190_MSDS_ES.pdf"},{"id":"26547","msds_language":"Portuguese","msds_file":"https:\/\/wynns2021.wpengine.com\/products\/MSDS\/W62190_MSDS_PT.pdf"},{"id":"26548","msds_language":"Dutch","msds_file":"https:\/\/wynns2021.wpengine.com\/products\/MSDS\/W62190_MSDS_NL.pdf"},{"id":"26549","msds_language":"Russian","msds_file":"https:\/\/wynns2021.wpengine.com\/products\/MSDS\/W62190_MSDS_RU.pdf"}]}],"wynns_parts":[{"name":"FAP","rating":"4"},{"name":"Diesel Oxidation Catalyst","rating":"5"},{"name":"Injector","rating":"3"},{"name":"Turbo","rating":"4"}],"yoast_head":"<!-- This site is optimized with the Yoast SEO plugin v27.3 - https:\/\/yoast.com\/product\/yoast-seo-wordpress\/ -->\n<title>R\u00e9ducteur d&#039;\u00e9missions | Wynn&#039;s Belgium<\/title>\n<meta name=\"description\" content=\"Am\u00e9liore la combustion, r\u00e9duit les \u00e9missions de suie et optimise l&#039;\u00e9conomie de carburant, tout en \u00e9tant compatible avec la technologie Euro-6.\" \/>\n<meta name=\"robots\" content=\"index, follow, max-snippet:-1, max-image-preview:large, max-video-preview:-1\" \/>\n<link rel=\"canonical\" href=\"https:\/\/www.wynns.be\/fr\/produit\/reducteur-d-emissions\/\" \/>\n<meta property=\"og:locale\" content=\"fr_FR\" \/>\n<meta property=\"og:type\" content=\"article\" \/>\n<meta property=\"og:title\" content=\"R\u00e9ducteur d&#039;\u00e9missions | Wynn&#039;s Belgium\" \/>\n<meta property=\"og:description\" content=\"Am\u00e9liore la combustion, r\u00e9duit les \u00e9missions de suie et optimise l&#039;\u00e9conomie de carburant, tout en \u00e9tant compatible avec la technologie Euro-6.\" \/>\n<meta property=\"og:url\" content=\"https:\/\/www.wynns.be\/fr\/produit\/reducteur-d-emissions\/\" \/>\n<meta property=\"og:site_name\" content=\"Wynn&#039;s Belgium\" \/>\n<meta property=\"article:modified_time\" content=\"2025-04-23T14:41:16+00:00\" \/>\n<meta property=\"og:image\" content=\"https:\/\/www.wynns.be\/wp-content\/uploads\/sites\/12\/2022\/05\/W62190.jpg\" \/>\n\t<meta property=\"og:image:width\" content=\"1050\" \/>\n\t<meta property=\"og:image:height\" content=\"1050\" \/>\n\t<meta property=\"og:image:type\" content=\"image\/jpeg\" \/>\n<meta name=\"twitter:card\" content=\"summary_large_image\" \/>\n<script type=\"application\/ld+json\" class=\"yoast-schema-graph\">{\"@context\":\"https:\\\/\\\/schema.org\",\"@graph\":[{\"@type\":\"WebPage\",\"@id\":\"https:\\\/\\\/www.wynns.be\\\/fr\\\/produit\\\/reducteur-d-emissions\\\/\",\"url\":\"https:\\\/\\\/www.wynns.be\\\/fr\\\/produit\\\/reducteur-d-emissions\\\/\",\"name\":\"R\u00e9ducteur d'\u00e9missions | Wynn&#039;s Belgium\",\"isPartOf\":{\"@id\":\"https:\\\/\\\/www.wynns.be\\\/nl\\\/#website\"},\"primaryImageOfPage\":{\"@id\":\"https:\\\/\\\/www.wynns.be\\\/fr\\\/produit\\\/reducteur-d-emissions\\\/#primaryimage\"},\"image\":{\"@id\":\"https:\\\/\\\/www.wynns.be\\\/fr\\\/produit\\\/reducteur-d-emissions\\\/#primaryimage\"},\"thumbnailUrl\":\"https:\\\/\\\/www.wynns.be\\\/wp-content\\\/uploads\\\/sites\\\/12\\\/2022\\\/05\\\/W62190.jpg\",\"datePublished\":\"2022-04-20T12:46:01+00:00\",\"dateModified\":\"2025-04-23T14:41:16+00:00\",\"description\":\"Am\u00e9liore la combustion, r\u00e9duit les \u00e9missions de suie et optimise l'\u00e9conomie de carburant, tout en \u00e9tant compatible avec la technologie Euro-6.\",\"breadcrumb\":{\"@id\":\"https:\\\/\\\/www.wynns.be\\\/fr\\\/produit\\\/reducteur-d-emissions\\\/#breadcrumb\"},\"inLanguage\":\"fr-BE\",\"potentialAction\":[{\"@type\":\"ReadAction\",\"target\":[\"https:\\\/\\\/www.wynns.be\\\/fr\\\/produit\\\/reducteur-d-emissions\\\/\"]}]},{\"@type\":\"ImageObject\",\"inLanguage\":\"fr-BE\",\"@id\":\"https:\\\/\\\/www.wynns.be\\\/fr\\\/produit\\\/reducteur-d-emissions\\\/#primaryimage\",\"url\":\"https:\\\/\\\/www.wynns.be\\\/wp-content\\\/uploads\\\/sites\\\/12\\\/2022\\\/05\\\/W62190.jpg\",\"contentUrl\":\"https:\\\/\\\/www.wynns.be\\\/wp-content\\\/uploads\\\/sites\\\/12\\\/2022\\\/05\\\/W62190.jpg\",\"width\":1050,\"height\":1050},{\"@type\":\"BreadcrumbList\",\"@id\":\"https:\\\/\\\/www.wynns.be\\\/fr\\\/produit\\\/reducteur-d-emissions\\\/#breadcrumb\",\"itemListElement\":[{\"@type\":\"ListItem\",\"position\":1,\"name\":\"Home\",\"item\":\"https:\\\/\\\/www.wynns.be\\\/fr\\\/\"},{\"@type\":\"ListItem\",\"position\":2,\"name\":\"Produits\",\"item\":\"https:\\\/\\\/www.wynns.be\\\/fr\\\/shop\\\/\"},{\"@type\":\"ListItem\",\"position\":3,\"name\":\"R\u00e9ducteur d&#8217;\u00e9missions\"}]},{\"@type\":\"WebSite\",\"@id\":\"https:\\\/\\\/www.wynns.be\\\/nl\\\/#website\",\"url\":\"https:\\\/\\\/www.wynns.be\\\/nl\\\/\",\"name\":\"Wynn&#039;s Belgium\",\"description\":\"Specialist in additives\",\"potentialAction\":[{\"@type\":\"SearchAction\",\"target\":{\"@type\":\"EntryPoint\",\"urlTemplate\":\"https:\\\/\\\/www.wynns.be\\\/nl\\\/?s={search_term_string}\"},\"query-input\":{\"@type\":\"PropertyValueSpecification\",\"valueRequired\":true,\"valueName\":\"search_term_string\"}}],\"inLanguage\":\"fr-BE\"}]}<\/script>\n<!-- \/ Yoast SEO plugin. -->","yoast_head_json":{"title":"R\u00e9ducteur d'\u00e9missions | Wynn&#039;s Belgium","description":"Am\u00e9liore la combustion, r\u00e9duit les \u00e9missions de suie et optimise l'\u00e9conomie de carburant, tout en \u00e9tant compatible avec la technologie Euro-6.","robots":{"index":"index","follow":"follow","max-snippet":"max-snippet:-1","max-image-preview":"max-image-preview:large","max-video-preview":"max-video-preview:-1"},"canonical":"https:\/\/www.wynns.be\/fr\/produit\/reducteur-d-emissions\/","og_locale":"fr_FR","og_type":"article","og_title":"R\u00e9ducteur d'\u00e9missions | Wynn&#039;s Belgium","og_description":"Am\u00e9liore la combustion, r\u00e9duit les \u00e9missions de suie et optimise l'\u00e9conomie de carburant, tout en \u00e9tant compatible avec la technologie Euro-6.","og_url":"https:\/\/www.wynns.be\/fr\/produit\/reducteur-d-emissions\/","og_site_name":"Wynn&#039;s Belgium","article_modified_time":"2025-04-23T14:41:16+00:00","og_image":[{"width":1050,"height":1050,"url":"https:\/\/www.wynns.be\/wp-content\/uploads\/sites\/12\/2022\/05\/W62190.jpg","type":"image\/jpeg"}],"twitter_card":"summary_large_image","schema":{"@context":"https:\/\/schema.org","@graph":[{"@type":"WebPage","@id":"https:\/\/www.wynns.be\/fr\/produit\/reducteur-d-emissions\/","url":"https:\/\/www.wynns.be\/fr\/produit\/reducteur-d-emissions\/","name":"R\u00e9ducteur d'\u00e9missions | Wynn&#039;s Belgium","isPartOf":{"@id":"https:\/\/www.wynns.be\/nl\/#website"},"primaryImageOfPage":{"@id":"https:\/\/www.wynns.be\/fr\/produit\/reducteur-d-emissions\/#primaryimage"},"image":{"@id":"https:\/\/www.wynns.be\/fr\/produit\/reducteur-d-emissions\/#primaryimage"},"thumbnailUrl":"https:\/\/www.wynns.be\/wp-content\/uploads\/sites\/12\/2022\/05\/W62190.jpg","datePublished":"2022-04-20T12:46:01+00:00","dateModified":"2025-04-23T14:41:16+00:00","description":"Am\u00e9liore la combustion, r\u00e9duit les \u00e9missions de suie et optimise l'\u00e9conomie de carburant, tout en \u00e9tant compatible avec la technologie Euro-6.","breadcrumb":{"@id":"https:\/\/www.wynns.be\/fr\/produit\/reducteur-d-emissions\/#breadcrumb"},"inLanguage":"fr-BE","potentialAction":[{"@type":"ReadAction","target":["https:\/\/www.wynns.be\/fr\/produit\/reducteur-d-emissions\/"]}]},{"@type":"ImageObject","inLanguage":"fr-BE","@id":"https:\/\/www.wynns.be\/fr\/produit\/reducteur-d-emissions\/#primaryimage","url":"https:\/\/www.wynns.be\/wp-content\/uploads\/sites\/12\/2022\/05\/W62190.jpg","contentUrl":"https:\/\/www.wynns.be\/wp-content\/uploads\/sites\/12\/2022\/05\/W62190.jpg","width":1050,"height":1050},{"@type":"BreadcrumbList","@id":"https:\/\/www.wynns.be\/fr\/produit\/reducteur-d-emissions\/#breadcrumb","itemListElement":[{"@type":"ListItem","position":1,"name":"Home","item":"https:\/\/www.wynns.be\/fr\/"},{"@type":"ListItem","position":2,"name":"Produits","item":"https:\/\/www.wynns.be\/fr\/shop\/"},{"@type":"ListItem","position":3,"name":"R\u00e9ducteur d&#8217;\u00e9missions"}]},{"@type":"WebSite","@id":"https:\/\/www.wynns.be\/nl\/#website","url":"https:\/\/www.wynns.be\/nl\/","name":"Wynn&#039;s Belgium","description":"Specialist in additives","potentialAction":[{"@type":"SearchAction","target":{"@type":"EntryPoint","urlTemplate":"https:\/\/www.wynns.be\/nl\/?s={search_term_string}"},"query-input":{"@type":"PropertyValueSpecification","valueRequired":true,"valueName":"search_term_string"}}],"inLanguage":"fr-BE"}]}},"toolset-meta":{"toolset-woocommerce-fields-3":[],"toolset-woocommerce-fields-2":[],"toolset-woocommerce-fields":{"_download_limit":{"type":"numeric","raw":"-1"},"_virtual":{"type":"checkbox","raw":"no"},"_downloadable":{"type":"checkbox","raw":"no"},"_download_expiry":{"type":"numeric","raw":"-1"},"_download_type":{"type":"radio","raw":""},"_regular_price":{"type":"numeric","raw":""},"_sale_price":{"type":"numeric","raw":""},"_sale_price_dates_from":{"type":"date","raw":"","formatted":null},"_sale_price_dates_to":{"type":"date","raw":"","formatted":null},"_sku":{"type":"textfield","raw":"W62190"},"_manage_stock":{"type":"checkbox","raw":"no"},"_stock_status":{"type":"radio","raw":"instock"},"_stock":{"type":"numeric","raw":null},"_backorders":{"type":"radio","raw":"no"},"_sold_individually":{"type":"checkbox","raw":"no"},"_width":{"type":"numeric","raw":""},"_weight":{"type":"numeric","raw":""},"_length":{"type":"numeric","raw":""},"_purchase_note":{"type":"textarea","raw":""}},"parts":[],"compatibility":{"engine":{"type":"select","raw":""},"fuel":{"type":"select","raw":"Diesel up to B30 (premium & regular)"},"extra-compatibility-text":{"type":"textfield","raw":""}},"how-to-use":{"how-to-use-image":{"type":"image","raw":"https:\/\/wynns2021.wpengine.com\/wp-content\/uploads\/2022\/04\/How-to-Fuel-tank-Commercial-vehicles-FR.png","attachment_id":null},"step":{"type":"textfield","raw":["Ajouter 1 litre au r\u00e9servoir de carburant du v\u00e9hicule (min. de 75L)","Traite jusqu'\u00e0 500 litres de gazole","Pour de meilleurs r\u00e9sultats, ajoutez 250 km avant le contr\u00f4le technique"]},"how-to-use-extra-information":{"type":"textfield","raw":"A utiliser dans le cadre des intervalles d'entretien du v\u00e9hicule ou en cas de conduite avec arr\u00eat et de probl\u00e8mes d'\u00e9missions r\u00e9guliers, tous les 10 000 km ou tous les 3 mois. Peut \u00eatre utilis\u00e9 comme traitement curatif en cas de probl\u00e8me d'\u00e9missions."}},"product-additional-info":{"print-screen-images":{"type":"file","raw":"","attachment_id":null}},"product-video":{"youtube-id":{"type":"textfield","raw":"xfmPuDPe0dA"}},"product-info":{"product-features":{"type":"textfield","raw":["Nettoyage efficace du circuit d'\u00e9chappement pour r\u00e9tablir l'efficacit\u00e9","R\u00e9duit rapidement la suie des gaz d'\u00e9chappement et les \u00e9missions","Am\u00e9liore la combustion et les performances du moteur","Evite les surconsommations de carburant","Sp\u00e9cialement con\u00e7u pour passer le test d'\u00e9mission europ\u00e9en","Compatible avec la derni\u00e8re technologie Euro-6"]}}},"_links":{"self":[{"href":"https:\/\/www.wynns.be\/fr\/wp-json\/wp\/v2\/product\/26142","targetHints":{"allow":["GET"]}}],"collection":[{"href":"https:\/\/www.wynns.be\/fr\/wp-json\/wp\/v2\/product"}],"about":[{"href":"https:\/\/www.wynns.be\/fr\/wp-json\/wp\/v2\/types\/product"}],"wp:featuredmedia":[{"embeddable":true,"href":"https:\/\/www.wynns.be\/fr\/wp-json\/wp\/v2\/media\/26508"}],"wp:attachment":[{"href":"https:\/\/www.wynns.be\/fr\/wp-json\/wp\/v2\/media?parent=26142"}],"wp:term":[{"taxonomy":"product_brand","embeddable":true,"href":"https:\/\/www.wynns.be\/fr\/wp-json\/wp\/v2\/product_brand?post=26142"},{"taxonomy":"product_cat","embeddable":true,"href":"https:\/\/www.wynns.be\/fr\/wp-json\/wp\/v2\/product_cat?post=26142"},{"taxonomy":"product_tag","embeddable":true,"href":"https:\/\/www.wynns.be\/fr\/wp-json\/wp\/v2\/product_tag?post=26142"},{"taxonomy":"audience","embeddable":true,"href":"https:\/\/www.wynns.be\/fr\/wp-json\/wp\/v2\/audience?post=26142"},{"taxonomy":"usage","embeddable":true,"href":"https:\/\/www.wynns.be\/fr\/wp-json\/wp\/v2\/usage?post=26142"}],"curies":[{"name":"wp","href":"https:\/\/api.w.org\/{rel}","templated":true}]}}