{"id":26143,"date":"2022-04-12T10:42:11","date_gmt":"2022-04-20T14:49:00","guid":{"rendered":"https:\/\/www.wynns.be\/product\/nettoyant-injecteurs-amorcage-du-filtre\/"},"modified":"2025-04-23T14:40:45","modified_gmt":"2025-04-23T14:40:45","slug":"nettoyant-injecteurs-amorcage-du-filtre","status":"publish","type":"product","link":"https:\/\/www.wynns.be\/fr\/produit\/nettoyant-injecteurs-amorcage-du-filtre\/","title":{"rendered":"Nettoyant Injecteurs &amp; Amor\u00e7age du Filtre"},"content":{"rendered":"<p>Le Nettoyant Injecteurs &amp; Amor\u00e7age du Filtre est un additif diesel, con\u00e7u pour restaurer le mod\u00e8le de pulv\u00e9risation des injecteurs, nettoyer le syst\u00e8me de carburant, tout en augmentant la qualit\u00e9 du carburant et en am\u00e9liorant la combustion.<\/p>\n","protected":false},"excerpt":{"rendered":"<p>V\u00e9hicules Commerciaux<\/p>\n","protected":false},"featured_media":25972,"template":"","meta":{"inline_featured_image":false},"product_brand":[],"product_cat":[1285,1284],"product_tag":[1949,1340,1579,1584,3460,1342,1347,1348,1455],"audience":[1212],"usage":[1301],"class_list":{"0":"post-26143","1":"product","2":"type-product","3":"status-publish","4":"has-post-thumbnail","6":"product_cat-additifs-diesel-professionnel","7":"product_cat-professionnel","8":"product_tag-agriculture-fr","9":"product_tag-camion","10":"product_tag-camion-fr","11":"product_tag-carburant","12":"product_tag-cognement","13":"product_tag-commercial-fr","14":"product_tag-filtre","15":"product_tag-flotte","16":"product_tag-injecteur","17":"audience-audience-professionals-fr","18":"usage-entretien-regulier","20":"first","21":"instock","22":"shipping-taxable","23":"product-type-simple"},"wynns_product_variations":[{"id":"26312","product_code":"W25290","capacity_ml":"1000","units_per_case":"12","packaging_language":"EN-FR-DE-NL-ES-IT-JA","ean13_barcode":"","tds":[{"id":"26322","tds_language":"Allemand","tds_file":"https:\/\/wynns2021.wpengine.com\/products\/TDS\/W25290_TDS_DE.pdf"},{"id":"26321","tds_language":"N\u00e9erlandais","tds_file":"https:\/\/wynns2021.wpengine.com\/products\/TDS\/W25290_TDS_NL.pdf"},{"id":"26320","tds_language":"Espagnol","tds_file":"https:\/\/wynns2021.wpengine.com\/products\/TDS\/W25290_TDS_ES.pdf"},{"id":"26318","tds_language":"Italien","tds_file":"https:\/\/wynns2021.wpengine.com\/products\/TDS\/W25290_TDS_IT.pdf"},{"id":"26316","tds_language":"Fran\u00e7ais","tds_file":"https:\/\/wynns2021.wpengine.com\/products\/TDS\/W25290_TDS_FR.pdf"},{"id":"26314","tds_language":"Anglais","tds_file":"https:\/\/wynns2021.wpengine.com\/products\/TDS\/W25290_TDS_EN.pdf"}],"msds":[{"id":"26323","msds_language":"English","msds_file":"https:\/\/wynns2021.wpengine.com\/products\/MSDS\/W25290_MSDS_EN.pdf"},{"id":"26324","msds_language":"Dutch","msds_file":"https:\/\/wynns2021.wpengine.com\/products\/MSDS\/W25290_MSDS_NL.pdf"},{"id":"26325","msds_language":"French","msds_file":"https:\/\/wynns2021.wpengine.com\/products\/MSDS\/W25290_MSDS_FR.pdf"},{"id":"26326","msds_language":"German","msds_file":"https:\/\/wynns2021.wpengine.com\/products\/MSDS\/W25290_MSDS_DE.pdf"},{"id":"26327","msds_language":"Italian","msds_file":"https:\/\/wynns2021.wpengine.com\/products\/MSDS\/W25290_MSDS_IT.pdf"},{"id":"26328","msds_language":"Portuguese","msds_file":"https:\/\/wynns2021.wpengine.com\/products\/MSDS\/W25290_MSDS_PT.pdf"},{"id":"26329","msds_language":"Spanish","msds_file":"https:\/\/wynns2021.wpengine.com\/products\/MSDS\/W25290_MSDS_ES.pdf"},{"id":"26330","msds_language":"Russian","msds_file":"https:\/\/wynns2021.wpengine.com\/products\/MSDS\/W25290_MSDS_RU.pdf"}]}],"wynns_parts":[{"name":"Injector","rating":"5"},{"name":"Filtre \u00e0 carburant","rating":"5"},{"name":"Fuel Pump","rating":"5"},{"name":"Chambre de combustion","rating":"4"},{"name":"EGR Valve","rating":"3"}],"yoast_head":"<!-- This site is optimized with the Yoast SEO plugin v27.3 - https:\/\/yoast.com\/product\/yoast-seo-wordpress\/ -->\n<title>Nettoyant Injecteurs &amp; Amor\u00e7age du Filtre | Wynn&#039;s Belgium<\/title>\n<meta name=\"description\" content=\"Restaure le jet des injecteurs, nettoie le syst\u00e8me de carburant et am\u00e9liore la combustion. Prot\u00e8ge contre la corrosion et l&#039;encrassement du filtre.\" \/>\n<meta name=\"robots\" content=\"index, follow, max-snippet:-1, max-image-preview:large, max-video-preview:-1\" \/>\n<link rel=\"canonical\" href=\"https:\/\/www.wynns.be\/fr\/produit\/nettoyant-injecteurs-amorcage-du-filtre\/\" \/>\n<meta property=\"og:locale\" content=\"fr_FR\" \/>\n<meta property=\"og:type\" content=\"article\" \/>\n<meta property=\"og:title\" content=\"Nettoyant Injecteurs &amp; Amor\u00e7age du Filtre | Wynn&#039;s Belgium\" \/>\n<meta property=\"og:description\" content=\"Restaure le jet des injecteurs, nettoie le syst\u00e8me de carburant et am\u00e9liore la combustion. Prot\u00e8ge contre la corrosion et l&#039;encrassement du filtre.\" \/>\n<meta property=\"og:url\" content=\"https:\/\/www.wynns.be\/fr\/produit\/nettoyant-injecteurs-amorcage-du-filtre\/\" \/>\n<meta property=\"og:site_name\" content=\"Wynn&#039;s Belgium\" \/>\n<meta property=\"article:modified_time\" content=\"2025-04-23T14:40:45+00:00\" \/>\n<meta property=\"og:image\" content=\"https:\/\/www.wynns.be\/wp-content\/uploads\/sites\/12\/2022\/05\/W25290.jpg\" \/>\n\t<meta property=\"og:image:width\" content=\"1050\" \/>\n\t<meta property=\"og:image:height\" content=\"1050\" \/>\n\t<meta property=\"og:image:type\" content=\"image\/jpeg\" \/>\n<meta name=\"twitter:card\" content=\"summary_large_image\" \/>\n<script type=\"application\/ld+json\" class=\"yoast-schema-graph\">{\"@context\":\"https:\\\/\\\/schema.org\",\"@graph\":[{\"@type\":\"WebPage\",\"@id\":\"https:\\\/\\\/www.wynns.be\\\/fr\\\/produit\\\/nettoyant-injecteurs-amorcage-du-filtre\\\/\",\"url\":\"https:\\\/\\\/www.wynns.be\\\/fr\\\/produit\\\/nettoyant-injecteurs-amorcage-du-filtre\\\/\",\"name\":\"Nettoyant Injecteurs &amp; Amor\u00e7age du Filtre | Wynn&#039;s Belgium\",\"isPartOf\":{\"@id\":\"https:\\\/\\\/www.wynns.be\\\/nl\\\/#website\"},\"primaryImageOfPage\":{\"@id\":\"https:\\\/\\\/www.wynns.be\\\/fr\\\/produit\\\/nettoyant-injecteurs-amorcage-du-filtre\\\/#primaryimage\"},\"image\":{\"@id\":\"https:\\\/\\\/www.wynns.be\\\/fr\\\/produit\\\/nettoyant-injecteurs-amorcage-du-filtre\\\/#primaryimage\"},\"thumbnailUrl\":\"https:\\\/\\\/www.wynns.be\\\/wp-content\\\/uploads\\\/sites\\\/12\\\/2022\\\/05\\\/W25290.jpg\",\"datePublished\":\"2022-04-20T14:49:00+00:00\",\"dateModified\":\"2025-04-23T14:40:45+00:00\",\"description\":\"Restaure le jet des injecteurs, nettoie le syst\u00e8me de carburant et am\u00e9liore la combustion. Prot\u00e8ge contre la corrosion et l'encrassement du filtre.\",\"breadcrumb\":{\"@id\":\"https:\\\/\\\/www.wynns.be\\\/fr\\\/produit\\\/nettoyant-injecteurs-amorcage-du-filtre\\\/#breadcrumb\"},\"inLanguage\":\"fr-BE\",\"potentialAction\":[{\"@type\":\"ReadAction\",\"target\":[\"https:\\\/\\\/www.wynns.be\\\/fr\\\/produit\\\/nettoyant-injecteurs-amorcage-du-filtre\\\/\"]}]},{\"@type\":\"ImageObject\",\"inLanguage\":\"fr-BE\",\"@id\":\"https:\\\/\\\/www.wynns.be\\\/fr\\\/produit\\\/nettoyant-injecteurs-amorcage-du-filtre\\\/#primaryimage\",\"url\":\"https:\\\/\\\/www.wynns.be\\\/wp-content\\\/uploads\\\/sites\\\/12\\\/2022\\\/05\\\/W25290.jpg\",\"contentUrl\":\"https:\\\/\\\/www.wynns.be\\\/wp-content\\\/uploads\\\/sites\\\/12\\\/2022\\\/05\\\/W25290.jpg\",\"width\":1050,\"height\":1050},{\"@type\":\"BreadcrumbList\",\"@id\":\"https:\\\/\\\/www.wynns.be\\\/fr\\\/produit\\\/nettoyant-injecteurs-amorcage-du-filtre\\\/#breadcrumb\",\"itemListElement\":[{\"@type\":\"ListItem\",\"position\":1,\"name\":\"Home\",\"item\":\"https:\\\/\\\/www.wynns.be\\\/fr\\\/\"},{\"@type\":\"ListItem\",\"position\":2,\"name\":\"Produits\",\"item\":\"https:\\\/\\\/www.wynns.be\\\/fr\\\/shop\\\/\"},{\"@type\":\"ListItem\",\"position\":3,\"name\":\"Nettoyant Injecteurs &amp; Amor\u00e7age du Filtre\"}]},{\"@type\":\"WebSite\",\"@id\":\"https:\\\/\\\/www.wynns.be\\\/nl\\\/#website\",\"url\":\"https:\\\/\\\/www.wynns.be\\\/nl\\\/\",\"name\":\"Wynn&#039;s Belgium\",\"description\":\"Specialist in additives\",\"potentialAction\":[{\"@type\":\"SearchAction\",\"target\":{\"@type\":\"EntryPoint\",\"urlTemplate\":\"https:\\\/\\\/www.wynns.be\\\/nl\\\/?s={search_term_string}\"},\"query-input\":{\"@type\":\"PropertyValueSpecification\",\"valueRequired\":true,\"valueName\":\"search_term_string\"}}],\"inLanguage\":\"fr-BE\"}]}<\/script>\n<!-- \/ Yoast SEO plugin. -->","yoast_head_json":{"title":"Nettoyant Injecteurs &amp; Amor\u00e7age du Filtre | Wynn&#039;s Belgium","description":"Restaure le jet des injecteurs, nettoie le syst\u00e8me de carburant et am\u00e9liore la combustion. Prot\u00e8ge contre la corrosion et l'encrassement du filtre.","robots":{"index":"index","follow":"follow","max-snippet":"max-snippet:-1","max-image-preview":"max-image-preview:large","max-video-preview":"max-video-preview:-1"},"canonical":"https:\/\/www.wynns.be\/fr\/produit\/nettoyant-injecteurs-amorcage-du-filtre\/","og_locale":"fr_FR","og_type":"article","og_title":"Nettoyant Injecteurs &amp; Amor\u00e7age du Filtre | Wynn&#039;s Belgium","og_description":"Restaure le jet des injecteurs, nettoie le syst\u00e8me de carburant et am\u00e9liore la combustion. Prot\u00e8ge contre la corrosion et l'encrassement du filtre.","og_url":"https:\/\/www.wynns.be\/fr\/produit\/nettoyant-injecteurs-amorcage-du-filtre\/","og_site_name":"Wynn&#039;s Belgium","article_modified_time":"2025-04-23T14:40:45+00:00","og_image":[{"width":1050,"height":1050,"url":"https:\/\/www.wynns.be\/wp-content\/uploads\/sites\/12\/2022\/05\/W25290.jpg","type":"image\/jpeg"}],"twitter_card":"summary_large_image","schema":{"@context":"https:\/\/schema.org","@graph":[{"@type":"WebPage","@id":"https:\/\/www.wynns.be\/fr\/produit\/nettoyant-injecteurs-amorcage-du-filtre\/","url":"https:\/\/www.wynns.be\/fr\/produit\/nettoyant-injecteurs-amorcage-du-filtre\/","name":"Nettoyant Injecteurs &amp; Amor\u00e7age du Filtre | Wynn&#039;s Belgium","isPartOf":{"@id":"https:\/\/www.wynns.be\/nl\/#website"},"primaryImageOfPage":{"@id":"https:\/\/www.wynns.be\/fr\/produit\/nettoyant-injecteurs-amorcage-du-filtre\/#primaryimage"},"image":{"@id":"https:\/\/www.wynns.be\/fr\/produit\/nettoyant-injecteurs-amorcage-du-filtre\/#primaryimage"},"thumbnailUrl":"https:\/\/www.wynns.be\/wp-content\/uploads\/sites\/12\/2022\/05\/W25290.jpg","datePublished":"2022-04-20T14:49:00+00:00","dateModified":"2025-04-23T14:40:45+00:00","description":"Restaure le jet des injecteurs, nettoie le syst\u00e8me de carburant et am\u00e9liore la combustion. Prot\u00e8ge contre la corrosion et l'encrassement du filtre.","breadcrumb":{"@id":"https:\/\/www.wynns.be\/fr\/produit\/nettoyant-injecteurs-amorcage-du-filtre\/#breadcrumb"},"inLanguage":"fr-BE","potentialAction":[{"@type":"ReadAction","target":["https:\/\/www.wynns.be\/fr\/produit\/nettoyant-injecteurs-amorcage-du-filtre\/"]}]},{"@type":"ImageObject","inLanguage":"fr-BE","@id":"https:\/\/www.wynns.be\/fr\/produit\/nettoyant-injecteurs-amorcage-du-filtre\/#primaryimage","url":"https:\/\/www.wynns.be\/wp-content\/uploads\/sites\/12\/2022\/05\/W25290.jpg","contentUrl":"https:\/\/www.wynns.be\/wp-content\/uploads\/sites\/12\/2022\/05\/W25290.jpg","width":1050,"height":1050},{"@type":"BreadcrumbList","@id":"https:\/\/www.wynns.be\/fr\/produit\/nettoyant-injecteurs-amorcage-du-filtre\/#breadcrumb","itemListElement":[{"@type":"ListItem","position":1,"name":"Home","item":"https:\/\/www.wynns.be\/fr\/"},{"@type":"ListItem","position":2,"name":"Produits","item":"https:\/\/www.wynns.be\/fr\/shop\/"},{"@type":"ListItem","position":3,"name":"Nettoyant Injecteurs &amp; Amor\u00e7age du Filtre"}]},{"@type":"WebSite","@id":"https:\/\/www.wynns.be\/nl\/#website","url":"https:\/\/www.wynns.be\/nl\/","name":"Wynn&#039;s Belgium","description":"Specialist in additives","potentialAction":[{"@type":"SearchAction","target":{"@type":"EntryPoint","urlTemplate":"https:\/\/www.wynns.be\/nl\/?s={search_term_string}"},"query-input":{"@type":"PropertyValueSpecification","valueRequired":true,"valueName":"search_term_string"}}],"inLanguage":"fr-BE"}]}},"toolset-meta":{"toolset-woocommerce-fields-3":[],"toolset-woocommerce-fields-2":[],"toolset-woocommerce-fields":{"_download_limit":{"type":"numeric","raw":"-1"},"_virtual":{"type":"checkbox","raw":"no"},"_downloadable":{"type":"checkbox","raw":"no"},"_download_expiry":{"type":"numeric","raw":"-1"},"_download_type":{"type":"radio","raw":""},"_regular_price":{"type":"numeric","raw":""},"_sale_price":{"type":"numeric","raw":""},"_sale_price_dates_from":{"type":"date","raw":"","formatted":null},"_sale_price_dates_to":{"type":"date","raw":"","formatted":null},"_sku":{"type":"textfield","raw":"W25290"},"_manage_stock":{"type":"checkbox","raw":"no"},"_stock_status":{"type":"radio","raw":"instock"},"_stock":{"type":"numeric","raw":null},"_backorders":{"type":"radio","raw":"no"},"_sold_individually":{"type":"checkbox","raw":"no"},"_width":{"type":"numeric","raw":""},"_weight":{"type":"numeric","raw":""},"_length":{"type":"numeric","raw":""},"_purchase_note":{"type":"textarea","raw":""}},"parts":[],"compatibility":{"engine":{"type":"select","raw":"Diesel & Hybrid diesel"},"fuel":{"type":"select","raw":"Diesel up to B30 (premium & regular)"},"extra-compatibility-text":{"type":"textfield","raw":"Convient \u00e0 tous les moteurs diesel \u00e0 usage intensif pour les fourgonnettes, les camions, les bus et les bateaux, ainsi qu'aux carburants non routiers."}},"how-to-use":{"how-to-use-image":{"type":"image","raw":"https:\/\/wynns2021.wpengine.com\/wp-content\/uploads\/2022\/04\/How-to-Fuel-tank-Commercial-vehicles-FR.png","attachment_id":null},"step":{"type":"textfield","raw":["Ajouter au r\u00e9servoir de carburant du v\u00e9hicule ou utiliser pour amorcer le filtre \u00e0 carburant diesel.","1 bottle treats up to 500 litres of diesel fuel (2 ml per litre)","Dosage maximum 1 litre pour 75 litres de carburant"]},"how-to-use-extra-information":{"type":"textfield","raw":""}},"product-additional-info":{"print-screen-images":{"type":"file","raw":"","attachment_id":null}},"product-video":{"youtube-id":{"type":"textfield","raw":"xfmPuDPe0dA"}},"product-info":{"product-features":{"type":"textfield","raw":["R\u00e9tablit le jet des injecteurs","Nettoie et lubrifie le syst\u00e8me de carburant diesel","En amor\u00e7ant le filtre, la pompe haute pression, les conduites de carburant et les injecteurs sont instantan\u00e9ment nettoy\u00e9s.","Improves power performance on heavy-duty diesel engines","R\u00e9duit les d\u00e9p\u00f4ts de suie","Emp\u00eache l'encrassement du filtre \u00e0 carburant","Augmente l'indice de c\u00e9tane, ce qui am\u00e9liore la combustion","R\u00e9duit le cognement du diesel","Prot\u00e8ge le syst\u00e8me de carburant contre la corrosion"]}}},"_links":{"self":[{"href":"https:\/\/www.wynns.be\/fr\/wp-json\/wp\/v2\/product\/26143","targetHints":{"allow":["GET"]}}],"collection":[{"href":"https:\/\/www.wynns.be\/fr\/wp-json\/wp\/v2\/product"}],"about":[{"href":"https:\/\/www.wynns.be\/fr\/wp-json\/wp\/v2\/types\/product"}],"wp:featuredmedia":[{"embeddable":true,"href":"https:\/\/www.wynns.be\/fr\/wp-json\/wp\/v2\/media\/25972"}],"wp:attachment":[{"href":"https:\/\/www.wynns.be\/fr\/wp-json\/wp\/v2\/media?parent=26143"}],"wp:term":[{"taxonomy":"product_brand","embeddable":true,"href":"https:\/\/www.wynns.be\/fr\/wp-json\/wp\/v2\/product_brand?post=26143"},{"taxonomy":"product_cat","embeddable":true,"href":"https:\/\/www.wynns.be\/fr\/wp-json\/wp\/v2\/product_cat?post=26143"},{"taxonomy":"product_tag","embeddable":true,"href":"https:\/\/www.wynns.be\/fr\/wp-json\/wp\/v2\/product_tag?post=26143"},{"taxonomy":"audience","embeddable":true,"href":"https:\/\/www.wynns.be\/fr\/wp-json\/wp\/v2\/audience?post=26143"},{"taxonomy":"usage","embeddable":true,"href":"https:\/\/www.wynns.be\/fr\/wp-json\/wp\/v2\/usage?post=26143"}],"curies":[{"name":"wp","href":"https:\/\/api.w.org\/{rel}","templated":true}]}}