{"id":26210,"date":"2022-04-12T12:18:16","date_gmt":"2022-04-20T14:49:39","guid":{"rendered":"https:\/\/www.wynns.be\/product\/nettoyant-circuit-de-refroidissement\/"},"modified":"2025-04-23T14:09:55","modified_gmt":"2025-04-23T14:09:55","slug":"nettoyant-circuit-de-refroidissement","status":"publish","type":"product","link":"https:\/\/www.wynns.be\/fr\/produit\/nettoyant-circuit-de-refroidissement\/","title":{"rendered":"Nettoyant Circuit de Refroidissement"},"content":{"rendered":"<p>Le Nettoyant Circuit de Refroidissement est une solution concentr\u00e9e con\u00e7ue pour nettoyer en profondeur et restaurer l&#8217;efficacit\u00e9 de tous les circuits de refroidissement. Elle \u00e9limine les d\u00e9p\u00f4ts de calcaire, la corrosion, les boues et les d\u00e9p\u00f4ts d&#8217;huile qui se sont accumul\u00e9s dans le circuit de refroidissement, r\u00e9tablissant ainsi son efficacit\u00e9.<\/p>\n","protected":false},"excerpt":{"rendered":"<p>V\u00e9hicules Commerciaux<\/p>\n","protected":false},"featured_media":25847,"template":"","meta":{"inline_featured_image":false},"product_brand":[],"product_cat":[1830,1284],"product_tag":[1949,1340,1579,1831,1342,1836,1477,1352,1838,1736],"audience":[1212],"usage":[1301],"class_list":{"0":"post-26210","1":"product","2":"type-product","3":"status-publish","4":"has-post-thumbnail","6":"product_cat-additifs-refroidissement-professionnel","7":"product_cat-professionnel","8":"product_tag-agriculture-fr","9":"product_tag-camion","10":"product_tag-camion-fr","11":"product_tag-chauffage","12":"product_tag-commercial-fr","13":"product_tag-liquide-de-refroidissement","14":"product_tag-nettoyage","15":"product_tag-nettoyer","16":"product_tag-refroidissement","17":"product_tag-rincage","18":"audience-audience-professionals-fr","19":"usage-entretien-regulier","21":"first","22":"instock","23":"shipping-taxable","24":"product-type-simple"},"wynns_product_variations":[{"id":"26257","product_code":"W45990","capacity_ml":"1000","units_per_case":"12","packaging_language":"EN-FR-DE-NL-ES-IT","ean13_barcode":"","tds":[{"id":"26263","tds_language":"Allemand","tds_file":"https:\/\/wynns2021.wpengine.com\/products\/TDS\/W45990_TDS_DE.pdf"},{"id":"26262","tds_language":"N\u00e9erlandais","tds_file":"https:\/\/wynns2021.wpengine.com\/products\/TDS\/W45990_TDS_NL.pdf"},{"id":"26261","tds_language":"Espagnol","tds_file":"https:\/\/wynns2021.wpengine.com\/products\/TDS\/W45990_TDS_ES.pdf"},{"id":"26260","tds_language":"Italien","tds_file":"https:\/\/wynns2021.wpengine.com\/products\/TDS\/W45990_TDS_IT.pdf"},{"id":"26259","tds_language":"Fran\u00e7ais","tds_file":"https:\/\/wynns2021.wpengine.com\/products\/TDS\/W45990_TDS_FR.pdf"},{"id":"26258","tds_language":"Anglais","tds_file":"https:\/\/wynns2021.wpengine.com\/products\/TDS\/W45990_TDS_EN.pdf"}],"msds":[{"id":"26264","msds_language":"English","msds_file":"https:\/\/wynns2021.wpengine.com\/products\/MSDS\/W45990_MSDS_EN.pdf"},{"id":"26265","msds_language":"Dutch","msds_file":"https:\/\/wynns2021.wpengine.com\/products\/MSDS\/W45990_MSDS_NL.pdf"},{"id":"26266","msds_language":"Portuguese","msds_file":"https:\/\/wynns2021.wpengine.com\/products\/MSDS\/W45990_MSDS_PT.pdf"},{"id":"26267","msds_language":"French","msds_file":"https:\/\/wynns2021.wpengine.com\/products\/MSDS\/W45990_MSDS_FR.pdf"},{"id":"26268","msds_language":"German","msds_file":"https:\/\/wynns2021.wpengine.com\/products\/MSDS\/W45990_MSDS_DE.pdf"},{"id":"26269","msds_language":"Spanish","msds_file":"https:\/\/wynns2021.wpengine.com\/products\/MSDS\/W45990_MSDS_ES.pdf"},{"id":"26270","msds_language":"Italian","msds_file":"https:\/\/wynns2021.wpengine.com\/products\/MSDS\/W45990_MSDS_IT.pdf"},{"id":"26271","msds_language":"Russian","msds_file":"https:\/\/wynns2021.wpengine.com\/products\/MSDS\/W45990_MSDS_RU.pdf"}]}],"wynns_parts":[{"name":"Circuit de refroidissement","rating":"5"}],"yoast_head":"<!-- This site is optimized with the Yoast SEO plugin v27.3 - https:\/\/yoast.com\/product\/yoast-seo-wordpress\/ -->\n<title>Nettoyant Circuit de Refroidissement | Wynn&#039;s Belgium<\/title>\n<meta name=\"description\" content=\"Elimine calcaire, corrosion, boues et r\u00e9sidus d&#039;huile, r\u00e9tablissant l&#039;efficacit\u00e9 du syst\u00e8me, sans en endommager les composants.\" \/>\n<meta name=\"robots\" content=\"index, follow, max-snippet:-1, max-image-preview:large, max-video-preview:-1\" \/>\n<link rel=\"canonical\" href=\"https:\/\/www.wynns.be\/fr\/produit\/nettoyant-circuit-de-refroidissement\/\" \/>\n<meta property=\"og:locale\" content=\"fr_FR\" \/>\n<meta property=\"og:type\" content=\"article\" \/>\n<meta property=\"og:title\" content=\"Nettoyant Circuit de Refroidissement | Wynn&#039;s Belgium\" \/>\n<meta property=\"og:description\" content=\"Elimine calcaire, corrosion, boues et r\u00e9sidus d&#039;huile, r\u00e9tablissant l&#039;efficacit\u00e9 du syst\u00e8me, sans en endommager les composants.\" \/>\n<meta property=\"og:url\" content=\"https:\/\/www.wynns.be\/fr\/produit\/nettoyant-circuit-de-refroidissement\/\" \/>\n<meta property=\"og:site_name\" content=\"Wynn&#039;s Belgium\" \/>\n<meta property=\"article:modified_time\" content=\"2025-04-23T14:09:55+00:00\" \/>\n<meta property=\"og:image\" content=\"https:\/\/www.wynns.be\/wp-content\/uploads\/sites\/12\/2022\/05\/W45990.jpg\" \/>\n\t<meta property=\"og:image:width\" content=\"1050\" \/>\n\t<meta property=\"og:image:height\" content=\"1050\" \/>\n\t<meta property=\"og:image:type\" content=\"image\/jpeg\" \/>\n<meta name=\"twitter:card\" content=\"summary_large_image\" \/>\n<script type=\"application\/ld+json\" class=\"yoast-schema-graph\">{\"@context\":\"https:\\\/\\\/schema.org\",\"@graph\":[{\"@type\":\"WebPage\",\"@id\":\"https:\\\/\\\/www.wynns.be\\\/fr\\\/produit\\\/nettoyant-circuit-de-refroidissement\\\/\",\"url\":\"https:\\\/\\\/www.wynns.be\\\/fr\\\/produit\\\/nettoyant-circuit-de-refroidissement\\\/\",\"name\":\"Nettoyant Circuit de Refroidissement | Wynn&#039;s Belgium\",\"isPartOf\":{\"@id\":\"https:\\\/\\\/www.wynns.be\\\/nl\\\/#website\"},\"primaryImageOfPage\":{\"@id\":\"https:\\\/\\\/www.wynns.be\\\/fr\\\/produit\\\/nettoyant-circuit-de-refroidissement\\\/#primaryimage\"},\"image\":{\"@id\":\"https:\\\/\\\/www.wynns.be\\\/fr\\\/produit\\\/nettoyant-circuit-de-refroidissement\\\/#primaryimage\"},\"thumbnailUrl\":\"https:\\\/\\\/www.wynns.be\\\/wp-content\\\/uploads\\\/sites\\\/12\\\/2022\\\/05\\\/W45990.jpg\",\"datePublished\":\"2022-04-20T14:49:39+00:00\",\"dateModified\":\"2025-04-23T14:09:55+00:00\",\"description\":\"Elimine calcaire, corrosion, boues et r\u00e9sidus d'huile, r\u00e9tablissant l'efficacit\u00e9 du syst\u00e8me, sans en endommager les composants.\",\"breadcrumb\":{\"@id\":\"https:\\\/\\\/www.wynns.be\\\/fr\\\/produit\\\/nettoyant-circuit-de-refroidissement\\\/#breadcrumb\"},\"inLanguage\":\"fr-BE\",\"potentialAction\":[{\"@type\":\"ReadAction\",\"target\":[\"https:\\\/\\\/www.wynns.be\\\/fr\\\/produit\\\/nettoyant-circuit-de-refroidissement\\\/\"]}]},{\"@type\":\"ImageObject\",\"inLanguage\":\"fr-BE\",\"@id\":\"https:\\\/\\\/www.wynns.be\\\/fr\\\/produit\\\/nettoyant-circuit-de-refroidissement\\\/#primaryimage\",\"url\":\"https:\\\/\\\/www.wynns.be\\\/wp-content\\\/uploads\\\/sites\\\/12\\\/2022\\\/05\\\/W45990.jpg\",\"contentUrl\":\"https:\\\/\\\/www.wynns.be\\\/wp-content\\\/uploads\\\/sites\\\/12\\\/2022\\\/05\\\/W45990.jpg\",\"width\":1050,\"height\":1050},{\"@type\":\"BreadcrumbList\",\"@id\":\"https:\\\/\\\/www.wynns.be\\\/fr\\\/produit\\\/nettoyant-circuit-de-refroidissement\\\/#breadcrumb\",\"itemListElement\":[{\"@type\":\"ListItem\",\"position\":1,\"name\":\"Home\",\"item\":\"https:\\\/\\\/www.wynns.be\\\/fr\\\/\"},{\"@type\":\"ListItem\",\"position\":2,\"name\":\"Produits\",\"item\":\"https:\\\/\\\/www.wynns.be\\\/fr\\\/shop\\\/\"},{\"@type\":\"ListItem\",\"position\":3,\"name\":\"Nettoyant Circuit de Refroidissement\"}]},{\"@type\":\"WebSite\",\"@id\":\"https:\\\/\\\/www.wynns.be\\\/nl\\\/#website\",\"url\":\"https:\\\/\\\/www.wynns.be\\\/nl\\\/\",\"name\":\"Wynn&#039;s Belgium\",\"description\":\"Specialist in additives\",\"potentialAction\":[{\"@type\":\"SearchAction\",\"target\":{\"@type\":\"EntryPoint\",\"urlTemplate\":\"https:\\\/\\\/www.wynns.be\\\/nl\\\/?s={search_term_string}\"},\"query-input\":{\"@type\":\"PropertyValueSpecification\",\"valueRequired\":true,\"valueName\":\"search_term_string\"}}],\"inLanguage\":\"fr-BE\"}]}<\/script>\n<!-- \/ Yoast SEO plugin. -->","yoast_head_json":{"title":"Nettoyant Circuit de Refroidissement | Wynn&#039;s Belgium","description":"Elimine calcaire, corrosion, boues et r\u00e9sidus d'huile, r\u00e9tablissant l'efficacit\u00e9 du syst\u00e8me, sans en endommager les composants.","robots":{"index":"index","follow":"follow","max-snippet":"max-snippet:-1","max-image-preview":"max-image-preview:large","max-video-preview":"max-video-preview:-1"},"canonical":"https:\/\/www.wynns.be\/fr\/produit\/nettoyant-circuit-de-refroidissement\/","og_locale":"fr_FR","og_type":"article","og_title":"Nettoyant Circuit de Refroidissement | Wynn&#039;s Belgium","og_description":"Elimine calcaire, corrosion, boues et r\u00e9sidus d'huile, r\u00e9tablissant l'efficacit\u00e9 du syst\u00e8me, sans en endommager les composants.","og_url":"https:\/\/www.wynns.be\/fr\/produit\/nettoyant-circuit-de-refroidissement\/","og_site_name":"Wynn&#039;s Belgium","article_modified_time":"2025-04-23T14:09:55+00:00","og_image":[{"width":1050,"height":1050,"url":"https:\/\/www.wynns.be\/wp-content\/uploads\/sites\/12\/2022\/05\/W45990.jpg","type":"image\/jpeg"}],"twitter_card":"summary_large_image","schema":{"@context":"https:\/\/schema.org","@graph":[{"@type":"WebPage","@id":"https:\/\/www.wynns.be\/fr\/produit\/nettoyant-circuit-de-refroidissement\/","url":"https:\/\/www.wynns.be\/fr\/produit\/nettoyant-circuit-de-refroidissement\/","name":"Nettoyant Circuit de Refroidissement | Wynn&#039;s Belgium","isPartOf":{"@id":"https:\/\/www.wynns.be\/nl\/#website"},"primaryImageOfPage":{"@id":"https:\/\/www.wynns.be\/fr\/produit\/nettoyant-circuit-de-refroidissement\/#primaryimage"},"image":{"@id":"https:\/\/www.wynns.be\/fr\/produit\/nettoyant-circuit-de-refroidissement\/#primaryimage"},"thumbnailUrl":"https:\/\/www.wynns.be\/wp-content\/uploads\/sites\/12\/2022\/05\/W45990.jpg","datePublished":"2022-04-20T14:49:39+00:00","dateModified":"2025-04-23T14:09:55+00:00","description":"Elimine calcaire, corrosion, boues et r\u00e9sidus d'huile, r\u00e9tablissant l'efficacit\u00e9 du syst\u00e8me, sans en endommager les composants.","breadcrumb":{"@id":"https:\/\/www.wynns.be\/fr\/produit\/nettoyant-circuit-de-refroidissement\/#breadcrumb"},"inLanguage":"fr-BE","potentialAction":[{"@type":"ReadAction","target":["https:\/\/www.wynns.be\/fr\/produit\/nettoyant-circuit-de-refroidissement\/"]}]},{"@type":"ImageObject","inLanguage":"fr-BE","@id":"https:\/\/www.wynns.be\/fr\/produit\/nettoyant-circuit-de-refroidissement\/#primaryimage","url":"https:\/\/www.wynns.be\/wp-content\/uploads\/sites\/12\/2022\/05\/W45990.jpg","contentUrl":"https:\/\/www.wynns.be\/wp-content\/uploads\/sites\/12\/2022\/05\/W45990.jpg","width":1050,"height":1050},{"@type":"BreadcrumbList","@id":"https:\/\/www.wynns.be\/fr\/produit\/nettoyant-circuit-de-refroidissement\/#breadcrumb","itemListElement":[{"@type":"ListItem","position":1,"name":"Home","item":"https:\/\/www.wynns.be\/fr\/"},{"@type":"ListItem","position":2,"name":"Produits","item":"https:\/\/www.wynns.be\/fr\/shop\/"},{"@type":"ListItem","position":3,"name":"Nettoyant Circuit de Refroidissement"}]},{"@type":"WebSite","@id":"https:\/\/www.wynns.be\/nl\/#website","url":"https:\/\/www.wynns.be\/nl\/","name":"Wynn&#039;s Belgium","description":"Specialist in additives","potentialAction":[{"@type":"SearchAction","target":{"@type":"EntryPoint","urlTemplate":"https:\/\/www.wynns.be\/nl\/?s={search_term_string}"},"query-input":{"@type":"PropertyValueSpecification","valueRequired":true,"valueName":"search_term_string"}}],"inLanguage":"fr-BE"}]}},"toolset-meta":{"toolset-woocommerce-fields-3":[],"toolset-woocommerce-fields-2":[],"toolset-woocommerce-fields":{"_download_limit":{"type":"numeric","raw":"-1"},"_virtual":{"type":"checkbox","raw":"no"},"_downloadable":{"type":"checkbox","raw":"no"},"_download_expiry":{"type":"numeric","raw":"-1"},"_download_type":{"type":"radio","raw":""},"_regular_price":{"type":"numeric","raw":""},"_sale_price":{"type":"numeric","raw":""},"_sale_price_dates_from":{"type":"date","raw":"","formatted":null},"_sale_price_dates_to":{"type":"date","raw":"","formatted":null},"_sku":{"type":"textfield","raw":"W45990"},"_manage_stock":{"type":"checkbox","raw":"no"},"_stock_status":{"type":"radio","raw":"instock"},"_stock":{"type":"numeric","raw":null},"_backorders":{"type":"radio","raw":"no"},"_sold_individually":{"type":"checkbox","raw":"no"},"_width":{"type":"numeric","raw":""},"_weight":{"type":"numeric","raw":""},"_length":{"type":"numeric","raw":""},"_purchase_note":{"type":"textarea","raw":""}},"parts":[],"compatibility":{"engine":{"type":"select","raw":"Petrol & Hybrid petrol, Diesel & Hybrid diesel"},"fuel":{"type":"select","raw":""},"extra-compatibility-text":{"type":"textfield","raw":"Pour tous les circuits refroidis par \"eau\" de tous les moteurs. Efficace pour les circuits de refroidissement et de chauffage inop\u00e9rants. Efficace dans tous les liquides de refroidissement, y compris l'OAT."}},"how-to-use":{"how-to-use-image":{"type":"image","raw":"https:\/\/wynns2021.wpengine.com\/wp-content\/uploads\/2022\/04\/How-to-Cooling-System-Commercial-vehicles-FR.png","attachment_id":null},"step":{"type":"textfield","raw":["Ajouter le contenu dans le syst\u00e8me de refroidissement. 1 litre traite les syst\u00e8mes de refroidissement jusqu'\u00e0 25 litres","Faites chauffer le moteur avec la commande de chauffage en position HOT.","Laissez le moteur tourner au ralenti pendant 30 minutes.","Arr\u00eatez le moteur et laissez-le refroidir, puis vidangez le syst\u00e8me.","Avec le circuit toujours ouvert, rincez avec beaucoup d'eau jusqu'\u00e0 ce que l'eau soit claire.","Fermer le circuit et remplir de liquide de refroidissement","Ajoutez le Traitement Anti-Fuite Refroidissement Wynn's comme agent anti-fuite et pour renforcer les propri\u00e9t\u00e9s anti-corrosives."]},"how-to-use-extra-information":{"type":"textfield","raw":"Il est recommand\u00e9 de l'utiliser avant de changer de liquide de refroidissement"}},"product-additional-info":{"print-screen-images":{"type":"file","raw":"","attachment_id":null}},"product-video":{"youtube-id":{"type":"textfield","raw":"xfmPuDPe0dA"}},"product-info":{"product-features":{"type":"textfield","raw":["Double action : 1- Elimine les d\u00e9p\u00f4ts de calcaire. 2 - Elimine la corrosion, les boues et les r\u00e9sidus d'huile","R\u00e9tablit le fonctionnement optimal du circuit de refroidissement et de chauffage","Puissant nettoyant de radiateur sans acide","Excellente performance dans tous les types de liquide de refroidissement, y compris le liquide de refroidissement OAT","Maintient la salet\u00e9 et les particules en suspension pendant le nettoyage","Sans danger pour les tuyaux en caoutchouc, les joints et tous les m\u00e9taux du syst\u00e8me de refroidissement","Extr\u00eamement efficace dans tous les syst\u00e8mes de refroidissement en circuit ferm\u00e9"]}}},"_links":{"self":[{"href":"https:\/\/www.wynns.be\/fr\/wp-json\/wp\/v2\/product\/26210","targetHints":{"allow":["GET"]}}],"collection":[{"href":"https:\/\/www.wynns.be\/fr\/wp-json\/wp\/v2\/product"}],"about":[{"href":"https:\/\/www.wynns.be\/fr\/wp-json\/wp\/v2\/types\/product"}],"wp:featuredmedia":[{"embeddable":true,"href":"https:\/\/www.wynns.be\/fr\/wp-json\/wp\/v2\/media\/25847"}],"wp:attachment":[{"href":"https:\/\/www.wynns.be\/fr\/wp-json\/wp\/v2\/media?parent=26210"}],"wp:term":[{"taxonomy":"product_brand","embeddable":true,"href":"https:\/\/www.wynns.be\/fr\/wp-json\/wp\/v2\/product_brand?post=26210"},{"taxonomy":"product_cat","embeddable":true,"href":"https:\/\/www.wynns.be\/fr\/wp-json\/wp\/v2\/product_cat?post=26210"},{"taxonomy":"product_tag","embeddable":true,"href":"https:\/\/www.wynns.be\/fr\/wp-json\/wp\/v2\/product_tag?post=26210"},{"taxonomy":"audience","embeddable":true,"href":"https:\/\/www.wynns.be\/fr\/wp-json\/wp\/v2\/audience?post=26210"},{"taxonomy":"usage","embeddable":true,"href":"https:\/\/www.wynns.be\/fr\/wp-json\/wp\/v2\/usage?post=26210"}],"curies":[{"name":"wp","href":"https:\/\/api.w.org\/{rel}","templated":true}]}}