{"id":26821,"date":"2022-12-08T15:08:15","date_gmt":"2022-12-08T15:08:15","guid":{"rendered":"https:\/\/www.wynns.be\/product\/crystal-clean-protect-2\/"},"modified":"2025-10-15T12:41:41","modified_gmt":"2025-10-15T12:41:41","slug":"crystal-clean-protect-2","status":"publish","type":"product","link":"https:\/\/www.wynns.be\/fr\/produit\/crystal-clean-protect-2\/","title":{"rendered":"Crystal Clean &amp; Protect"},"content":{"rendered":"<p>\u00c9vite les r\u00e9parations co\u00fbteuses des composants du circuit d\u2019AdBlue\u00ae en emp\u00eachant sa cristallisation et en maintenant le syst\u00e8me SCR propre.<\/p>\n","protected":false},"excerpt":{"rendered":"<p>Anti-cristallisant pour AdBlue\u00ae (v\u00e9hicules l\u00e9gers)<\/p>\n","protected":false},"featured_media":30962,"template":"","meta":{"inline_featured_image":false},"product_brand":[],"product_cat":[1285,1284],"product_tag":[3488,3594,3595],"audience":[1212],"usage":[1301],"class_list":{"0":"post-26821","1":"product","2":"type-product","3":"status-publish","4":"has-post-thumbnail","6":"product_cat-additifs-diesel-professionnel","7":"product_cat-professionnel","8":"product_tag-adblue-fr","9":"product_tag-w21001","10":"product_tag-w21002","11":"audience-audience-professionals-fr","12":"usage-entretien-regulier","14":"first","15":"outofstock","16":"shipping-taxable","17":"product-type-variable"},"wynns_product_variations":[{"id":"26827","product_code":"W21002","capacity_ml":"125","units_per_case":"24","packaging_language":"EN\/IT\/ES","ean13_barcode":"5411693210020","tds":[{"id":"27915","tds_language":"Espagnol","tds_file":"https:\/\/wynns2021.wpengine.com\/products\/TDS\/W21002_TDS_ES.pdf"},{"id":"26837","tds_language":"Italien","tds_file":"https:\/\/wynns2021.wpengine.com\/products\/TDS\/W21002_TDS_IT.pdf"},{"id":"26836","tds_language":"Anglais","tds_file":"https:\/\/wynns2021.wpengine.com\/products\/TDS\/W21002_TDS_EN.pdf"}],"msds":[{"id":"26839","msds_language":"English","msds_file":"https:\/\/wynns2021.wpengine.com\/products\/MSDS\/W21002_MSDS_EN.pdf"},{"id":"26840","msds_language":"Italian","msds_file":"https:\/\/wynns2021.wpengine.com\/products\/MSDS\/W21002_MSDS_IT.pdf"},{"id":"27916","msds_language":"Spanish","msds_file":"https:\/\/wynns2021.wpengine.com\/products\/MSDS\/W21002_MSDS_ES.pdf"}]},{"id":"26825","product_code":"W21001","capacity_ml":"125","units_per_case":"24","packaging_language":"DE\/FR\/NL","ean13_barcode":"5411693210013","tds":[{"id":"30969","tds_language":"N\u00e9erlandais","tds_file":"https:\/\/wynns2021.wpengine.com\/products\/TDS\/W21001_TDS_NL.pdf"},{"id":"30966","tds_language":"Allemand","tds_file":"https:\/\/wynns2021.wpengine.com\/products\/TDS\/W21001_TDS_DE.pdf"},{"id":"26831","tds_language":"Fran\u00e7ais","tds_file":"https:\/\/wynns2021.wpengine.com\/products\/TDS\/W21001_TDS_FR.pdf"}],"msds":[{"id":"26835","msds_language":"French","msds_file":"https:\/\/wynns2021.wpengine.com\/products\/MSDS\/W21001_MSDS_FR.pdf"},{"id":"30971","msds_language":"German","msds_file":"https:\/\/wynns2021.wpengine.com\/products\/MSDS\/W21001_MSDS_DE.pdf"},{"id":"30972","msds_language":"Dutch","msds_file":"https:\/\/wynns2021.wpengine.com\/products\/MSDS\/W21001_MSDS_NL.pdf"}]}],"wynns_parts":[{"name":"SCR catalyst","rating":"5"},{"name":"R\u00e9servoir AdBlue\u00ae","rating":"5"},{"name":"Pompe AdBlue\u00ae","rating":"4"},{"name":"Capteur de niveau AdBlue\u00ae","rating":"4"},{"name":"Injecteur AdBlue\u00ae","rating":""}],"yoast_head":"<!-- This site is optimized with the Yoast SEO plugin v27.3 - https:\/\/yoast.com\/product\/yoast-seo-wordpress\/ -->\n<title>Crystal Clean &amp; Protect | Wynn&#039;s Belgium<\/title>\n<meta name=\"description\" content=\"Il emp\u00eache la formation de d\u00e9p\u00f4ts de cristaux, am\u00e9liore le fonctionnement de la SCR et prolonge la dur\u00e9e de vie de votre syst\u00e8me AdBlue\u00ae.\" \/>\n<meta name=\"robots\" content=\"index, follow, max-snippet:-1, max-image-preview:large, max-video-preview:-1\" \/>\n<link rel=\"canonical\" href=\"https:\/\/www.wynns.be\/fr\/produit\/crystal-clean-protect-2\/\" \/>\n<meta property=\"og:locale\" content=\"fr_FR\" \/>\n<meta property=\"og:type\" content=\"article\" \/>\n<meta property=\"og:title\" content=\"Crystal Clean &amp; Protect | Wynn&#039;s Belgium\" \/>\n<meta property=\"og:description\" content=\"Il emp\u00eache la formation de d\u00e9p\u00f4ts de cristaux, am\u00e9liore le fonctionnement de la SCR et prolonge la dur\u00e9e de vie de votre syst\u00e8me AdBlue\u00ae.\" \/>\n<meta property=\"og:url\" content=\"https:\/\/www.wynns.be\/fr\/produit\/crystal-clean-protect-2\/\" \/>\n<meta property=\"og:site_name\" content=\"Wynn&#039;s Belgium\" \/>\n<meta property=\"article:modified_time\" content=\"2025-10-15T12:41:41+00:00\" \/>\n<meta property=\"og:image\" content=\"https:\/\/www.wynns.be\/wp-content\/uploads\/sites\/12\/2025\/06\/W21001-1.jpg\" \/>\n\t<meta property=\"og:image:width\" content=\"1050\" \/>\n\t<meta property=\"og:image:height\" content=\"1050\" \/>\n\t<meta property=\"og:image:type\" content=\"image\/jpeg\" \/>\n<meta name=\"twitter:card\" content=\"summary_large_image\" \/>\n<script type=\"application\/ld+json\" class=\"yoast-schema-graph\">{\"@context\":\"https:\\\/\\\/schema.org\",\"@graph\":[{\"@type\":\"WebPage\",\"@id\":\"https:\\\/\\\/www.wynns.be\\\/fr\\\/produit\\\/crystal-clean-protect-2\\\/\",\"url\":\"https:\\\/\\\/www.wynns.be\\\/fr\\\/produit\\\/crystal-clean-protect-2\\\/\",\"name\":\"Crystal Clean &amp; Protect | Wynn&#039;s Belgium\",\"isPartOf\":{\"@id\":\"https:\\\/\\\/www.wynns.be\\\/nl\\\/#website\"},\"primaryImageOfPage\":{\"@id\":\"https:\\\/\\\/www.wynns.be\\\/fr\\\/produit\\\/crystal-clean-protect-2\\\/#primaryimage\"},\"image\":{\"@id\":\"https:\\\/\\\/www.wynns.be\\\/fr\\\/produit\\\/crystal-clean-protect-2\\\/#primaryimage\"},\"thumbnailUrl\":\"https:\\\/\\\/www.wynns.be\\\/wp-content\\\/uploads\\\/sites\\\/12\\\/2025\\\/06\\\/W21001-1.jpg\",\"datePublished\":\"2022-12-08T15:08:15+00:00\",\"dateModified\":\"2025-10-15T12:41:41+00:00\",\"description\":\"Il emp\u00eache la formation de d\u00e9p\u00f4ts de cristaux, am\u00e9liore le fonctionnement de la SCR et prolonge la dur\u00e9e de vie de votre syst\u00e8me AdBlue\u00ae.\",\"breadcrumb\":{\"@id\":\"https:\\\/\\\/www.wynns.be\\\/fr\\\/produit\\\/crystal-clean-protect-2\\\/#breadcrumb\"},\"inLanguage\":\"fr-BE\",\"potentialAction\":[{\"@type\":\"ReadAction\",\"target\":[\"https:\\\/\\\/www.wynns.be\\\/fr\\\/produit\\\/crystal-clean-protect-2\\\/\"]}]},{\"@type\":\"ImageObject\",\"inLanguage\":\"fr-BE\",\"@id\":\"https:\\\/\\\/www.wynns.be\\\/fr\\\/produit\\\/crystal-clean-protect-2\\\/#primaryimage\",\"url\":\"https:\\\/\\\/www.wynns.be\\\/wp-content\\\/uploads\\\/sites\\\/12\\\/2025\\\/06\\\/W21001-1.jpg\",\"contentUrl\":\"https:\\\/\\\/www.wynns.be\\\/wp-content\\\/uploads\\\/sites\\\/12\\\/2025\\\/06\\\/W21001-1.jpg\",\"width\":1050,\"height\":1050,\"caption\":\"Crystal Clean and protect - adblue crystallisation product\"},{\"@type\":\"BreadcrumbList\",\"@id\":\"https:\\\/\\\/www.wynns.be\\\/fr\\\/produit\\\/crystal-clean-protect-2\\\/#breadcrumb\",\"itemListElement\":[{\"@type\":\"ListItem\",\"position\":1,\"name\":\"Home\",\"item\":\"https:\\\/\\\/www.wynns.be\\\/fr\\\/\"},{\"@type\":\"ListItem\",\"position\":2,\"name\":\"Produits\",\"item\":\"https:\\\/\\\/www.wynns.be\\\/fr\\\/shop\\\/\"},{\"@type\":\"ListItem\",\"position\":3,\"name\":\"Crystal Clean &amp; Protect\"}]},{\"@type\":\"WebSite\",\"@id\":\"https:\\\/\\\/www.wynns.be\\\/nl\\\/#website\",\"url\":\"https:\\\/\\\/www.wynns.be\\\/nl\\\/\",\"name\":\"Wynn&#039;s Belgium\",\"description\":\"Specialist in additives\",\"potentialAction\":[{\"@type\":\"SearchAction\",\"target\":{\"@type\":\"EntryPoint\",\"urlTemplate\":\"https:\\\/\\\/www.wynns.be\\\/nl\\\/?s={search_term_string}\"},\"query-input\":{\"@type\":\"PropertyValueSpecification\",\"valueRequired\":true,\"valueName\":\"search_term_string\"}}],\"inLanguage\":\"fr-BE\"}]}<\/script>\n<!-- \/ Yoast SEO plugin. -->","yoast_head_json":{"title":"Crystal Clean &amp; Protect | Wynn&#039;s Belgium","description":"Il emp\u00eache la formation de d\u00e9p\u00f4ts de cristaux, am\u00e9liore le fonctionnement de la SCR et prolonge la dur\u00e9e de vie de votre syst\u00e8me AdBlue\u00ae.","robots":{"index":"index","follow":"follow","max-snippet":"max-snippet:-1","max-image-preview":"max-image-preview:large","max-video-preview":"max-video-preview:-1"},"canonical":"https:\/\/www.wynns.be\/fr\/produit\/crystal-clean-protect-2\/","og_locale":"fr_FR","og_type":"article","og_title":"Crystal Clean &amp; Protect | Wynn&#039;s Belgium","og_description":"Il emp\u00eache la formation de d\u00e9p\u00f4ts de cristaux, am\u00e9liore le fonctionnement de la SCR et prolonge la dur\u00e9e de vie de votre syst\u00e8me AdBlue\u00ae.","og_url":"https:\/\/www.wynns.be\/fr\/produit\/crystal-clean-protect-2\/","og_site_name":"Wynn&#039;s Belgium","article_modified_time":"2025-10-15T12:41:41+00:00","og_image":[{"width":1050,"height":1050,"url":"https:\/\/www.wynns.be\/wp-content\/uploads\/sites\/12\/2025\/06\/W21001-1.jpg","type":"image\/jpeg"}],"twitter_card":"summary_large_image","schema":{"@context":"https:\/\/schema.org","@graph":[{"@type":"WebPage","@id":"https:\/\/www.wynns.be\/fr\/produit\/crystal-clean-protect-2\/","url":"https:\/\/www.wynns.be\/fr\/produit\/crystal-clean-protect-2\/","name":"Crystal Clean &amp; Protect | Wynn&#039;s Belgium","isPartOf":{"@id":"https:\/\/www.wynns.be\/nl\/#website"},"primaryImageOfPage":{"@id":"https:\/\/www.wynns.be\/fr\/produit\/crystal-clean-protect-2\/#primaryimage"},"image":{"@id":"https:\/\/www.wynns.be\/fr\/produit\/crystal-clean-protect-2\/#primaryimage"},"thumbnailUrl":"https:\/\/www.wynns.be\/wp-content\/uploads\/sites\/12\/2025\/06\/W21001-1.jpg","datePublished":"2022-12-08T15:08:15+00:00","dateModified":"2025-10-15T12:41:41+00:00","description":"Il emp\u00eache la formation de d\u00e9p\u00f4ts de cristaux, am\u00e9liore le fonctionnement de la SCR et prolonge la dur\u00e9e de vie de votre syst\u00e8me AdBlue\u00ae.","breadcrumb":{"@id":"https:\/\/www.wynns.be\/fr\/produit\/crystal-clean-protect-2\/#breadcrumb"},"inLanguage":"fr-BE","potentialAction":[{"@type":"ReadAction","target":["https:\/\/www.wynns.be\/fr\/produit\/crystal-clean-protect-2\/"]}]},{"@type":"ImageObject","inLanguage":"fr-BE","@id":"https:\/\/www.wynns.be\/fr\/produit\/crystal-clean-protect-2\/#primaryimage","url":"https:\/\/www.wynns.be\/wp-content\/uploads\/sites\/12\/2025\/06\/W21001-1.jpg","contentUrl":"https:\/\/www.wynns.be\/wp-content\/uploads\/sites\/12\/2025\/06\/W21001-1.jpg","width":1050,"height":1050,"caption":"Crystal Clean and protect - adblue crystallisation product"},{"@type":"BreadcrumbList","@id":"https:\/\/www.wynns.be\/fr\/produit\/crystal-clean-protect-2\/#breadcrumb","itemListElement":[{"@type":"ListItem","position":1,"name":"Home","item":"https:\/\/www.wynns.be\/fr\/"},{"@type":"ListItem","position":2,"name":"Produits","item":"https:\/\/www.wynns.be\/fr\/shop\/"},{"@type":"ListItem","position":3,"name":"Crystal Clean &amp; Protect"}]},{"@type":"WebSite","@id":"https:\/\/www.wynns.be\/nl\/#website","url":"https:\/\/www.wynns.be\/nl\/","name":"Wynn&#039;s Belgium","description":"Specialist in additives","potentialAction":[{"@type":"SearchAction","target":{"@type":"EntryPoint","urlTemplate":"https:\/\/www.wynns.be\/nl\/?s={search_term_string}"},"query-input":{"@type":"PropertyValueSpecification","valueRequired":true,"valueName":"search_term_string"}}],"inLanguage":"fr-BE"}]}},"toolset-meta":{"toolset-woocommerce-fields-3":[],"toolset-woocommerce-fields-2":[],"toolset-woocommerce-fields":{"_download_limit":{"type":"numeric","raw":"-1"},"_virtual":{"type":"checkbox","raw":"no"},"_downloadable":{"type":"checkbox","raw":"no"},"_download_expiry":{"type":"numeric","raw":"-1"},"_download_type":{"type":"radio","raw":""},"_regular_price":{"type":"numeric","raw":""},"_sale_price":{"type":"numeric","raw":""},"_sale_price_dates_from":{"type":"date","raw":"","formatted":null},"_sale_price_dates_to":{"type":"date","raw":"","formatted":null},"_sku":{"type":"textfield","raw":"W21001 - W21002"},"_manage_stock":{"type":"checkbox","raw":"no"},"_stock_status":{"type":"radio","raw":"outofstock"},"_stock":{"type":"numeric","raw":null},"_backorders":{"type":"radio","raw":"no"},"_sold_individually":{"type":"checkbox","raw":"no"},"_width":{"type":"numeric","raw":""},"_weight":{"type":"numeric","raw":""},"_length":{"type":"numeric","raw":""},"_purchase_note":{"type":"textarea","raw":""}},"parts":[],"compatibility":{"engine":{"type":"select","raw":"Diesel &amp; Hybrid diesel"},"fuel":{"type":"select","raw":""},"extra-compatibility-text":{"type":"textfield","raw":"Compatible avec tous les fluides d'\u00e9chappement diesel (DEF) et les fluides AdBlue\u00ae reconnus."}},"how-to-use":{"how-to-use-image":{"type":"image","raw":"","attachment_id":null},"step":{"type":"textfield","raw":["AJOUTER UNIQUEMENT AU R\u00c9SERVOIR D'ADBLUE\u00ae","A utiliser \u00e0 chaque plein du r\u00e9servoir d\u2019AdBlue\u00ae (ou dans un plein existant)","Un flacon de 125ml traite des r\u00e9servoirs d\u2019AdBlue\u00ae de 10 \u00e0 20 litres"]},"how-to-use-extra-information":{"type":"textfield","raw":""}},"product-additional-info":{"print-screen-images":{"type":"file","raw":"","attachment_id":null}},"product-video":{"youtube-id":{"type":"textfield","raw":""}},"product-info":{"product-features":{"type":"textfield","raw":["Emp\u00eache la formation de cristaux sur les composants du circuit d\u2019AdBlue\u00ae.","Am\u00e9liore le fonctionnement du syst\u00e8me SCR\/AdBlue.","Evite les r\u00e9parations co\u00fbteuses du circuit SCR\/AdBlue\u00ae.","Elimine les pannes et les temps d\u2019arr\u00eat dus \u00e0 la cristallisation de l\u2019AdBlue\u00ae.","Prolonge la dur\u00e9e de vie des composants du syst\u00e8me AdBlue\u00ae."]}}},"_links":{"self":[{"href":"https:\/\/www.wynns.be\/fr\/wp-json\/wp\/v2\/product\/26821","targetHints":{"allow":["GET"]}}],"collection":[{"href":"https:\/\/www.wynns.be\/fr\/wp-json\/wp\/v2\/product"}],"about":[{"href":"https:\/\/www.wynns.be\/fr\/wp-json\/wp\/v2\/types\/product"}],"wp:featuredmedia":[{"embeddable":true,"href":"https:\/\/www.wynns.be\/fr\/wp-json\/wp\/v2\/media\/30962"}],"wp:attachment":[{"href":"https:\/\/www.wynns.be\/fr\/wp-json\/wp\/v2\/media?parent=26821"}],"wp:term":[{"taxonomy":"product_brand","embeddable":true,"href":"https:\/\/www.wynns.be\/fr\/wp-json\/wp\/v2\/product_brand?post=26821"},{"taxonomy":"product_cat","embeddable":true,"href":"https:\/\/www.wynns.be\/fr\/wp-json\/wp\/v2\/product_cat?post=26821"},{"taxonomy":"product_tag","embeddable":true,"href":"https:\/\/www.wynns.be\/fr\/wp-json\/wp\/v2\/product_tag?post=26821"},{"taxonomy":"audience","embeddable":true,"href":"https:\/\/www.wynns.be\/fr\/wp-json\/wp\/v2\/audience?post=26821"},{"taxonomy":"usage","embeddable":true,"href":"https:\/\/www.wynns.be\/fr\/wp-json\/wp\/v2\/usage?post=26821"}],"curies":[{"name":"wp","href":"https:\/\/api.w.org\/{rel}","templated":true}]}}