{"id":30678,"date":"2025-03-27T15:22:25","date_gmt":"2025-03-27T15:22:25","guid":{"rendered":"https:\/\/www.wynns.be\/product\/black-gasket-maker-2\/"},"modified":"2025-05-30T11:39:19","modified_gmt":"2025-05-30T11:39:19","slug":"black-gasket-maker-2","status":"publish","type":"product","link":"https:\/\/www.wynns.be\/fr\/produit\/black-gasket-maker-2\/","title":{"rendered":"Black Gasket Maker"},"content":{"rendered":"<p>Le<strong> Black Gasket Maker<\/strong> de Wynn&#8217;s est une formule Oxime, sans MEKO, sans danger pour les capteurs, d\u00e9velopp\u00e9e pour cr\u00e9er des joints en silicone RTV sans fuites et avec une r\u00e9sistance sup\u00e9rieure \u00e0 l&#8217;huile.<\/p>\n<ul>\n<li>Produit d&#8217;\u00e9tanch\u00e9it\u00e9 en silicone RTV Oxime (sans MEKO) facile \u00e0 appliquer.<\/li>\n<li>Hautement<strong> recommand\u00e9 pour les carters d&#8217;huile et les couvercles de came.<\/strong><\/li>\n<li>Cr\u00e9e des joints parfaits et durables<\/li>\n<li>Excellente r\u00e9sistance \u00e0 l&#8217;huile<\/li>\n<li>Bonne r\u00e9sistance \u00e0 la temp\u00e9rature -50\u00b0C \u00e0 +260\u00b0C (en continu) \u00e0 300\u00b0C (par intermittence).<\/li>\n<li>Assure une \u00e9tanch\u00e9it\u00e9 fiable et durable du moteur<\/li>\n<li>Emp\u00eache les infiltrations et les fuites de liquide<\/li>\n<\/ul>\n","protected":false},"excerpt":{"rendered":"<p>Joint d&#8217;\u00e9tanch\u00e9it\u00e9 noir<\/p>\n","protected":false},"featured_media":30650,"template":"","meta":{"inline_featured_image":false},"product_brand":[],"product_cat":[1508,1284],"product_tag":[3727,2257,1849,1843,1804,1851,3729],"audience":[1212],"usage":[1302],"class_list":{"0":"post-30678","1":"product","2":"type-product","3":"status-publish","4":"has-post-thumbnail","6":"product_cat-professionnel-atelier","7":"product_cat-professionnel","8":"product_tag-36124-fr","9":"product_tag-cartouche","10":"product_tag-etancheite","11":"product_tag-joint-detancheite","12":"product_tag-reparation","13":"product_tag-sceller","14":"product_tag-w36124-fr","15":"audience-audience-professionals-fr","16":"usage-resolution-de-problemes","18":"first","19":"instock","20":"shipping-taxable","21":"product-type-simple"},"wynns_product_variations":[{"id":"30679","product_code":"W36124","capacity_ml":"80","units_per_case":"12","packaging_language":"EN\/FR\/DE\/NL\/IT\/ES\/PT","ean13_barcode":"8410410361240","tds":[{"id":"30680","tds_language":"Anglais","tds_file":"https:\/\/wynns2021.wpengine.com\/products\/TDS\/W36124_TDS_EN.pdf"}],"msds":[{"id":"30681","msds_language":"English","msds_file":"https:\/\/wynns2021.wpengine.com\/products\/MSDS\/W36124_MSDS_EN.pdf"},{"id":"30682","msds_language":"French","msds_file":"https:\/\/wynns2021.wpengine.com\/products\/MSDS\/W36124_MSDS_FR.pdf"},{"id":"30683","msds_language":"Spanish","msds_file":"https:\/\/wynns2021.wpengine.com\/products\/MSDS\/W36124_MSDS_ES.pdf"},{"id":"30684","msds_language":"German","msds_file":"https:\/\/wynns2021.wpengine.com\/products\/MSDS\/W36124_MSDS_DE.pdf"},{"id":"30685","msds_language":"Dutch","msds_file":"https:\/\/wynns2021.wpengine.com\/products\/MSDS\/W36124_MSDS_NL.pdf"},{"id":"30686","msds_language":"Italian","msds_file":"https:\/\/wynns2021.wpengine.com\/products\/MSDS\/W36124_MSDS_IT.pdf"},{"id":"30687","msds_language":"Portuguese","msds_file":"https:\/\/wynns2021.wpengine.com\/products\/MSDS\/W36124_MSDS_PT.pdf"}]}],"wynns_parts":[],"yoast_head":"<!-- This site is optimized with the Yoast SEO plugin v27.5 - https:\/\/yoast.com\/product\/yoast-seo-wordpress\/ -->\n<title>Black Gasket Maker | Wynn&#039;s Belgium<\/title>\n<meta name=\"description\" content=\"Wynn\u2019s Black Gasket Maker, joint silicone RTV sans MEKO, r\u00e9siste \u00e0 l\u2019huile et haute temp\u00e9rature, id\u00e9al pour carters d\u2019huile. \u00c9tanch\u00e9it\u00e9 durable sans fuite.\" \/>\n<meta name=\"robots\" content=\"index, follow, max-snippet:-1, max-image-preview:large, max-video-preview:-1\" \/>\n<link rel=\"canonical\" href=\"https:\/\/www.wynns.be\/fr\/produit\/black-gasket-maker-2\/\" \/>\n<meta property=\"og:locale\" content=\"fr_FR\" \/>\n<meta property=\"og:type\" content=\"article\" \/>\n<meta property=\"og:title\" content=\"Black Gasket Maker | Wynn&#039;s Belgium\" \/>\n<meta property=\"og:description\" content=\"Wynn\u2019s Black Gasket Maker, joint silicone RTV sans MEKO, r\u00e9siste \u00e0 l\u2019huile et haute temp\u00e9rature, id\u00e9al pour carters d\u2019huile. \u00c9tanch\u00e9it\u00e9 durable sans fuite.\" \/>\n<meta property=\"og:url\" content=\"https:\/\/www.wynns.be\/fr\/produit\/black-gasket-maker-2\/\" \/>\n<meta property=\"og:site_name\" content=\"Wynn&#039;s Belgium\" \/>\n<meta property=\"article:modified_time\" content=\"2025-05-30T11:39:19+00:00\" \/>\n<meta name=\"twitter:card\" content=\"summary_large_image\" \/>\n<meta name=\"twitter:label1\" content=\"Dur\u00e9e de lecture est.\" \/>\n\t<meta name=\"twitter:data1\" content=\"1 minute\" \/>\n<script type=\"application\/ld+json\" class=\"yoast-schema-graph\">{\"@context\":\"https:\\\/\\\/schema.org\",\"@graph\":[{\"@type\":\"WebPage\",\"@id\":\"https:\\\/\\\/www.wynns.be\\\/fr\\\/produit\\\/black-gasket-maker-2\\\/\",\"url\":\"https:\\\/\\\/www.wynns.be\\\/fr\\\/produit\\\/black-gasket-maker-2\\\/\",\"name\":\"Black Gasket Maker | Wynn&#039;s Belgium\",\"isPartOf\":{\"@id\":\"https:\\\/\\\/www.wynns.be\\\/nl\\\/#website\"},\"primaryImageOfPage\":{\"@id\":\"https:\\\/\\\/www.wynns.be\\\/fr\\\/produit\\\/black-gasket-maker-2\\\/#primaryimage\"},\"image\":{\"@id\":\"https:\\\/\\\/www.wynns.be\\\/fr\\\/produit\\\/black-gasket-maker-2\\\/#primaryimage\"},\"thumbnailUrl\":\"https:\\\/\\\/www.wynns.be\\\/wp-content\\\/uploads\\\/sites\\\/12\\\/2025\\\/04\\\/W36124-Black-gasket-maker.jpg\",\"datePublished\":\"2025-03-27T15:22:25+00:00\",\"dateModified\":\"2025-05-30T11:39:19+00:00\",\"description\":\"Wynn\u2019s Black Gasket Maker, joint silicone RTV sans MEKO, r\u00e9siste \u00e0 l\u2019huile et haute temp\u00e9rature, id\u00e9al pour carters d\u2019huile. \u00c9tanch\u00e9it\u00e9 durable sans fuite.\",\"breadcrumb\":{\"@id\":\"https:\\\/\\\/www.wynns.be\\\/fr\\\/produit\\\/black-gasket-maker-2\\\/#breadcrumb\"},\"inLanguage\":\"fr-BE\",\"potentialAction\":[{\"@type\":\"ReadAction\",\"target\":[\"https:\\\/\\\/www.wynns.be\\\/fr\\\/produit\\\/black-gasket-maker-2\\\/\"]}]},{\"@type\":\"ImageObject\",\"inLanguage\":\"fr-BE\",\"@id\":\"https:\\\/\\\/www.wynns.be\\\/fr\\\/produit\\\/black-gasket-maker-2\\\/#primaryimage\",\"url\":\"https:\\\/\\\/www.wynns.be\\\/wp-content\\\/uploads\\\/sites\\\/12\\\/2025\\\/04\\\/W36124-Black-gasket-maker.jpg\",\"contentUrl\":\"https:\\\/\\\/www.wynns.be\\\/wp-content\\\/uploads\\\/sites\\\/12\\\/2025\\\/04\\\/W36124-Black-gasket-maker.jpg\",\"width\":1050,\"height\":1050,\"caption\":\"A tube of black gasket maker and its box\"},{\"@type\":\"BreadcrumbList\",\"@id\":\"https:\\\/\\\/www.wynns.be\\\/fr\\\/produit\\\/black-gasket-maker-2\\\/#breadcrumb\",\"itemListElement\":[{\"@type\":\"ListItem\",\"position\":1,\"name\":\"Home\",\"item\":\"https:\\\/\\\/www.wynns.be\\\/fr\\\/\"},{\"@type\":\"ListItem\",\"position\":2,\"name\":\"Produits\",\"item\":\"https:\\\/\\\/www.wynns.be\\\/fr\\\/shop\\\/\"},{\"@type\":\"ListItem\",\"position\":3,\"name\":\"Black Gasket Maker\"}]},{\"@type\":\"WebSite\",\"@id\":\"https:\\\/\\\/www.wynns.be\\\/nl\\\/#website\",\"url\":\"https:\\\/\\\/www.wynns.be\\\/nl\\\/\",\"name\":\"Wynn&#039;s Belgium\",\"description\":\"Specialist in additives\",\"potentialAction\":[{\"@type\":\"SearchAction\",\"target\":{\"@type\":\"EntryPoint\",\"urlTemplate\":\"https:\\\/\\\/www.wynns.be\\\/nl\\\/?s={search_term_string}\"},\"query-input\":{\"@type\":\"PropertyValueSpecification\",\"valueRequired\":true,\"valueName\":\"search_term_string\"}}],\"inLanguage\":\"fr-BE\"}]}<\/script>\n<!-- \/ Yoast SEO plugin. -->","yoast_head_json":{"title":"Black Gasket Maker | Wynn&#039;s Belgium","description":"Wynn\u2019s Black Gasket Maker, joint silicone RTV sans MEKO, r\u00e9siste \u00e0 l\u2019huile et haute temp\u00e9rature, id\u00e9al pour carters d\u2019huile. \u00c9tanch\u00e9it\u00e9 durable sans fuite.","robots":{"index":"index","follow":"follow","max-snippet":"max-snippet:-1","max-image-preview":"max-image-preview:large","max-video-preview":"max-video-preview:-1"},"canonical":"https:\/\/www.wynns.be\/fr\/produit\/black-gasket-maker-2\/","og_locale":"fr_FR","og_type":"article","og_title":"Black Gasket Maker | Wynn&#039;s Belgium","og_description":"Wynn\u2019s Black Gasket Maker, joint silicone RTV sans MEKO, r\u00e9siste \u00e0 l\u2019huile et haute temp\u00e9rature, id\u00e9al pour carters d\u2019huile. \u00c9tanch\u00e9it\u00e9 durable sans fuite.","og_url":"https:\/\/www.wynns.be\/fr\/produit\/black-gasket-maker-2\/","og_site_name":"Wynn&#039;s Belgium","article_modified_time":"2025-05-30T11:39:19+00:00","twitter_card":"summary_large_image","twitter_misc":{"Dur\u00e9e de lecture est.":"1 minute"},"schema":{"@context":"https:\/\/schema.org","@graph":[{"@type":"WebPage","@id":"https:\/\/www.wynns.be\/fr\/produit\/black-gasket-maker-2\/","url":"https:\/\/www.wynns.be\/fr\/produit\/black-gasket-maker-2\/","name":"Black Gasket Maker | Wynn&#039;s Belgium","isPartOf":{"@id":"https:\/\/www.wynns.be\/nl\/#website"},"primaryImageOfPage":{"@id":"https:\/\/www.wynns.be\/fr\/produit\/black-gasket-maker-2\/#primaryimage"},"image":{"@id":"https:\/\/www.wynns.be\/fr\/produit\/black-gasket-maker-2\/#primaryimage"},"thumbnailUrl":"https:\/\/www.wynns.be\/wp-content\/uploads\/sites\/12\/2025\/04\/W36124-Black-gasket-maker.jpg","datePublished":"2025-03-27T15:22:25+00:00","dateModified":"2025-05-30T11:39:19+00:00","description":"Wynn\u2019s Black Gasket Maker, joint silicone RTV sans MEKO, r\u00e9siste \u00e0 l\u2019huile et haute temp\u00e9rature, id\u00e9al pour carters d\u2019huile. \u00c9tanch\u00e9it\u00e9 durable sans fuite.","breadcrumb":{"@id":"https:\/\/www.wynns.be\/fr\/produit\/black-gasket-maker-2\/#breadcrumb"},"inLanguage":"fr-BE","potentialAction":[{"@type":"ReadAction","target":["https:\/\/www.wynns.be\/fr\/produit\/black-gasket-maker-2\/"]}]},{"@type":"ImageObject","inLanguage":"fr-BE","@id":"https:\/\/www.wynns.be\/fr\/produit\/black-gasket-maker-2\/#primaryimage","url":"https:\/\/www.wynns.be\/wp-content\/uploads\/sites\/12\/2025\/04\/W36124-Black-gasket-maker.jpg","contentUrl":"https:\/\/www.wynns.be\/wp-content\/uploads\/sites\/12\/2025\/04\/W36124-Black-gasket-maker.jpg","width":1050,"height":1050,"caption":"A tube of black gasket maker and its box"},{"@type":"BreadcrumbList","@id":"https:\/\/www.wynns.be\/fr\/produit\/black-gasket-maker-2\/#breadcrumb","itemListElement":[{"@type":"ListItem","position":1,"name":"Home","item":"https:\/\/www.wynns.be\/fr\/"},{"@type":"ListItem","position":2,"name":"Produits","item":"https:\/\/www.wynns.be\/fr\/shop\/"},{"@type":"ListItem","position":3,"name":"Black Gasket Maker"}]},{"@type":"WebSite","@id":"https:\/\/www.wynns.be\/nl\/#website","url":"https:\/\/www.wynns.be\/nl\/","name":"Wynn&#039;s Belgium","description":"Specialist in additives","potentialAction":[{"@type":"SearchAction","target":{"@type":"EntryPoint","urlTemplate":"https:\/\/www.wynns.be\/nl\/?s={search_term_string}"},"query-input":{"@type":"PropertyValueSpecification","valueRequired":true,"valueName":"search_term_string"}}],"inLanguage":"fr-BE"}]}},"toolset-meta":{"toolset-woocommerce-fields-3":[],"toolset-woocommerce-fields-2":[],"toolset-woocommerce-fields":{"_download_limit":{"type":"numeric","raw":"-1"},"_virtual":{"type":"checkbox","raw":"no"},"_downloadable":{"type":"checkbox","raw":"no"},"_download_expiry":{"type":"numeric","raw":"-1"},"_download_type":{"type":"radio","raw":""},"_regular_price":{"type":"numeric","raw":""},"_sale_price":{"type":"numeric","raw":""},"_sale_price_dates_from":{"type":"date","raw":"","formatted":null},"_sale_price_dates_to":{"type":"date","raw":"","formatted":null},"_sku":{"type":"textfield","raw":"W36124"},"_manage_stock":{"type":"checkbox","raw":"no"},"_stock_status":{"type":"radio","raw":"instock"},"_stock":{"type":"numeric","raw":null},"_backorders":{"type":"radio","raw":"no"},"_sold_individually":{"type":"checkbox","raw":"no"},"_width":{"type":"numeric","raw":""},"_weight":{"type":"numeric","raw":""},"_length":{"type":"numeric","raw":""},"_purchase_note":{"type":"textarea","raw":""}},"parts":[],"compatibility":{"engine":{"type":"select","raw":""},"fuel":{"type":"select","raw":""},"extra-compatibility-text":{"type":"textfield","raw":""}},"how-to-use":{"how-to-use-image":{"type":"image","raw":"","attachment_id":null},"step":{"type":"textfield","raw":["A utiliser pour remplacer tous les types de joints (sauf les joints de culasse) ou lorsque les constructeurs automobiles sp\u00e9cifient l'utilisation d'un mat\u00e9riau de joint en silicone."]},"how-to-use-extra-information":{"type":"textfield","raw":"Tous les travaux d'\u00e9tanch\u00e9it\u00e9 \u00e0 l'exception des joints de culasse. D\u00e9conseill\u00e9 pour les zones constamment immerg\u00e9es dans l'essence. Particuli\u00e8rement recommand\u00e9 pour les zones en contact avec les huiles de moteur. Excellente r\u00e9sistance aux huiles, carburants et liquides de refroidissement."}},"product-additional-info":{"print-screen-images":{"type":"file","raw":"","attachment_id":null}},"product-video":{"youtube-id":{"type":"textfield","raw":""}},"product-info":{"product-features":{"type":"textfield","raw":[""]}}},"_links":{"self":[{"href":"https:\/\/www.wynns.be\/fr\/wp-json\/wp\/v2\/product\/30678","targetHints":{"allow":["GET"]}}],"collection":[{"href":"https:\/\/www.wynns.be\/fr\/wp-json\/wp\/v2\/product"}],"about":[{"href":"https:\/\/www.wynns.be\/fr\/wp-json\/wp\/v2\/types\/product"}],"wp:featuredmedia":[{"embeddable":true,"href":"https:\/\/www.wynns.be\/fr\/wp-json\/wp\/v2\/media\/30650"}],"wp:attachment":[{"href":"https:\/\/www.wynns.be\/fr\/wp-json\/wp\/v2\/media?parent=30678"}],"wp:term":[{"taxonomy":"product_brand","embeddable":true,"href":"https:\/\/www.wynns.be\/fr\/wp-json\/wp\/v2\/product_brand?post=30678"},{"taxonomy":"product_cat","embeddable":true,"href":"https:\/\/www.wynns.be\/fr\/wp-json\/wp\/v2\/product_cat?post=30678"},{"taxonomy":"product_tag","embeddable":true,"href":"https:\/\/www.wynns.be\/fr\/wp-json\/wp\/v2\/product_tag?post=30678"},{"taxonomy":"audience","embeddable":true,"href":"https:\/\/www.wynns.be\/fr\/wp-json\/wp\/v2\/audience?post=30678"},{"taxonomy":"usage","embeddable":true,"href":"https:\/\/www.wynns.be\/fr\/wp-json\/wp\/v2\/usage?post=30678"}],"curies":[{"name":"wp","href":"https:\/\/api.w.org\/{rel}","templated":true}]}}