{"id":30718,"date":"2025-04-22T12:54:01","date_gmt":"2025-04-22T12:55:32","guid":{"rendered":"https:\/\/www.wynns.be\/product\/grey-gasket-maker\/"},"modified":"2025-05-30T11:43:42","modified_gmt":"2025-05-30T11:43:42","slug":"grey-gasket-maker","status":"publish","type":"product","link":"https:\/\/www.wynns.be\/fr\/produit\/grey-gasket-maker\/","title":{"rendered":"Grey Gasket Maker"},"content":{"rendered":"<p>Le <strong>Grey Gasket Maker<\/strong> de Wynn&#8217;s est un mastic silicone RTV sans MEKO, sans danger pour les capteurs, \u00e0 base d&#8217;Oxime, d\u00e9velopp\u00e9 pour cr\u00e9er des joints sans fuites, form\u00e9s en place, avec une r\u00e9sistance sup\u00e9rieure au couple et aux vibrations.<\/p>\n<ul>\n<li>Facile \u00e0 appliquer, le mastic silicone RTV Oxime (sans MEKO) est tr\u00e8s recommand\u00e9 pour les pompes \u00e0 eau et les engrenages.<\/li>\n<li>Hautement recommand\u00e9 pour les pompes \u00e0 eau et les bo\u00eetes de vitesses.<\/li>\n<li>Cr\u00e9e des joints parfaits et durables<\/li>\n<li>Excellente r\u00e9sistance au liquide de refroidissement et aux vibrations<\/li>\n<li>Bonne r\u00e9sistance \u00e0 la temp\u00e9rature -50\u00b0C \u00e0 +260\u00b0C (en continu) \u00e0 300\u00b0C (par intermittence).<\/li>\n<li>Assure <strong>une \u00e9tanch\u00e9it\u00e9 fiable et durable du moteur<\/strong><\/li>\n<li>Emp\u00eache les infiltrations de liquide et les fuites<\/li>\n<\/ul>\n","protected":false},"excerpt":{"rendered":"<p>Joints d&#8217;\u00e9tanch\u00e9it\u00e9 gris<\/p>\n","protected":false},"featured_media":30667,"template":"","meta":{"inline_featured_image":false},"product_brand":[],"product_cat":[1508,1284],"product_tag":[],"audience":[1212],"usage":[1302],"class_list":{"0":"post-30718","1":"product","2":"type-product","3":"status-publish","4":"has-post-thumbnail","6":"product_cat-professionnel-atelier","7":"product_cat-professionnel","8":"audience-audience-professionals-fr","9":"usage-resolution-de-problemes","11":"first","12":"instock","13":"shipping-taxable","14":"product-type-simple"},"wynns_product_variations":[{"id":"30720","product_code":"W36134","capacity_ml":"80","units_per_case":"12","packaging_language":"EN\/FR\/DE\/NL\/IT\/ES\/PT","ean13_barcode":"8410410361349","tds":[{"id":"30934","tds_language":"Espagnol","tds_file":"https:\/\/wynns2021.wpengine.com\/products\/TDS\/W36134_TDS_ES.pdf"},{"id":"30721","tds_language":"Anglais","tds_file":"https:\/\/wynns2021.wpengine.com\/products\/TDS\/W36134_TDS_EN.pdf"}],"msds":[{"id":"30722","msds_language":"English","msds_file":"https:\/\/wynns2021.wpengine.com\/products\/MSDS\/W36134_MSDS_EN.pdf"},{"id":"30723","msds_language":"French","msds_file":"https:\/\/wynns2021.wpengine.com\/products\/MSDS\/W36134_MSDS_FR.pdf"},{"id":"30724","msds_language":"Spanish","msds_file":"https:\/\/wynns2021.wpengine.com\/products\/MSDS\/W36134_MSDS_ES.pdf"},{"id":"30725","msds_language":"Dutch","msds_file":"https:\/\/wynns2021.wpengine.com\/products\/MSDS\/W36134_MSDS_NL.pdf"},{"id":"30726","msds_language":"German","msds_file":"https:\/\/wynns2021.wpengine.com\/products\/MSDS\/W36134_MSDS_DE.pdf"},{"id":"30727","msds_language":"Italian","msds_file":"https:\/\/wynns2021.wpengine.com\/products\/MSDS\/W36134_MSDS_IT.pdf"},{"id":"30728","msds_language":"Portuguese","msds_file":"https:\/\/wynns2021.wpengine.com\/products\/MSDS\/W36134_MSDS_PT.pdf"}]}],"wynns_parts":[],"yoast_head":"<!-- This site is optimized with the Yoast SEO plugin v27.5 - https:\/\/yoast.com\/product\/yoast-seo-wordpress\/ -->\n<title>Grey Gasket Maker | Wynn&#039;s Belgium<\/title>\n<meta name=\"description\" content=\"Mastic silicone Grey Gasket Maker sans MEKO, id\u00e9al pour pompes \u00e0 eau et bo\u00eetes de vitesses. Haute r\u00e9sistance aux vibrations et temp\u00e9ratures\" \/>\n<meta name=\"robots\" content=\"index, follow, max-snippet:-1, max-image-preview:large, max-video-preview:-1\" \/>\n<link rel=\"canonical\" href=\"https:\/\/www.wynns.be\/fr\/produit\/grey-gasket-maker\/\" \/>\n<meta property=\"og:locale\" content=\"fr_FR\" \/>\n<meta property=\"og:type\" content=\"article\" \/>\n<meta property=\"og:title\" content=\"Grey Gasket Maker | Wynn&#039;s Belgium\" \/>\n<meta property=\"og:description\" content=\"Mastic silicone Grey Gasket Maker sans MEKO, id\u00e9al pour pompes \u00e0 eau et bo\u00eetes de vitesses. Haute r\u00e9sistance aux vibrations et temp\u00e9ratures\" \/>\n<meta property=\"og:url\" content=\"https:\/\/www.wynns.be\/fr\/produit\/grey-gasket-maker\/\" \/>\n<meta property=\"og:site_name\" content=\"Wynn&#039;s Belgium\" \/>\n<meta property=\"article:modified_time\" content=\"2025-05-30T11:43:42+00:00\" \/>\n<meta property=\"og:image\" content=\"https:\/\/www.wynns.be\/wp-content\/uploads\/sites\/12\/2025\/04\/W36134-Grey-gasket-maker.jpg\" \/>\n\t<meta property=\"og:image:width\" content=\"1050\" \/>\n\t<meta property=\"og:image:height\" content=\"1050\" \/>\n\t<meta property=\"og:image:type\" content=\"image\/jpeg\" \/>\n<meta name=\"twitter:card\" content=\"summary_large_image\" \/>\n<meta name=\"twitter:label1\" content=\"Dur\u00e9e de lecture est.\" \/>\n\t<meta name=\"twitter:data1\" content=\"1 minute\" \/>\n<script type=\"application\/ld+json\" class=\"yoast-schema-graph\">{\"@context\":\"https:\\\/\\\/schema.org\",\"@graph\":[{\"@type\":\"WebPage\",\"@id\":\"https:\\\/\\\/www.wynns.be\\\/fr\\\/produit\\\/grey-gasket-maker\\\/\",\"url\":\"https:\\\/\\\/www.wynns.be\\\/fr\\\/produit\\\/grey-gasket-maker\\\/\",\"name\":\"Grey Gasket Maker | Wynn&#039;s Belgium\",\"isPartOf\":{\"@id\":\"https:\\\/\\\/www.wynns.be\\\/nl\\\/#website\"},\"primaryImageOfPage\":{\"@id\":\"https:\\\/\\\/www.wynns.be\\\/fr\\\/produit\\\/grey-gasket-maker\\\/#primaryimage\"},\"image\":{\"@id\":\"https:\\\/\\\/www.wynns.be\\\/fr\\\/produit\\\/grey-gasket-maker\\\/#primaryimage\"},\"thumbnailUrl\":\"https:\\\/\\\/www.wynns.be\\\/wp-content\\\/uploads\\\/sites\\\/12\\\/2025\\\/04\\\/W36134-Grey-gasket-maker.jpg\",\"datePublished\":\"2025-04-22T12:55:32+00:00\",\"dateModified\":\"2025-05-30T11:43:42+00:00\",\"description\":\"Mastic silicone Grey Gasket Maker sans MEKO, id\u00e9al pour pompes \u00e0 eau et bo\u00eetes de vitesses. Haute r\u00e9sistance aux vibrations et temp\u00e9ratures\",\"breadcrumb\":{\"@id\":\"https:\\\/\\\/www.wynns.be\\\/fr\\\/produit\\\/grey-gasket-maker\\\/#breadcrumb\"},\"inLanguage\":\"fr-BE\",\"potentialAction\":[{\"@type\":\"ReadAction\",\"target\":[\"https:\\\/\\\/www.wynns.be\\\/fr\\\/produit\\\/grey-gasket-maker\\\/\"]}]},{\"@type\":\"ImageObject\",\"inLanguage\":\"fr-BE\",\"@id\":\"https:\\\/\\\/www.wynns.be\\\/fr\\\/produit\\\/grey-gasket-maker\\\/#primaryimage\",\"url\":\"https:\\\/\\\/www.wynns.be\\\/wp-content\\\/uploads\\\/sites\\\/12\\\/2025\\\/04\\\/W36134-Grey-gasket-maker.jpg\",\"contentUrl\":\"https:\\\/\\\/www.wynns.be\\\/wp-content\\\/uploads\\\/sites\\\/12\\\/2025\\\/04\\\/W36134-Grey-gasket-maker.jpg\",\"width\":1050,\"height\":1050,\"caption\":\"A tube of grey gasket maker and its box\"},{\"@type\":\"BreadcrumbList\",\"@id\":\"https:\\\/\\\/www.wynns.be\\\/fr\\\/produit\\\/grey-gasket-maker\\\/#breadcrumb\",\"itemListElement\":[{\"@type\":\"ListItem\",\"position\":1,\"name\":\"Home\",\"item\":\"https:\\\/\\\/www.wynns.be\\\/fr\\\/\"},{\"@type\":\"ListItem\",\"position\":2,\"name\":\"Produits\",\"item\":\"https:\\\/\\\/www.wynns.be\\\/fr\\\/shop\\\/\"},{\"@type\":\"ListItem\",\"position\":3,\"name\":\"Grey Gasket Maker\"}]},{\"@type\":\"WebSite\",\"@id\":\"https:\\\/\\\/www.wynns.be\\\/nl\\\/#website\",\"url\":\"https:\\\/\\\/www.wynns.be\\\/nl\\\/\",\"name\":\"Wynn&#039;s Belgium\",\"description\":\"Specialist in additives\",\"potentialAction\":[{\"@type\":\"SearchAction\",\"target\":{\"@type\":\"EntryPoint\",\"urlTemplate\":\"https:\\\/\\\/www.wynns.be\\\/nl\\\/?s={search_term_string}\"},\"query-input\":{\"@type\":\"PropertyValueSpecification\",\"valueRequired\":true,\"valueName\":\"search_term_string\"}}],\"inLanguage\":\"fr-BE\"}]}<\/script>\n<!-- \/ Yoast SEO plugin. -->","yoast_head_json":{"title":"Grey Gasket Maker | Wynn&#039;s Belgium","description":"Mastic silicone Grey Gasket Maker sans MEKO, id\u00e9al pour pompes \u00e0 eau et bo\u00eetes de vitesses. Haute r\u00e9sistance aux vibrations et temp\u00e9ratures","robots":{"index":"index","follow":"follow","max-snippet":"max-snippet:-1","max-image-preview":"max-image-preview:large","max-video-preview":"max-video-preview:-1"},"canonical":"https:\/\/www.wynns.be\/fr\/produit\/grey-gasket-maker\/","og_locale":"fr_FR","og_type":"article","og_title":"Grey Gasket Maker | Wynn&#039;s Belgium","og_description":"Mastic silicone Grey Gasket Maker sans MEKO, id\u00e9al pour pompes \u00e0 eau et bo\u00eetes de vitesses. Haute r\u00e9sistance aux vibrations et temp\u00e9ratures","og_url":"https:\/\/www.wynns.be\/fr\/produit\/grey-gasket-maker\/","og_site_name":"Wynn&#039;s Belgium","article_modified_time":"2025-05-30T11:43:42+00:00","og_image":[{"width":1050,"height":1050,"url":"https:\/\/www.wynns.be\/wp-content\/uploads\/sites\/12\/2025\/04\/W36134-Grey-gasket-maker.jpg","type":"image\/jpeg"}],"twitter_card":"summary_large_image","twitter_misc":{"Dur\u00e9e de lecture est.":"1 minute"},"schema":{"@context":"https:\/\/schema.org","@graph":[{"@type":"WebPage","@id":"https:\/\/www.wynns.be\/fr\/produit\/grey-gasket-maker\/","url":"https:\/\/www.wynns.be\/fr\/produit\/grey-gasket-maker\/","name":"Grey Gasket Maker | Wynn&#039;s Belgium","isPartOf":{"@id":"https:\/\/www.wynns.be\/nl\/#website"},"primaryImageOfPage":{"@id":"https:\/\/www.wynns.be\/fr\/produit\/grey-gasket-maker\/#primaryimage"},"image":{"@id":"https:\/\/www.wynns.be\/fr\/produit\/grey-gasket-maker\/#primaryimage"},"thumbnailUrl":"https:\/\/www.wynns.be\/wp-content\/uploads\/sites\/12\/2025\/04\/W36134-Grey-gasket-maker.jpg","datePublished":"2025-04-22T12:55:32+00:00","dateModified":"2025-05-30T11:43:42+00:00","description":"Mastic silicone Grey Gasket Maker sans MEKO, id\u00e9al pour pompes \u00e0 eau et bo\u00eetes de vitesses. Haute r\u00e9sistance aux vibrations et temp\u00e9ratures","breadcrumb":{"@id":"https:\/\/www.wynns.be\/fr\/produit\/grey-gasket-maker\/#breadcrumb"},"inLanguage":"fr-BE","potentialAction":[{"@type":"ReadAction","target":["https:\/\/www.wynns.be\/fr\/produit\/grey-gasket-maker\/"]}]},{"@type":"ImageObject","inLanguage":"fr-BE","@id":"https:\/\/www.wynns.be\/fr\/produit\/grey-gasket-maker\/#primaryimage","url":"https:\/\/www.wynns.be\/wp-content\/uploads\/sites\/12\/2025\/04\/W36134-Grey-gasket-maker.jpg","contentUrl":"https:\/\/www.wynns.be\/wp-content\/uploads\/sites\/12\/2025\/04\/W36134-Grey-gasket-maker.jpg","width":1050,"height":1050,"caption":"A tube of grey gasket maker and its box"},{"@type":"BreadcrumbList","@id":"https:\/\/www.wynns.be\/fr\/produit\/grey-gasket-maker\/#breadcrumb","itemListElement":[{"@type":"ListItem","position":1,"name":"Home","item":"https:\/\/www.wynns.be\/fr\/"},{"@type":"ListItem","position":2,"name":"Produits","item":"https:\/\/www.wynns.be\/fr\/shop\/"},{"@type":"ListItem","position":3,"name":"Grey Gasket Maker"}]},{"@type":"WebSite","@id":"https:\/\/www.wynns.be\/nl\/#website","url":"https:\/\/www.wynns.be\/nl\/","name":"Wynn&#039;s Belgium","description":"Specialist in additives","potentialAction":[{"@type":"SearchAction","target":{"@type":"EntryPoint","urlTemplate":"https:\/\/www.wynns.be\/nl\/?s={search_term_string}"},"query-input":{"@type":"PropertyValueSpecification","valueRequired":true,"valueName":"search_term_string"}}],"inLanguage":"fr-BE"}]}},"toolset-meta":{"toolset-woocommerce-fields-3":[],"toolset-woocommerce-fields-2":[],"toolset-woocommerce-fields":{"_download_limit":{"type":"numeric","raw":"-1"},"_virtual":{"type":"checkbox","raw":"no"},"_downloadable":{"type":"checkbox","raw":"no"},"_download_expiry":{"type":"numeric","raw":"-1"},"_download_type":{"type":"radio","raw":""},"_regular_price":{"type":"numeric","raw":""},"_sale_price":{"type":"numeric","raw":""},"_sale_price_dates_from":{"type":"date","raw":"","formatted":null},"_sale_price_dates_to":{"type":"date","raw":"","formatted":null},"_sku":{"type":"textfield","raw":"W36134"},"_manage_stock":{"type":"checkbox","raw":"no"},"_stock_status":{"type":"radio","raw":"instock"},"_stock":{"type":"numeric","raw":null},"_backorders":{"type":"radio","raw":"no"},"_sold_individually":{"type":"checkbox","raw":"no"},"_width":{"type":"numeric","raw":""},"_weight":{"type":"numeric","raw":""},"_length":{"type":"numeric","raw":""},"_purchase_note":{"type":"textarea","raw":""}},"parts":[],"compatibility":{"engine":{"type":"select","raw":"Petrol &amp; Hybrid petrol, Diesel &amp; Hybrid diesel"},"fuel":{"type":"select","raw":""},"extra-compatibility-text":{"type":"textfield","raw":""}},"how-to-use":{"how-to-use-image":{"type":"image","raw":"","attachment_id":null},"step":{"type":"textfield","raw":["A utiliser pour remplacer tous les types de joints (sauf les joints de culasse) ou lorsque les constructeurs automobiles sp\u00e9cifient l'utilisation d'un mat\u00e9riau de joint en silicone."]},"how-to-use-extra-information":{"type":"textfield","raw":"Tous les travaux d'\u00e9tanch\u00e9it\u00e9 \u00e0 l'exception des joints de culasse.  D\u00e9conseill\u00e9 pour les zones constamment immerg\u00e9es dans l'essence. Particuli\u00e8rement recommand\u00e9 pour les zones en contact avec le liquide de refroidissement ou sujettes aux vibrations. Excellente r\u00e9sistance aux huiles, carburants et liquides de refroidissement"}},"product-additional-info":{"print-screen-images":{"type":"file","raw":"","attachment_id":null}},"product-video":{"youtube-id":{"type":"textfield","raw":""}},"product-info":{"product-features":{"type":"textfield","raw":[""]}}},"_links":{"self":[{"href":"https:\/\/www.wynns.be\/fr\/wp-json\/wp\/v2\/product\/30718","targetHints":{"allow":["GET"]}}],"collection":[{"href":"https:\/\/www.wynns.be\/fr\/wp-json\/wp\/v2\/product"}],"about":[{"href":"https:\/\/www.wynns.be\/fr\/wp-json\/wp\/v2\/types\/product"}],"wp:featuredmedia":[{"embeddable":true,"href":"https:\/\/www.wynns.be\/fr\/wp-json\/wp\/v2\/media\/30667"}],"wp:attachment":[{"href":"https:\/\/www.wynns.be\/fr\/wp-json\/wp\/v2\/media?parent=30718"}],"wp:term":[{"taxonomy":"product_brand","embeddable":true,"href":"https:\/\/www.wynns.be\/fr\/wp-json\/wp\/v2\/product_brand?post=30718"},{"taxonomy":"product_cat","embeddable":true,"href":"https:\/\/www.wynns.be\/fr\/wp-json\/wp\/v2\/product_cat?post=30718"},{"taxonomy":"product_tag","embeddable":true,"href":"https:\/\/www.wynns.be\/fr\/wp-json\/wp\/v2\/product_tag?post=30718"},{"taxonomy":"audience","embeddable":true,"href":"https:\/\/www.wynns.be\/fr\/wp-json\/wp\/v2\/audience?post=30718"},{"taxonomy":"usage","embeddable":true,"href":"https:\/\/www.wynns.be\/fr\/wp-json\/wp\/v2\/usage?post=30718"}],"curies":[{"name":"wp","href":"https:\/\/api.w.org\/{rel}","templated":true}]}}