{"id":30799,"date":"2025-04-30T13:53:33","date_gmt":"2025-04-30T13:59:10","guid":{"rendered":"https:\/\/www.wynns.be\/product\/exhaust-repair-putty\/"},"modified":"2025-05-30T11:45:23","modified_gmt":"2025-05-30T11:45:23","slug":"exhaust-repair-putty","status":"publish","type":"product","link":"https:\/\/www.wynns.be\/fr\/produit\/exhaust-repair-putty\/","title":{"rendered":"Exhaust Repair Putty"},"content":{"rendered":"<p>Adh\u00e9sif\/<strong>joint de haute qualit\u00e9<\/strong> \u00e0 base de silicate de sodium et de charges inorganiques. \u00a0Le produit forme un <strong>joint permanent pour r\u00e9parer les syst\u00e8mes d&#8217;\u00e9chappement.\u00a0<\/strong><\/p>\n","protected":false},"excerpt":{"rendered":"<p><span class=\"TextRun SCXW143360382 BCX0\" lang=\"FR-FR\" xml:lang=\"FR-FR\" data-contrast=\"auto\"><span class=\"NormalTextRun SCXW143360382 BCX0\">Mastic de r\u00e9paration pour \u00e9chappement<\/span><\/span><span class=\"EOP SCXW143360382 BCX0\" data-ccp-props=\"{}\">\u00a0<\/span><\/p>\n","protected":false},"featured_media":30764,"template":"","meta":{"inline_featured_image":false},"product_brand":[],"product_cat":[1508,1284],"product_tag":[1420,3742,1804,3743],"audience":[1212],"usage":[1302],"class_list":{"0":"post-30799","1":"product","2":"type-product","3":"status-publish","4":"has-post-thumbnail","6":"product_cat-professionnel-atelier","7":"product_cat-professionnel","8":"product_tag-echappement","9":"product_tag-pate","10":"product_tag-reparation","11":"product_tag-w10804-fr","12":"audience-audience-professionals-fr","13":"usage-resolution-de-problemes","15":"first","16":"instock","17":"product-type-simple"},"wynns_product_variations":[{"id":"30830","product_code":"W10804","capacity_ml":"250","units_per_case":"12","packaging_language":"NL, FR, EN","ean13_barcode":"5411693108044","tds":[{"id":"30833","tds_language":"N\u00e9erlandais","tds_file":"https:\/\/wynns2021.wpengine.com\/products\/TDS\/W10804_TDS_NL.pdf"},{"id":"30832","tds_language":"Fran\u00e7ais","tds_file":"https:\/\/wynns2021.wpengine.com\/products\/TDS\/W10804_TDS_FR.pdf"},{"id":"30831","tds_language":"Anglais","tds_file":"https:\/\/wynns2021.wpengine.com\/products\/TDS\/W10804_TDS_EN.pdf"}],"msds":[{"id":"30834","msds_language":"Bulgare","msds_file":"https:\/\/wynns2021.wpengine.com\/products\/MSDS\/W10804_MSDS_Bulgare.pdf"},{"id":"30835","msds_language":"Tch\u00e8que","msds_file":"https:\/\/wynns2021.wpengine.com\/products\/MSDS\/W10804_MSDS_Tch\u00e8que.pdf"},{"id":"30836","msds_language":"Danois","msds_file":"https:\/\/wynns2021.wpengine.com\/products\/MSDS\/W10804_MSDS_Danois.pdf"},{"id":"30837","msds_language":"German","msds_file":"https:\/\/wynns2021.wpengine.com\/products\/MSDS\/W10804_MSDS_DE.pdf"},{"id":"30838","msds_language":"Grec","msds_file":"https:\/\/wynns2021.wpengine.com\/products\/MSDS\/W10804_MSDS_Grec.pdf"},{"id":"30839","msds_language":"English","msds_file":"https:\/\/wynns2021.wpengine.com\/products\/MSDS\/W10804_MSDS_EN.pdf"},{"id":"30840","msds_language":"Spanish","msds_file":"https:\/\/wynns2021.wpengine.com\/products\/MSDS\/W10804_MSDS_ES.pdf"},{"id":"30841","msds_language":"Estonien","msds_file":"https:\/\/wynns2021.wpengine.com\/products\/MSDS\/W10804_MSDS_Estonien.pdf"},{"id":"30842","msds_language":"Finnois","msds_file":"https:\/\/wynns2021.wpengine.com\/products\/MSDS\/W10804_MSDS_Finnois.pdf"},{"id":"30843","msds_language":"French","msds_file":"https:\/\/wynns2021.wpengine.com\/products\/MSDS\/W10804_MSDS_FR.pdf"},{"id":"30844","msds_language":"Croate","msds_file":"https:\/\/wynns2021.wpengine.com\/products\/MSDS\/W10804_MSDS_Croate.pdf"},{"id":"30845","msds_language":"Hongrois","msds_file":"https:\/\/wynns2021.wpengine.com\/products\/MSDS\/W10804_MSDS_Hongrois.pdf"},{"id":"30846","msds_language":"Italian","msds_file":"https:\/\/wynns2021.wpengine.com\/products\/MSDS\/W10804_MSDS_IT.pdf"},{"id":"30847","msds_language":"Lituanien","msds_file":"https:\/\/wynns2021.wpengine.com\/products\/MSDS\/W10804_MSDS_Lituanien.pdf"},{"id":"30848","msds_language":"Letton","msds_file":"https:\/\/wynns2021.wpengine.com\/products\/MSDS\/W10804_MSDS_Letton.pdf"},{"id":"30849","msds_language":"Dutch","msds_file":"https:\/\/wynns2021.wpengine.com\/products\/MSDS\/W10804_MSDS_NL.pdf"},{"id":"30850","msds_language":"Norv\u00e9gien","msds_file":"https:\/\/wynns2021.wpengine.com\/products\/MSDS\/W10804_MSDS_Norv\u00e9gien.pdf"},{"id":"30851","msds_language":"Polonais","msds_file":"https:\/\/wynns2021.wpengine.com\/products\/MSDS\/W10804_MSDS_Polonais.pdf"},{"id":"30852","msds_language":"Portuguese","msds_file":"https:\/\/wynns2021.wpengine.com\/products\/MSDS\/W10804_MSDS_PT.pdf"},{"id":"30853","msds_language":"Roumain","msds_file":"https:\/\/wynns2021.wpengine.com\/products\/MSDS\/W10804_MSDS_Roumain.pdf"},{"id":"30854","msds_language":"Russian","msds_file":"https:\/\/wynns2021.wpengine.com\/products\/MSDS\/W10804_MSDS_RU.pdf"},{"id":"30855","msds_language":"Slovaque","msds_file":"https:\/\/wynns2021.wpengine.com\/products\/MSDS\/W10804_MSDS_Slovaque.pdf"},{"id":"30856","msds_language":"Slov\u00e8ne","msds_file":"https:\/\/wynns2021.wpengine.com\/products\/MSDS\/W10804_MSDS_Slov\u00e8ne.pdf"},{"id":"30857","msds_language":"Serbe","msds_file":"https:\/\/wynns2021.wpengine.com\/products\/MSDS\/W10804_MSDS_Serbe.pdf"},{"id":"30858","msds_language":"Su\u00e9dois","msds_file":"https:\/\/wynns2021.wpengine.com\/products\/MSDS\/W10804_MSDS_Su\u00e9dois.pdf"},{"id":"30859","msds_language":"Turc","msds_file":"https:\/\/wynns2021.wpengine.com\/products\/MSDS\/W10804_MSDS_Turc.pdf"}]}],"wynns_parts":[],"yoast_head":"<!-- This site is optimized with the Yoast SEO plugin v27.5 - https:\/\/yoast.com\/product\/yoast-seo-wordpress\/ -->\n<title>Exhaust Repair Putty | Wynn&#039;s Belgium<\/title>\n<meta name=\"description\" content=\"L&#039;Exhaust repair putty de Wynn&#039;s est un adh\u00e9sif silicate de sodium haute qualit\u00e9 pour joints durables, id\u00e9al pour r\u00e9parer les syst\u00e8mes d\u2019\u00e9chappement.\" \/>\n<meta name=\"robots\" content=\"index, follow, max-snippet:-1, max-image-preview:large, max-video-preview:-1\" \/>\n<link rel=\"canonical\" href=\"https:\/\/www.wynns.be\/fr\/produit\/exhaust-repair-putty\/\" \/>\n<meta property=\"og:locale\" content=\"fr_FR\" \/>\n<meta property=\"og:type\" content=\"article\" \/>\n<meta property=\"og:title\" content=\"Exhaust Repair Putty | Wynn&#039;s Belgium\" \/>\n<meta property=\"og:description\" content=\"L&#039;Exhaust repair putty de Wynn&#039;s est un adh\u00e9sif silicate de sodium haute qualit\u00e9 pour joints durables, id\u00e9al pour r\u00e9parer les syst\u00e8mes d\u2019\u00e9chappement.\" \/>\n<meta property=\"og:url\" content=\"https:\/\/www.wynns.be\/fr\/produit\/exhaust-repair-putty\/\" \/>\n<meta property=\"og:site_name\" content=\"Wynn&#039;s Belgium\" \/>\n<meta property=\"article:modified_time\" content=\"2025-05-30T11:45:23+00:00\" \/>\n<meta property=\"og:image\" content=\"https:\/\/www.wynns.be\/wp-content\/uploads\/sites\/12\/2025\/04\/W10804-Exhaust-Repair-Putty.jpg\" \/>\n\t<meta property=\"og:image:width\" content=\"1050\" \/>\n\t<meta property=\"og:image:height\" content=\"1050\" \/>\n\t<meta property=\"og:image:type\" content=\"image\/jpeg\" \/>\n<meta name=\"twitter:card\" content=\"summary_large_image\" \/>\n<script type=\"application\/ld+json\" class=\"yoast-schema-graph\">{\"@context\":\"https:\\\/\\\/schema.org\",\"@graph\":[{\"@type\":\"WebPage\",\"@id\":\"https:\\\/\\\/www.wynns.be\\\/fr\\\/produit\\\/exhaust-repair-putty\\\/\",\"url\":\"https:\\\/\\\/www.wynns.be\\\/fr\\\/produit\\\/exhaust-repair-putty\\\/\",\"name\":\"Exhaust Repair Putty | Wynn&#039;s Belgium\",\"isPartOf\":{\"@id\":\"https:\\\/\\\/www.wynns.be\\\/nl\\\/#website\"},\"primaryImageOfPage\":{\"@id\":\"https:\\\/\\\/www.wynns.be\\\/fr\\\/produit\\\/exhaust-repair-putty\\\/#primaryimage\"},\"image\":{\"@id\":\"https:\\\/\\\/www.wynns.be\\\/fr\\\/produit\\\/exhaust-repair-putty\\\/#primaryimage\"},\"thumbnailUrl\":\"https:\\\/\\\/www.wynns.be\\\/wp-content\\\/uploads\\\/sites\\\/12\\\/2025\\\/04\\\/W10804-Exhaust-Repair-Putty.jpg\",\"datePublished\":\"2025-04-30T13:59:10+00:00\",\"dateModified\":\"2025-05-30T11:45:23+00:00\",\"description\":\"L'Exhaust repair putty de Wynn's est un adh\u00e9sif silicate de sodium haute qualit\u00e9 pour joints durables, id\u00e9al pour r\u00e9parer les syst\u00e8mes d\u2019\u00e9chappement.\",\"breadcrumb\":{\"@id\":\"https:\\\/\\\/www.wynns.be\\\/fr\\\/produit\\\/exhaust-repair-putty\\\/#breadcrumb\"},\"inLanguage\":\"fr-BE\",\"potentialAction\":[{\"@type\":\"ReadAction\",\"target\":[\"https:\\\/\\\/www.wynns.be\\\/fr\\\/produit\\\/exhaust-repair-putty\\\/\"]}]},{\"@type\":\"ImageObject\",\"inLanguage\":\"fr-BE\",\"@id\":\"https:\\\/\\\/www.wynns.be\\\/fr\\\/produit\\\/exhaust-repair-putty\\\/#primaryimage\",\"url\":\"https:\\\/\\\/www.wynns.be\\\/wp-content\\\/uploads\\\/sites\\\/12\\\/2025\\\/04\\\/W10804-Exhaust-Repair-Putty.jpg\",\"contentUrl\":\"https:\\\/\\\/www.wynns.be\\\/wp-content\\\/uploads\\\/sites\\\/12\\\/2025\\\/04\\\/W10804-Exhaust-Repair-Putty.jpg\",\"width\":1050,\"height\":1050},{\"@type\":\"BreadcrumbList\",\"@id\":\"https:\\\/\\\/www.wynns.be\\\/fr\\\/produit\\\/exhaust-repair-putty\\\/#breadcrumb\",\"itemListElement\":[{\"@type\":\"ListItem\",\"position\":1,\"name\":\"Home\",\"item\":\"https:\\\/\\\/www.wynns.be\\\/fr\\\/\"},{\"@type\":\"ListItem\",\"position\":2,\"name\":\"Produits\",\"item\":\"https:\\\/\\\/www.wynns.be\\\/fr\\\/shop\\\/\"},{\"@type\":\"ListItem\",\"position\":3,\"name\":\"Exhaust Repair Putty\"}]},{\"@type\":\"WebSite\",\"@id\":\"https:\\\/\\\/www.wynns.be\\\/nl\\\/#website\",\"url\":\"https:\\\/\\\/www.wynns.be\\\/nl\\\/\",\"name\":\"Wynn&#039;s Belgium\",\"description\":\"Specialist in additives\",\"potentialAction\":[{\"@type\":\"SearchAction\",\"target\":{\"@type\":\"EntryPoint\",\"urlTemplate\":\"https:\\\/\\\/www.wynns.be\\\/nl\\\/?s={search_term_string}\"},\"query-input\":{\"@type\":\"PropertyValueSpecification\",\"valueRequired\":true,\"valueName\":\"search_term_string\"}}],\"inLanguage\":\"fr-BE\"}]}<\/script>\n<!-- \/ Yoast SEO plugin. -->","yoast_head_json":{"title":"Exhaust Repair Putty | Wynn&#039;s Belgium","description":"L'Exhaust repair putty de Wynn's est un adh\u00e9sif silicate de sodium haute qualit\u00e9 pour joints durables, id\u00e9al pour r\u00e9parer les syst\u00e8mes d\u2019\u00e9chappement.","robots":{"index":"index","follow":"follow","max-snippet":"max-snippet:-1","max-image-preview":"max-image-preview:large","max-video-preview":"max-video-preview:-1"},"canonical":"https:\/\/www.wynns.be\/fr\/produit\/exhaust-repair-putty\/","og_locale":"fr_FR","og_type":"article","og_title":"Exhaust Repair Putty | Wynn&#039;s Belgium","og_description":"L'Exhaust repair putty de Wynn's est un adh\u00e9sif silicate de sodium haute qualit\u00e9 pour joints durables, id\u00e9al pour r\u00e9parer les syst\u00e8mes d\u2019\u00e9chappement.","og_url":"https:\/\/www.wynns.be\/fr\/produit\/exhaust-repair-putty\/","og_site_name":"Wynn&#039;s Belgium","article_modified_time":"2025-05-30T11:45:23+00:00","og_image":[{"width":1050,"height":1050,"url":"https:\/\/www.wynns.be\/wp-content\/uploads\/sites\/12\/2025\/04\/W10804-Exhaust-Repair-Putty.jpg","type":"image\/jpeg"}],"twitter_card":"summary_large_image","schema":{"@context":"https:\/\/schema.org","@graph":[{"@type":"WebPage","@id":"https:\/\/www.wynns.be\/fr\/produit\/exhaust-repair-putty\/","url":"https:\/\/www.wynns.be\/fr\/produit\/exhaust-repair-putty\/","name":"Exhaust Repair Putty | Wynn&#039;s Belgium","isPartOf":{"@id":"https:\/\/www.wynns.be\/nl\/#website"},"primaryImageOfPage":{"@id":"https:\/\/www.wynns.be\/fr\/produit\/exhaust-repair-putty\/#primaryimage"},"image":{"@id":"https:\/\/www.wynns.be\/fr\/produit\/exhaust-repair-putty\/#primaryimage"},"thumbnailUrl":"https:\/\/www.wynns.be\/wp-content\/uploads\/sites\/12\/2025\/04\/W10804-Exhaust-Repair-Putty.jpg","datePublished":"2025-04-30T13:59:10+00:00","dateModified":"2025-05-30T11:45:23+00:00","description":"L'Exhaust repair putty de Wynn's est un adh\u00e9sif silicate de sodium haute qualit\u00e9 pour joints durables, id\u00e9al pour r\u00e9parer les syst\u00e8mes d\u2019\u00e9chappement.","breadcrumb":{"@id":"https:\/\/www.wynns.be\/fr\/produit\/exhaust-repair-putty\/#breadcrumb"},"inLanguage":"fr-BE","potentialAction":[{"@type":"ReadAction","target":["https:\/\/www.wynns.be\/fr\/produit\/exhaust-repair-putty\/"]}]},{"@type":"ImageObject","inLanguage":"fr-BE","@id":"https:\/\/www.wynns.be\/fr\/produit\/exhaust-repair-putty\/#primaryimage","url":"https:\/\/www.wynns.be\/wp-content\/uploads\/sites\/12\/2025\/04\/W10804-Exhaust-Repair-Putty.jpg","contentUrl":"https:\/\/www.wynns.be\/wp-content\/uploads\/sites\/12\/2025\/04\/W10804-Exhaust-Repair-Putty.jpg","width":1050,"height":1050},{"@type":"BreadcrumbList","@id":"https:\/\/www.wynns.be\/fr\/produit\/exhaust-repair-putty\/#breadcrumb","itemListElement":[{"@type":"ListItem","position":1,"name":"Home","item":"https:\/\/www.wynns.be\/fr\/"},{"@type":"ListItem","position":2,"name":"Produits","item":"https:\/\/www.wynns.be\/fr\/shop\/"},{"@type":"ListItem","position":3,"name":"Exhaust Repair Putty"}]},{"@type":"WebSite","@id":"https:\/\/www.wynns.be\/nl\/#website","url":"https:\/\/www.wynns.be\/nl\/","name":"Wynn&#039;s Belgium","description":"Specialist in additives","potentialAction":[{"@type":"SearchAction","target":{"@type":"EntryPoint","urlTemplate":"https:\/\/www.wynns.be\/nl\/?s={search_term_string}"},"query-input":{"@type":"PropertyValueSpecification","valueRequired":true,"valueName":"search_term_string"}}],"inLanguage":"fr-BE"}]}},"toolset-meta":{"toolset-woocommerce-fields-3":[],"toolset-woocommerce-fields-2":[],"toolset-woocommerce-fields":{"_download_limit":{"type":"numeric","raw":"-1"},"_virtual":{"type":"checkbox","raw":"no"},"_downloadable":{"type":"checkbox","raw":"no"},"_download_expiry":{"type":"numeric","raw":"-1"},"_download_type":{"type":"radio","raw":""},"_regular_price":{"type":"numeric","raw":""},"_sale_price":{"type":"numeric","raw":""},"_sale_price_dates_from":{"type":"date","raw":"","formatted":null},"_sale_price_dates_to":{"type":"date","raw":"","formatted":null},"_sku":{"type":"textfield","raw":"W10804"},"_manage_stock":{"type":"checkbox","raw":"no"},"_stock_status":{"type":"radio","raw":"instock"},"_stock":{"type":"numeric","raw":null},"_backorders":{"type":"radio","raw":"no"},"_sold_individually":{"type":"checkbox","raw":"no"},"_width":{"type":"numeric","raw":""},"_weight":{"type":"numeric","raw":""},"_length":{"type":"numeric","raw":""},"_purchase_note":{"type":"textarea","raw":""}},"parts":[],"compatibility":{"engine":{"type":"select","raw":"Petrol &amp; Hybrid petrol, Diesel &amp; Hybrid diesel"},"fuel":{"type":"select","raw":""},"extra-compatibility-text":{"type":"textfield","raw":""}},"how-to-use":{"how-to-use-image":{"type":"image","raw":"","attachment_id":null},"step":{"type":"textfield","raw":[""]},"how-to-use-extra-information":{"type":"textfield","raw":"Assurez-vous que la zone \u00e0 r\u00e9parer est propre et exempte de rouille. Le produit doit \u00eatre appliqu\u00e9 \u00e0 l'aide d'un couteau, en for\u00e7ant dans toute la fissure pour lui donner de la force.  Si n\u00e9cessaire, ramollir le mastic avec de l'eau. Apr\u00e8s utilisation, replacer fermement le couvercle sur le r\u00e9cipient. Une fois le mastic appliqu\u00e9, d\u00e9marrez le moteur et laissez-le tourner au ralenti pendant quelques minutes afin d'acc\u00e9l\u00e9rer le processus de durcissement et d'am\u00e9liorer l'adh\u00e9rence. Une fois compl\u00e8tement sec, le syst\u00e8me d'\u00e9chappement est pr\u00eat pour une utilisation normale."}},"product-additional-info":{"print-screen-images":{"type":"file","raw":"","attachment_id":null}},"product-video":{"youtube-id":{"type":"textfield","raw":""}},"product-info":{"product-features":{"type":"textfield","raw":["P\u00e2te pr\u00eate \u00e0 l'emploi. R\u00e9siste \u00e0 la chaleur jusqu'\u00e0 1000\u00b0C. ","Colle une grande vari\u00e9t\u00e9 de mat\u00e9riaux. ","Collage antid\u00e9rapant. Sans amiante. ","Prise rapide, surtout sous l'effet de la chaleur."]}}},"_links":{"self":[{"href":"https:\/\/www.wynns.be\/fr\/wp-json\/wp\/v2\/product\/30799","targetHints":{"allow":["GET"]}}],"collection":[{"href":"https:\/\/www.wynns.be\/fr\/wp-json\/wp\/v2\/product"}],"about":[{"href":"https:\/\/www.wynns.be\/fr\/wp-json\/wp\/v2\/types\/product"}],"wp:featuredmedia":[{"embeddable":true,"href":"https:\/\/www.wynns.be\/fr\/wp-json\/wp\/v2\/media\/30764"}],"wp:attachment":[{"href":"https:\/\/www.wynns.be\/fr\/wp-json\/wp\/v2\/media?parent=30799"}],"wp:term":[{"taxonomy":"product_brand","embeddable":true,"href":"https:\/\/www.wynns.be\/fr\/wp-json\/wp\/v2\/product_brand?post=30799"},{"taxonomy":"product_cat","embeddable":true,"href":"https:\/\/www.wynns.be\/fr\/wp-json\/wp\/v2\/product_cat?post=30799"},{"taxonomy":"product_tag","embeddable":true,"href":"https:\/\/www.wynns.be\/fr\/wp-json\/wp\/v2\/product_tag?post=30799"},{"taxonomy":"audience","embeddable":true,"href":"https:\/\/www.wynns.be\/fr\/wp-json\/wp\/v2\/audience?post=30799"},{"taxonomy":"usage","embeddable":true,"href":"https:\/\/www.wynns.be\/fr\/wp-json\/wp\/v2\/usage?post=30799"}],"curies":[{"name":"wp","href":"https:\/\/api.w.org\/{rel}","templated":true}]}}