{"id":31430,"date":"2021-03-22T10:35:45","date_gmt":"2021-03-22T10:35:45","guid":{"rendered":"https:\/\/www.wynns.be\/product\/airco-clean-ultrasonic-for-cars\/"},"modified":"2026-02-13T10:26:00","modified_gmt":"2026-02-13T10:26:00","slug":"airco-clean-ultrasonic-for-cars","status":"publish","type":"product","link":"https:\/\/www.wynns.be\/fr\/produit\/airco-clean-ultrasonic-for-cars\/","title":{"rendered":"Airco-Clean\u00ae Disinfectant"},"content":{"rendered":"<p>Nettoyage et d\u00e9sinfection de la climatisation (y compris l&#8217;\u00e9vaporateur et le filtre).<\/p>\n","protected":false},"excerpt":{"rendered":"<p>\u00e0 utiliser avec l&#8217;Aircomatic\u00ae Wynn&#8217;s<\/p>\n","protected":false},"featured_media":31313,"template":"","meta":{"inline_featured_image":false},"product_brand":[],"product_cat":[1284,1858],"product_tag":[1869,1870,1883,3522,1884],"audience":[1212],"usage":[],"class_list":{"0":"post-31430","1":"product","2":"type-product","3":"status-publish","4":"has-post-thumbnail","6":"product_cat-professionnel","7":"product_cat-sanitising-a-c-professionnel","8":"product_tag-airco-fr","9":"product_tag-clim","10":"product_tag-w20105-fr","11":"product_tag-w30205-fr-2","12":"product_tag-w30274-fr","13":"audience-audience-professionals-fr","15":"first","16":"instock","17":"product-type-simple"},"wynns_product_variations":[{"id":"31518","product_code":"W20201","capacity_ml":"100","units_per_case":"12","packaging_language":"EN, FR, DE, RU, NL, PL, HU","ean13_barcode":"5411693302053","tds":[{"id":"31729","tds_language":"Anglais","tds_file":"https:\/\/wynns2021.wpengine.com\/products\/TDS\/W20201_TDS_EN.pdf"}],"msds":[{"id":"31730","msds_language":"English","msds_file":"https:\/\/wynns2021.wpengine.com\/products\/MSDS\/W20201_MSDS_EN.pdf"}]}],"wynns_parts":[{"name":"Surfaces de la climatisation","rating":"5"},{"name":"Surfaces int\u00e9rieures du v\u00e9hicules","rating":"2"}],"yoast_head":"<!-- This site is optimized with the Yoast SEO plugin v27.5 - https:\/\/yoast.com\/product\/yoast-seo-wordpress\/ -->\n<title>Airco-Clean\u00ae Disinfectant | Wynn&#039;s Belgium<\/title>\n<meta name=\"description\" content=\"Une solution efficace pour nettoyer et d\u00e9sinfecter le syst\u00e8me de climatisation, \u00e9liminer les bact\u00e9ries, les odeurs et les contaminants afin d&#039;am\u00e9liorer la qualit\u00e9 de l&#039;air.\" \/>\n<meta name=\"robots\" content=\"index, follow, max-snippet:-1, max-image-preview:large, max-video-preview:-1\" \/>\n<link rel=\"canonical\" href=\"https:\/\/www.wynns.be\/fr\/produit\/airco-clean-ultrasonic-for-cars\/\" \/>\n<meta property=\"og:locale\" content=\"fr_FR\" \/>\n<meta property=\"og:type\" content=\"article\" \/>\n<meta property=\"og:title\" content=\"Airco-Clean\u00ae Disinfectant | Wynn&#039;s Belgium\" \/>\n<meta property=\"og:description\" content=\"Une solution efficace pour nettoyer et d\u00e9sinfecter le syst\u00e8me de climatisation, \u00e9liminer les bact\u00e9ries, les odeurs et les contaminants afin d&#039;am\u00e9liorer la qualit\u00e9 de l&#039;air.\" \/>\n<meta property=\"og:url\" content=\"https:\/\/www.wynns.be\/fr\/produit\/airco-clean-ultrasonic-for-cars\/\" \/>\n<meta property=\"og:site_name\" content=\"Wynn&#039;s Belgium\" \/>\n<meta property=\"article:modified_time\" content=\"2026-02-13T10:26:00+00:00\" \/>\n<meta property=\"og:image\" content=\"https:\/\/www.wynns.be\/wp-content\/uploads\/sites\/12\/2026\/01\/W20201-resized.png\" \/>\n\t<meta property=\"og:image:width\" content=\"1050\" \/>\n\t<meta property=\"og:image:height\" content=\"1050\" \/>\n\t<meta property=\"og:image:type\" content=\"image\/png\" \/>\n<meta name=\"twitter:card\" content=\"summary_large_image\" \/>\n<script type=\"application\/ld+json\" class=\"yoast-schema-graph\">{\"@context\":\"https:\\\/\\\/schema.org\",\"@graph\":[{\"@type\":\"WebPage\",\"@id\":\"https:\\\/\\\/www.wynns.be\\\/fr\\\/produit\\\/airco-clean-ultrasonic-for-cars\\\/\",\"url\":\"https:\\\/\\\/www.wynns.be\\\/fr\\\/produit\\\/airco-clean-ultrasonic-for-cars\\\/\",\"name\":\"Airco-Clean\u00ae Disinfectant | Wynn&#039;s Belgium\",\"isPartOf\":{\"@id\":\"https:\\\/\\\/www.wynns.be\\\/nl\\\/#website\"},\"primaryImageOfPage\":{\"@id\":\"https:\\\/\\\/www.wynns.be\\\/fr\\\/produit\\\/airco-clean-ultrasonic-for-cars\\\/#primaryimage\"},\"image\":{\"@id\":\"https:\\\/\\\/www.wynns.be\\\/fr\\\/produit\\\/airco-clean-ultrasonic-for-cars\\\/#primaryimage\"},\"thumbnailUrl\":\"https:\\\/\\\/www.wynns.be\\\/wp-content\\\/uploads\\\/sites\\\/12\\\/2026\\\/01\\\/W20201-resized.png\",\"datePublished\":\"2021-03-22T10:35:45+00:00\",\"dateModified\":\"2026-02-13T10:26:00+00:00\",\"description\":\"Une solution efficace pour nettoyer et d\u00e9sinfecter le syst\u00e8me de climatisation, \u00e9liminer les bact\u00e9ries, les odeurs et les contaminants afin d'am\u00e9liorer la qualit\u00e9 de l'air.\",\"breadcrumb\":{\"@id\":\"https:\\\/\\\/www.wynns.be\\\/fr\\\/produit\\\/airco-clean-ultrasonic-for-cars\\\/#breadcrumb\"},\"inLanguage\":\"fr-BE\",\"potentialAction\":[{\"@type\":\"ReadAction\",\"target\":[\"https:\\\/\\\/www.wynns.be\\\/fr\\\/produit\\\/airco-clean-ultrasonic-for-cars\\\/\"]}]},{\"@type\":\"ImageObject\",\"inLanguage\":\"fr-BE\",\"@id\":\"https:\\\/\\\/www.wynns.be\\\/fr\\\/produit\\\/airco-clean-ultrasonic-for-cars\\\/#primaryimage\",\"url\":\"https:\\\/\\\/www.wynns.be\\\/wp-content\\\/uploads\\\/sites\\\/12\\\/2026\\\/01\\\/W20201-resized.png\",\"contentUrl\":\"https:\\\/\\\/www.wynns.be\\\/wp-content\\\/uploads\\\/sites\\\/12\\\/2026\\\/01\\\/W20201-resized.png\",\"width\":1050,\"height\":1050,\"caption\":\"New airco clean disinfectant wynn's\"},{\"@type\":\"BreadcrumbList\",\"@id\":\"https:\\\/\\\/www.wynns.be\\\/fr\\\/produit\\\/airco-clean-ultrasonic-for-cars\\\/#breadcrumb\",\"itemListElement\":[{\"@type\":\"ListItem\",\"position\":1,\"name\":\"Home\",\"item\":\"https:\\\/\\\/www.wynns.be\\\/fr\\\/\"},{\"@type\":\"ListItem\",\"position\":2,\"name\":\"Produits\",\"item\":\"https:\\\/\\\/www.wynns.be\\\/fr\\\/shop\\\/\"},{\"@type\":\"ListItem\",\"position\":3,\"name\":\"Airco-Clean\u00ae Disinfectant\"}]},{\"@type\":\"WebSite\",\"@id\":\"https:\\\/\\\/www.wynns.be\\\/nl\\\/#website\",\"url\":\"https:\\\/\\\/www.wynns.be\\\/nl\\\/\",\"name\":\"Wynn&#039;s Belgium\",\"description\":\"Specialist in additives\",\"potentialAction\":[{\"@type\":\"SearchAction\",\"target\":{\"@type\":\"EntryPoint\",\"urlTemplate\":\"https:\\\/\\\/www.wynns.be\\\/nl\\\/?s={search_term_string}\"},\"query-input\":{\"@type\":\"PropertyValueSpecification\",\"valueRequired\":true,\"valueName\":\"search_term_string\"}}],\"inLanguage\":\"fr-BE\"}]}<\/script>\n<!-- \/ Yoast SEO plugin. -->","yoast_head_json":{"title":"Airco-Clean\u00ae Disinfectant | Wynn&#039;s Belgium","description":"Une solution efficace pour nettoyer et d\u00e9sinfecter le syst\u00e8me de climatisation, \u00e9liminer les bact\u00e9ries, les odeurs et les contaminants afin d'am\u00e9liorer la qualit\u00e9 de l'air.","robots":{"index":"index","follow":"follow","max-snippet":"max-snippet:-1","max-image-preview":"max-image-preview:large","max-video-preview":"max-video-preview:-1"},"canonical":"https:\/\/www.wynns.be\/fr\/produit\/airco-clean-ultrasonic-for-cars\/","og_locale":"fr_FR","og_type":"article","og_title":"Airco-Clean\u00ae Disinfectant | Wynn&#039;s Belgium","og_description":"Une solution efficace pour nettoyer et d\u00e9sinfecter le syst\u00e8me de climatisation, \u00e9liminer les bact\u00e9ries, les odeurs et les contaminants afin d'am\u00e9liorer la qualit\u00e9 de l'air.","og_url":"https:\/\/www.wynns.be\/fr\/produit\/airco-clean-ultrasonic-for-cars\/","og_site_name":"Wynn&#039;s Belgium","article_modified_time":"2026-02-13T10:26:00+00:00","og_image":[{"width":1050,"height":1050,"url":"https:\/\/www.wynns.be\/wp-content\/uploads\/sites\/12\/2026\/01\/W20201-resized.png","type":"image\/png"}],"twitter_card":"summary_large_image","schema":{"@context":"https:\/\/schema.org","@graph":[{"@type":"WebPage","@id":"https:\/\/www.wynns.be\/fr\/produit\/airco-clean-ultrasonic-for-cars\/","url":"https:\/\/www.wynns.be\/fr\/produit\/airco-clean-ultrasonic-for-cars\/","name":"Airco-Clean\u00ae Disinfectant | Wynn&#039;s Belgium","isPartOf":{"@id":"https:\/\/www.wynns.be\/nl\/#website"},"primaryImageOfPage":{"@id":"https:\/\/www.wynns.be\/fr\/produit\/airco-clean-ultrasonic-for-cars\/#primaryimage"},"image":{"@id":"https:\/\/www.wynns.be\/fr\/produit\/airco-clean-ultrasonic-for-cars\/#primaryimage"},"thumbnailUrl":"https:\/\/www.wynns.be\/wp-content\/uploads\/sites\/12\/2026\/01\/W20201-resized.png","datePublished":"2021-03-22T10:35:45+00:00","dateModified":"2026-02-13T10:26:00+00:00","description":"Une solution efficace pour nettoyer et d\u00e9sinfecter le syst\u00e8me de climatisation, \u00e9liminer les bact\u00e9ries, les odeurs et les contaminants afin d'am\u00e9liorer la qualit\u00e9 de l'air.","breadcrumb":{"@id":"https:\/\/www.wynns.be\/fr\/produit\/airco-clean-ultrasonic-for-cars\/#breadcrumb"},"inLanguage":"fr-BE","potentialAction":[{"@type":"ReadAction","target":["https:\/\/www.wynns.be\/fr\/produit\/airco-clean-ultrasonic-for-cars\/"]}]},{"@type":"ImageObject","inLanguage":"fr-BE","@id":"https:\/\/www.wynns.be\/fr\/produit\/airco-clean-ultrasonic-for-cars\/#primaryimage","url":"https:\/\/www.wynns.be\/wp-content\/uploads\/sites\/12\/2026\/01\/W20201-resized.png","contentUrl":"https:\/\/www.wynns.be\/wp-content\/uploads\/sites\/12\/2026\/01\/W20201-resized.png","width":1050,"height":1050,"caption":"New airco clean disinfectant wynn's"},{"@type":"BreadcrumbList","@id":"https:\/\/www.wynns.be\/fr\/produit\/airco-clean-ultrasonic-for-cars\/#breadcrumb","itemListElement":[{"@type":"ListItem","position":1,"name":"Home","item":"https:\/\/www.wynns.be\/fr\/"},{"@type":"ListItem","position":2,"name":"Produits","item":"https:\/\/www.wynns.be\/fr\/shop\/"},{"@type":"ListItem","position":3,"name":"Airco-Clean\u00ae Disinfectant"}]},{"@type":"WebSite","@id":"https:\/\/www.wynns.be\/nl\/#website","url":"https:\/\/www.wynns.be\/nl\/","name":"Wynn&#039;s Belgium","description":"Specialist in additives","potentialAction":[{"@type":"SearchAction","target":{"@type":"EntryPoint","urlTemplate":"https:\/\/www.wynns.be\/nl\/?s={search_term_string}"},"query-input":{"@type":"PropertyValueSpecification","valueRequired":true,"valueName":"search_term_string"}}],"inLanguage":"fr-BE"}]}},"toolset-meta":{"toolset-woocommerce-fields-3":[],"toolset-woocommerce-fields-2":[],"toolset-woocommerce-fields":{"_download_limit":{"type":"numeric","raw":"-1"},"_virtual":{"type":"checkbox","raw":"no"},"_downloadable":{"type":"checkbox","raw":"no"},"_download_expiry":{"type":"numeric","raw":"-1"},"_download_type":{"type":"radio","raw":""},"_regular_price":{"type":"numeric","raw":""},"_sale_price":{"type":"numeric","raw":""},"_sale_price_dates_from":{"type":"date","raw":"","formatted":null},"_sale_price_dates_to":{"type":"date","raw":"","formatted":null},"_sku":{"type":"textfield","raw":"W20201"},"_manage_stock":{"type":"checkbox","raw":"no"},"_stock_status":{"type":"radio","raw":"instock"},"_stock":{"type":"numeric","raw":null},"_backorders":{"type":"radio","raw":"no"},"_sold_individually":{"type":"checkbox","raw":"no"},"_width":{"type":"numeric","raw":""},"_weight":{"type":"numeric","raw":""},"_length":{"type":"numeric","raw":""},"_purchase_note":{"type":"textarea","raw":""}},"parts":[],"compatibility":{"engine":{"type":"select","raw":"Petrol &amp; Hybrid petrol, Diesel &amp; Hybrid diesel"},"fuel":{"type":"select","raw":""},"extra-compatibility-text":{"type":"textfield","raw":"Syst\u00e8mes de climatisation des voitures, camions et bus. \u00c0 utiliser avec la machine Wynn's Aircomatic\u00ae."}},"how-to-use":{"how-to-use-image":{"type":"image","raw":"","attachment_id":null},"step":{"type":"textfield","raw":[""]},"how-to-use-extra-information":{"type":"textfield","raw":"Le traitement doit \u00eatre effectu\u00e9 une ou deux fois par an ou \u00e0 chaque fois que le syst\u00e8me de climatisation doit \u00eatre nettoy\u00e9 et d\u00e9sinfect\u00e9. \u00c0 utiliser avec la machine Wynn's Aircomatic\u00ae."}},"product-additional-info":{"print-screen-images":{"type":"file","raw":"","attachment_id":null}},"product-video":{"youtube-id":{"type":"textfield","raw":"7IeA9c9ABYU"}},"product-info":{"product-features":{"type":"textfield","raw":["\u00c9limine les d\u00e9p\u00f4ts graisseux, la poussi\u00e8re et autres salet\u00e9s de l'\u00e9vaporateur de la climatisation. ","Neutralise la contamination microbienne, les champignons et les bact\u00e9ries dans le syst\u00e8me de climatisation.","Pr\u00e9vient les r\u00e9actions allergiques (\u00e9ternuements, toux, irritation des yeux, maux de gorge). ","Gr\u00e2ce \u00e0 la n\u00e9bulisation tr\u00e8s fine de Wynn's Aircomatic\u00ae, une dispersion fine et une action sur l'\u00e9vaporateur sont assur\u00e9es. "]}}},"_links":{"self":[{"href":"https:\/\/www.wynns.be\/fr\/wp-json\/wp\/v2\/product\/31430","targetHints":{"allow":["GET"]}}],"collection":[{"href":"https:\/\/www.wynns.be\/fr\/wp-json\/wp\/v2\/product"}],"about":[{"href":"https:\/\/www.wynns.be\/fr\/wp-json\/wp\/v2\/types\/product"}],"wp:featuredmedia":[{"embeddable":true,"href":"https:\/\/www.wynns.be\/fr\/wp-json\/wp\/v2\/media\/31313"}],"wp:attachment":[{"href":"https:\/\/www.wynns.be\/fr\/wp-json\/wp\/v2\/media?parent=31430"}],"wp:term":[{"taxonomy":"product_brand","embeddable":true,"href":"https:\/\/www.wynns.be\/fr\/wp-json\/wp\/v2\/product_brand?post=31430"},{"taxonomy":"product_cat","embeddable":true,"href":"https:\/\/www.wynns.be\/fr\/wp-json\/wp\/v2\/product_cat?post=31430"},{"taxonomy":"product_tag","embeddable":true,"href":"https:\/\/www.wynns.be\/fr\/wp-json\/wp\/v2\/product_tag?post=31430"},{"taxonomy":"audience","embeddable":true,"href":"https:\/\/www.wynns.be\/fr\/wp-json\/wp\/v2\/audience?post=31430"},{"taxonomy":"usage","embeddable":true,"href":"https:\/\/www.wynns.be\/fr\/wp-json\/wp\/v2\/usage?post=31430"}],"curies":[{"name":"wp","href":"https:\/\/api.w.org\/{rel}","templated":true}]}}