{"id":31432,"date":"2021-03-23T12:09:46","date_gmt":"2021-03-23T12:09:46","guid":{"rendered":"https:\/\/www.wynns.be\/product\/aircomatic-iii\/"},"modified":"2026-01-29T13:52:23","modified_gmt":"2026-01-29T13:52:23","slug":"aircomatic-iii","status":"publish","type":"product","link":"https:\/\/www.wynns.be\/fr\/produit\/aircomatic-iii\/","title":{"rendered":"Aircomatic\u00ae III"},"content":{"rendered":"<p>D\u00e9sinfectez et nettoyez votre syst\u00e8me de climatisation avec le n\u00e9buliseur ultrasonique 3 en 1 de Wynn&#8217;s. L&#8217;Aircomatic\u00ae III doit \u00eatre utilis\u00e9 avec les produits Airco-Clean\u00ae de Wynn&#8217;s :<\/p>\n<ul>\n<li>Wynn&#8217;s Airco-Clean\u00ae Disinfectant,<\/li>\n<li>Wynn&#8217;s Airco-Clean\u00ae Probiotics,<\/li>\n<li>Wynn&#8217;s Air Purifier.<\/li>\n<\/ul>\n","protected":false},"excerpt":{"rendered":"<p>N\u00e9bulisation ultrasonique<\/p>\n","protected":false},"featured_media":31322,"template":"","meta":{"inline_featured_image":false},"product_brand":[],"product_cat":[1284,1858],"product_tag":[1886,1869,1859,1887,1888,1860,1582,1889,1870,1871,1876,1875,1878,1877,1890,1861,1862,1863,1864,1865,1866,1867,1882,1881,1891],"audience":[1212],"usage":[1301,1302],"class_list":{"0":"post-31432","1":"product","2":"type-product","3":"status-publish","4":"has-post-thumbnail","6":"product_cat-professionnel","7":"product_cat-sanitising-a-c-professionnel","8":"product_tag-a-c-fr","9":"product_tag-airco-fr","10":"product_tag-aircomatic-fr","11":"product_tag-allergie","12":"product_tag-allergies-fr","13":"product_tag-animaux","14":"product_tag-bacteries","15":"product_tag-cabine","16":"product_tag-clim","17":"product_tag-climatisation","18":"product_tag-desinfecter-fr","19":"product_tag-desinfecter","20":"product_tag-desinfection-fr-2","21":"product_tag-desinfection-fr","22":"product_tag-moisissures","23":"product_tag-moleculaire","24":"product_tag-molecule-fr","25":"product_tag-molecules-fr","26":"product_tag-odeur-fr","27":"product_tag-ozone-fr","28":"product_tag-purificateur","29":"product_tag-purifier-fr","30":"product_tag-virus-fr-2","31":"product_tag-virus-fr","32":"product_tag-w68480-fr-2","33":"audience-audience-professionals-fr","34":"usage-entretien-regulier","35":"usage-resolution-de-problemes","37":"first","38":"instock","39":"product-type-simple"},"wynns_product_variations":[{"id":"31721","product_code":"W68485","capacity_ml":"","units_per_case":"1","packaging_language":"","ean13_barcode":"5411693684807","tds":[{"id":"31725","tds_language":"N\u00e9erlandais","tds_file":"https:\/\/wynns2021.wpengine.com\/products\/TDS\/W68485_TDS_NL.pdf"},{"id":"31724","tds_language":"Fran\u00e7ais","tds_file":"https:\/\/wynns2021.wpengine.com\/products\/TDS\/W68485_TDS_FR.pdf"},{"id":"31723","tds_language":"Anglais","tds_file":"https:\/\/wynns2021.wpengine.com\/products\/TDS\/W68485_TDS_EN.pdf"}],"msds":[{"id":"31727","msds_language":"English","msds_file":"https:\/\/wynns2021.wpengine.com\/products\/MSDS\/W68485_MSDS_EN.pdf"}]}],"wynns_parts":[{"name":"Surfaces de la climatisation","rating":"5"},{"name":"Int\u00e9rieur du v\u00e9hicule","rating":"2"}],"yoast_head":"<!-- This site is optimized with the Yoast SEO plugin v27.5 - https:\/\/yoast.com\/product\/yoast-seo-wordpress\/ -->\n<title>Aircomatic\u00ae III | Wynn&#039;s Belgium<\/title>\n<meta name=\"description\" content=\"Nettoyage et d\u00e9sinfection professionnels du syst\u00e8me de climatisation avec le n\u00e9buliseur \u00e0 ultrasons Wynn&#039;s pour une meilleure qualit\u00e9 de l&#039;air.\" \/>\n<meta name=\"robots\" content=\"index, follow, max-snippet:-1, max-image-preview:large, max-video-preview:-1\" \/>\n<link rel=\"canonical\" href=\"https:\/\/www.wynns.be\/fr\/produit\/aircomatic-iii\/\" \/>\n<meta property=\"og:locale\" content=\"fr_FR\" \/>\n<meta property=\"og:type\" content=\"article\" \/>\n<meta property=\"og:title\" content=\"Aircomatic\u00ae III | Wynn&#039;s Belgium\" \/>\n<meta property=\"og:description\" content=\"Nettoyage et d\u00e9sinfection professionnels du syst\u00e8me de climatisation avec le n\u00e9buliseur \u00e0 ultrasons Wynn&#039;s pour une meilleure qualit\u00e9 de l&#039;air.\" \/>\n<meta property=\"og:url\" content=\"https:\/\/www.wynns.be\/fr\/produit\/aircomatic-iii\/\" \/>\n<meta property=\"og:site_name\" content=\"Wynn&#039;s Belgium\" \/>\n<meta property=\"article:modified_time\" content=\"2026-01-29T13:52:23+00:00\" \/>\n<meta property=\"og:image\" content=\"https:\/\/www.wynns.be\/wp-content\/uploads\/sites\/12\/2026\/01\/W68485-resized.png\" \/>\n\t<meta property=\"og:image:width\" content=\"1050\" \/>\n\t<meta property=\"og:image:height\" content=\"1050\" \/>\n\t<meta property=\"og:image:type\" content=\"image\/png\" \/>\n<meta name=\"twitter:card\" content=\"summary_large_image\" \/>\n<script type=\"application\/ld+json\" class=\"yoast-schema-graph\">{\"@context\":\"https:\\\/\\\/schema.org\",\"@graph\":[{\"@type\":\"WebPage\",\"@id\":\"https:\\\/\\\/www.wynns.be\\\/fr\\\/produit\\\/aircomatic-iii\\\/\",\"url\":\"https:\\\/\\\/www.wynns.be\\\/fr\\\/produit\\\/aircomatic-iii\\\/\",\"name\":\"Aircomatic\u00ae III | Wynn&#039;s Belgium\",\"isPartOf\":{\"@id\":\"https:\\\/\\\/www.wynns.be\\\/nl\\\/#website\"},\"primaryImageOfPage\":{\"@id\":\"https:\\\/\\\/www.wynns.be\\\/fr\\\/produit\\\/aircomatic-iii\\\/#primaryimage\"},\"image\":{\"@id\":\"https:\\\/\\\/www.wynns.be\\\/fr\\\/produit\\\/aircomatic-iii\\\/#primaryimage\"},\"thumbnailUrl\":\"https:\\\/\\\/www.wynns.be\\\/wp-content\\\/uploads\\\/sites\\\/12\\\/2026\\\/01\\\/W68485-resized.png\",\"datePublished\":\"2021-03-23T12:09:46+00:00\",\"dateModified\":\"2026-01-29T13:52:23+00:00\",\"description\":\"Nettoyage et d\u00e9sinfection professionnels du syst\u00e8me de climatisation avec le n\u00e9buliseur \u00e0 ultrasons Wynn's pour une meilleure qualit\u00e9 de l'air.\",\"breadcrumb\":{\"@id\":\"https:\\\/\\\/www.wynns.be\\\/fr\\\/produit\\\/aircomatic-iii\\\/#breadcrumb\"},\"inLanguage\":\"fr-BE\",\"potentialAction\":[{\"@type\":\"ReadAction\",\"target\":[\"https:\\\/\\\/www.wynns.be\\\/fr\\\/produit\\\/aircomatic-iii\\\/\"]}]},{\"@type\":\"ImageObject\",\"inLanguage\":\"fr-BE\",\"@id\":\"https:\\\/\\\/www.wynns.be\\\/fr\\\/produit\\\/aircomatic-iii\\\/#primaryimage\",\"url\":\"https:\\\/\\\/www.wynns.be\\\/wp-content\\\/uploads\\\/sites\\\/12\\\/2026\\\/01\\\/W68485-resized.png\",\"contentUrl\":\"https:\\\/\\\/www.wynns.be\\\/wp-content\\\/uploads\\\/sites\\\/12\\\/2026\\\/01\\\/W68485-resized.png\",\"width\":1050,\"height\":1050,\"caption\":\"Aircomatic\u00ae III\"},{\"@type\":\"BreadcrumbList\",\"@id\":\"https:\\\/\\\/www.wynns.be\\\/fr\\\/produit\\\/aircomatic-iii\\\/#breadcrumb\",\"itemListElement\":[{\"@type\":\"ListItem\",\"position\":1,\"name\":\"Home\",\"item\":\"https:\\\/\\\/www.wynns.be\\\/fr\\\/\"},{\"@type\":\"ListItem\",\"position\":2,\"name\":\"Produits\",\"item\":\"https:\\\/\\\/www.wynns.be\\\/fr\\\/shop\\\/\"},{\"@type\":\"ListItem\",\"position\":3,\"name\":\"Aircomatic\u00ae III\"}]},{\"@type\":\"WebSite\",\"@id\":\"https:\\\/\\\/www.wynns.be\\\/nl\\\/#website\",\"url\":\"https:\\\/\\\/www.wynns.be\\\/nl\\\/\",\"name\":\"Wynn&#039;s Belgium\",\"description\":\"Specialist in additives\",\"potentialAction\":[{\"@type\":\"SearchAction\",\"target\":{\"@type\":\"EntryPoint\",\"urlTemplate\":\"https:\\\/\\\/www.wynns.be\\\/nl\\\/?s={search_term_string}\"},\"query-input\":{\"@type\":\"PropertyValueSpecification\",\"valueRequired\":true,\"valueName\":\"search_term_string\"}}],\"inLanguage\":\"fr-BE\"}]}<\/script>\n<!-- \/ Yoast SEO plugin. -->","yoast_head_json":{"title":"Aircomatic\u00ae III | Wynn&#039;s Belgium","description":"Nettoyage et d\u00e9sinfection professionnels du syst\u00e8me de climatisation avec le n\u00e9buliseur \u00e0 ultrasons Wynn's pour une meilleure qualit\u00e9 de l'air.","robots":{"index":"index","follow":"follow","max-snippet":"max-snippet:-1","max-image-preview":"max-image-preview:large","max-video-preview":"max-video-preview:-1"},"canonical":"https:\/\/www.wynns.be\/fr\/produit\/aircomatic-iii\/","og_locale":"fr_FR","og_type":"article","og_title":"Aircomatic\u00ae III | Wynn&#039;s Belgium","og_description":"Nettoyage et d\u00e9sinfection professionnels du syst\u00e8me de climatisation avec le n\u00e9buliseur \u00e0 ultrasons Wynn's pour une meilleure qualit\u00e9 de l'air.","og_url":"https:\/\/www.wynns.be\/fr\/produit\/aircomatic-iii\/","og_site_name":"Wynn&#039;s Belgium","article_modified_time":"2026-01-29T13:52:23+00:00","og_image":[{"width":1050,"height":1050,"url":"https:\/\/www.wynns.be\/wp-content\/uploads\/sites\/12\/2026\/01\/W68485-resized.png","type":"image\/png"}],"twitter_card":"summary_large_image","schema":{"@context":"https:\/\/schema.org","@graph":[{"@type":"WebPage","@id":"https:\/\/www.wynns.be\/fr\/produit\/aircomatic-iii\/","url":"https:\/\/www.wynns.be\/fr\/produit\/aircomatic-iii\/","name":"Aircomatic\u00ae III | Wynn&#039;s Belgium","isPartOf":{"@id":"https:\/\/www.wynns.be\/nl\/#website"},"primaryImageOfPage":{"@id":"https:\/\/www.wynns.be\/fr\/produit\/aircomatic-iii\/#primaryimage"},"image":{"@id":"https:\/\/www.wynns.be\/fr\/produit\/aircomatic-iii\/#primaryimage"},"thumbnailUrl":"https:\/\/www.wynns.be\/wp-content\/uploads\/sites\/12\/2026\/01\/W68485-resized.png","datePublished":"2021-03-23T12:09:46+00:00","dateModified":"2026-01-29T13:52:23+00:00","description":"Nettoyage et d\u00e9sinfection professionnels du syst\u00e8me de climatisation avec le n\u00e9buliseur \u00e0 ultrasons Wynn's pour une meilleure qualit\u00e9 de l'air.","breadcrumb":{"@id":"https:\/\/www.wynns.be\/fr\/produit\/aircomatic-iii\/#breadcrumb"},"inLanguage":"fr-BE","potentialAction":[{"@type":"ReadAction","target":["https:\/\/www.wynns.be\/fr\/produit\/aircomatic-iii\/"]}]},{"@type":"ImageObject","inLanguage":"fr-BE","@id":"https:\/\/www.wynns.be\/fr\/produit\/aircomatic-iii\/#primaryimage","url":"https:\/\/www.wynns.be\/wp-content\/uploads\/sites\/12\/2026\/01\/W68485-resized.png","contentUrl":"https:\/\/www.wynns.be\/wp-content\/uploads\/sites\/12\/2026\/01\/W68485-resized.png","width":1050,"height":1050,"caption":"Aircomatic\u00ae III"},{"@type":"BreadcrumbList","@id":"https:\/\/www.wynns.be\/fr\/produit\/aircomatic-iii\/#breadcrumb","itemListElement":[{"@type":"ListItem","position":1,"name":"Home","item":"https:\/\/www.wynns.be\/fr\/"},{"@type":"ListItem","position":2,"name":"Produits","item":"https:\/\/www.wynns.be\/fr\/shop\/"},{"@type":"ListItem","position":3,"name":"Aircomatic\u00ae III"}]},{"@type":"WebSite","@id":"https:\/\/www.wynns.be\/nl\/#website","url":"https:\/\/www.wynns.be\/nl\/","name":"Wynn&#039;s Belgium","description":"Specialist in additives","potentialAction":[{"@type":"SearchAction","target":{"@type":"EntryPoint","urlTemplate":"https:\/\/www.wynns.be\/nl\/?s={search_term_string}"},"query-input":{"@type":"PropertyValueSpecification","valueRequired":true,"valueName":"search_term_string"}}],"inLanguage":"fr-BE"}]}},"toolset-meta":{"toolset-woocommerce-fields-3":[],"toolset-woocommerce-fields-2":[],"toolset-woocommerce-fields":{"_download_limit":{"type":"numeric","raw":"-1"},"_virtual":{"type":"checkbox","raw":"no"},"_downloadable":{"type":"checkbox","raw":"no"},"_download_expiry":{"type":"numeric","raw":"-1"},"_download_type":{"type":"radio","raw":""},"_regular_price":{"type":"numeric","raw":""},"_sale_price":{"type":"numeric","raw":""},"_sale_price_dates_from":{"type":"date","raw":"","formatted":null},"_sale_price_dates_to":{"type":"date","raw":"","formatted":null},"_sku":{"type":"textfield","raw":"W68485"},"_manage_stock":{"type":"checkbox","raw":"no"},"_stock_status":{"type":"radio","raw":"instock"},"_stock":{"type":"numeric","raw":null},"_backorders":{"type":"radio","raw":"no"},"_sold_individually":{"type":"checkbox","raw":"no"},"_width":{"type":"numeric","raw":""},"_weight":{"type":"numeric","raw":""},"_length":{"type":"numeric","raw":""},"_purchase_note":{"type":"textarea","raw":""}},"parts":[],"compatibility":{"engine":{"type":"select","raw":"Petrol &amp; Hybrid petrol, Diesel &amp; Hybrid diesel"},"fuel":{"type":"select","raw":""},"extra-compatibility-text":{"type":"textfield","raw":"En fonction du traitement, le Wynn's Aircomatic\u00ae III peut \u00eatre utilis\u00e9 : <br \/><br \/> Wynn's Airco-Clean\u00ae : Aircomatic\u00ae III doit \u00eatre plac\u00e9 dans l'espace pour les pieds du si\u00e8ge passager. <br \/><br \/> Wynn's Cabin Disinfectant : Aircomatic\u00ae III doit \u00eatre plac\u00e9 \u00e0 un endroit central de l'habitacle (par exemple, un accoudoir).<br \/><br \/>  Wynn's Air Purifier : Aircomatic\u00ae III doit \u00eatre plac\u00e9 dans la zone \u00e0 traiter (par exemple, le coffre)."}},"how-to-use":{"how-to-use-image":{"type":"image","raw":"","attachment_id":null},"step":{"type":"textfield","raw":[""]},"how-to-use-extra-information":{"type":"textfield","raw":"Voir le manuel. <br \/><br \/> Traitement 1 : N\u00e9bulisation de Wynn's Airco-Clean\u00ae.  \u00c9limination des mauvaises odeurs dans les syst\u00e8mes de climatisation des voitures, camions et bus. Nettoie et d\u00e9sinfecte les surfaces de la climatisation.  <br \/><br \/>Traitement 2 : N\u00e9bulisation de Wynn's Air Purifier \u00c9limination des mauvaises odeurs \u00e0 l'int\u00e9rieur des voitures et des camions (\u00e9galement dans les coffres). En combinaison avec la g\u00e9n\u00e9ration d'ozone (longue ou courte p\u00e9riode) suivie d'une n\u00e9bulisation du purificateur d'air Wynn's. Pour arr\u00eater les odeurs s\u00e9v\u00e8res \u00e0 l'int\u00e9rieur des voitures et des camions. <br \/><br \/>   Traitement 3 : N\u00e9bulisation de Wynn's Cabin disinfectant D\u00e9sinfecte les surfaces de l'int\u00e9rieur du v\u00e9hicule.  <br \/><br \/> Utilisez les biocides en toute s\u00e9curit\u00e9. Lisez toujours l'\u00e9tiquette et les informations sur le produit avant de l'utiliser"}},"product-additional-info":{"print-screen-images":{"type":"file","raw":"","attachment_id":null}},"product-video":{"youtube-id":{"type":"textfield","raw":"IObsA6VOV2g"}},"product-info":{"product-features":{"type":"textfield","raw":["\u00c9limine les odeurs, les bact\u00e9ries, les virus et les champignons. ","Aucun d\u00e9montage de pi\u00e8ces ni retrait de filtres. Traitement rapide. Efficace en 15 minutes ! ","Sans danger pour le rev\u00eatement de l'\u00e9vaporateur et les composants \u00e9lectroniques du v\u00e9hicule. ","Ne contient ni solvants ni propulseurs inflammables."]}}},"_links":{"self":[{"href":"https:\/\/www.wynns.be\/fr\/wp-json\/wp\/v2\/product\/31432","targetHints":{"allow":["GET"]}}],"collection":[{"href":"https:\/\/www.wynns.be\/fr\/wp-json\/wp\/v2\/product"}],"about":[{"href":"https:\/\/www.wynns.be\/fr\/wp-json\/wp\/v2\/types\/product"}],"wp:featuredmedia":[{"embeddable":true,"href":"https:\/\/www.wynns.be\/fr\/wp-json\/wp\/v2\/media\/31322"}],"wp:attachment":[{"href":"https:\/\/www.wynns.be\/fr\/wp-json\/wp\/v2\/media?parent=31432"}],"wp:term":[{"taxonomy":"product_brand","embeddable":true,"href":"https:\/\/www.wynns.be\/fr\/wp-json\/wp\/v2\/product_brand?post=31432"},{"taxonomy":"product_cat","embeddable":true,"href":"https:\/\/www.wynns.be\/fr\/wp-json\/wp\/v2\/product_cat?post=31432"},{"taxonomy":"product_tag","embeddable":true,"href":"https:\/\/www.wynns.be\/fr\/wp-json\/wp\/v2\/product_tag?post=31432"},{"taxonomy":"audience","embeddable":true,"href":"https:\/\/www.wynns.be\/fr\/wp-json\/wp\/v2\/audience?post=31432"},{"taxonomy":"usage","embeddable":true,"href":"https:\/\/www.wynns.be\/fr\/wp-json\/wp\/v2\/usage?post=31432"}],"curies":[{"name":"wp","href":"https:\/\/api.w.org\/{rel}","templated":true}]}}